{"id":87187,"date":"2022-03-29T16:00:23","date_gmt":"2022-03-29T14:00:23","guid":{"rendered":"https:\/\/l-mobile.com\/?post_type=product&#038;p=87187"},"modified":"2022-03-29T16:41:36","modified_gmt":"2022-03-29T14:41:36","slug":"referencia-nyilatkozat-l-mobile-warehouse-ready-for-infor-com-autoflex-knott","status":"publish","type":"product","link":"https:\/\/l-mobile.com\/hu\/dokumentum\/referencia-nyilatkozat-l-mobile-warehouse-ready-for-infor-com-autoflex-knott\/","title":{"rendered":"Referencia-nyilatkozat \u2013 L-mobile warehouse ready for Infor COM \u2013 Autoflex-Knott"},"content":{"rendered":"<div id='av_section_1'  class='avia-section av-2e1ay76-c80855f26f224ed57887eb40a8cedb58 main_color avia-section-default avia-no-border-styling  avia-builder-el-0  avia-builder-el-no-sibling  avia-bg-style-scroll container_wrap fullsize'  ><div class='container av-section-cont-open' ><main  role=\"main\" itemprop=\"mainContentOfPage\"  class='template-page content  av-content-full alpha units'><div class='post-entry post-entry-type-page post-entry-87187'><div class='entry-content-wrapper clearfix'>\n<div class='flex_column_table av-22knete-e435146051a9383d23250016772e2b85 sc-av_one_fourth av-equal-height-column-flextable'>\n<style type=\"text\/css\" data-created_by=\"avia_inline_auto\" id=\"style-css-av-22knete-e435146051a9383d23250016772e2b85\">\n.flex_column.av-22knete-e435146051a9383d23250016772e2b85{\nborder-radius:0px 0px 0px 0px;\npadding:0px 0px 0px 0px;\n}\n<\/style>\n<div  class='flex_column av-22knete-e435146051a9383d23250016772e2b85 av_one_fourth  avia-builder-el-1  el_before_av_three_fourth  avia-builder-el-first  lmwooimg first flex_column_table_cell av-equal-height-column av-align-top av-zero-column-padding  '     ><section  class='av_textblock_section av-kxhalowr-34866ccbe4c58c7dbecddaaaf51233c8 '   itemscope=\"itemscope\" itemtype=\"https:\/\/schema.org\/CreativeWork\" ><div class='avia_textblock'  itemprop=\"text\" >\n<\/div><\/section><\/div><div class='av-flex-placeholder'><\/div>\n<style type=\"text\/css\" data-created_by=\"avia_inline_auto\" id=\"style-css-av-1row6rm-3bcd14320daa195fa9532a17a7629026\">\n.flex_column.av-1row6rm-3bcd14320daa195fa9532a17a7629026{\nborder-radius:0px 0px 0px 0px;\npadding:0px 0px 0px 0px;\n}\n<\/style>\n<div  class='flex_column av-1row6rm-3bcd14320daa195fa9532a17a7629026 av_three_fourth  avia-builder-el-3  el_after_av_one_fourth  avia-builder-el-last  lmwoodesc lmwoocart lmh1 flex_column_table_cell av-equal-height-column av-align-top av-zero-column-padding  '     ><section  class='av_textblock_section av-kxhalowr-34866ccbe4c58c7dbecddaaaf51233c8 '   itemscope=\"itemscope\" itemtype=\"https:\/\/schema.org\/CreativeWork\" ><div class='avia_textblock'  itemprop=\"text\" ><h1>Referencia-nyilatkozat \u2013 L-mobile warehouse ready for Infor COM \u2013 Autoflex-Knott<\/h1>\n<\/div><\/section><br \/>\n<section  class='av_textblock_section av-kxg4vsig-247a031789ff4d00b0bb74c5b7103f18 '   itemscope=\"itemscope\" itemtype=\"https:\/\/schema.org\/CreativeWork\" ><div class='avia_textblock'  itemprop=\"text\" ><p>A feladat<\/p>\n<p>Az Aut\u00f3flex-KNOTT Kft. a nemzetk\u00f6zi KNOTT csoport tagjak\u00e9nt szem\u00e9lyg\u00e9pkocsi ut\u00e1nfut\u00f3kat \u00e9s azok kieg\u00e9sz\u00edt\u0151it gy\u00e1rtja 1982 \u00f3ta. T\u00f6bb mint 40 ezer m2-es telken korszer\u0171 gy\u00e1rt\u00f3csarnokokat, rakt\u00e1rokat \u00e9p\u00edtettek. 150.000 f\u00e9le cikket mozgatnak a 12.000 raklap befogad\u00e1s\u00e1ra alkalmas rakt\u00e1rban.<\/p>\n<p>Az Autoflex sz\u00e1mra kih\u00edv\u00e1st jelentett a nagysz\u00e1m\u00fa \u00e9s sokf\u00e9le rakt\u00e1ri k\u00e9szlet mozg\u00e1s\u00e1nak pontos nyomon k\u00f6vet\u00e9se \u00e9s a k\u00e9szletszintek \u00e1tl\u00e1that\u00f3s\u00e1ga. A f\u00e9lk\u00e9sz \u00e9s alapanyag rakt\u00e1r anyag\u00e1raml\u00e1si folyamatainak pontos lek\u00e9pez\u00e9s\u00e9hez sz\u00fcks\u00e9g volt egy rugalmas, Infor:COM-al teljes m\u00e9rt\u00e9kben integr\u00e1lt mobil megold\u00e1sra, amely az Infor COM adatb\u00e1zis\u00e1ban tal\u00e1lhat\u00f3 adatokkal dolgozik.<\/p>\n<p>Fontos c\u00e9l volt a projekt kezdet\u00e9n, hogy mivel a rakt\u00e1r b\u0151v\u00edt\u00e9s\u00e9re nem volt m\u00f3d, ez\u00e9rt a megl\u00e9v\u0151 rakt\u00e1rhelyek kihaszn\u00e1lts\u00e1ga javuljon, a k\u00e9szletszintek cs\u00f6kkenjenek \u00e9s a gy\u00e1rt\u00e1si ig\u00e9nyek kiszolg\u00e1l\u00e1s\u00e1nak hat\u00e9konys\u00e1ga n\u00f6vekedjen.<\/p>\n<\/div><\/section><br \/>\n<div  class='avia-button-wrap av-kxgchy2q-d238fa1ce83b4518cb6fcb547630ef80-wrap avia-button-right  avia-builder-el-6  el_after_av_textblock  avia-builder-el-last  force-download'><a href='https:\/\/l-mobile.com\/wp-content\/uploads\/woocommerce_uploads\/2022\/02\/Referenzbericht_Autoflex_web-syrbza.pdf'  class='avia-button av-kxgchy2q-d238fa1ce83b4518cb6fcb547630ef80 av-link-btn avia-icon_select-yes-left-icon avia-size-large avia-position-right avia-color-theme-color'   aria-label=\"Download\"><span class='avia_button_icon avia_button_icon_left avia-iconfont avia-font-entypo-fontello' data-av_icon='\ue82d' data-av_iconfont='entypo-fontello' ><\/span><span class='avia_iconbox_title' >Download<\/span><\/a><\/div><\/p><\/div><\/div><!--close column table wrapper. Autoclose: 1 -->\n","protected":false},"excerpt":{"rendered":"","protected":false},"featured_media":92252,"template":"","meta":{"_acf_changed":false,"content-type":""},"dokumente_formate":[3999],"dokumente_produkt":[3974,3995],"product_brand":[],"product_cat":[2412],"product_tag":[],"class_list":{"0":"post-87187","1":"product","2":"type-product","3":"status-publish","4":"has-post-thumbnail","6":"dokumente_formate-esettanulmany","7":"dokumente_produkt-digitalizalt-raktarlogisztika","8":"dokumente_produkt-l-mobile-warehouse-ready-for-infor-com-hu","9":"product_cat-dokumentum","11":"first","12":"instock","13":"downloadable","14":"virtual","15":"purchasable","16":"product-type-simple"},"acf":[],"yoast_head":"<!-- This site is optimized with the Yoast SEO Premium plugin v26.6 (Yoast SEO v26.6) - https:\/\/yoast.com\/wordpress\/plugins\/seo\/ -->\n<title>Referencia-nyilatkozat \u2013 L-mobile warehouse ready for Infor COM \u2013 Autoflex-Knott - L-mobile<\/title>\n<meta name=\"robots\" content=\"index, follow, max-snippet:-1, max-image-preview:large, max-video-preview:-1\" \/>\n<link rel=\"canonical\" href=\"https:\/\/l-mobile.com\/hu\/dokumentum\/referencia-nyilatkozat-l-mobile-warehouse-ready-for-infor-com-autoflex-knott\/\" \/>\n<meta property=\"og:locale\" content=\"hu_HU\" \/>\n<meta property=\"og:type\" content=\"article\" \/>\n<meta property=\"og:title\" content=\"Referencia-nyilatkozat \u2013 L-mobile warehouse ready for Infor COM \u2013 Autoflex-Knott\" \/>\n<meta property=\"og:url\" content=\"https:\/\/l-mobile.com\/hu\/dokumentum\/referencia-nyilatkozat-l-mobile-warehouse-ready-for-infor-com-autoflex-knott\/\" \/>\n<meta property=\"og:site_name\" content=\"L-mobile\" \/>\n<meta property=\"article:publisher\" content=\"https:\/\/www.facebook.com\/lmobilegroup\" \/>\n<meta property=\"article:modified_time\" content=\"2022-03-29T14:41:36+00:00\" \/>\n<meta property=\"og:image\" content=\"https:\/\/l-mobile.com\/wp-content\/uploads\/2022\/03\/Referenzbericht_Autoflex_web-1.jpg\" \/>\n\t<meta property=\"og:image:width\" content=\"400\" \/>\n\t<meta property=\"og:image:height\" content=\"600\" \/>\n\t<meta property=\"og:image:type\" content=\"image\/jpeg\" \/>\n<meta name=\"twitter:card\" content=\"summary_large_image\" \/>\n<meta name=\"twitter:label1\" content=\"Becs\u00fclt olvas\u00e1si id\u0151\" \/>\n\t<meta name=\"twitter:data1\" content=\"4 perc\" \/>\n<script type=\"application\/ld+json\" class=\"yoast-schema-graph\">{\"@context\":\"https:\/\/schema.org\",\"@graph\":[{\"@type\":\"WebPage\",\"@id\":\"https:\/\/l-mobile.com\/hu\/dokumentum\/referencia-nyilatkozat-l-mobile-warehouse-ready-for-infor-com-autoflex-knott\/\",\"url\":\"https:\/\/l-mobile.com\/hu\/dokumentum\/referencia-nyilatkozat-l-mobile-warehouse-ready-for-infor-com-autoflex-knott\/\",\"name\":\"Referencia-nyilatkozat \u2013 L-mobile warehouse ready for Infor COM \u2013 Autoflex-Knott - L-mobile\",\"isPartOf\":{\"@id\":\"https:\/\/l-mobile.com\/hu\/#website\"},\"primaryImageOfPage\":{\"@id\":\"https:\/\/l-mobile.com\/hu\/dokumentum\/referencia-nyilatkozat-l-mobile-warehouse-ready-for-infor-com-autoflex-knott\/#primaryimage\"},\"image\":{\"@id\":\"https:\/\/l-mobile.com\/hu\/dokumentum\/referencia-nyilatkozat-l-mobile-warehouse-ready-for-infor-com-autoflex-knott\/#primaryimage\"},\"thumbnailUrl\":\"https:\/\/l-mobile.com\/wp-content\/uploads\/2022\/03\/Referenzbericht_Autoflex_web-1.jpg\",\"datePublished\":\"2022-03-29T14:00:23+00:00\",\"dateModified\":\"2022-03-29T14:41:36+00:00\",\"breadcrumb\":{\"@id\":\"https:\/\/l-mobile.com\/hu\/dokumentum\/referencia-nyilatkozat-l-mobile-warehouse-ready-for-infor-com-autoflex-knott\/#breadcrumb\"},\"inLanguage\":\"hu\",\"potentialAction\":[{\"@type\":\"ReadAction\",\"target\":[\"https:\/\/l-mobile.com\/hu\/dokumentum\/referencia-nyilatkozat-l-mobile-warehouse-ready-for-infor-com-autoflex-knott\/\"]}]},{\"@type\":\"ImageObject\",\"inLanguage\":\"hu\",\"@id\":\"https:\/\/l-mobile.com\/hu\/dokumentum\/referencia-nyilatkozat-l-mobile-warehouse-ready-for-infor-com-autoflex-knott\/#primaryimage\",\"url\":\"https:\/\/l-mobile.com\/wp-content\/uploads\/2022\/03\/Referenzbericht_Autoflex_web-1.jpg\",\"contentUrl\":\"https:\/\/l-mobile.com\/wp-content\/uploads\/2022\/03\/Referenzbericht_Autoflex_web-1.jpg\",\"width\":400,\"height\":600,\"caption\":\"Referencia-nyilatkozat \u2013 L-mobile warehouse ready for Infor COM \u2013 Autoflex-Knott\"},{\"@type\":\"BreadcrumbList\",\"@id\":\"https:\/\/l-mobile.com\/hu\/dokumentum\/referencia-nyilatkozat-l-mobile-warehouse-ready-for-infor-com-autoflex-knott\/#breadcrumb\",\"itemListElement\":[{\"@type\":\"ListItem\",\"position\":1,\"name\":\"Startseite\",\"item\":\"https:\/\/l-mobile.com\/hu\/az-l-mobile-mobilla-teszi-az-uzleti-folyamatokat\/\"},{\"@type\":\"ListItem\",\"position\":2,\"name\":\"Hardware-Shop\",\"item\":\"https:\/\/l-mobile.com\/geschaeftsfelder\/technik\/\"},{\"@type\":\"ListItem\",\"position\":3,\"name\":\"Referencia-nyilatkozat \u2013 L-mobile warehouse ready for Infor COM \u2013 Autoflex-Knott\"}]},{\"@type\":\"WebSite\",\"@id\":\"https:\/\/l-mobile.com\/hu\/#website\",\"url\":\"https:\/\/l-mobile.com\/hu\/\",\"name\":\"L-mobile\",\"description\":\"Mobile Softwarel\u00f6sungen\",\"publisher\":{\"@id\":\"https:\/\/l-mobile.com\/hu\/#organization\"},\"potentialAction\":[{\"@type\":\"SearchAction\",\"target\":{\"@type\":\"EntryPoint\",\"urlTemplate\":\"https:\/\/l-mobile.com\/hu\/?s={search_term_string}\"},\"query-input\":{\"@type\":\"PropertyValueSpecification\",\"valueRequired\":true,\"valueName\":\"search_term_string\"}}],\"inLanguage\":\"hu\"},{\"@type\":\"Organization\",\"@id\":\"https:\/\/l-mobile.com\/hu\/#organization\",\"name\":\"L-mobile solutions\",\"url\":\"https:\/\/l-mobile.com\/hu\/\",\"logo\":{\"@type\":\"ImageObject\",\"inLanguage\":\"hu\",\"@id\":\"https:\/\/l-mobile.com\/hu\/#\/schema\/logo\/image\/\",\"url\":\"https:\/\/l-mobile.com\/wp-content\/uploads\/2018\/09\/l-mobile-logo-tab.jpg\",\"contentUrl\":\"https:\/\/l-mobile.com\/wp-content\/uploads\/2018\/09\/l-mobile-logo-tab.jpg\",\"width\":240,\"height\":240,\"caption\":\"L-mobile solutions\"},\"image\":{\"@id\":\"https:\/\/l-mobile.com\/hu\/#\/schema\/logo\/image\/\"},\"sameAs\":[\"https:\/\/www.facebook.com\/lmobilegroup\",\"https:\/\/www.instagram.com\/lmobile_group\/\",\"https:\/\/www.linkedin.com\/company\/1073859\/\",\"https:\/\/www.youtube.com\/user\/LmobileGroup\"]}]}<\/script>\n<!-- \/ Yoast SEO Premium plugin. -->","yoast_head_json":{"title":"Referencia-nyilatkozat \u2013 L-mobile warehouse ready for Infor COM \u2013 Autoflex-Knott - L-mobile","robots":{"index":"index","follow":"follow","max-snippet":"max-snippet:-1","max-image-preview":"max-image-preview:large","max-video-preview":"max-video-preview:-1"},"canonical":"https:\/\/l-mobile.com\/hu\/dokumentum\/referencia-nyilatkozat-l-mobile-warehouse-ready-for-infor-com-autoflex-knott\/","og_locale":"hu_HU","og_type":"article","og_title":"Referencia-nyilatkozat \u2013 L-mobile warehouse ready for Infor COM \u2013 Autoflex-Knott","og_url":"https:\/\/l-mobile.com\/hu\/dokumentum\/referencia-nyilatkozat-l-mobile-warehouse-ready-for-infor-com-autoflex-knott\/","og_site_name":"L-mobile","article_publisher":"https:\/\/www.facebook.com\/lmobilegroup","article_modified_time":"2022-03-29T14:41:36+00:00","og_image":[{"width":400,"height":600,"url":"https:\/\/l-mobile.com\/wp-content\/uploads\/2022\/03\/Referenzbericht_Autoflex_web-1.jpg","type":"image\/jpeg"}],"twitter_card":"summary_large_image","twitter_misc":{"Becs\u00fclt olvas\u00e1si id\u0151":"4 perc"},"schema":{"@context":"https:\/\/schema.org","@graph":[{"@type":"WebPage","@id":"https:\/\/l-mobile.com\/hu\/dokumentum\/referencia-nyilatkozat-l-mobile-warehouse-ready-for-infor-com-autoflex-knott\/","url":"https:\/\/l-mobile.com\/hu\/dokumentum\/referencia-nyilatkozat-l-mobile-warehouse-ready-for-infor-com-autoflex-knott\/","name":"Referencia-nyilatkozat \u2013 L-mobile warehouse ready for Infor COM \u2013 Autoflex-Knott - L-mobile","isPartOf":{"@id":"https:\/\/l-mobile.com\/hu\/#website"},"primaryImageOfPage":{"@id":"https:\/\/l-mobile.com\/hu\/dokumentum\/referencia-nyilatkozat-l-mobile-warehouse-ready-for-infor-com-autoflex-knott\/#primaryimage"},"image":{"@id":"https:\/\/l-mobile.com\/hu\/dokumentum\/referencia-nyilatkozat-l-mobile-warehouse-ready-for-infor-com-autoflex-knott\/#primaryimage"},"thumbnailUrl":"https:\/\/l-mobile.com\/wp-content\/uploads\/2022\/03\/Referenzbericht_Autoflex_web-1.jpg","datePublished":"2022-03-29T14:00:23+00:00","dateModified":"2022-03-29T14:41:36+00:00","breadcrumb":{"@id":"https:\/\/l-mobile.com\/hu\/dokumentum\/referencia-nyilatkozat-l-mobile-warehouse-ready-for-infor-com-autoflex-knott\/#breadcrumb"},"inLanguage":"hu","potentialAction":[{"@type":"ReadAction","target":["https:\/\/l-mobile.com\/hu\/dokumentum\/referencia-nyilatkozat-l-mobile-warehouse-ready-for-infor-com-autoflex-knott\/"]}]},{"@type":"ImageObject","inLanguage":"hu","@id":"https:\/\/l-mobile.com\/hu\/dokumentum\/referencia-nyilatkozat-l-mobile-warehouse-ready-for-infor-com-autoflex-knott\/#primaryimage","url":"https:\/\/l-mobile.com\/wp-content\/uploads\/2022\/03\/Referenzbericht_Autoflex_web-1.jpg","contentUrl":"https:\/\/l-mobile.com\/wp-content\/uploads\/2022\/03\/Referenzbericht_Autoflex_web-1.jpg","width":400,"height":600,"caption":"Referencia-nyilatkozat \u2013 L-mobile warehouse ready for Infor COM \u2013 Autoflex-Knott"},{"@type":"BreadcrumbList","@id":"https:\/\/l-mobile.com\/hu\/dokumentum\/referencia-nyilatkozat-l-mobile-warehouse-ready-for-infor-com-autoflex-knott\/#breadcrumb","itemListElement":[{"@type":"ListItem","position":1,"name":"Startseite","item":"https:\/\/l-mobile.com\/hu\/az-l-mobile-mobilla-teszi-az-uzleti-folyamatokat\/"},{"@type":"ListItem","position":2,"name":"Hardware-Shop","item":"https:\/\/l-mobile.com\/geschaeftsfelder\/technik\/"},{"@type":"ListItem","position":3,"name":"Referencia-nyilatkozat \u2013 L-mobile warehouse ready for Infor COM \u2013 Autoflex-Knott"}]},{"@type":"WebSite","@id":"https:\/\/l-mobile.com\/hu\/#website","url":"https:\/\/l-mobile.com\/hu\/","name":"L-mobile","description":"Mobile Softwarel\u00f6sungen","publisher":{"@id":"https:\/\/l-mobile.com\/hu\/#organization"},"potentialAction":[{"@type":"SearchAction","target":{"@type":"EntryPoint","urlTemplate":"https:\/\/l-mobile.com\/hu\/?s={search_term_string}"},"query-input":{"@type":"PropertyValueSpecification","valueRequired":true,"valueName":"search_term_string"}}],"inLanguage":"hu"},{"@type":"Organization","@id":"https:\/\/l-mobile.com\/hu\/#organization","name":"L-mobile solutions","url":"https:\/\/l-mobile.com\/hu\/","logo":{"@type":"ImageObject","inLanguage":"hu","@id":"https:\/\/l-mobile.com\/hu\/#\/schema\/logo\/image\/","url":"https:\/\/l-mobile.com\/wp-content\/uploads\/2018\/09\/l-mobile-logo-tab.jpg","contentUrl":"https:\/\/l-mobile.com\/wp-content\/uploads\/2018\/09\/l-mobile-logo-tab.jpg","width":240,"height":240,"caption":"L-mobile solutions"},"image":{"@id":"https:\/\/l-mobile.com\/hu\/#\/schema\/logo\/image\/"},"sameAs":["https:\/\/www.facebook.com\/lmobilegroup","https:\/\/www.instagram.com\/lmobile_group\/","https:\/\/www.linkedin.com\/company\/1073859\/","https:\/\/www.youtube.com\/user\/LmobileGroup"]}]}},"publishpress_future_workflow_manual_trigger":{"enabledWorkflows":[]},"_links":{"self":[{"href":"https:\/\/l-mobile.com\/hu\/wp-json\/wp\/v2\/product\/87187","targetHints":{"allow":["GET"]}}],"collection":[{"href":"https:\/\/l-mobile.com\/hu\/wp-json\/wp\/v2\/product"}],"about":[{"href":"https:\/\/l-mobile.com\/hu\/wp-json\/wp\/v2\/types\/product"}],"wp:featuredmedia":[{"embeddable":true,"href":"https:\/\/l-mobile.com\/hu\/wp-json\/wp\/v2\/media\/92252"}],"wp:attachment":[{"href":"https:\/\/l-mobile.com\/hu\/wp-json\/wp\/v2\/media?parent=87187"}],"wp:term":[{"taxonomy":"dokumente_formate","embeddable":true,"href":"https:\/\/l-mobile.com\/hu\/wp-json\/wp\/v2\/dokumente_formate?post=87187"},{"taxonomy":"dokumente_produkt","embeddable":true,"href":"https:\/\/l-mobile.com\/hu\/wp-json\/wp\/v2\/dokumente_produkt?post=87187"},{"taxonomy":"product_brand","embeddable":true,"href":"https:\/\/l-mobile.com\/hu\/wp-json\/wp\/v2\/product_brand?post=87187"},{"taxonomy":"product_cat","embeddable":true,"href":"https:\/\/l-mobile.com\/hu\/wp-json\/wp\/v2\/product_cat?post=87187"},{"taxonomy":"product_tag","embeddable":true,"href":"https:\/\/l-mobile.com\/hu\/wp-json\/wp\/v2\/product_tag?post=87187"}],"curies":[{"name":"wp","href":"https:\/\/api.w.org\/{rel}","templated":true}]}}