{"id":87159,"date":"2022-01-25T17:29:34","date_gmt":"2022-01-25T16:29:34","guid":{"rendered":"https:\/\/l-mobile.com\/produkt\/flyer-l-mobile-production-hu\/"},"modified":"2022-03-29T17:19:59","modified_gmt":"2022-03-29T15:19:59","slug":"flyer-l-mobile-production-hu","status":"publish","type":"product","link":"https:\/\/l-mobile.com\/hu\/dokumentum\/flyer-l-mobile-production-hu\/","title":{"rendered":"Flyer \u2013 L-mobile production HU"},"content":{"rendered":"<div id='av_section_1'  class='avia-section av-2e1ay76-c80855f26f224ed57887eb40a8cedb58 main_color avia-section-default avia-no-border-styling  avia-builder-el-0  avia-builder-el-no-sibling  avia-bg-style-scroll container_wrap fullsize'  ><div class='container av-section-cont-open' ><main  role=\"main\" itemprop=\"mainContentOfPage\"  class='template-page content  av-content-full alpha units'><div class='post-entry post-entry-type-page post-entry-87159'><div class='entry-content-wrapper clearfix'>\n<div class='flex_column_table av-22knete-e435146051a9383d23250016772e2b85 sc-av_one_fourth av-equal-height-column-flextable'>\n<style type=\"text\/css\" data-created_by=\"avia_inline_auto\" id=\"style-css-av-22knete-e435146051a9383d23250016772e2b85\">\n.flex_column.av-22knete-e435146051a9383d23250016772e2b85{\nborder-radius:0px 0px 0px 0px;\npadding:0px 0px 0px 0px;\n}\n<\/style>\n<div  class='flex_column av-22knete-e435146051a9383d23250016772e2b85 av_one_fourth  avia-builder-el-1  el_before_av_three_fourth  avia-builder-el-first  lmwooimg first flex_column_table_cell av-equal-height-column av-align-top av-zero-column-padding  '     ><section  class='av_textblock_section av-kxhalowr-34866ccbe4c58c7dbecddaaaf51233c8 '   itemscope=\"itemscope\" itemtype=\"https:\/\/schema.org\/CreativeWork\" ><div class='avia_textblock'  itemprop=\"text\" >\n<\/div><\/section><\/div><div class='av-flex-placeholder'><\/div>\n<style type=\"text\/css\" data-created_by=\"avia_inline_auto\" id=\"style-css-av-1row6rm-3bcd14320daa195fa9532a17a7629026\">\n.flex_column.av-1row6rm-3bcd14320daa195fa9532a17a7629026{\nborder-radius:0px 0px 0px 0px;\npadding:0px 0px 0px 0px;\n}\n<\/style>\n<div  class='flex_column av-1row6rm-3bcd14320daa195fa9532a17a7629026 av_three_fourth  avia-builder-el-3  el_after_av_one_fourth  avia-builder-el-last  lmwoodesc lmwoocart lmh1 flex_column_table_cell av-equal-height-column av-align-top av-zero-column-padding  '     ><section  class='av_textblock_section av-kxhalowr-34866ccbe4c58c7dbecddaaaf51233c8 '   itemscope=\"itemscope\" itemtype=\"https:\/\/schema.org\/CreativeWork\" ><div class='avia_textblock'  itemprop=\"text\" ><h1>Flyer \u2013 L-mobile production HU<\/h1>\n<\/div><\/section><br \/>\n<section  class='av_textblock_section av-kxg4vsig-247a031789ff4d00b0bb74c5b7103f18 '   itemscope=\"itemscope\" itemtype=\"https:\/\/schema.org\/CreativeWork\" ><div class='avia_textblock'  itemprop=\"text\" ><div class=\"page\" title=\"Page 2\">\n<div class=\"section\">\n<div class=\"layoutArea\">\n<div class=\"column\">\n<div class=\"page\" title=\"Page 1\">\n<div class=\"section\">\n<div class=\"layoutArea\">\n<div class=\"column\">\n<p><strong>Tervez\u00e9s, ir\u00e1ny\u00edt\u00e1s \u00e9s ellen\u0151rz\u00e9s magasabb sz\u00ednvonalon, hat\u00e9konyabban<\/strong><\/p>\n<\/div>\n<\/div>\n<\/div>\n<\/div>\n<p>Az L-mobile IPAR 4.0 koncepci\u00f3ja els\u0151sorban a v\u00e1ltoz\u00e1sokra val\u00f3 nyitotts\u00e1got, a hat\u00e9kony er\u0151forr\u00e1s kihaszn\u00e1l\u00e1st, valamit az \u00fczleti partnerek \u00e9rt\u00e9kteremt\u0151 folyamatokba t\u00f6rt\u00e9n\u0151 bevon\u00e1s\u00e1t jelenti.<br \/>\nA hat\u00e9kony folyamatir\u00e1ny\u00edt\u00e1s egyik legfontosabb eleme a g\u00e9pekb\u0151l, berendez\u00e9sekb\u0151l sz\u00e1rmaz\u00f3 adatok val\u00f3s idej\u0171 gy\u0171jt\u00e9se, megjelen\u00edt\u00e9se \u00e9s ki\u00e9rt\u00e9kel\u00e9se. A gy\u00e1rt\u00e1s pillanatnyi \u00e1llapota, hat\u00e9konys\u00e1g\u00e1nak szintje \u00edgy b\u00e1rmikor \u00e1tl\u00e1that\u00f3, ellen\u0151rizhet\u0151.<\/p>\n<p>A k\u00f6nnyen \u00e1ttekinthet\u0151 k\u00f6zponti termel\u00e9sfel\u00fcgyeleti konzolnak k\u00f6sz\u00f6nhet\u0151en a termel\u00e9kenys\u00e9gi jelz\u0151sz\u00e1mok \u00e9rtelmezhet\u0151v\u00e9 \u00e9s jav\u00edthat\u00f3v\u00e1 v\u00e1lnak. Egy el\u0151jelz\u0151 rendszer azonnal figyelmeztet, ha a tervezett termel\u00e9kenys\u00e9g\u00e9t t\u00fall\u00e9pi a rendszer.<\/p>\n<\/div>\n<\/div>\n<\/div>\n<\/div>\n<\/div><\/section><br \/>\n<div  class='avia-button-wrap av-kxgchy2q-b9b427e3cae22dfea14cde68ec0227e2-wrap avia-button-right  avia-builder-el-6  el_after_av_textblock  avia-builder-el-last  force-download'><a href='https:\/\/l-mobile.com\/wp-content\/uploads\/woocommerce_uploads\/2022\/03\/Produktflyer_L-mobile-Production-HU-web.pdf'  class='avia-button av-kxgchy2q-b9b427e3cae22dfea14cde68ec0227e2 av-link-btn avia-icon_select-yes-left-icon avia-size-large avia-position-right avia-color-theme-color'   aria-label=\"Download\"><span class='avia_button_icon avia_button_icon_left avia-iconfont avia-font-entypo-fontello' data-av_icon='\ue82d' data-av_iconfont='entypo-fontello' ><\/span><span class='avia_iconbox_title' >Download<\/span><\/a><\/div><\/p><\/div><\/div><!--close column table wrapper. Autoclose: 1 -->\n","protected":false},"excerpt":{"rendered":"","protected":false},"featured_media":88447,"template":"","meta":{"_acf_changed":false,"content-type":""},"dokumente_formate":[4004],"dokumente_produkt":[3978],"product_brand":[],"product_cat":[2412],"product_tag":[],"class_list":{"0":"post-87159","1":"product","2":"type-product","3":"status-publish","4":"has-post-thumbnail","6":"dokumente_formate-brosura","7":"dokumente_produkt-digitalizalt-gyartas","8":"product_cat-dokumentum","10":"first","11":"instock","12":"downloadable","13":"virtual","14":"purchasable","15":"product-type-simple"},"acf":[],"yoast_head":"<!-- This site is optimized with the Yoast SEO Premium plugin v26.6 (Yoast SEO v26.6) - https:\/\/yoast.com\/wordpress\/plugins\/seo\/ -->\n<title>Flyer \u2013 L-mobile production HU - L-mobile<\/title>\n<meta name=\"description\" content=\"Az L-mobil gy\u00e1rt\u00e1ssal hat\u00e9konyabb\u00e1 \u00e9s \u00e1tl\u00e1that\u00f3bb\u00e1 teheti a gy\u00e1rt\u00e1st. Ez lehet\u0151v\u00e9 teszi alkalmazottai sz\u00e1m\u00e1ra a k\u00fcl\u00f6nb\u00f6z\u0151 rendel\u00e9si adatok mobil hozz\u00e1f\u00e9r\u00e9s\u00e9t.\" \/>\n<meta name=\"robots\" content=\"index, follow, max-snippet:-1, max-image-preview:large, max-video-preview:-1\" \/>\n<link rel=\"canonical\" href=\"https:\/\/l-mobile.com\/hu\/dokumentum\/flyer-l-mobile-production-hu\/\" \/>\n<meta property=\"og:locale\" content=\"hu_HU\" \/>\n<meta property=\"og:type\" content=\"article\" \/>\n<meta property=\"og:title\" content=\"Flyer \u2013 L-mobile production HU\" \/>\n<meta property=\"og:url\" content=\"https:\/\/l-mobile.com\/hu\/dokumentum\/flyer-l-mobile-production-hu\/\" \/>\n<meta property=\"og:site_name\" content=\"L-mobile\" \/>\n<meta property=\"article:publisher\" content=\"https:\/\/www.facebook.com\/lmobilegroup\" \/>\n<meta property=\"article:modified_time\" content=\"2022-03-29T15:19:59+00:00\" \/>\n<meta property=\"og:image\" content=\"https:\/\/l-mobile.com\/wp-content\/uploads\/2022\/03\/Produktflyer_L-mobile-Production-HU-web-1.jpg\" \/>\n\t<meta property=\"og:image:width\" content=\"400\" \/>\n\t<meta property=\"og:image:height\" content=\"600\" \/>\n\t<meta property=\"og:image:type\" content=\"image\/jpeg\" \/>\n<meta name=\"twitter:card\" content=\"summary_large_image\" \/>\n<meta name=\"twitter:label1\" content=\"Becs\u00fclt olvas\u00e1si id\u0151\" \/>\n\t<meta name=\"twitter:data1\" content=\"4 perc\" \/>\n<script type=\"application\/ld+json\" class=\"yoast-schema-graph\">{\"@context\":\"https:\/\/schema.org\",\"@graph\":[{\"@type\":\"WebPage\",\"@id\":\"https:\/\/l-mobile.com\/hu\/dokumentum\/flyer-l-mobile-production-hu\/\",\"url\":\"https:\/\/l-mobile.com\/hu\/dokumentum\/flyer-l-mobile-production-hu\/\",\"name\":\"Flyer \u2013 L-mobile production HU - L-mobile\",\"isPartOf\":{\"@id\":\"https:\/\/l-mobile.com\/hu\/#website\"},\"primaryImageOfPage\":{\"@id\":\"https:\/\/l-mobile.com\/hu\/dokumentum\/flyer-l-mobile-production-hu\/#primaryimage\"},\"image\":{\"@id\":\"https:\/\/l-mobile.com\/hu\/dokumentum\/flyer-l-mobile-production-hu\/#primaryimage\"},\"thumbnailUrl\":\"https:\/\/l-mobile.com\/wp-content\/uploads\/2022\/03\/Produktflyer_L-mobile-Production-HU-web-1.jpg\",\"datePublished\":\"2022-01-25T16:29:34+00:00\",\"dateModified\":\"2022-03-29T15:19:59+00:00\",\"description\":\"Az L-mobil gy\u00e1rt\u00e1ssal hat\u00e9konyabb\u00e1 \u00e9s \u00e1tl\u00e1that\u00f3bb\u00e1 teheti a gy\u00e1rt\u00e1st. Ez lehet\u0151v\u00e9 teszi alkalmazottai sz\u00e1m\u00e1ra a k\u00fcl\u00f6nb\u00f6z\u0151 rendel\u00e9si adatok mobil hozz\u00e1f\u00e9r\u00e9s\u00e9t.\",\"breadcrumb\":{\"@id\":\"https:\/\/l-mobile.com\/hu\/dokumentum\/flyer-l-mobile-production-hu\/#breadcrumb\"},\"inLanguage\":\"hu\",\"potentialAction\":[{\"@type\":\"ReadAction\",\"target\":[\"https:\/\/l-mobile.com\/hu\/dokumentum\/flyer-l-mobile-production-hu\/\"]}]},{\"@type\":\"ImageObject\",\"inLanguage\":\"hu\",\"@id\":\"https:\/\/l-mobile.com\/hu\/dokumentum\/flyer-l-mobile-production-hu\/#primaryimage\",\"url\":\"https:\/\/l-mobile.com\/wp-content\/uploads\/2022\/03\/Produktflyer_L-mobile-Production-HU-web-1.jpg\",\"contentUrl\":\"https:\/\/l-mobile.com\/wp-content\/uploads\/2022\/03\/Produktflyer_L-mobile-Production-HU-web-1.jpg\",\"width\":400,\"height\":600,\"caption\":\"Flyer \u2013 L-mobile production\"},{\"@type\":\"BreadcrumbList\",\"@id\":\"https:\/\/l-mobile.com\/hu\/dokumentum\/flyer-l-mobile-production-hu\/#breadcrumb\",\"itemListElement\":[{\"@type\":\"ListItem\",\"position\":1,\"name\":\"Startseite\",\"item\":\"https:\/\/l-mobile.com\/hu\/az-l-mobile-mobilla-teszi-az-uzleti-folyamatokat\/\"},{\"@type\":\"ListItem\",\"position\":2,\"name\":\"Hardware-Shop\",\"item\":\"https:\/\/l-mobile.com\/geschaeftsfelder\/technik\/\"},{\"@type\":\"ListItem\",\"position\":3,\"name\":\"Flyer \u2013 L-mobile production HU\"}]},{\"@type\":\"WebSite\",\"@id\":\"https:\/\/l-mobile.com\/hu\/#website\",\"url\":\"https:\/\/l-mobile.com\/hu\/\",\"name\":\"L-mobile\",\"description\":\"Mobile Softwarel\u00f6sungen\",\"publisher\":{\"@id\":\"https:\/\/l-mobile.com\/hu\/#organization\"},\"potentialAction\":[{\"@type\":\"SearchAction\",\"target\":{\"@type\":\"EntryPoint\",\"urlTemplate\":\"https:\/\/l-mobile.com\/hu\/?s={search_term_string}\"},\"query-input\":{\"@type\":\"PropertyValueSpecification\",\"valueRequired\":true,\"valueName\":\"search_term_string\"}}],\"inLanguage\":\"hu\"},{\"@type\":\"Organization\",\"@id\":\"https:\/\/l-mobile.com\/hu\/#organization\",\"name\":\"L-mobile solutions\",\"url\":\"https:\/\/l-mobile.com\/hu\/\",\"logo\":{\"@type\":\"ImageObject\",\"inLanguage\":\"hu\",\"@id\":\"https:\/\/l-mobile.com\/hu\/#\/schema\/logo\/image\/\",\"url\":\"https:\/\/l-mobile.com\/wp-content\/uploads\/2018\/09\/l-mobile-logo-tab.jpg\",\"contentUrl\":\"https:\/\/l-mobile.com\/wp-content\/uploads\/2018\/09\/l-mobile-logo-tab.jpg\",\"width\":240,\"height\":240,\"caption\":\"L-mobile solutions\"},\"image\":{\"@id\":\"https:\/\/l-mobile.com\/hu\/#\/schema\/logo\/image\/\"},\"sameAs\":[\"https:\/\/www.facebook.com\/lmobilegroup\",\"https:\/\/www.instagram.com\/lmobile_group\/\",\"https:\/\/www.linkedin.com\/company\/1073859\/\",\"https:\/\/www.youtube.com\/user\/LmobileGroup\"]}]}<\/script>\n<!-- \/ Yoast SEO Premium plugin. -->","yoast_head_json":{"title":"Flyer \u2013 L-mobile production HU - L-mobile","description":"Az L-mobil gy\u00e1rt\u00e1ssal hat\u00e9konyabb\u00e1 \u00e9s \u00e1tl\u00e1that\u00f3bb\u00e1 teheti a gy\u00e1rt\u00e1st. Ez lehet\u0151v\u00e9 teszi alkalmazottai sz\u00e1m\u00e1ra a k\u00fcl\u00f6nb\u00f6z\u0151 rendel\u00e9si adatok mobil hozz\u00e1f\u00e9r\u00e9s\u00e9t.","robots":{"index":"index","follow":"follow","max-snippet":"max-snippet:-1","max-image-preview":"max-image-preview:large","max-video-preview":"max-video-preview:-1"},"canonical":"https:\/\/l-mobile.com\/hu\/dokumentum\/flyer-l-mobile-production-hu\/","og_locale":"hu_HU","og_type":"article","og_title":"Flyer \u2013 L-mobile production HU","og_url":"https:\/\/l-mobile.com\/hu\/dokumentum\/flyer-l-mobile-production-hu\/","og_site_name":"L-mobile","article_publisher":"https:\/\/www.facebook.com\/lmobilegroup","article_modified_time":"2022-03-29T15:19:59+00:00","og_image":[{"width":400,"height":600,"url":"https:\/\/l-mobile.com\/wp-content\/uploads\/2022\/03\/Produktflyer_L-mobile-Production-HU-web-1.jpg","type":"image\/jpeg"}],"twitter_card":"summary_large_image","twitter_misc":{"Becs\u00fclt olvas\u00e1si id\u0151":"4 perc"},"schema":{"@context":"https:\/\/schema.org","@graph":[{"@type":"WebPage","@id":"https:\/\/l-mobile.com\/hu\/dokumentum\/flyer-l-mobile-production-hu\/","url":"https:\/\/l-mobile.com\/hu\/dokumentum\/flyer-l-mobile-production-hu\/","name":"Flyer \u2013 L-mobile production HU - L-mobile","isPartOf":{"@id":"https:\/\/l-mobile.com\/hu\/#website"},"primaryImageOfPage":{"@id":"https:\/\/l-mobile.com\/hu\/dokumentum\/flyer-l-mobile-production-hu\/#primaryimage"},"image":{"@id":"https:\/\/l-mobile.com\/hu\/dokumentum\/flyer-l-mobile-production-hu\/#primaryimage"},"thumbnailUrl":"https:\/\/l-mobile.com\/wp-content\/uploads\/2022\/03\/Produktflyer_L-mobile-Production-HU-web-1.jpg","datePublished":"2022-01-25T16:29:34+00:00","dateModified":"2022-03-29T15:19:59+00:00","description":"Az L-mobil gy\u00e1rt\u00e1ssal hat\u00e9konyabb\u00e1 \u00e9s \u00e1tl\u00e1that\u00f3bb\u00e1 teheti a gy\u00e1rt\u00e1st. Ez lehet\u0151v\u00e9 teszi alkalmazottai sz\u00e1m\u00e1ra a k\u00fcl\u00f6nb\u00f6z\u0151 rendel\u00e9si adatok mobil hozz\u00e1f\u00e9r\u00e9s\u00e9t.","breadcrumb":{"@id":"https:\/\/l-mobile.com\/hu\/dokumentum\/flyer-l-mobile-production-hu\/#breadcrumb"},"inLanguage":"hu","potentialAction":[{"@type":"ReadAction","target":["https:\/\/l-mobile.com\/hu\/dokumentum\/flyer-l-mobile-production-hu\/"]}]},{"@type":"ImageObject","inLanguage":"hu","@id":"https:\/\/l-mobile.com\/hu\/dokumentum\/flyer-l-mobile-production-hu\/#primaryimage","url":"https:\/\/l-mobile.com\/wp-content\/uploads\/2022\/03\/Produktflyer_L-mobile-Production-HU-web-1.jpg","contentUrl":"https:\/\/l-mobile.com\/wp-content\/uploads\/2022\/03\/Produktflyer_L-mobile-Production-HU-web-1.jpg","width":400,"height":600,"caption":"Flyer \u2013 L-mobile production"},{"@type":"BreadcrumbList","@id":"https:\/\/l-mobile.com\/hu\/dokumentum\/flyer-l-mobile-production-hu\/#breadcrumb","itemListElement":[{"@type":"ListItem","position":1,"name":"Startseite","item":"https:\/\/l-mobile.com\/hu\/az-l-mobile-mobilla-teszi-az-uzleti-folyamatokat\/"},{"@type":"ListItem","position":2,"name":"Hardware-Shop","item":"https:\/\/l-mobile.com\/geschaeftsfelder\/technik\/"},{"@type":"ListItem","position":3,"name":"Flyer \u2013 L-mobile production HU"}]},{"@type":"WebSite","@id":"https:\/\/l-mobile.com\/hu\/#website","url":"https:\/\/l-mobile.com\/hu\/","name":"L-mobile","description":"Mobile Softwarel\u00f6sungen","publisher":{"@id":"https:\/\/l-mobile.com\/hu\/#organization"},"potentialAction":[{"@type":"SearchAction","target":{"@type":"EntryPoint","urlTemplate":"https:\/\/l-mobile.com\/hu\/?s={search_term_string}"},"query-input":{"@type":"PropertyValueSpecification","valueRequired":true,"valueName":"search_term_string"}}],"inLanguage":"hu"},{"@type":"Organization","@id":"https:\/\/l-mobile.com\/hu\/#organization","name":"L-mobile solutions","url":"https:\/\/l-mobile.com\/hu\/","logo":{"@type":"ImageObject","inLanguage":"hu","@id":"https:\/\/l-mobile.com\/hu\/#\/schema\/logo\/image\/","url":"https:\/\/l-mobile.com\/wp-content\/uploads\/2018\/09\/l-mobile-logo-tab.jpg","contentUrl":"https:\/\/l-mobile.com\/wp-content\/uploads\/2018\/09\/l-mobile-logo-tab.jpg","width":240,"height":240,"caption":"L-mobile solutions"},"image":{"@id":"https:\/\/l-mobile.com\/hu\/#\/schema\/logo\/image\/"},"sameAs":["https:\/\/www.facebook.com\/lmobilegroup","https:\/\/www.instagram.com\/lmobile_group\/","https:\/\/www.linkedin.com\/company\/1073859\/","https:\/\/www.youtube.com\/user\/LmobileGroup"]}]}},"publishpress_future_workflow_manual_trigger":{"enabledWorkflows":[]},"_links":{"self":[{"href":"https:\/\/l-mobile.com\/hu\/wp-json\/wp\/v2\/product\/87159","targetHints":{"allow":["GET"]}}],"collection":[{"href":"https:\/\/l-mobile.com\/hu\/wp-json\/wp\/v2\/product"}],"about":[{"href":"https:\/\/l-mobile.com\/hu\/wp-json\/wp\/v2\/types\/product"}],"wp:featuredmedia":[{"embeddable":true,"href":"https:\/\/l-mobile.com\/hu\/wp-json\/wp\/v2\/media\/88447"}],"wp:attachment":[{"href":"https:\/\/l-mobile.com\/hu\/wp-json\/wp\/v2\/media?parent=87159"}],"wp:term":[{"taxonomy":"dokumente_formate","embeddable":true,"href":"https:\/\/l-mobile.com\/hu\/wp-json\/wp\/v2\/dokumente_formate?post=87159"},{"taxonomy":"dokumente_produkt","embeddable":true,"href":"https:\/\/l-mobile.com\/hu\/wp-json\/wp\/v2\/dokumente_produkt?post=87159"},{"taxonomy":"product_brand","embeddable":true,"href":"https:\/\/l-mobile.com\/hu\/wp-json\/wp\/v2\/product_brand?post=87159"},{"taxonomy":"product_cat","embeddable":true,"href":"https:\/\/l-mobile.com\/hu\/wp-json\/wp\/v2\/product_cat?post=87159"},{"taxonomy":"product_tag","embeddable":true,"href":"https:\/\/l-mobile.com\/hu\/wp-json\/wp\/v2\/product_tag?post=87159"}],"curies":[{"name":"wp","href":"https:\/\/api.w.org\/{rel}","templated":true}]}}