{"id":141282,"date":"2024-07-29T11:36:05","date_gmt":"2025-07-03T14:25:07","guid":{"rendered":"https:\/\/l-mobile.com\/?post_type=product&#038;p=141282"},"modified":"2025-07-08T11:52:21","modified_gmt":"2025-07-08T09:52:21","slug":"tajekoztato-fuzet-5-lepesben-a-digitalis-terepi-szervizmenedzsment-fele-az-on-utmutatoja-az-ugyfelszolgalat-digitaliaciojahoz","status":"publish","type":"product","link":"https:\/\/l-mobile.com\/hu\/dokumentum\/tajekoztato-fuzet-5-lepesben-a-digitalis-terepi-szervizmenedzsment-fele-az-on-utmutatoja-az-ugyfelszolgalat-digitaliaciojahoz\/","title":{"rendered":"T\u00e1j\u00e9koztat\u00f3 f\u00fczet \u2013 5 l\u00e9p\u00e9sben a digit\u00e1lis terepi szervizmenedzsment fel\u00e9: Az \u00d6n \u00fatmutat\u00f3ja az \u00fcgyf\u00e9lszolg\u00e1lat digitaliz\u00e1ci\u00f3j\u00e1hoz"},"content":{"rendered":"<div id='av_section_1'  class='avia-section av-xbois5b-1ecd0ecf1e49cd97ad0c6a086475f7d2 main_color avia-section-default avia-no-border-styling  avia-builder-el-0  avia-builder-el-no-sibling  avia-bg-style-scroll container_wrap fullsize'  ><div class='container av-section-cont-open' ><main  role=\"main\" itemprop=\"mainContentOfPage\"  class='template-page content  av-content-full alpha units'><div class='post-entry post-entry-type-page post-entry-141282'><div class='entry-content-wrapper clearfix'>\n<div class='flex_column_table av-ve65wlb-cc00152fa374265478d5588c84ea04de sc-av_one_fourth av-equal-height-column-flextable'>\n<style type=\"text\/css\" data-created_by=\"avia_inline_auto\" id=\"style-css-av-ve65wlb-cc00152fa374265478d5588c84ea04de\">\n.flex_column.av-ve65wlb-cc00152fa374265478d5588c84ea04de{\nborder-radius:0px 0px 0px 0px;\npadding:0px 0px 0px 0px;\n}\n<\/style>\n<div  class='flex_column av-ve65wlb-cc00152fa374265478d5588c84ea04de av_one_fourth  avia-builder-el-1  el_before_av_three_fourth  avia-builder-el-first  lmwooimg first flex_column_table_cell av-equal-height-column av-align-top av-zero-column-padding  '     ><section  class='av_textblock_section av-92cdfj-fefa37de1ccd95014d4683c530d9f788 '   itemscope=\"itemscope\" itemtype=\"https:\/\/schema.org\/CreativeWork\" ><div class='avia_textblock'  itemprop=\"text\" >\n<\/div><\/section><\/div><div class='av-flex-placeholder'><\/div>\n<style type=\"text\/css\" data-created_by=\"avia_inline_auto\" id=\"style-css-av-j6yt88v-6b125a248fb881fbfd4cf1e27bf82094\">\n.flex_column.av-j6yt88v-6b125a248fb881fbfd4cf1e27bf82094{\nborder-radius:0px 0px 0px 0px;\npadding:0px 0px 0px 0px;\n}\n<\/style>\n<div  class='flex_column av-j6yt88v-6b125a248fb881fbfd4cf1e27bf82094 av_three_fourth  avia-builder-el-3  el_after_av_one_fourth  avia-builder-el-last  lmwoodesc lmwoocart lmh1 flex_column_table_cell av-equal-height-column av-align-top av-zero-column-padding  '     ><section  class='av_textblock_section av-h1gvzi7-6ce7c1dd88f583b0518f839cc193a3a8 '   itemscope=\"itemscope\" itemtype=\"https:\/\/schema.org\/CreativeWork\" ><div class='avia_textblock'  itemprop=\"text\" ><h1>T\u00e1j\u00e9koztat\u00f3 f\u00fczet \u2013 5 l\u00e9p\u00e9sben a digit\u00e1lis terepi szervizmenedzsment fel\u00e9: Az \u00d6n \u00fatmutat\u00f3ja az \u00fcgyf\u00e9lszolg\u00e1lat digitaliz\u00e1ci\u00f3j\u00e1hoz<\/h1>\n<\/div><\/section><br \/>\n<section  class='av_textblock_section av-lz6s1uqg-5364a1daad66bc44b2d8d781055fffd2 '   itemscope=\"itemscope\" itemtype=\"https:\/\/schema.org\/CreativeWork\" ><div class='avia_textblock'  itemprop=\"text\" ><p>Most trend a digitaliz\u00e1ci\u00f3, de n\u00e9zz\u00fck csak: Mi\u00e9rt is kellene a szervizfolyamatokat digitaliz\u00e1lni? Hi\u00e1nyos kisz\u00e1ll\u00e1si adatok, hi\u00e1nyz\u00f3 \u00e1tl\u00e1that\u00f3s\u00e1g, k\u00e9sedelmek, hi\u00e1nyz\u00f3 interf\u00e9sz az ERP-rendszerrel \u2013 hosszasan sorolhatn\u00e1nk a kih\u00edv\u00e1sokat, amelyekkel manaps\u00e1g szembe kell n\u00e9zni\u00fck a v\u00e1llalatoknak a szervizmenedzsment ter\u00e9n. Ezeket meg kell oldani ahhoz, hogy a v\u00e1llalat a j\u00f6v\u0151ben is versenyk\u00e9pes \u00e9s sikeres maradjon. A megold\u00e1s: Egy <strong>terepi szervizmenedzsment-szoftver<\/strong>.<\/p>\n<p>\u00datmutat\u00f3nkb\u00f3l megtudhatja, milyen hozz\u00e1adott \u00e9rt\u00e9ket ny\u00fajthat egy mobil szoftvermegold\u00e1s a v\u00e1llalat\u00e1nak, hogyan k\u00e9sz\u00fclhet fel legjobban az <strong>\u00fcgyf\u00e9lszolg\u00e1lat digitaliz\u00e1ci\u00f3j\u00e1ra<\/strong>, \u00e9s hogyan val\u00f3s\u00edthatja meg mindezt sikeresen.<\/p>\n<\/div><\/section><br \/>\n\n<style type=\"text\/css\" data-created_by=\"avia_inline_auto\" id=\"style-css-av-9y1c18f-690905f54096da20bbd0824e386ce139\">\n.avia_message_box.av-9y1c18f-690905f54096da20bbd0824e386ce139{\ncolor:#ffffff;\nbackground-color:#0099d0;\nbackground:linear-gradient( to right, #0099d0, #005f7f );\nborder-style:none;\nborder-color:#ffffff;\n}\n.avia_message_box.av-9y1c18f-690905f54096da20bbd0824e386ce139 .avia_message_box_icon.avia-svg-icon svg:first-child{\nfill:#ffffff;\nstroke:#ffffff;\n}\n<\/style>\n<div id='avia-messagebox-' class='avia_message_box av_notification av-9y1c18f-690905f54096da20bbd0824e386ce139 avia-color-gradient avia-size-large avia-icon_select-yes avia-border-  avia-builder-el-6  el_after_av_textblock  el_before_av_textblock ' ><div class=\"avia_message_box_content\"><span class='avia_message_box_icon avia-iconfont avia-font-entypo-fontello' data-av_icon='\ue82d' data-av_iconfont='entypo-fontello' ><\/span><p>Profit\u00e1ljon az L-mobile 25 \u00e9ves tapasztalat\u00e1b\u00f3l, \u00e9s k\u00e9rje t\u00e1j\u00e9koztat\u00f3 f\u00fczet\u00fcnket most!<\/p>\n<\/div><\/div><br \/>\n<section  class='av_textblock_section av-lz6s2765-10a49a7af42d81827b49df561ccd5131 '   itemscope=\"itemscope\" itemtype=\"https:\/\/schema.org\/CreativeWork\" ><div class='avia_textblock'  itemprop=\"text\" >\n\t\t\t\t\t\t<script>\n\t\t\t\t\t\t\twindow.hsFormsOnReady = window.hsFormsOnReady || [];\n\t\t\t\t\t\t\twindow.hsFormsOnReady.push(()=>{\n\t\t\t\t\t\t\t\thbspt.forms.create({\n\t\t\t\t\t\t\t\t\tportalId: 26475206,\n\t\t\t\t\t\t\t\t\tformId: \"66640ddc-66a6-45c8-bd43-aa5dff50e13b\",\n\t\t\t\t\t\t\t\t\ttarget: \"#hbspt-form-1777686127000-9539909301\",\n\t\t\t\t\t\t\t\t\tregion: \"eu1\",\n\t\t\t\t\t\t\t\t\t\n\t\t\t\t\t\t\t})});\n\t\t\t\t\t\t<\/script>\n\t\t\t\t\t\t<div class=\"hbspt-form\" id=\"hbspt-form-1777686127000-9539909301\"><\/div>\n<\/div><\/section><br \/>\n<section  class='av_textblock_section av-5kz2d4v-bcc5da9eab7d308b0323eb47cc668ef2 '   itemscope=\"itemscope\" itemtype=\"https:\/\/schema.org\/CreativeWork\" ><div class='avia_textblock'  itemprop=\"text\" ><p><a href=\"https:\/\/l-mobile.com\/hu\/interaktiv-hu\/letoltesi-kozpont\/tajekoztato-fuzet\/\">Vissza a t\u00e1j\u00e9koztat\u00f3 f\u00fczet \u00e1ttekint\u00e9s\u00e9re<\/a><\/p>\n<\/div><\/section><\/p><\/div><\/div><!--close column table wrapper. Autoclose: 1 -->\n","protected":false},"excerpt":{"rendered":"","protected":false},"featured_media":131629,"template":"","meta":{"_acf_changed":false,"content-type":""},"dokumente_formate":[4002],"dokumente_produkt":[3970],"product_brand":[],"product_cat":[2412],"product_tag":[],"class_list":{"0":"post-141282","1":"product","2":"type-product","3":"status-publish","4":"has-post-thumbnail","6":"dokumente_formate-tajekoztato-fuezet","7":"dokumente_produkt-digitalis-szervizmenedzsment","8":"product_cat-dokumentum","10":"first","11":"instock","12":"downloadable","13":"virtual","14":"product-type-simple"},"acf":[],"yoast_head":"<!-- This site is optimized with the Yoast SEO Premium plugin v26.6 (Yoast SEO v26.6) - https:\/\/yoast.com\/wordpress\/plugins\/seo\/ -->\n<title>T\u00e1j\u00e9koztat\u00f3 f\u00fczet \u2013 5 l\u00e9p\u00e9sben a digit\u00e1lis terepi szervizmenedzsment fel\u00e9: Az \u00d6n \u00fatmutat\u00f3ja az \u00fcgyf\u00e9lszolg\u00e1lat digitaliz\u00e1ci\u00f3j\u00e1hoz - L-mobile<\/title>\n<meta name=\"description\" content=\"\u00datmutat\u00f3nkb\u00f3l megtudhatja, milyen hozz\u00e1adott \u00e9rt\u00e9ket k\u00edn\u00e1l v\u00e1llalat\u00e1nak a terepi szervizmenedzsment-szoftver.\" \/>\n<meta name=\"robots\" content=\"index, follow, max-snippet:-1, max-image-preview:large, max-video-preview:-1\" \/>\n<link rel=\"canonical\" href=\"https:\/\/l-mobile.com\/hu\/dokumentum\/tajekoztato-fuzet-5-lepesben-a-digitalis-terepi-szervizmenedzsment-fele-az-on-utmutatoja-az-ugyfelszolgalat-digitaliaciojahoz\/\" \/>\n<meta property=\"og:locale\" content=\"hu_HU\" \/>\n<meta property=\"og:type\" content=\"article\" \/>\n<meta property=\"og:title\" content=\"T\u00e1j\u00e9koztat\u00f3 f\u00fczet \u2013 5 l\u00e9p\u00e9sben a digit\u00e1lis terepi szervizmenedzsment fel\u00e9: Az \u00d6n \u00fatmutat\u00f3ja az \u00fcgyf\u00e9lszolg\u00e1lat digitaliz\u00e1ci\u00f3j\u00e1hoz\" \/>\n<meta property=\"og:url\" content=\"https:\/\/l-mobile.com\/hu\/dokumentum\/tajekoztato-fuzet-5-lepesben-a-digitalis-terepi-szervizmenedzsment-fele-az-on-utmutatoja-az-ugyfelszolgalat-digitaliaciojahoz\/\" \/>\n<meta property=\"og:site_name\" content=\"L-mobile\" \/>\n<meta property=\"article:publisher\" content=\"https:\/\/www.facebook.com\/lmobilegroup\" \/>\n<meta property=\"article:modified_time\" content=\"2025-07-08T09:52:21+00:00\" \/>\n<meta property=\"og:image\" content=\"https:\/\/l-mobile.com\/wp-content\/uploads\/2025\/07\/5-lepesben-a-digitalis-terepi-szervizmenedzsment-fele.jpg\" \/>\n\t<meta property=\"og:image:width\" content=\"400\" \/>\n\t<meta property=\"og:image:height\" content=\"600\" \/>\n\t<meta property=\"og:image:type\" content=\"image\/jpeg\" \/>\n<meta name=\"twitter:card\" content=\"summary_large_image\" \/>\n<meta name=\"twitter:label1\" content=\"Becs\u00fclt olvas\u00e1si id\u0151\" \/>\n\t<meta name=\"twitter:data1\" content=\"1 perc\" \/>\n<script type=\"application\/ld+json\" class=\"yoast-schema-graph\">{\"@context\":\"https:\/\/schema.org\",\"@graph\":[{\"@type\":\"WebPage\",\"@id\":\"https:\/\/l-mobile.com\/hu\/dokumentum\/tajekoztato-fuzet-5-lepesben-a-digitalis-terepi-szervizmenedzsment-fele-az-on-utmutatoja-az-ugyfelszolgalat-digitaliaciojahoz\/\",\"url\":\"https:\/\/l-mobile.com\/hu\/dokumentum\/tajekoztato-fuzet-5-lepesben-a-digitalis-terepi-szervizmenedzsment-fele-az-on-utmutatoja-az-ugyfelszolgalat-digitaliaciojahoz\/\",\"name\":\"T\u00e1j\u00e9koztat\u00f3 f\u00fczet \u2013 5 l\u00e9p\u00e9sben a digit\u00e1lis terepi szervizmenedzsment fel\u00e9: Az \u00d6n \u00fatmutat\u00f3ja az \u00fcgyf\u00e9lszolg\u00e1lat digitaliz\u00e1ci\u00f3j\u00e1hoz - L-mobile\",\"isPartOf\":{\"@id\":\"https:\/\/l-mobile.com\/hu\/#website\"},\"primaryImageOfPage\":{\"@id\":\"https:\/\/l-mobile.com\/hu\/dokumentum\/tajekoztato-fuzet-5-lepesben-a-digitalis-terepi-szervizmenedzsment-fele-az-on-utmutatoja-az-ugyfelszolgalat-digitaliaciojahoz\/#primaryimage\"},\"image\":{\"@id\":\"https:\/\/l-mobile.com\/hu\/dokumentum\/tajekoztato-fuzet-5-lepesben-a-digitalis-terepi-szervizmenedzsment-fele-az-on-utmutatoja-az-ugyfelszolgalat-digitaliaciojahoz\/#primaryimage\"},\"thumbnailUrl\":\"https:\/\/l-mobile.com\/wp-content\/uploads\/2025\/07\/5-lepesben-a-digitalis-terepi-szervizmenedzsment-fele.jpg\",\"datePublished\":\"2025-07-03T14:25:07+00:00\",\"dateModified\":\"2025-07-08T09:52:21+00:00\",\"description\":\"\u00datmutat\u00f3nkb\u00f3l megtudhatja, milyen hozz\u00e1adott \u00e9rt\u00e9ket k\u00edn\u00e1l v\u00e1llalat\u00e1nak a terepi szervizmenedzsment-szoftver.\",\"breadcrumb\":{\"@id\":\"https:\/\/l-mobile.com\/hu\/dokumentum\/tajekoztato-fuzet-5-lepesben-a-digitalis-terepi-szervizmenedzsment-fele-az-on-utmutatoja-az-ugyfelszolgalat-digitaliaciojahoz\/#breadcrumb\"},\"inLanguage\":\"hu\",\"potentialAction\":[{\"@type\":\"ReadAction\",\"target\":[\"https:\/\/l-mobile.com\/hu\/dokumentum\/tajekoztato-fuzet-5-lepesben-a-digitalis-terepi-szervizmenedzsment-fele-az-on-utmutatoja-az-ugyfelszolgalat-digitaliaciojahoz\/\"]}]},{\"@type\":\"ImageObject\",\"inLanguage\":\"hu\",\"@id\":\"https:\/\/l-mobile.com\/hu\/dokumentum\/tajekoztato-fuzet-5-lepesben-a-digitalis-terepi-szervizmenedzsment-fele-az-on-utmutatoja-az-ugyfelszolgalat-digitaliaciojahoz\/#primaryimage\",\"url\":\"https:\/\/l-mobile.com\/wp-content\/uploads\/2025\/07\/5-lepesben-a-digitalis-terepi-szervizmenedzsment-fele.jpg\",\"contentUrl\":\"https:\/\/l-mobile.com\/wp-content\/uploads\/2025\/07\/5-lepesben-a-digitalis-terepi-szervizmenedzsment-fele.jpg\",\"width\":400,\"height\":600,\"caption\":\"5 l\u00e9p\u00e9sben a digit\u00e1lis terepi szervizmenedzsment fel\u00e9\"},{\"@type\":\"BreadcrumbList\",\"@id\":\"https:\/\/l-mobile.com\/hu\/dokumentum\/tajekoztato-fuzet-5-lepesben-a-digitalis-terepi-szervizmenedzsment-fele-az-on-utmutatoja-az-ugyfelszolgalat-digitaliaciojahoz\/#breadcrumb\",\"itemListElement\":[{\"@type\":\"ListItem\",\"position\":1,\"name\":\"Startseite\",\"item\":\"https:\/\/l-mobile.com\/hu\/az-l-mobile-mobilla-teszi-az-uzleti-folyamatokat\/\"},{\"@type\":\"ListItem\",\"position\":2,\"name\":\"Hardware-Shop\",\"item\":\"https:\/\/l-mobile.com\/geschaeftsfelder\/technik\/\"},{\"@type\":\"ListItem\",\"position\":3,\"name\":\"T\u00e1j\u00e9koztat\u00f3 f\u00fczet \u2013 5 l\u00e9p\u00e9sben a digit\u00e1lis terepi szervizmenedzsment fel\u00e9: Az \u00d6n \u00fatmutat\u00f3ja az \u00fcgyf\u00e9lszolg\u00e1lat digitaliz\u00e1ci\u00f3j\u00e1hoz\"}]},{\"@type\":\"WebSite\",\"@id\":\"https:\/\/l-mobile.com\/hu\/#website\",\"url\":\"https:\/\/l-mobile.com\/hu\/\",\"name\":\"L-mobile\",\"description\":\"Mobile Softwarel\u00f6sungen\",\"publisher\":{\"@id\":\"https:\/\/l-mobile.com\/hu\/#organization\"},\"potentialAction\":[{\"@type\":\"SearchAction\",\"target\":{\"@type\":\"EntryPoint\",\"urlTemplate\":\"https:\/\/l-mobile.com\/hu\/?s={search_term_string}\"},\"query-input\":{\"@type\":\"PropertyValueSpecification\",\"valueRequired\":true,\"valueName\":\"search_term_string\"}}],\"inLanguage\":\"hu\"},{\"@type\":\"Organization\",\"@id\":\"https:\/\/l-mobile.com\/hu\/#organization\",\"name\":\"L-mobile solutions\",\"url\":\"https:\/\/l-mobile.com\/hu\/\",\"logo\":{\"@type\":\"ImageObject\",\"inLanguage\":\"hu\",\"@id\":\"https:\/\/l-mobile.com\/hu\/#\/schema\/logo\/image\/\",\"url\":\"https:\/\/l-mobile.com\/wp-content\/uploads\/2018\/09\/l-mobile-logo-tab.jpg\",\"contentUrl\":\"https:\/\/l-mobile.com\/wp-content\/uploads\/2018\/09\/l-mobile-logo-tab.jpg\",\"width\":240,\"height\":240,\"caption\":\"L-mobile solutions\"},\"image\":{\"@id\":\"https:\/\/l-mobile.com\/hu\/#\/schema\/logo\/image\/\"},\"sameAs\":[\"https:\/\/www.facebook.com\/lmobilegroup\",\"https:\/\/www.instagram.com\/lmobile_group\/\",\"https:\/\/www.linkedin.com\/company\/1073859\/\",\"https:\/\/www.youtube.com\/user\/LmobileGroup\"]}]}<\/script>\n<!-- \/ Yoast SEO Premium plugin. -->","yoast_head_json":{"title":"T\u00e1j\u00e9koztat\u00f3 f\u00fczet \u2013 5 l\u00e9p\u00e9sben a digit\u00e1lis terepi szervizmenedzsment fel\u00e9: Az \u00d6n \u00fatmutat\u00f3ja az \u00fcgyf\u00e9lszolg\u00e1lat digitaliz\u00e1ci\u00f3j\u00e1hoz - L-mobile","description":"\u00datmutat\u00f3nkb\u00f3l megtudhatja, milyen hozz\u00e1adott \u00e9rt\u00e9ket k\u00edn\u00e1l v\u00e1llalat\u00e1nak a terepi szervizmenedzsment-szoftver.","robots":{"index":"index","follow":"follow","max-snippet":"max-snippet:-1","max-image-preview":"max-image-preview:large","max-video-preview":"max-video-preview:-1"},"canonical":"https:\/\/l-mobile.com\/hu\/dokumentum\/tajekoztato-fuzet-5-lepesben-a-digitalis-terepi-szervizmenedzsment-fele-az-on-utmutatoja-az-ugyfelszolgalat-digitaliaciojahoz\/","og_locale":"hu_HU","og_type":"article","og_title":"T\u00e1j\u00e9koztat\u00f3 f\u00fczet \u2013 5 l\u00e9p\u00e9sben a digit\u00e1lis terepi szervizmenedzsment fel\u00e9: Az \u00d6n \u00fatmutat\u00f3ja az \u00fcgyf\u00e9lszolg\u00e1lat digitaliz\u00e1ci\u00f3j\u00e1hoz","og_url":"https:\/\/l-mobile.com\/hu\/dokumentum\/tajekoztato-fuzet-5-lepesben-a-digitalis-terepi-szervizmenedzsment-fele-az-on-utmutatoja-az-ugyfelszolgalat-digitaliaciojahoz\/","og_site_name":"L-mobile","article_publisher":"https:\/\/www.facebook.com\/lmobilegroup","article_modified_time":"2025-07-08T09:52:21+00:00","og_image":[{"width":400,"height":600,"url":"https:\/\/l-mobile.com\/wp-content\/uploads\/2025\/07\/5-lepesben-a-digitalis-terepi-szervizmenedzsment-fele.jpg","type":"image\/jpeg"}],"twitter_card":"summary_large_image","twitter_misc":{"Becs\u00fclt olvas\u00e1si id\u0151":"1 perc"},"schema":{"@context":"https:\/\/schema.org","@graph":[{"@type":"WebPage","@id":"https:\/\/l-mobile.com\/hu\/dokumentum\/tajekoztato-fuzet-5-lepesben-a-digitalis-terepi-szervizmenedzsment-fele-az-on-utmutatoja-az-ugyfelszolgalat-digitaliaciojahoz\/","url":"https:\/\/l-mobile.com\/hu\/dokumentum\/tajekoztato-fuzet-5-lepesben-a-digitalis-terepi-szervizmenedzsment-fele-az-on-utmutatoja-az-ugyfelszolgalat-digitaliaciojahoz\/","name":"T\u00e1j\u00e9koztat\u00f3 f\u00fczet \u2013 5 l\u00e9p\u00e9sben a digit\u00e1lis terepi szervizmenedzsment fel\u00e9: Az \u00d6n \u00fatmutat\u00f3ja az \u00fcgyf\u00e9lszolg\u00e1lat digitaliz\u00e1ci\u00f3j\u00e1hoz - L-mobile","isPartOf":{"@id":"https:\/\/l-mobile.com\/hu\/#website"},"primaryImageOfPage":{"@id":"https:\/\/l-mobile.com\/hu\/dokumentum\/tajekoztato-fuzet-5-lepesben-a-digitalis-terepi-szervizmenedzsment-fele-az-on-utmutatoja-az-ugyfelszolgalat-digitaliaciojahoz\/#primaryimage"},"image":{"@id":"https:\/\/l-mobile.com\/hu\/dokumentum\/tajekoztato-fuzet-5-lepesben-a-digitalis-terepi-szervizmenedzsment-fele-az-on-utmutatoja-az-ugyfelszolgalat-digitaliaciojahoz\/#primaryimage"},"thumbnailUrl":"https:\/\/l-mobile.com\/wp-content\/uploads\/2025\/07\/5-lepesben-a-digitalis-terepi-szervizmenedzsment-fele.jpg","datePublished":"2025-07-03T14:25:07+00:00","dateModified":"2025-07-08T09:52:21+00:00","description":"\u00datmutat\u00f3nkb\u00f3l megtudhatja, milyen hozz\u00e1adott \u00e9rt\u00e9ket k\u00edn\u00e1l v\u00e1llalat\u00e1nak a terepi szervizmenedzsment-szoftver.","breadcrumb":{"@id":"https:\/\/l-mobile.com\/hu\/dokumentum\/tajekoztato-fuzet-5-lepesben-a-digitalis-terepi-szervizmenedzsment-fele-az-on-utmutatoja-az-ugyfelszolgalat-digitaliaciojahoz\/#breadcrumb"},"inLanguage":"hu","potentialAction":[{"@type":"ReadAction","target":["https:\/\/l-mobile.com\/hu\/dokumentum\/tajekoztato-fuzet-5-lepesben-a-digitalis-terepi-szervizmenedzsment-fele-az-on-utmutatoja-az-ugyfelszolgalat-digitaliaciojahoz\/"]}]},{"@type":"ImageObject","inLanguage":"hu","@id":"https:\/\/l-mobile.com\/hu\/dokumentum\/tajekoztato-fuzet-5-lepesben-a-digitalis-terepi-szervizmenedzsment-fele-az-on-utmutatoja-az-ugyfelszolgalat-digitaliaciojahoz\/#primaryimage","url":"https:\/\/l-mobile.com\/wp-content\/uploads\/2025\/07\/5-lepesben-a-digitalis-terepi-szervizmenedzsment-fele.jpg","contentUrl":"https:\/\/l-mobile.com\/wp-content\/uploads\/2025\/07\/5-lepesben-a-digitalis-terepi-szervizmenedzsment-fele.jpg","width":400,"height":600,"caption":"5 l\u00e9p\u00e9sben a digit\u00e1lis terepi szervizmenedzsment fel\u00e9"},{"@type":"BreadcrumbList","@id":"https:\/\/l-mobile.com\/hu\/dokumentum\/tajekoztato-fuzet-5-lepesben-a-digitalis-terepi-szervizmenedzsment-fele-az-on-utmutatoja-az-ugyfelszolgalat-digitaliaciojahoz\/#breadcrumb","itemListElement":[{"@type":"ListItem","position":1,"name":"Startseite","item":"https:\/\/l-mobile.com\/hu\/az-l-mobile-mobilla-teszi-az-uzleti-folyamatokat\/"},{"@type":"ListItem","position":2,"name":"Hardware-Shop","item":"https:\/\/l-mobile.com\/geschaeftsfelder\/technik\/"},{"@type":"ListItem","position":3,"name":"T\u00e1j\u00e9koztat\u00f3 f\u00fczet \u2013 5 l\u00e9p\u00e9sben a digit\u00e1lis terepi szervizmenedzsment fel\u00e9: Az \u00d6n \u00fatmutat\u00f3ja az \u00fcgyf\u00e9lszolg\u00e1lat digitaliz\u00e1ci\u00f3j\u00e1hoz"}]},{"@type":"WebSite","@id":"https:\/\/l-mobile.com\/hu\/#website","url":"https:\/\/l-mobile.com\/hu\/","name":"L-mobile","description":"Mobile Softwarel\u00f6sungen","publisher":{"@id":"https:\/\/l-mobile.com\/hu\/#organization"},"potentialAction":[{"@type":"SearchAction","target":{"@type":"EntryPoint","urlTemplate":"https:\/\/l-mobile.com\/hu\/?s={search_term_string}"},"query-input":{"@type":"PropertyValueSpecification","valueRequired":true,"valueName":"search_term_string"}}],"inLanguage":"hu"},{"@type":"Organization","@id":"https:\/\/l-mobile.com\/hu\/#organization","name":"L-mobile solutions","url":"https:\/\/l-mobile.com\/hu\/","logo":{"@type":"ImageObject","inLanguage":"hu","@id":"https:\/\/l-mobile.com\/hu\/#\/schema\/logo\/image\/","url":"https:\/\/l-mobile.com\/wp-content\/uploads\/2018\/09\/l-mobile-logo-tab.jpg","contentUrl":"https:\/\/l-mobile.com\/wp-content\/uploads\/2018\/09\/l-mobile-logo-tab.jpg","width":240,"height":240,"caption":"L-mobile solutions"},"image":{"@id":"https:\/\/l-mobile.com\/hu\/#\/schema\/logo\/image\/"},"sameAs":["https:\/\/www.facebook.com\/lmobilegroup","https:\/\/www.instagram.com\/lmobile_group\/","https:\/\/www.linkedin.com\/company\/1073859\/","https:\/\/www.youtube.com\/user\/LmobileGroup"]}]}},"publishpress_future_workflow_manual_trigger":{"enabledWorkflows":[]},"_links":{"self":[{"href":"https:\/\/l-mobile.com\/hu\/wp-json\/wp\/v2\/product\/141282","targetHints":{"allow":["GET"]}}],"collection":[{"href":"https:\/\/l-mobile.com\/hu\/wp-json\/wp\/v2\/product"}],"about":[{"href":"https:\/\/l-mobile.com\/hu\/wp-json\/wp\/v2\/types\/product"}],"wp:featuredmedia":[{"embeddable":true,"href":"https:\/\/l-mobile.com\/hu\/wp-json\/wp\/v2\/media\/131629"}],"wp:attachment":[{"href":"https:\/\/l-mobile.com\/hu\/wp-json\/wp\/v2\/media?parent=141282"}],"wp:term":[{"taxonomy":"dokumente_formate","embeddable":true,"href":"https:\/\/l-mobile.com\/hu\/wp-json\/wp\/v2\/dokumente_formate?post=141282"},{"taxonomy":"dokumente_produkt","embeddable":true,"href":"https:\/\/l-mobile.com\/hu\/wp-json\/wp\/v2\/dokumente_produkt?post=141282"},{"taxonomy":"product_brand","embeddable":true,"href":"https:\/\/l-mobile.com\/hu\/wp-json\/wp\/v2\/product_brand?post=141282"},{"taxonomy":"product_cat","embeddable":true,"href":"https:\/\/l-mobile.com\/hu\/wp-json\/wp\/v2\/product_cat?post=141282"},{"taxonomy":"product_tag","embeddable":true,"href":"https:\/\/l-mobile.com\/hu\/wp-json\/wp\/v2\/product_tag?post=141282"}],"curies":[{"name":"wp","href":"https:\/\/api.w.org\/{rel}","templated":true}]}}