{"id":132155,"date":"2022-03-08T15:42:57","date_gmt":"2024-08-06T10:55:18","guid":{"rendered":"https:\/\/l-mobile.com\/?post_type=product&#038;p=132155"},"modified":"2024-08-06T13:52:23","modified_gmt":"2024-08-06T11:52:23","slug":"esettanulmany-l-mobile-service-swecon-baumaschinen-gmbh","status":"publish","type":"product","link":"https:\/\/l-mobile.com\/hu\/dokumentum\/esettanulmany-l-mobile-service-swecon-baumaschinen-gmbh\/","title":{"rendered":"Esettanulm\u00e1ny \u2013 L-mobile service \u2013 Swecon Baumaschinen GmbH"},"content":{"rendered":"<div id='av_section_1'  class='avia-section av-2e1ay76-c80855f26f224ed57887eb40a8cedb58 main_color avia-section-default avia-no-border-styling  avia-builder-el-0  avia-builder-el-no-sibling  avia-bg-style-scroll container_wrap fullsize'  ><div class='container av-section-cont-open' ><main  role=\"main\" itemprop=\"mainContentOfPage\"  class='template-page content  av-content-full alpha units'><div class='post-entry post-entry-type-page post-entry-132155'><div class='entry-content-wrapper clearfix'>\n<div class='flex_column_table av-22knete-e435146051a9383d23250016772e2b85 sc-av_one_fourth av-equal-height-column-flextable'>\n<style type=\"text\/css\" data-created_by=\"avia_inline_auto\" id=\"style-css-av-22knete-e435146051a9383d23250016772e2b85\">\n.flex_column.av-22knete-e435146051a9383d23250016772e2b85{\nborder-radius:0px 0px 0px 0px;\npadding:0px 0px 0px 0px;\n}\n<\/style>\n<div  class='flex_column av-22knete-e435146051a9383d23250016772e2b85 av_one_fourth  avia-builder-el-1  el_before_av_three_fourth  avia-builder-el-first  lmwooimg first flex_column_table_cell av-equal-height-column av-align-top av-zero-column-padding  '     ><section  class='av_textblock_section av-kxhalowr-34866ccbe4c58c7dbecddaaaf51233c8 '   itemscope=\"itemscope\" itemtype=\"https:\/\/schema.org\/CreativeWork\" ><div class='avia_textblock'  itemprop=\"text\" >\n<\/div><\/section><\/div><div class='av-flex-placeholder'><\/div>\n<style type=\"text\/css\" data-created_by=\"avia_inline_auto\" id=\"style-css-av-1row6rm-3bcd14320daa195fa9532a17a7629026\">\n.flex_column.av-1row6rm-3bcd14320daa195fa9532a17a7629026{\nborder-radius:0px 0px 0px 0px;\npadding:0px 0px 0px 0px;\n}\n<\/style>\n<div  class='flex_column av-1row6rm-3bcd14320daa195fa9532a17a7629026 av_three_fourth  avia-builder-el-3  el_after_av_one_fourth  avia-builder-el-last  lmwoodesc lmwoocart lmh1 flex_column_table_cell av-equal-height-column av-align-top av-zero-column-padding  '     ><section  class='av_textblock_section av-kxhalowr-34866ccbe4c58c7dbecddaaaf51233c8 '   itemscope=\"itemscope\" itemtype=\"https:\/\/schema.org\/CreativeWork\" ><div class='avia_textblock'  itemprop=\"text\" ><h1>Esettanulm\u00e1ny \u2013 L-mobile service \u2013 Swecon Baumaschinen GmbH<\/h1>\n<\/div><\/section><br \/>\n<section  class='av_textblock_section av-kxg4vsig-247a031789ff4d00b0bb74c5b7103f18 '   itemscope=\"itemscope\" itemtype=\"https:\/\/schema.org\/CreativeWork\" ><div class='avia_textblock'  itemprop=\"text\" ><p>Az L-mobile szerviz haszn\u00e1lat\u00e1val a Swecon most m\u00e1r k\u00e9pes \u2013 az ERP-rendszer alapj\u00e1n \u2013 a teljes szervizel\u00e9si folyamatot elektronikusan \u00e9s adathordoz\u00f3- vagy -form\u00e1tumv\u00e1lt\u00e1s n\u00e9lk\u00fcl kezelni. Az MS Dynamics NAV rendszerben l\u00e9trehozott szervizrendel\u00e9seket az \u00f6sszes inform\u00e1ci\u00f3val egy\u00fctt tov\u00e1bb\u00edtj\u00e1k az adott telephely \u00fctemez\u00e9si oszt\u00e1ly\u00e1ra.<br \/>\nEzut\u00e1n a grafikus L-mobile tervez\u0151t\u00e1bl\u00e1n kereszt\u00fcl hozz\u00e1rendelik \u0151ket a megfelel\u0151 szerel\u0151h\u00f6z vagy csapathoz. A k\u00e9szs\u00e9gmenedzsment, a nem cs\u00facsid\u0151k \u00e9s a hi\u00e1nyz\u00e1sok megjelen\u00edt\u00e9se, valamint a munkahelyek t\u00e9rk\u00e9pes bemutat\u00e1sa lehet\u0151v\u00e9 teszi az optim\u00e1lis tervez\u00e9st. A m\u00e1s helysz\u00ednek tervez\u00e9s\u00e9hez val\u00f3 szerep- \u00e9s jogalap\u00fa hozz\u00e1f\u00e9r\u00e9s a kihaszn\u00e1lts\u00e1gi cs\u00facsid\u0151szakokban megk\u00f6nny\u00edti a r\u00e9gi\u00f3k k\u00f6zti egy\u00fcttm\u0171k\u00f6d\u00e9st. Mindez lehet\u0151v\u00e9 teszi a kisz\u00e1ll\u00e1si feladatok pontos megtervez\u00e9s\u00e9t \u00e9s lebonyol\u00edt\u00e1s\u00e1t, \u00e9s ez\u00e1ltal a hat\u00e9kony szervizmenedzsmentet.<\/p>\n<\/div><\/section><br \/>\n<div  class='avia-button-wrap av-kxgchy2q-f381c8d239815ff15624c4433f6e2351-wrap avia-button-right  avia-builder-el-6  el_after_av_textblock  avia-builder-el-last  force-download'><a href='https:\/\/l-mobile.com\/wp-content\/uploads\/2024\/08\/L-mobile-esettanulmany-Swecon_hun.pdf'  class='avia-button av-kxgchy2q-f381c8d239815ff15624c4433f6e2351 av-link-btn avia-icon_select-yes-left-icon avia-size-large avia-position-right avia-color-theme-color'   aria-label=\"Let\u00f6lt\u00e9s\"><span class='avia_button_icon avia_button_icon_left avia-iconfont avia-font-entypo-fontello' data-av_icon='\ue82d' data-av_iconfont='entypo-fontello' ><\/span><span class='avia_iconbox_title' >Let\u00f6lt\u00e9s<\/span><\/a><\/div><\/p><\/div><\/div><!--close column table wrapper. Autoclose: 1 -->\n","protected":false},"excerpt":{"rendered":"","protected":false},"featured_media":90299,"template":"","meta":{"_acf_changed":false,"content-type":""},"dokumente_formate":[3999],"dokumente_produkt":[3970],"product_brand":[],"product_cat":[6559,2412],"product_tag":[],"class_list":{"0":"post-132155","1":"product","2":"type-product","3":"status-publish","4":"has-post-thumbnail","6":"dokumente_formate-esettanulmany","7":"dokumente_produkt-digitalis-szervizmenedzsment","8":"product_cat-dsc-esemeny","9":"product_cat-dokumentum","11":"first","12":"instock","13":"downloadable","14":"virtual","15":"purchasable","16":"product-type-simple"},"acf":[],"yoast_head":"<!-- This site is optimized with the Yoast SEO Premium plugin v26.6 (Yoast SEO v26.6) - https:\/\/yoast.com\/wordpress\/plugins\/seo\/ -->\n<title>Esettanulm\u00e1ny \u2013 L-mobile service \u2013 Swecon Baumaschinen GmbH - L-mobile<\/title>\n<meta name=\"description\" content=\"Az L-mobile szerviz haszn\u00e1lat\u00e1val a Swecon most m\u00e1r k\u00e9pes \u2013 az ERP-rendszer alapj\u00e1n \u2013 a teljes szervizel\u00e9si folyamatot adathordoz\u00f3- vagy -form\u00e1tumv\u00e1lt\u00e1s n\u00e9lk\u00fcl kezelni.\" \/>\n<meta name=\"robots\" content=\"index, follow, max-snippet:-1, max-image-preview:large, max-video-preview:-1\" \/>\n<link rel=\"canonical\" href=\"https:\/\/l-mobile.com\/hu\/dokumentum\/esettanulmany-l-mobile-service-swecon-baumaschinen-gmbh\/\" \/>\n<meta property=\"og:locale\" content=\"hu_HU\" \/>\n<meta property=\"og:type\" content=\"article\" \/>\n<meta property=\"og:title\" content=\"Esettanulm\u00e1ny \u2013 L-mobile service \u2013 Swecon Baumaschinen GmbH\" \/>\n<meta property=\"og:url\" content=\"https:\/\/l-mobile.com\/hu\/dokumentum\/esettanulmany-l-mobile-service-swecon-baumaschinen-gmbh\/\" \/>\n<meta property=\"og:site_name\" content=\"L-mobile\" \/>\n<meta property=\"article:publisher\" content=\"https:\/\/www.facebook.com\/lmobilegroup\" \/>\n<meta property=\"article:modified_time\" content=\"2024-08-06T11:52:23+00:00\" \/>\n<meta property=\"og:image\" content=\"https:\/\/l-mobile.com\/wp-content\/uploads\/2024\/08\/L-mobile-esettanulmany-Swecon_hun-400x600px.jpg\" \/>\n\t<meta property=\"og:image:width\" content=\"400\" \/>\n\t<meta property=\"og:image:height\" content=\"600\" \/>\n\t<meta property=\"og:image:type\" content=\"image\/jpeg\" \/>\n<meta name=\"twitter:card\" content=\"summary_large_image\" \/>\n<meta name=\"twitter:label1\" content=\"Becs\u00fclt olvas\u00e1si id\u0151\" \/>\n\t<meta name=\"twitter:data1\" content=\"1 perc\" \/>\n<script type=\"application\/ld+json\" class=\"yoast-schema-graph\">{\"@context\":\"https:\/\/schema.org\",\"@graph\":[{\"@type\":\"WebPage\",\"@id\":\"https:\/\/l-mobile.com\/hu\/dokumentum\/esettanulmany-l-mobile-service-swecon-baumaschinen-gmbh\/\",\"url\":\"https:\/\/l-mobile.com\/hu\/dokumentum\/esettanulmany-l-mobile-service-swecon-baumaschinen-gmbh\/\",\"name\":\"Esettanulm\u00e1ny \u2013 L-mobile service \u2013 Swecon Baumaschinen GmbH - L-mobile\",\"isPartOf\":{\"@id\":\"https:\/\/l-mobile.com\/hu\/#website\"},\"primaryImageOfPage\":{\"@id\":\"https:\/\/l-mobile.com\/hu\/dokumentum\/esettanulmany-l-mobile-service-swecon-baumaschinen-gmbh\/#primaryimage\"},\"image\":{\"@id\":\"https:\/\/l-mobile.com\/hu\/dokumentum\/esettanulmany-l-mobile-service-swecon-baumaschinen-gmbh\/#primaryimage\"},\"thumbnailUrl\":\"https:\/\/l-mobile.com\/wp-content\/uploads\/2024\/08\/L-mobile-esettanulmany-Swecon_hun-400x600px.jpg\",\"datePublished\":\"2024-08-06T10:55:18+00:00\",\"dateModified\":\"2024-08-06T11:52:23+00:00\",\"description\":\"Az L-mobile szerviz haszn\u00e1lat\u00e1val a Swecon most m\u00e1r k\u00e9pes \u2013 az ERP-rendszer alapj\u00e1n \u2013 a teljes szervizel\u00e9si folyamatot adathordoz\u00f3- vagy -form\u00e1tumv\u00e1lt\u00e1s n\u00e9lk\u00fcl kezelni.\",\"breadcrumb\":{\"@id\":\"https:\/\/l-mobile.com\/hu\/dokumentum\/esettanulmany-l-mobile-service-swecon-baumaschinen-gmbh\/#breadcrumb\"},\"inLanguage\":\"hu\",\"potentialAction\":[{\"@type\":\"ReadAction\",\"target\":[\"https:\/\/l-mobile.com\/hu\/dokumentum\/esettanulmany-l-mobile-service-swecon-baumaschinen-gmbh\/\"]}]},{\"@type\":\"ImageObject\",\"inLanguage\":\"hu\",\"@id\":\"https:\/\/l-mobile.com\/hu\/dokumentum\/esettanulmany-l-mobile-service-swecon-baumaschinen-gmbh\/#primaryimage\",\"url\":\"https:\/\/l-mobile.com\/wp-content\/uploads\/2024\/08\/L-mobile-esettanulmany-Swecon_hun-400x600px.jpg\",\"contentUrl\":\"https:\/\/l-mobile.com\/wp-content\/uploads\/2024\/08\/L-mobile-esettanulmany-Swecon_hun-400x600px.jpg\",\"width\":400,\"height\":600,\"caption\":\"Referenzbericht \u2013 L-mobile service \u2013 Swecon Baumaschinen GmbH\"},{\"@type\":\"BreadcrumbList\",\"@id\":\"https:\/\/l-mobile.com\/hu\/dokumentum\/esettanulmany-l-mobile-service-swecon-baumaschinen-gmbh\/#breadcrumb\",\"itemListElement\":[{\"@type\":\"ListItem\",\"position\":1,\"name\":\"Startseite\",\"item\":\"https:\/\/l-mobile.com\/hu\/az-l-mobile-mobilla-teszi-az-uzleti-folyamatokat\/\"},{\"@type\":\"ListItem\",\"position\":2,\"name\":\"Hardware-Shop\",\"item\":\"https:\/\/l-mobile.com\/geschaeftsfelder\/technik\/\"},{\"@type\":\"ListItem\",\"position\":3,\"name\":\"Esettanulm\u00e1ny \u2013 L-mobile service \u2013 Swecon Baumaschinen GmbH\"}]},{\"@type\":\"WebSite\",\"@id\":\"https:\/\/l-mobile.com\/hu\/#website\",\"url\":\"https:\/\/l-mobile.com\/hu\/\",\"name\":\"L-mobile\",\"description\":\"Mobile Softwarel\u00f6sungen\",\"publisher\":{\"@id\":\"https:\/\/l-mobile.com\/hu\/#organization\"},\"potentialAction\":[{\"@type\":\"SearchAction\",\"target\":{\"@type\":\"EntryPoint\",\"urlTemplate\":\"https:\/\/l-mobile.com\/hu\/?s={search_term_string}\"},\"query-input\":{\"@type\":\"PropertyValueSpecification\",\"valueRequired\":true,\"valueName\":\"search_term_string\"}}],\"inLanguage\":\"hu\"},{\"@type\":\"Organization\",\"@id\":\"https:\/\/l-mobile.com\/hu\/#organization\",\"name\":\"L-mobile solutions\",\"url\":\"https:\/\/l-mobile.com\/hu\/\",\"logo\":{\"@type\":\"ImageObject\",\"inLanguage\":\"hu\",\"@id\":\"https:\/\/l-mobile.com\/hu\/#\/schema\/logo\/image\/\",\"url\":\"https:\/\/l-mobile.com\/wp-content\/uploads\/2018\/09\/l-mobile-logo-tab.jpg\",\"contentUrl\":\"https:\/\/l-mobile.com\/wp-content\/uploads\/2018\/09\/l-mobile-logo-tab.jpg\",\"width\":240,\"height\":240,\"caption\":\"L-mobile solutions\"},\"image\":{\"@id\":\"https:\/\/l-mobile.com\/hu\/#\/schema\/logo\/image\/\"},\"sameAs\":[\"https:\/\/www.facebook.com\/lmobilegroup\",\"https:\/\/www.instagram.com\/lmobile_group\/\",\"https:\/\/www.linkedin.com\/company\/1073859\/\",\"https:\/\/www.youtube.com\/user\/LmobileGroup\"]}]}<\/script>\n<!-- \/ Yoast SEO Premium plugin. -->","yoast_head_json":{"title":"Esettanulm\u00e1ny \u2013 L-mobile service \u2013 Swecon Baumaschinen GmbH - L-mobile","description":"Az L-mobile szerviz haszn\u00e1lat\u00e1val a Swecon most m\u00e1r k\u00e9pes \u2013 az ERP-rendszer alapj\u00e1n \u2013 a teljes szervizel\u00e9si folyamatot adathordoz\u00f3- vagy -form\u00e1tumv\u00e1lt\u00e1s n\u00e9lk\u00fcl kezelni.","robots":{"index":"index","follow":"follow","max-snippet":"max-snippet:-1","max-image-preview":"max-image-preview:large","max-video-preview":"max-video-preview:-1"},"canonical":"https:\/\/l-mobile.com\/hu\/dokumentum\/esettanulmany-l-mobile-service-swecon-baumaschinen-gmbh\/","og_locale":"hu_HU","og_type":"article","og_title":"Esettanulm\u00e1ny \u2013 L-mobile service \u2013 Swecon Baumaschinen GmbH","og_url":"https:\/\/l-mobile.com\/hu\/dokumentum\/esettanulmany-l-mobile-service-swecon-baumaschinen-gmbh\/","og_site_name":"L-mobile","article_publisher":"https:\/\/www.facebook.com\/lmobilegroup","article_modified_time":"2024-08-06T11:52:23+00:00","og_image":[{"width":400,"height":600,"url":"https:\/\/l-mobile.com\/wp-content\/uploads\/2024\/08\/L-mobile-esettanulmany-Swecon_hun-400x600px.jpg","type":"image\/jpeg"}],"twitter_card":"summary_large_image","twitter_misc":{"Becs\u00fclt olvas\u00e1si id\u0151":"1 perc"},"schema":{"@context":"https:\/\/schema.org","@graph":[{"@type":"WebPage","@id":"https:\/\/l-mobile.com\/hu\/dokumentum\/esettanulmany-l-mobile-service-swecon-baumaschinen-gmbh\/","url":"https:\/\/l-mobile.com\/hu\/dokumentum\/esettanulmany-l-mobile-service-swecon-baumaschinen-gmbh\/","name":"Esettanulm\u00e1ny \u2013 L-mobile service \u2013 Swecon Baumaschinen GmbH - L-mobile","isPartOf":{"@id":"https:\/\/l-mobile.com\/hu\/#website"},"primaryImageOfPage":{"@id":"https:\/\/l-mobile.com\/hu\/dokumentum\/esettanulmany-l-mobile-service-swecon-baumaschinen-gmbh\/#primaryimage"},"image":{"@id":"https:\/\/l-mobile.com\/hu\/dokumentum\/esettanulmany-l-mobile-service-swecon-baumaschinen-gmbh\/#primaryimage"},"thumbnailUrl":"https:\/\/l-mobile.com\/wp-content\/uploads\/2024\/08\/L-mobile-esettanulmany-Swecon_hun-400x600px.jpg","datePublished":"2024-08-06T10:55:18+00:00","dateModified":"2024-08-06T11:52:23+00:00","description":"Az L-mobile szerviz haszn\u00e1lat\u00e1val a Swecon most m\u00e1r k\u00e9pes \u2013 az ERP-rendszer alapj\u00e1n \u2013 a teljes szervizel\u00e9si folyamatot adathordoz\u00f3- vagy -form\u00e1tumv\u00e1lt\u00e1s n\u00e9lk\u00fcl kezelni.","breadcrumb":{"@id":"https:\/\/l-mobile.com\/hu\/dokumentum\/esettanulmany-l-mobile-service-swecon-baumaschinen-gmbh\/#breadcrumb"},"inLanguage":"hu","potentialAction":[{"@type":"ReadAction","target":["https:\/\/l-mobile.com\/hu\/dokumentum\/esettanulmany-l-mobile-service-swecon-baumaschinen-gmbh\/"]}]},{"@type":"ImageObject","inLanguage":"hu","@id":"https:\/\/l-mobile.com\/hu\/dokumentum\/esettanulmany-l-mobile-service-swecon-baumaschinen-gmbh\/#primaryimage","url":"https:\/\/l-mobile.com\/wp-content\/uploads\/2024\/08\/L-mobile-esettanulmany-Swecon_hun-400x600px.jpg","contentUrl":"https:\/\/l-mobile.com\/wp-content\/uploads\/2024\/08\/L-mobile-esettanulmany-Swecon_hun-400x600px.jpg","width":400,"height":600,"caption":"Referenzbericht \u2013 L-mobile service \u2013 Swecon Baumaschinen GmbH"},{"@type":"BreadcrumbList","@id":"https:\/\/l-mobile.com\/hu\/dokumentum\/esettanulmany-l-mobile-service-swecon-baumaschinen-gmbh\/#breadcrumb","itemListElement":[{"@type":"ListItem","position":1,"name":"Startseite","item":"https:\/\/l-mobile.com\/hu\/az-l-mobile-mobilla-teszi-az-uzleti-folyamatokat\/"},{"@type":"ListItem","position":2,"name":"Hardware-Shop","item":"https:\/\/l-mobile.com\/geschaeftsfelder\/technik\/"},{"@type":"ListItem","position":3,"name":"Esettanulm\u00e1ny \u2013 L-mobile service \u2013 Swecon Baumaschinen GmbH"}]},{"@type":"WebSite","@id":"https:\/\/l-mobile.com\/hu\/#website","url":"https:\/\/l-mobile.com\/hu\/","name":"L-mobile","description":"Mobile Softwarel\u00f6sungen","publisher":{"@id":"https:\/\/l-mobile.com\/hu\/#organization"},"potentialAction":[{"@type":"SearchAction","target":{"@type":"EntryPoint","urlTemplate":"https:\/\/l-mobile.com\/hu\/?s={search_term_string}"},"query-input":{"@type":"PropertyValueSpecification","valueRequired":true,"valueName":"search_term_string"}}],"inLanguage":"hu"},{"@type":"Organization","@id":"https:\/\/l-mobile.com\/hu\/#organization","name":"L-mobile solutions","url":"https:\/\/l-mobile.com\/hu\/","logo":{"@type":"ImageObject","inLanguage":"hu","@id":"https:\/\/l-mobile.com\/hu\/#\/schema\/logo\/image\/","url":"https:\/\/l-mobile.com\/wp-content\/uploads\/2018\/09\/l-mobile-logo-tab.jpg","contentUrl":"https:\/\/l-mobile.com\/wp-content\/uploads\/2018\/09\/l-mobile-logo-tab.jpg","width":240,"height":240,"caption":"L-mobile solutions"},"image":{"@id":"https:\/\/l-mobile.com\/hu\/#\/schema\/logo\/image\/"},"sameAs":["https:\/\/www.facebook.com\/lmobilegroup","https:\/\/www.instagram.com\/lmobile_group\/","https:\/\/www.linkedin.com\/company\/1073859\/","https:\/\/www.youtube.com\/user\/LmobileGroup"]}]}},"publishpress_future_workflow_manual_trigger":{"enabledWorkflows":[]},"_links":{"self":[{"href":"https:\/\/l-mobile.com\/hu\/wp-json\/wp\/v2\/product\/132155","targetHints":{"allow":["GET"]}}],"collection":[{"href":"https:\/\/l-mobile.com\/hu\/wp-json\/wp\/v2\/product"}],"about":[{"href":"https:\/\/l-mobile.com\/hu\/wp-json\/wp\/v2\/types\/product"}],"wp:featuredmedia":[{"embeddable":true,"href":"https:\/\/l-mobile.com\/hu\/wp-json\/wp\/v2\/media\/90299"}],"wp:attachment":[{"href":"https:\/\/l-mobile.com\/hu\/wp-json\/wp\/v2\/media?parent=132155"}],"wp:term":[{"taxonomy":"dokumente_formate","embeddable":true,"href":"https:\/\/l-mobile.com\/hu\/wp-json\/wp\/v2\/dokumente_formate?post=132155"},{"taxonomy":"dokumente_produkt","embeddable":true,"href":"https:\/\/l-mobile.com\/hu\/wp-json\/wp\/v2\/dokumente_produkt?post=132155"},{"taxonomy":"product_brand","embeddable":true,"href":"https:\/\/l-mobile.com\/hu\/wp-json\/wp\/v2\/product_brand?post=132155"},{"taxonomy":"product_cat","embeddable":true,"href":"https:\/\/l-mobile.com\/hu\/wp-json\/wp\/v2\/product_cat?post=132155"},{"taxonomy":"product_tag","embeddable":true,"href":"https:\/\/l-mobile.com\/hu\/wp-json\/wp\/v2\/product_tag?post=132155"}],"curies":[{"name":"wp","href":"https:\/\/api.w.org\/{rel}","templated":true}]}}