{"id":131580,"date":"2022-04-29T16:08:31","date_gmt":"2024-07-09T09:28:56","guid":{"rendered":"https:\/\/l-mobile.com\/?post_type=product&#038;p=131580"},"modified":"2024-08-27T11:44:01","modified_gmt":"2024-08-27T09:44:01","slug":"tajekoztato-fuzet-5-lepes-a-raktarkezeles-digitalizaciojahoz","status":"publish","type":"product","link":"https:\/\/l-mobile.com\/hu\/dokumentum\/tajekoztato-fuzet-5-lepes-a-raktarkezeles-digitalizaciojahoz\/","title":{"rendered":"T\u00e1j\u00e9koztat\u00f3 f\u00fczet: 5 l\u00e9p\u00e9s a rakt\u00e1rkezel\u00e9s digitaliz\u00e1ci\u00f3j\u00e1hoz"},"content":{"rendered":"<div id='av_section_1'  class='avia-section av-2e1ay76-c80855f26f224ed57887eb40a8cedb58 main_color avia-section-default avia-no-border-styling  avia-builder-el-0  avia-builder-el-no-sibling  avia-bg-style-scroll container_wrap fullsize'  ><div class='container av-section-cont-open' ><main  role=\"main\" itemprop=\"mainContentOfPage\"  class='template-page content  av-content-full alpha units'><div class='post-entry post-entry-type-page post-entry-131580'><div class='entry-content-wrapper clearfix'>\n<div class='flex_column_table av-22knete-e435146051a9383d23250016772e2b85 sc-av_one_fourth av-equal-height-column-flextable'>\n<style type=\"text\/css\" data-created_by=\"avia_inline_auto\" id=\"style-css-av-22knete-e435146051a9383d23250016772e2b85\">\n.flex_column.av-22knete-e435146051a9383d23250016772e2b85{\nborder-radius:0px 0px 0px 0px;\npadding:0px 0px 0px 0px;\n}\n<\/style>\n<div  class='flex_column av-22knete-e435146051a9383d23250016772e2b85 av_one_fourth  avia-builder-el-1  el_before_av_three_fourth  avia-builder-el-first  lmwooimg first flex_column_table_cell av-equal-height-column av-align-top av-zero-column-padding  '     ><section  class='av_textblock_section av-kxhalowr-34866ccbe4c58c7dbecddaaaf51233c8 '   itemscope=\"itemscope\" itemtype=\"https:\/\/schema.org\/CreativeWork\" ><div class='avia_textblock'  itemprop=\"text\" >\n<\/div><\/section><\/div><div class='av-flex-placeholder'><\/div>\n<style type=\"text\/css\" data-created_by=\"avia_inline_auto\" id=\"style-css-av-1row6rm-3bcd14320daa195fa9532a17a7629026\">\n.flex_column.av-1row6rm-3bcd14320daa195fa9532a17a7629026{\nborder-radius:0px 0px 0px 0px;\npadding:0px 0px 0px 0px;\n}\n<\/style>\n<div  class='flex_column av-1row6rm-3bcd14320daa195fa9532a17a7629026 av_three_fourth  avia-builder-el-3  el_after_av_one_fourth  avia-builder-el-last  lmwoodesc lmwoocart lmh1 flex_column_table_cell av-equal-height-column av-align-top av-zero-column-padding  '     ><section  class='av_textblock_section av-kxhalowr-1-de16dd41de083880fd31866f8c8f2754 '   itemscope=\"itemscope\" itemtype=\"https:\/\/schema.org\/CreativeWork\" ><div class='avia_textblock'  itemprop=\"text\" ><h1>T\u00e1j\u00e9koztat\u00f3 f\u00fczet: 5 l\u00e9p\u00e9s a rakt\u00e1rkezel\u00e9s digitaliz\u00e1ci\u00f3j\u00e1hoz<\/h1>\n<\/div><\/section><br \/>\n<section  class='av_textblock_section av-kxg4vsig-4b4a84c7ab49c2f3132b92bcf0bee44a '   itemscope=\"itemscope\" itemtype=\"https:\/\/schema.org\/CreativeWork\" ><div class='avia_textblock'  itemprop=\"text\" ><p>Mi jelenti a legnagyobb probl\u00e9m\u00e1t jelenleg a <strong>rakt\u00e1rkezel\u00e9s<\/strong> ter\u00fclet\u00e9n? A hossz\u00fa keres\u00e9si id\u0151, mert m\u00e1r megint nem tal\u00e1lhat\u00f3 a sz\u00fcks\u00e9ges anyag? A pap\u00edralap\u00fa list\u00e1k id\u0151ig\u00e9nyes kit\u00f6lt\u00e9se, amelyeket ism\u00e9t be kell vinni majd az ERP-rendszerbe? B\u00e1rmi legyen is az, a nem hat\u00e9kony rakt\u00e1ri logisztika sok id\u0151be \u00e9s p\u00e9nzbe ker\u00fcl. A <strong>t\u00e1j\u00e9koztat\u00f3 f\u00fczetben<\/strong> bemutatjuk, hogyan tudja <strong>elkezdeni a rakt\u00e1r digitaliz\u00e1ci\u00f3j\u00e1t<\/strong>, \u00e9s milyen l\u00e9p\u00e9sekre kell \u00fcgyelnie.<\/p>\n<\/div><\/section><br \/>\n\n<style type=\"text\/css\" data-created_by=\"avia_inline_auto\" id=\"style-css-av-3jchzj-8a81e121253c53f45c5bb6e0fa7949b4\">\n.avia_message_box.av-3jchzj-8a81e121253c53f45c5bb6e0fa7949b4{\ncolor:#ffffff;\nbackground-color:#0099d0;\nbackground:linear-gradient( to right, #0099d0, #005f7f );\nborder-style:none;\nborder-color:#ffffff;\n}\n.avia_message_box.av-3jchzj-8a81e121253c53f45c5bb6e0fa7949b4 .avia_message_box_icon.avia-svg-icon svg:first-child{\nfill:#ffffff;\nstroke:#ffffff;\n}\n<\/style>\n<div id='avia-messagebox-' class='avia_message_box av_notification av-3jchzj-8a81e121253c53f45c5bb6e0fa7949b4 avia-color-gradient avia-size-large avia-icon_select-yes avia-border-  avia-builder-el-6  el_after_av_textblock  el_before_av_textblock ' ><div class=\"avia_message_box_content\"><span class='avia_message_box_icon avia-iconfont avia-font-entypo-fontello' data-av_icon='\ue82d' data-av_iconfont='entypo-fontello' ><\/span><p>Profit\u00e1ljon az L-mobile 25 \u00e9ves tapasztalat\u00e1b\u00f3l, \u00e9s k\u00e9rje t\u00e1j\u00e9koztat\u00f3 f\u00fczet\u00fcnket most!<\/p>\n<\/div><\/div><br \/>\n<section  class='av_textblock_section av-m00tqn-e4224a072716252ca080d901f3768c1b '   itemscope=\"itemscope\" itemtype=\"https:\/\/schema.org\/CreativeWork\" ><div class='avia_textblock'  itemprop=\"text\" >\n\t\t\t\t\t\t<script>\n\t\t\t\t\t\t\twindow.hsFormsOnReady = window.hsFormsOnReady || [];\n\t\t\t\t\t\t\twindow.hsFormsOnReady.push(()=>{\n\t\t\t\t\t\t\t\thbspt.forms.create({\n\t\t\t\t\t\t\t\t\tportalId: 26475206,\n\t\t\t\t\t\t\t\t\tformId: \"66640ddc-66a6-45c8-bd43-aa5dff50e13b\",\n\t\t\t\t\t\t\t\t\ttarget: \"#hbspt-form-1776517657000-3963631941\",\n\t\t\t\t\t\t\t\t\tregion: \"eu1\",\n\t\t\t\t\t\t\t\t\t\n\t\t\t\t\t\t\t})});\n\t\t\t\t\t\t<\/script>\n\t\t\t\t\t\t<div class=\"hbspt-form\" id=\"hbspt-form-1776517657000-3963631941\"><\/div>\n<\/div><\/section><br \/>\n<section  class='av_textblock_section av-l95tq1y1-77a2f75a76548d2a6600431d577b170d '   itemscope=\"itemscope\" itemtype=\"https:\/\/schema.org\/CreativeWork\" ><div class='avia_textblock'  itemprop=\"text\" ><p><a href=\"https:\/\/l-mobile.com\/hu\/letoltesi-kozpont\/tajekoztato-fuzet\/\">Az L-mobile tov\u00e1bbi t\u00e1j\u00e9koztat\u00f3 f\u00fczetei<\/a><\/p>\n<\/div><\/section><\/p><\/div><\/div><!--close column table wrapper. Autoclose: 1 -->\n","protected":false},"excerpt":{"rendered":"","protected":false},"featured_media":94419,"template":"","meta":{"_acf_changed":false,"content-type":""},"dokumente_formate":[4002],"dokumente_produkt":[3974],"product_brand":[],"product_cat":[2412],"product_tag":[],"class_list":{"0":"post-131580","1":"product","2":"type-product","3":"status-publish","4":"has-post-thumbnail","6":"dokumente_formate-tajekoztato-fuezet","7":"dokumente_produkt-digitalizalt-raktarlogisztika","8":"product_cat-dokumentum","10":"first","11":"instock","12":"downloadable","13":"virtual","14":"purchasable","15":"product-type-simple"},"acf":[],"yoast_head":"<!-- This site is optimized with the Yoast SEO Premium plugin v26.6 (Yoast SEO v26.6) - https:\/\/yoast.com\/wordpress\/plugins\/seo\/ -->\n<title>T\u00e1j\u00e9koztat\u00f3 f\u00fczet: 5 l\u00e9p\u00e9s a rakt\u00e1rkezel\u00e9s digitaliz\u00e1ci\u00f3j\u00e1hoz - L-mobile<\/title>\n<meta name=\"description\" content=\"5 l\u00e9p\u00e9s a rakt\u00e1rkezel\u00e9s digitaliz\u00e1ci\u00f3j\u00e1hoz \u2013 a rakt\u00e1ri logisztika hat\u00e9kony \u00e9s j\u00f6v\u0151biztos kialak\u00edt\u00e1sa mobil adatr\u00f6gz\u00edt\u00e9ssel.\" \/>\n<meta name=\"robots\" content=\"noindex, nofollow\" \/>\n<meta property=\"og:locale\" content=\"hu_HU\" \/>\n<meta property=\"og:type\" content=\"article\" \/>\n<meta property=\"og:title\" content=\"T\u00e1j\u00e9koztat\u00f3 f\u00fczet: 5 l\u00e9p\u00e9s a rakt\u00e1rkezel\u00e9s digitaliz\u00e1ci\u00f3j\u00e1hoz\" \/>\n<meta property=\"og:url\" content=\"https:\/\/l-mobile.com\/hu\/dokumentum\/tajekoztato-fuzet-5-lepes-a-raktarkezeles-digitalizaciojahoz\/\" \/>\n<meta property=\"og:site_name\" content=\"L-mobile\" \/>\n<meta property=\"article:publisher\" content=\"https:\/\/www.facebook.com\/lmobilegroup\" \/>\n<meta property=\"article:modified_time\" content=\"2024-08-27T09:44:01+00:00\" \/>\n<meta property=\"og:image\" content=\"https:\/\/l-mobile.com\/wp-content\/uploads\/2025\/07\/Warehouse-Whitepaper_HU.jpg\" \/>\n\t<meta property=\"og:image:width\" content=\"400\" \/>\n\t<meta property=\"og:image:height\" content=\"600\" \/>\n\t<meta property=\"og:image:type\" content=\"image\/jpeg\" \/>\n<meta name=\"twitter:card\" content=\"summary_large_image\" \/>\n<meta name=\"twitter:label1\" content=\"Becs\u00fclt olvas\u00e1si id\u0151\" \/>\n\t<meta name=\"twitter:data1\" content=\"1 perc\" \/>\n<script type=\"application\/ld+json\" class=\"yoast-schema-graph\">{\"@context\":\"https:\/\/schema.org\",\"@graph\":[{\"@type\":\"WebPage\",\"@id\":\"https:\/\/l-mobile.com\/hu\/dokumentum\/tajekoztato-fuzet-5-lepes-a-raktarkezeles-digitalizaciojahoz\/\",\"url\":\"https:\/\/l-mobile.com\/hu\/dokumentum\/tajekoztato-fuzet-5-lepes-a-raktarkezeles-digitalizaciojahoz\/\",\"name\":\"T\u00e1j\u00e9koztat\u00f3 f\u00fczet: 5 l\u00e9p\u00e9s a rakt\u00e1rkezel\u00e9s digitaliz\u00e1ci\u00f3j\u00e1hoz - L-mobile\",\"isPartOf\":{\"@id\":\"https:\/\/l-mobile.com\/hu\/#website\"},\"primaryImageOfPage\":{\"@id\":\"https:\/\/l-mobile.com\/hu\/dokumentum\/tajekoztato-fuzet-5-lepes-a-raktarkezeles-digitalizaciojahoz\/#primaryimage\"},\"image\":{\"@id\":\"https:\/\/l-mobile.com\/hu\/dokumentum\/tajekoztato-fuzet-5-lepes-a-raktarkezeles-digitalizaciojahoz\/#primaryimage\"},\"thumbnailUrl\":\"https:\/\/l-mobile.com\/wp-content\/uploads\/2025\/07\/Warehouse-Whitepaper_HU.jpg\",\"datePublished\":\"2024-07-09T09:28:56+00:00\",\"dateModified\":\"2024-08-27T09:44:01+00:00\",\"description\":\"5 l\u00e9p\u00e9s a rakt\u00e1rkezel\u00e9s digitaliz\u00e1ci\u00f3j\u00e1hoz \u2013 a rakt\u00e1ri logisztika hat\u00e9kony \u00e9s j\u00f6v\u0151biztos kialak\u00edt\u00e1sa mobil adatr\u00f6gz\u00edt\u00e9ssel.\",\"breadcrumb\":{\"@id\":\"https:\/\/l-mobile.com\/hu\/dokumentum\/tajekoztato-fuzet-5-lepes-a-raktarkezeles-digitalizaciojahoz\/#breadcrumb\"},\"inLanguage\":\"hu\",\"potentialAction\":[{\"@type\":\"ReadAction\",\"target\":[\"https:\/\/l-mobile.com\/hu\/dokumentum\/tajekoztato-fuzet-5-lepes-a-raktarkezeles-digitalizaciojahoz\/\"]}]},{\"@type\":\"ImageObject\",\"inLanguage\":\"hu\",\"@id\":\"https:\/\/l-mobile.com\/hu\/dokumentum\/tajekoztato-fuzet-5-lepes-a-raktarkezeles-digitalizaciojahoz\/#primaryimage\",\"url\":\"https:\/\/l-mobile.com\/wp-content\/uploads\/2025\/07\/Warehouse-Whitepaper_HU.jpg\",\"contentUrl\":\"https:\/\/l-mobile.com\/wp-content\/uploads\/2025\/07\/Warehouse-Whitepaper_HU.jpg\",\"width\":400,\"height\":600,\"caption\":\"Whitepaper: 5 Schritte zur Digitalisierung Ihrer Lagerverwaltung\"},{\"@type\":\"BreadcrumbList\",\"@id\":\"https:\/\/l-mobile.com\/hu\/dokumentum\/tajekoztato-fuzet-5-lepes-a-raktarkezeles-digitalizaciojahoz\/#breadcrumb\",\"itemListElement\":[{\"@type\":\"ListItem\",\"position\":1,\"name\":\"Startseite\",\"item\":\"https:\/\/l-mobile.com\/hu\/az-l-mobile-mobilla-teszi-az-uzleti-folyamatokat\/\"},{\"@type\":\"ListItem\",\"position\":2,\"name\":\"Hardware-Shop\",\"item\":\"https:\/\/l-mobile.com\/geschaeftsfelder\/technik\/\"},{\"@type\":\"ListItem\",\"position\":3,\"name\":\"T\u00e1j\u00e9koztat\u00f3 f\u00fczet: 5 l\u00e9p\u00e9s a rakt\u00e1rkezel\u00e9s digitaliz\u00e1ci\u00f3j\u00e1hoz\"}]},{\"@type\":\"WebSite\",\"@id\":\"https:\/\/l-mobile.com\/hu\/#website\",\"url\":\"https:\/\/l-mobile.com\/hu\/\",\"name\":\"L-mobile\",\"description\":\"Mobile Softwarel\u00f6sungen\",\"publisher\":{\"@id\":\"https:\/\/l-mobile.com\/hu\/#organization\"},\"potentialAction\":[{\"@type\":\"SearchAction\",\"target\":{\"@type\":\"EntryPoint\",\"urlTemplate\":\"https:\/\/l-mobile.com\/hu\/?s={search_term_string}\"},\"query-input\":{\"@type\":\"PropertyValueSpecification\",\"valueRequired\":true,\"valueName\":\"search_term_string\"}}],\"inLanguage\":\"hu\"},{\"@type\":\"Organization\",\"@id\":\"https:\/\/l-mobile.com\/hu\/#organization\",\"name\":\"L-mobile solutions\",\"url\":\"https:\/\/l-mobile.com\/hu\/\",\"logo\":{\"@type\":\"ImageObject\",\"inLanguage\":\"hu\",\"@id\":\"https:\/\/l-mobile.com\/hu\/#\/schema\/logo\/image\/\",\"url\":\"https:\/\/l-mobile.com\/wp-content\/uploads\/2018\/09\/l-mobile-logo-tab.jpg\",\"contentUrl\":\"https:\/\/l-mobile.com\/wp-content\/uploads\/2018\/09\/l-mobile-logo-tab.jpg\",\"width\":240,\"height\":240,\"caption\":\"L-mobile solutions\"},\"image\":{\"@id\":\"https:\/\/l-mobile.com\/hu\/#\/schema\/logo\/image\/\"},\"sameAs\":[\"https:\/\/www.facebook.com\/lmobilegroup\",\"https:\/\/www.instagram.com\/lmobile_group\/\",\"https:\/\/www.linkedin.com\/company\/1073859\/\",\"https:\/\/www.youtube.com\/user\/LmobileGroup\"]}]}<\/script>\n<!-- \/ Yoast SEO Premium plugin. -->","yoast_head_json":{"title":"T\u00e1j\u00e9koztat\u00f3 f\u00fczet: 5 l\u00e9p\u00e9s a rakt\u00e1rkezel\u00e9s digitaliz\u00e1ci\u00f3j\u00e1hoz - L-mobile","description":"5 l\u00e9p\u00e9s a rakt\u00e1rkezel\u00e9s digitaliz\u00e1ci\u00f3j\u00e1hoz \u2013 a rakt\u00e1ri logisztika hat\u00e9kony \u00e9s j\u00f6v\u0151biztos kialak\u00edt\u00e1sa mobil adatr\u00f6gz\u00edt\u00e9ssel.","robots":{"index":"noindex","follow":"nofollow"},"og_locale":"hu_HU","og_type":"article","og_title":"T\u00e1j\u00e9koztat\u00f3 f\u00fczet: 5 l\u00e9p\u00e9s a rakt\u00e1rkezel\u00e9s digitaliz\u00e1ci\u00f3j\u00e1hoz","og_url":"https:\/\/l-mobile.com\/hu\/dokumentum\/tajekoztato-fuzet-5-lepes-a-raktarkezeles-digitalizaciojahoz\/","og_site_name":"L-mobile","article_publisher":"https:\/\/www.facebook.com\/lmobilegroup","article_modified_time":"2024-08-27T09:44:01+00:00","og_image":[{"width":400,"height":600,"url":"https:\/\/l-mobile.com\/wp-content\/uploads\/2025\/07\/Warehouse-Whitepaper_HU.jpg","type":"image\/jpeg"}],"twitter_card":"summary_large_image","twitter_misc":{"Becs\u00fclt olvas\u00e1si id\u0151":"1 perc"},"schema":{"@context":"https:\/\/schema.org","@graph":[{"@type":"WebPage","@id":"https:\/\/l-mobile.com\/hu\/dokumentum\/tajekoztato-fuzet-5-lepes-a-raktarkezeles-digitalizaciojahoz\/","url":"https:\/\/l-mobile.com\/hu\/dokumentum\/tajekoztato-fuzet-5-lepes-a-raktarkezeles-digitalizaciojahoz\/","name":"T\u00e1j\u00e9koztat\u00f3 f\u00fczet: 5 l\u00e9p\u00e9s a rakt\u00e1rkezel\u00e9s digitaliz\u00e1ci\u00f3j\u00e1hoz - L-mobile","isPartOf":{"@id":"https:\/\/l-mobile.com\/hu\/#website"},"primaryImageOfPage":{"@id":"https:\/\/l-mobile.com\/hu\/dokumentum\/tajekoztato-fuzet-5-lepes-a-raktarkezeles-digitalizaciojahoz\/#primaryimage"},"image":{"@id":"https:\/\/l-mobile.com\/hu\/dokumentum\/tajekoztato-fuzet-5-lepes-a-raktarkezeles-digitalizaciojahoz\/#primaryimage"},"thumbnailUrl":"https:\/\/l-mobile.com\/wp-content\/uploads\/2025\/07\/Warehouse-Whitepaper_HU.jpg","datePublished":"2024-07-09T09:28:56+00:00","dateModified":"2024-08-27T09:44:01+00:00","description":"5 l\u00e9p\u00e9s a rakt\u00e1rkezel\u00e9s digitaliz\u00e1ci\u00f3j\u00e1hoz \u2013 a rakt\u00e1ri logisztika hat\u00e9kony \u00e9s j\u00f6v\u0151biztos kialak\u00edt\u00e1sa mobil adatr\u00f6gz\u00edt\u00e9ssel.","breadcrumb":{"@id":"https:\/\/l-mobile.com\/hu\/dokumentum\/tajekoztato-fuzet-5-lepes-a-raktarkezeles-digitalizaciojahoz\/#breadcrumb"},"inLanguage":"hu","potentialAction":[{"@type":"ReadAction","target":["https:\/\/l-mobile.com\/hu\/dokumentum\/tajekoztato-fuzet-5-lepes-a-raktarkezeles-digitalizaciojahoz\/"]}]},{"@type":"ImageObject","inLanguage":"hu","@id":"https:\/\/l-mobile.com\/hu\/dokumentum\/tajekoztato-fuzet-5-lepes-a-raktarkezeles-digitalizaciojahoz\/#primaryimage","url":"https:\/\/l-mobile.com\/wp-content\/uploads\/2025\/07\/Warehouse-Whitepaper_HU.jpg","contentUrl":"https:\/\/l-mobile.com\/wp-content\/uploads\/2025\/07\/Warehouse-Whitepaper_HU.jpg","width":400,"height":600,"caption":"Whitepaper: 5 Schritte zur Digitalisierung Ihrer Lagerverwaltung"},{"@type":"BreadcrumbList","@id":"https:\/\/l-mobile.com\/hu\/dokumentum\/tajekoztato-fuzet-5-lepes-a-raktarkezeles-digitalizaciojahoz\/#breadcrumb","itemListElement":[{"@type":"ListItem","position":1,"name":"Startseite","item":"https:\/\/l-mobile.com\/hu\/az-l-mobile-mobilla-teszi-az-uzleti-folyamatokat\/"},{"@type":"ListItem","position":2,"name":"Hardware-Shop","item":"https:\/\/l-mobile.com\/geschaeftsfelder\/technik\/"},{"@type":"ListItem","position":3,"name":"T\u00e1j\u00e9koztat\u00f3 f\u00fczet: 5 l\u00e9p\u00e9s a rakt\u00e1rkezel\u00e9s digitaliz\u00e1ci\u00f3j\u00e1hoz"}]},{"@type":"WebSite","@id":"https:\/\/l-mobile.com\/hu\/#website","url":"https:\/\/l-mobile.com\/hu\/","name":"L-mobile","description":"Mobile Softwarel\u00f6sungen","publisher":{"@id":"https:\/\/l-mobile.com\/hu\/#organization"},"potentialAction":[{"@type":"SearchAction","target":{"@type":"EntryPoint","urlTemplate":"https:\/\/l-mobile.com\/hu\/?s={search_term_string}"},"query-input":{"@type":"PropertyValueSpecification","valueRequired":true,"valueName":"search_term_string"}}],"inLanguage":"hu"},{"@type":"Organization","@id":"https:\/\/l-mobile.com\/hu\/#organization","name":"L-mobile solutions","url":"https:\/\/l-mobile.com\/hu\/","logo":{"@type":"ImageObject","inLanguage":"hu","@id":"https:\/\/l-mobile.com\/hu\/#\/schema\/logo\/image\/","url":"https:\/\/l-mobile.com\/wp-content\/uploads\/2018\/09\/l-mobile-logo-tab.jpg","contentUrl":"https:\/\/l-mobile.com\/wp-content\/uploads\/2018\/09\/l-mobile-logo-tab.jpg","width":240,"height":240,"caption":"L-mobile solutions"},"image":{"@id":"https:\/\/l-mobile.com\/hu\/#\/schema\/logo\/image\/"},"sameAs":["https:\/\/www.facebook.com\/lmobilegroup","https:\/\/www.instagram.com\/lmobile_group\/","https:\/\/www.linkedin.com\/company\/1073859\/","https:\/\/www.youtube.com\/user\/LmobileGroup"]}]}},"publishpress_future_workflow_manual_trigger":{"enabledWorkflows":[]},"_links":{"self":[{"href":"https:\/\/l-mobile.com\/hu\/wp-json\/wp\/v2\/product\/131580","targetHints":{"allow":["GET"]}}],"collection":[{"href":"https:\/\/l-mobile.com\/hu\/wp-json\/wp\/v2\/product"}],"about":[{"href":"https:\/\/l-mobile.com\/hu\/wp-json\/wp\/v2\/types\/product"}],"wp:featuredmedia":[{"embeddable":true,"href":"https:\/\/l-mobile.com\/hu\/wp-json\/wp\/v2\/media\/94419"}],"wp:attachment":[{"href":"https:\/\/l-mobile.com\/hu\/wp-json\/wp\/v2\/media?parent=131580"}],"wp:term":[{"taxonomy":"dokumente_formate","embeddable":true,"href":"https:\/\/l-mobile.com\/hu\/wp-json\/wp\/v2\/dokumente_formate?post=131580"},{"taxonomy":"dokumente_produkt","embeddable":true,"href":"https:\/\/l-mobile.com\/hu\/wp-json\/wp\/v2\/dokumente_produkt?post=131580"},{"taxonomy":"product_brand","embeddable":true,"href":"https:\/\/l-mobile.com\/hu\/wp-json\/wp\/v2\/product_brand?post=131580"},{"taxonomy":"product_cat","embeddable":true,"href":"https:\/\/l-mobile.com\/hu\/wp-json\/wp\/v2\/product_cat?post=131580"},{"taxonomy":"product_tag","embeddable":true,"href":"https:\/\/l-mobile.com\/hu\/wp-json\/wp\/v2\/product_tag?post=131580"}],"curies":[{"name":"wp","href":"https:\/\/api.w.org\/{rel}","templated":true}]}}