{"id":130618,"date":"2022-01-17T16:01:24","date_gmt":"2024-06-10T14:07:29","guid":{"rendered":"https:\/\/l-mobile.com\/?post_type=product&#038;p=130618"},"modified":"2025-01-17T15:32:47","modified_gmt":"2025-01-17T14:32:47","slug":"esettanulmany-l-mobile-service-rosenberger-hochfrequenztechnik-gmbh-co-kg","status":"publish","type":"product","link":"https:\/\/l-mobile.com\/hu\/dokumentum\/esettanulmany-l-mobile-service-rosenberger-hochfrequenztechnik-gmbh-co-kg\/","title":{"rendered":"Esettanulm\u00e1ny \u2013 L-mobile service \u2013 Rosenberger Hochfrequenztechnik GmbH &amp; Co. KG"},"content":{"rendered":"<div id='av_section_1'  class='avia-section av-2e1ay76-c80855f26f224ed57887eb40a8cedb58 main_color avia-section-default avia-no-border-styling  avia-builder-el-0  avia-builder-el-no-sibling  avia-bg-style-scroll container_wrap fullsize'  ><div class='container av-section-cont-open' ><main  role=\"main\" itemprop=\"mainContentOfPage\"  class='template-page content  av-content-full alpha units'><div class='post-entry post-entry-type-page post-entry-130618'><div class='entry-content-wrapper clearfix'>\n<div class='flex_column_table av-22knete-e435146051a9383d23250016772e2b85 sc-av_one_fourth av-equal-height-column-flextable'>\n<style type=\"text\/css\" data-created_by=\"avia_inline_auto\" id=\"style-css-av-22knete-e435146051a9383d23250016772e2b85\">\n.flex_column.av-22knete-e435146051a9383d23250016772e2b85{\nborder-radius:0px 0px 0px 0px;\npadding:0px 0px 0px 0px;\n}\n<\/style>\n<div  class='flex_column av-22knete-e435146051a9383d23250016772e2b85 av_one_fourth  avia-builder-el-1  el_before_av_three_fourth  avia-builder-el-first  lmwooimg first flex_column_table_cell av-equal-height-column av-align-top av-zero-column-padding  '     ><section  class='av_textblock_section av-kxhalowr-34866ccbe4c58c7dbecddaaaf51233c8 '   itemscope=\"itemscope\" itemtype=\"https:\/\/schema.org\/CreativeWork\" ><div class='avia_textblock'  itemprop=\"text\" >\n<\/div><\/section><\/div><div class='av-flex-placeholder'><\/div>\n<style type=\"text\/css\" data-created_by=\"avia_inline_auto\" id=\"style-css-av-1row6rm-3bcd14320daa195fa9532a17a7629026\">\n.flex_column.av-1row6rm-3bcd14320daa195fa9532a17a7629026{\nborder-radius:0px 0px 0px 0px;\npadding:0px 0px 0px 0px;\n}\n<\/style>\n<div  class='flex_column av-1row6rm-3bcd14320daa195fa9532a17a7629026 av_three_fourth  avia-builder-el-3  el_after_av_one_fourth  avia-builder-el-last  lmwoodesc lmwoocart lmh1 flex_column_table_cell av-equal-height-column av-align-top av-zero-column-padding  '     ><section  class='av_textblock_section av-kxhalowr-1-de16dd41de083880fd31866f8c8f2754 '   itemscope=\"itemscope\" itemtype=\"https:\/\/schema.org\/CreativeWork\" ><div class='avia_textblock'  itemprop=\"text\" ><h1>Esettanulm\u00e1ny \u2013 L-mobile service \u2013 Rosenberger Hochfrequenztechnik GmbH &amp; Co. KG<\/h1>\n<\/div><\/section><br \/>\n<section  class='av_textblock_section av-kxg4vsig-df41e7327709c2603aac936d1ef4ca97 '   itemscope=\"itemscope\" itemtype=\"https:\/\/schema.org\/CreativeWork\" ><div class='avia_textblock'  itemprop=\"text\" ><p>A v\u00e1llalat az\u00e9rt d\u00f6nt\u00f6tt az L-mobile service mobil szoftvermegold\u00e1sa mellett, hogy megk\u00f6nny\u00edtse a szerviztechnikusok munk\u00e1j\u00e1t a gy\u00e1rt\u00f3berendez\u00e9sek karbantart\u00e1sa tekintet\u00e9ben. A Proalpha rendszer z\u00f6kken\u0151mentes integr\u00e1ci\u00f3ja r\u00e9v\u00e9n nyomon k\u00f6vethet\u0151 a bels\u0151 szervizel\u00e9si megb\u00edz\u00e1sokkal kapcsolatos \u00f6sszes inform\u00e1ci\u00f3, \u00e9s ezek mindig rendelkez\u00e9sre \u00e1llnak az ERP-rendszerben. Az anal\u00f3g dokument\u00e1ci\u00f3 megsz\u00fcntet\u00e9s\u00e9nek tov\u00e1bbi el\u0151nye, hogy a gyakran id\u0151ig\u00e9nyes \u00e9s sok hibalehet\u0151s\u00e9get rejt\u0151 manu\u00e1lis ut\u00f3munka teljesen sz\u00fcks\u00e9gtelenn\u00e9 v\u00e1lt.<\/p>\n<\/div><\/section><br \/>\n<div  class='avia-button-wrap av-kxgchy2q-b614cae6b76ad791376b643a1e40026b-wrap avia-button-right  avia-builder-el-6  el_after_av_textblock  avia-builder-el-last  force-download'><a href='https:\/\/l-mobile.com\/wp-content\/uploads\/woocommerce_uploads\/2022\/01\/L-mobile-Referenzbericht_Rosenberger_2022-xyamqs.pdf'  class='avia-button av-kxgchy2q-b614cae6b76ad791376b643a1e40026b av-link-btn avia-icon_select-yes-left-icon avia-size-large avia-position-right avia-color-theme-color'   aria-label=\"Let\u00f6lt\u00e9s\"><span class='avia_button_icon avia_button_icon_left avia-iconfont avia-font-entypo-fontello' data-av_icon='\ue82d' data-av_iconfont='entypo-fontello' ><\/span><span class='avia_iconbox_title' >Let\u00f6lt\u00e9s<\/span><\/a><\/div><\/p><\/div><\/div><!--close column table wrapper. Autoclose: 1 -->\n","protected":false},"excerpt":{"rendered":"","protected":false},"featured_media":92037,"template":"","meta":{"_acf_changed":false,"content-type":""},"dokumente_formate":[3999],"dokumente_produkt":[3970],"product_brand":[],"product_cat":[2412],"product_tag":[],"class_list":{"0":"post-130618","1":"product","2":"type-product","3":"status-publish","4":"has-post-thumbnail","6":"dokumente_formate-esettanulmany","7":"dokumente_produkt-digitalis-szervizmenedzsment","8":"product_cat-dokumentum","10":"first","11":"instock","12":"downloadable","13":"virtual","14":"purchasable","15":"product-type-simple"},"acf":[],"yoast_head":"<!-- This site is optimized with the Yoast SEO Premium plugin v26.6 (Yoast SEO v26.6) - https:\/\/yoast.com\/wordpress\/plugins\/seo\/ -->\n<title>Esettanulm\u00e1ny \u2013 L-mobile service \u2013 Rosenberger Hochfrequenztechnik GmbH &amp; Co. KG - L-mobile<\/title>\n<meta name=\"description\" content=\"A v\u00e1llalat az\u00e9rt d\u00f6nt\u00f6tt az L-mobile service mobil szoftvermegold\u00e1sa mellett, hogy megk\u00f6nny\u00edtse a szerviztechnikusok munk\u00e1j\u00e1t.\" \/>\n<meta name=\"robots\" content=\"index, follow, max-snippet:-1, max-image-preview:large, max-video-preview:-1\" \/>\n<link rel=\"canonical\" href=\"https:\/\/l-mobile.com\/hu\/dokumentum\/esettanulmany-l-mobile-service-rosenberger-hochfrequenztechnik-gmbh-co-kg\/\" \/>\n<meta property=\"og:locale\" content=\"hu_HU\" \/>\n<meta property=\"og:type\" content=\"article\" \/>\n<meta property=\"og:title\" content=\"Esettanulm\u00e1ny \u2013 L-mobile service \u2013 Rosenberger Hochfrequenztechnik GmbH &amp; Co. KG\" \/>\n<meta property=\"og:url\" content=\"https:\/\/l-mobile.com\/hu\/dokumentum\/esettanulmany-l-mobile-service-rosenberger-hochfrequenztechnik-gmbh-co-kg\/\" \/>\n<meta property=\"og:site_name\" content=\"L-mobile\" \/>\n<meta property=\"article:publisher\" content=\"https:\/\/www.facebook.com\/lmobilegroup\" \/>\n<meta property=\"article:modified_time\" content=\"2025-01-17T14:32:47+00:00\" \/>\n<meta property=\"og:image\" content=\"https:\/\/l-mobile.com\/wp-content\/uploads\/2024\/06\/L-mobile-Esettanulmany_Rosenberger_2022-400x600px.jpg\" \/>\n\t<meta property=\"og:image:width\" content=\"400\" \/>\n\t<meta property=\"og:image:height\" content=\"600\" \/>\n\t<meta property=\"og:image:type\" content=\"image\/jpeg\" \/>\n<meta name=\"twitter:card\" content=\"summary_large_image\" \/>\n<meta name=\"twitter:label1\" content=\"Becs\u00fclt olvas\u00e1si id\u0151\" \/>\n\t<meta name=\"twitter:data1\" content=\"1 perc\" \/>\n<script type=\"application\/ld+json\" class=\"yoast-schema-graph\">{\"@context\":\"https:\/\/schema.org\",\"@graph\":[{\"@type\":\"WebPage\",\"@id\":\"https:\/\/l-mobile.com\/hu\/dokumentum\/esettanulmany-l-mobile-service-rosenberger-hochfrequenztechnik-gmbh-co-kg\/\",\"url\":\"https:\/\/l-mobile.com\/hu\/dokumentum\/esettanulmany-l-mobile-service-rosenberger-hochfrequenztechnik-gmbh-co-kg\/\",\"name\":\"Esettanulm\u00e1ny \u2013 L-mobile service \u2013 Rosenberger Hochfrequenztechnik GmbH &amp; Co. KG - L-mobile\",\"isPartOf\":{\"@id\":\"https:\/\/l-mobile.com\/hu\/#website\"},\"primaryImageOfPage\":{\"@id\":\"https:\/\/l-mobile.com\/hu\/dokumentum\/esettanulmany-l-mobile-service-rosenberger-hochfrequenztechnik-gmbh-co-kg\/#primaryimage\"},\"image\":{\"@id\":\"https:\/\/l-mobile.com\/hu\/dokumentum\/esettanulmany-l-mobile-service-rosenberger-hochfrequenztechnik-gmbh-co-kg\/#primaryimage\"},\"thumbnailUrl\":\"https:\/\/l-mobile.com\/wp-content\/uploads\/2024\/06\/L-mobile-Esettanulmany_Rosenberger_2022-400x600px.jpg\",\"datePublished\":\"2024-06-10T14:07:29+00:00\",\"dateModified\":\"2025-01-17T14:32:47+00:00\",\"description\":\"A v\u00e1llalat az\u00e9rt d\u00f6nt\u00f6tt az L-mobile service mobil szoftvermegold\u00e1sa mellett, hogy megk\u00f6nny\u00edtse a szerviztechnikusok munk\u00e1j\u00e1t.\",\"breadcrumb\":{\"@id\":\"https:\/\/l-mobile.com\/hu\/dokumentum\/esettanulmany-l-mobile-service-rosenberger-hochfrequenztechnik-gmbh-co-kg\/#breadcrumb\"},\"inLanguage\":\"hu\",\"potentialAction\":[{\"@type\":\"ReadAction\",\"target\":[\"https:\/\/l-mobile.com\/hu\/dokumentum\/esettanulmany-l-mobile-service-rosenberger-hochfrequenztechnik-gmbh-co-kg\/\"]}]},{\"@type\":\"ImageObject\",\"inLanguage\":\"hu\",\"@id\":\"https:\/\/l-mobile.com\/hu\/dokumentum\/esettanulmany-l-mobile-service-rosenberger-hochfrequenztechnik-gmbh-co-kg\/#primaryimage\",\"url\":\"https:\/\/l-mobile.com\/wp-content\/uploads\/2024\/06\/L-mobile-Esettanulmany_Rosenberger_2022-400x600px.jpg\",\"contentUrl\":\"https:\/\/l-mobile.com\/wp-content\/uploads\/2024\/06\/L-mobile-Esettanulmany_Rosenberger_2022-400x600px.jpg\",\"width\":400,\"height\":600,\"caption\":\"Referenzbericht \u2013 L-mobile service \u2013 Rosenberger Hochfrequenztechnik GmbH & Co. KG\"},{\"@type\":\"BreadcrumbList\",\"@id\":\"https:\/\/l-mobile.com\/hu\/dokumentum\/esettanulmany-l-mobile-service-rosenberger-hochfrequenztechnik-gmbh-co-kg\/#breadcrumb\",\"itemListElement\":[{\"@type\":\"ListItem\",\"position\":1,\"name\":\"Startseite\",\"item\":\"https:\/\/l-mobile.com\/hu\/az-l-mobile-mobilla-teszi-az-uzleti-folyamatokat\/\"},{\"@type\":\"ListItem\",\"position\":2,\"name\":\"Hardware-Shop\",\"item\":\"https:\/\/l-mobile.com\/geschaeftsfelder\/technik\/\"},{\"@type\":\"ListItem\",\"position\":3,\"name\":\"Esettanulm\u00e1ny \u2013 L-mobile service \u2013 Rosenberger Hochfrequenztechnik GmbH &amp; Co. KG\"}]},{\"@type\":\"WebSite\",\"@id\":\"https:\/\/l-mobile.com\/hu\/#website\",\"url\":\"https:\/\/l-mobile.com\/hu\/\",\"name\":\"L-mobile\",\"description\":\"Mobile Softwarel\u00f6sungen\",\"publisher\":{\"@id\":\"https:\/\/l-mobile.com\/hu\/#organization\"},\"potentialAction\":[{\"@type\":\"SearchAction\",\"target\":{\"@type\":\"EntryPoint\",\"urlTemplate\":\"https:\/\/l-mobile.com\/hu\/?s={search_term_string}\"},\"query-input\":{\"@type\":\"PropertyValueSpecification\",\"valueRequired\":true,\"valueName\":\"search_term_string\"}}],\"inLanguage\":\"hu\"},{\"@type\":\"Organization\",\"@id\":\"https:\/\/l-mobile.com\/hu\/#organization\",\"name\":\"L-mobile solutions\",\"url\":\"https:\/\/l-mobile.com\/hu\/\",\"logo\":{\"@type\":\"ImageObject\",\"inLanguage\":\"hu\",\"@id\":\"https:\/\/l-mobile.com\/hu\/#\/schema\/logo\/image\/\",\"url\":\"https:\/\/l-mobile.com\/wp-content\/uploads\/2018\/09\/l-mobile-logo-tab.jpg\",\"contentUrl\":\"https:\/\/l-mobile.com\/wp-content\/uploads\/2018\/09\/l-mobile-logo-tab.jpg\",\"width\":240,\"height\":240,\"caption\":\"L-mobile solutions\"},\"image\":{\"@id\":\"https:\/\/l-mobile.com\/hu\/#\/schema\/logo\/image\/\"},\"sameAs\":[\"https:\/\/www.facebook.com\/lmobilegroup\",\"https:\/\/www.instagram.com\/lmobile_group\/\",\"https:\/\/www.linkedin.com\/company\/1073859\/\",\"https:\/\/www.youtube.com\/user\/LmobileGroup\"]}]}<\/script>\n<!-- \/ Yoast SEO Premium plugin. -->","yoast_head_json":{"title":"Esettanulm\u00e1ny \u2013 L-mobile service \u2013 Rosenberger Hochfrequenztechnik GmbH &amp; Co. KG - L-mobile","description":"A v\u00e1llalat az\u00e9rt d\u00f6nt\u00f6tt az L-mobile service mobil szoftvermegold\u00e1sa mellett, hogy megk\u00f6nny\u00edtse a szerviztechnikusok munk\u00e1j\u00e1t.","robots":{"index":"index","follow":"follow","max-snippet":"max-snippet:-1","max-image-preview":"max-image-preview:large","max-video-preview":"max-video-preview:-1"},"canonical":"https:\/\/l-mobile.com\/hu\/dokumentum\/esettanulmany-l-mobile-service-rosenberger-hochfrequenztechnik-gmbh-co-kg\/","og_locale":"hu_HU","og_type":"article","og_title":"Esettanulm\u00e1ny \u2013 L-mobile service \u2013 Rosenberger Hochfrequenztechnik GmbH &amp; Co. KG","og_url":"https:\/\/l-mobile.com\/hu\/dokumentum\/esettanulmany-l-mobile-service-rosenberger-hochfrequenztechnik-gmbh-co-kg\/","og_site_name":"L-mobile","article_publisher":"https:\/\/www.facebook.com\/lmobilegroup","article_modified_time":"2025-01-17T14:32:47+00:00","og_image":[{"width":400,"height":600,"url":"https:\/\/l-mobile.com\/wp-content\/uploads\/2024\/06\/L-mobile-Esettanulmany_Rosenberger_2022-400x600px.jpg","type":"image\/jpeg"}],"twitter_card":"summary_large_image","twitter_misc":{"Becs\u00fclt olvas\u00e1si id\u0151":"1 perc"},"schema":{"@context":"https:\/\/schema.org","@graph":[{"@type":"WebPage","@id":"https:\/\/l-mobile.com\/hu\/dokumentum\/esettanulmany-l-mobile-service-rosenberger-hochfrequenztechnik-gmbh-co-kg\/","url":"https:\/\/l-mobile.com\/hu\/dokumentum\/esettanulmany-l-mobile-service-rosenberger-hochfrequenztechnik-gmbh-co-kg\/","name":"Esettanulm\u00e1ny \u2013 L-mobile service \u2013 Rosenberger Hochfrequenztechnik GmbH &amp; Co. KG - L-mobile","isPartOf":{"@id":"https:\/\/l-mobile.com\/hu\/#website"},"primaryImageOfPage":{"@id":"https:\/\/l-mobile.com\/hu\/dokumentum\/esettanulmany-l-mobile-service-rosenberger-hochfrequenztechnik-gmbh-co-kg\/#primaryimage"},"image":{"@id":"https:\/\/l-mobile.com\/hu\/dokumentum\/esettanulmany-l-mobile-service-rosenberger-hochfrequenztechnik-gmbh-co-kg\/#primaryimage"},"thumbnailUrl":"https:\/\/l-mobile.com\/wp-content\/uploads\/2024\/06\/L-mobile-Esettanulmany_Rosenberger_2022-400x600px.jpg","datePublished":"2024-06-10T14:07:29+00:00","dateModified":"2025-01-17T14:32:47+00:00","description":"A v\u00e1llalat az\u00e9rt d\u00f6nt\u00f6tt az L-mobile service mobil szoftvermegold\u00e1sa mellett, hogy megk\u00f6nny\u00edtse a szerviztechnikusok munk\u00e1j\u00e1t.","breadcrumb":{"@id":"https:\/\/l-mobile.com\/hu\/dokumentum\/esettanulmany-l-mobile-service-rosenberger-hochfrequenztechnik-gmbh-co-kg\/#breadcrumb"},"inLanguage":"hu","potentialAction":[{"@type":"ReadAction","target":["https:\/\/l-mobile.com\/hu\/dokumentum\/esettanulmany-l-mobile-service-rosenberger-hochfrequenztechnik-gmbh-co-kg\/"]}]},{"@type":"ImageObject","inLanguage":"hu","@id":"https:\/\/l-mobile.com\/hu\/dokumentum\/esettanulmany-l-mobile-service-rosenberger-hochfrequenztechnik-gmbh-co-kg\/#primaryimage","url":"https:\/\/l-mobile.com\/wp-content\/uploads\/2024\/06\/L-mobile-Esettanulmany_Rosenberger_2022-400x600px.jpg","contentUrl":"https:\/\/l-mobile.com\/wp-content\/uploads\/2024\/06\/L-mobile-Esettanulmany_Rosenberger_2022-400x600px.jpg","width":400,"height":600,"caption":"Referenzbericht \u2013 L-mobile service \u2013 Rosenberger Hochfrequenztechnik GmbH & Co. KG"},{"@type":"BreadcrumbList","@id":"https:\/\/l-mobile.com\/hu\/dokumentum\/esettanulmany-l-mobile-service-rosenberger-hochfrequenztechnik-gmbh-co-kg\/#breadcrumb","itemListElement":[{"@type":"ListItem","position":1,"name":"Startseite","item":"https:\/\/l-mobile.com\/hu\/az-l-mobile-mobilla-teszi-az-uzleti-folyamatokat\/"},{"@type":"ListItem","position":2,"name":"Hardware-Shop","item":"https:\/\/l-mobile.com\/geschaeftsfelder\/technik\/"},{"@type":"ListItem","position":3,"name":"Esettanulm\u00e1ny \u2013 L-mobile service \u2013 Rosenberger Hochfrequenztechnik GmbH &amp; Co. KG"}]},{"@type":"WebSite","@id":"https:\/\/l-mobile.com\/hu\/#website","url":"https:\/\/l-mobile.com\/hu\/","name":"L-mobile","description":"Mobile Softwarel\u00f6sungen","publisher":{"@id":"https:\/\/l-mobile.com\/hu\/#organization"},"potentialAction":[{"@type":"SearchAction","target":{"@type":"EntryPoint","urlTemplate":"https:\/\/l-mobile.com\/hu\/?s={search_term_string}"},"query-input":{"@type":"PropertyValueSpecification","valueRequired":true,"valueName":"search_term_string"}}],"inLanguage":"hu"},{"@type":"Organization","@id":"https:\/\/l-mobile.com\/hu\/#organization","name":"L-mobile solutions","url":"https:\/\/l-mobile.com\/hu\/","logo":{"@type":"ImageObject","inLanguage":"hu","@id":"https:\/\/l-mobile.com\/hu\/#\/schema\/logo\/image\/","url":"https:\/\/l-mobile.com\/wp-content\/uploads\/2018\/09\/l-mobile-logo-tab.jpg","contentUrl":"https:\/\/l-mobile.com\/wp-content\/uploads\/2018\/09\/l-mobile-logo-tab.jpg","width":240,"height":240,"caption":"L-mobile solutions"},"image":{"@id":"https:\/\/l-mobile.com\/hu\/#\/schema\/logo\/image\/"},"sameAs":["https:\/\/www.facebook.com\/lmobilegroup","https:\/\/www.instagram.com\/lmobile_group\/","https:\/\/www.linkedin.com\/company\/1073859\/","https:\/\/www.youtube.com\/user\/LmobileGroup"]}]}},"publishpress_future_workflow_manual_trigger":{"enabledWorkflows":[]},"_links":{"self":[{"href":"https:\/\/l-mobile.com\/hu\/wp-json\/wp\/v2\/product\/130618","targetHints":{"allow":["GET"]}}],"collection":[{"href":"https:\/\/l-mobile.com\/hu\/wp-json\/wp\/v2\/product"}],"about":[{"href":"https:\/\/l-mobile.com\/hu\/wp-json\/wp\/v2\/types\/product"}],"wp:featuredmedia":[{"embeddable":true,"href":"https:\/\/l-mobile.com\/hu\/wp-json\/wp\/v2\/media\/92037"}],"wp:attachment":[{"href":"https:\/\/l-mobile.com\/hu\/wp-json\/wp\/v2\/media?parent=130618"}],"wp:term":[{"taxonomy":"dokumente_formate","embeddable":true,"href":"https:\/\/l-mobile.com\/hu\/wp-json\/wp\/v2\/dokumente_formate?post=130618"},{"taxonomy":"dokumente_produkt","embeddable":true,"href":"https:\/\/l-mobile.com\/hu\/wp-json\/wp\/v2\/dokumente_produkt?post=130618"},{"taxonomy":"product_brand","embeddable":true,"href":"https:\/\/l-mobile.com\/hu\/wp-json\/wp\/v2\/product_brand?post=130618"},{"taxonomy":"product_cat","embeddable":true,"href":"https:\/\/l-mobile.com\/hu\/wp-json\/wp\/v2\/product_cat?post=130618"},{"taxonomy":"product_tag","embeddable":true,"href":"https:\/\/l-mobile.com\/hu\/wp-json\/wp\/v2\/product_tag?post=130618"}],"curies":[{"name":"wp","href":"https:\/\/api.w.org\/{rel}","templated":true}]}}