{"id":67000,"date":"2021-06-02T13:44:18","date_gmt":"2021-06-02T11:44:18","guid":{"rendered":"https:\/\/l-mobile.com\/?page_id=67000"},"modified":"2025-08-08T17:18:22","modified_gmt":"2025-08-08T15:18:22","slug":"ugyfelszolgalat","status":"publish","type":"page","link":"https:\/\/l-mobile.com\/hu\/ugyfelszolgalat\/","title":{"rendered":"\u00dcgyf\u00e9lszolg\u00e1lat"},"content":{"rendered":"<div id='av_section_1'  class='avia-section av-99h1b80-1b340d3c88704994c73371c5eada66e3 main_color avia-section-default avia-no-border-styling  avia-builder-el-0  el_before_av_section  avia-builder-el-first  avia-bg-style-scroll container_wrap fullsize'  ><div class='container av-section-cont-open' ><main  role=\"main\" itemprop=\"mainContentOfPage\"  class='template-page content  av-content-full alpha units'><div class='post-entry post-entry-type-page post-entry-67000'><div class='entry-content-wrapper clearfix'>\n\n<style type=\"text\/css\" data-created_by=\"avia_inline_auto\" id=\"style-css-av-8tyc55c-5692671d0feb1f4d47dbc371cb0f5b56\">\n.flex_column.av-8tyc55c-5692671d0feb1f4d47dbc371cb0f5b56{\nborder-radius:0px 0px 0px 0px;\npadding:0px 0px 0px 0px;\n}\n<\/style>\n<div  class='flex_column av-8tyc55c-5692671d0feb1f4d47dbc371cb0f5b56 av_one_full  avia-builder-el-1  avia-builder-el-no-sibling  lmsfsf first flex_column_div av-zero-column-padding  '     ><style type=\"text\/css\" data-created_by=\"avia_inline_auto\" id=\"style-css-av-8nhs89c-8a87033bf923dde948207ce73c453987\">\n#top .av-special-heading.av-8nhs89c-8a87033bf923dde948207ce73c453987{\npadding-bottom:10px;\n}\nbody .av-special-heading.av-8nhs89c-8a87033bf923dde948207ce73c453987 .av-special-heading-tag .heading-char{\nfont-size:25px;\n}\n.av-special-heading.av-8nhs89c-8a87033bf923dde948207ce73c453987 .av-subheading{\nfont-size:15px;\n}\n<\/style>\n<div  class='av-special-heading av-8nhs89c-8a87033bf923dde948207ce73c453987 av-special-heading-h1 blockquote modern-quote modern-centered  avia-builder-el-2  avia-builder-el-no-sibling  av-linked-heading'><h1 class='av-special-heading-tag '  itemprop=\"headline\"  >\u00dcdv\u00f6zli \u00d6nt \u00fcgyf\u00e9lszolg\u00e1lati csapatunk! K\u00e9szs\u00e9ggel \u00e1llunk rendelkez\u00e9s\u00e9re.<\/h1><div class='av-subheading av-subheading_below'><p>Technikai \u00fcgyf\u00e9lszolg\u00e1latunk v\u00e1laszol a technikai probl\u00e9m\u00e1kkal kapcsolatos k\u00e9rd\u00e9sekre, hibajelent\u00e9sekre, illetve a term\u00e9kfunkci\u00f3kr\u00f3l sz\u00f3l\u00f3 felhaszn\u00e1l\u00f3i k\u00e9rd\u00e9sekre<\/p>\n<\/div><div class=\"special-heading-border\"><div class=\"special-heading-inner-border\"><\/div><\/div><\/div><\/div>\n\n<\/div><\/div><\/main><!-- close content main element --><\/div><\/div><div id='av_section_2'  class='avia-section av-82i4v9s-ff72973a552c3ff6aa0762243ca6343c main_color avia-section-default avia-no-border-styling  avia-builder-el-3  el_after_av_section  avia-builder-el-last  avia-bg-style-scroll container_wrap fullsize'  ><div class='container av-section-cont-open' ><div class='template-page content  av-content-full alpha units'><div class='post-entry post-entry-type-page post-entry-67000'><div class='entry-content-wrapper clearfix'>\n<div class='flex_column_table av-7qukp9s-c90e177ad58015d8e3ce2c21f7c2110f sc-av_one_half av-break-at-tablet-flextable av-equal-height-column-flextable'>\n<style type=\"text\/css\" data-created_by=\"avia_inline_auto\" id=\"style-css-av-7qukp9s-c90e177ad58015d8e3ce2c21f7c2110f\">\n#top .flex_column_table.av-equal-height-column-flextable.av-7qukp9s-c90e177ad58015d8e3ce2c21f7c2110f{\nmargin-top:0px;\nmargin-bottom:0px;\n}\n.flex_column.av-7qukp9s-c90e177ad58015d8e3ce2c21f7c2110f{\nborder-radius:0px 0px 0px 0px;\npadding:0px 0px 0px 0px;\n}\n\n@media only screen and (min-width: 480px) and (max-width: 767px){ \n#top .flex_column_table.av-equal-height-column-flextable.av-7qukp9s-c90e177ad58015d8e3ce2c21f7c2110f{\nmargin-bottom:25px;\n}\n}\n\n@media only screen and (max-width: 479px){ \n#top .flex_column_table.av-equal-height-column-flextable.av-7qukp9s-c90e177ad58015d8e3ce2c21f7c2110f{\nmargin-bottom:25px;\n}\n.flex_column.av-7qukp9s-c90e177ad58015d8e3ce2c21f7c2110f{\npadding:0 0 50px 0;\n}\n}\n<\/style>\n<div  class='flex_column av-7qukp9s-c90e177ad58015d8e3ce2c21f7c2110f av_one_half  avia-builder-el-4  el_before_av_one_half  avia-builder-el-first  first av-break-at-tablet flex_column_table_cell av-equal-height-column av-align-top av-zero-column-padding  '     ><p>\n<style type=\"text\/css\" data-created_by=\"avia_inline_auto\" id=\"style-css-av-756ozyo-e8bfa093ee266f70c3e711dbb6900a02\">\n#top .av-special-heading.av-756ozyo-e8bfa093ee266f70c3e711dbb6900a02{\npadding-bottom:10px;\n}\nbody .av-special-heading.av-756ozyo-e8bfa093ee266f70c3e711dbb6900a02 .av-special-heading-tag .heading-char{\nfont-size:25px;\n}\n.av-special-heading.av-756ozyo-e8bfa093ee266f70c3e711dbb6900a02 .av-subheading{\nfont-size:15px;\n}\n<\/style>\n<div  class='av-special-heading av-756ozyo-e8bfa093ee266f70c3e711dbb6900a02 av-special-heading-h2 blockquote modern-quote modern-centered  avia-builder-el-5  el_before_av_hr  avia-builder-el-first  lmh2 av-linked-heading'><h2 class='av-special-heading-tag '  itemprop=\"headline\"  >\u00dcgyf\u00e9lszolg\u00e1lati port\u00e1l<\/h2><div class=\"special-heading-border\"><div class=\"special-heading-inner-border\"><\/div><\/div><\/div><br \/>\n\n<style type=\"text\/css\" data-created_by=\"avia_inline_auto\" id=\"style-css-av-6ssrbv4-f8b1e986bda60bad548aea1866edc595\">\n#top .hr.hr-invisible.av-6ssrbv4-f8b1e986bda60bad548aea1866edc595{\nheight:35px;\n}\n<\/style>\n<div  class='hr av-6ssrbv4-f8b1e986bda60bad548aea1866edc595 hr-invisible  avia-builder-el-6  el_after_av_heading  el_before_av_icon_box '><span class='hr-inner '><span class=\"hr-inner-style\"><\/span><\/span><\/div><br \/>\n\n<style type=\"text\/css\" data-created_by=\"avia_inline_auto\" id=\"style-css-av-65megpc-1b609b58e50561f80f369b746b5c94d9\">\n.iconbox.av-65megpc-1b609b58e50561f80f369b746b5c94d9 .iconbox_icon{\nbackground-color:#ffffff;\nborder:1px solid #0099d0;\ncolor:#0099d0;\n}\n.iconbox.av-65megpc-1b609b58e50561f80f369b746b5c94d9 .iconbox_icon.avia-svg-icon svg:first-child{\nfill:#0099d0;\nstroke:#0099d0;\n}\n<\/style>\n<article  class='iconbox iconbox_top av-65megpc-1b609b58e50561f80f369b746b5c94d9  avia-builder-el-7  el_after_av_hr  avia-builder-el-last  lmiblo main_color'  itemscope=\"itemscope\" itemtype=\"https:\/\/schema.org\/CreativeWork\" ><div class=\"iconbox_content\"><header class=\"entry-content-header\" aria-label=\"Icon: \u00dcgyf\u00e9lszolg\u00e1lat\"><div class='iconbox_icon heading-color avia-iconfont avia-font-flaticon_l-mobile_solutions_iconfont_2025' data-av_icon='\uf12a' data-av_iconfont='flaticon_l-mobile_solutions_iconfont_2025'  ><\/div><h3 class='iconbox_content_title '  itemprop=\"headline\" >\u00dcgyf\u00e9lszolg\u00e1lat<\/h3><\/header><div class='iconbox_content_container '  itemprop=\"text\" ><p>Nem regisztr\u00e1lt m\u00e9g \u00fcgyf\u00e9lk\u00e9nt az \u00faj \u00fcgyf\u00e9lszolg\u00e1lati port\u00e1lunkon? K\u00fcldje el regisztr\u00e1ci\u00f3s k\u00e9relm\u00e9t az <a href=\"mailto:support@l-mobile.atlassian.net?subject=Zugangsdaten Customer Support Portal\">\u00fcgyf\u00e9lszolg\u00e1lati regisztr\u00e1ci\u00f3s r\u00e9szleg\u00fcnknek<\/a>.<\/p>\n<p>Megkapta m\u00e1r hozz\u00e1f\u00e9r\u00e9si adatait az \u00fcgyf\u00e9lszolg\u00e1lati port\u00e1lunkhoz? Akkor az al\u00e1bbi linken jelentkezzen be S\u00fag\u00f3k\u00f6zpontunkba, \u00e9s hozza l\u00e9tre az \u00fcgyf\u00e9lszolg\u00e1lati jegy\u00e9t:<\/p>\n<p><div  class='avia-button-wrap av-5lk5ir4-995beb7e93ebe4b480d530d0db87fa98-wrap avia-button-right  avia-builder-el-8  el_before_av_hr  avia-builder-el-first '><a href='https:\/\/l-mobile.atlassian.net\/servicedesk\/customer\/portals'  class='avia-button av-5lk5ir4-995beb7e93ebe4b480d530d0db87fa98 av-link-btn avia-icon_select-yes-left-icon avia-size-medium avia-position-right avia-color-theme-color'  target=\"_blank\"  rel=\"noopener noreferrer\"  aria-label=\"\u00dcgyf\u00e9lszolg\u00e1lati port\u00e1l\"><span class='avia_button_icon avia_button_icon_left avia-iconfont avia-font-entypo-fontello' data-av_icon='\ue805' data-av_iconfont='entypo-fontello' ><\/span><span class='avia_iconbox_title' >\u00dcgyf\u00e9lszolg\u00e1lati port\u00e1l<\/span><\/a><\/div><br \/>\n\n<style type=\"text\/css\" data-created_by=\"avia_inline_auto\" id=\"style-css-av-5e58w9c-7c2076492f77077d8d6612833c7e86e4\">\n#top .hr.hr-invisible.av-5e58w9c-7c2076492f77077d8d6612833c7e86e4{\nheight:1px;\n}\n<\/style>\n<div  class='hr av-5e58w9c-7c2076492f77077d8d6612833c7e86e4 hr-invisible  avia-builder-el-9  el_after_av_button  avia-builder-el-last '><span class='hr-inner '><span class=\"hr-inner-style\"><\/span><\/span><\/div><\/p>\n<\/div><\/div><footer class=\"entry-footer\"><\/footer><\/article><\/p><\/div><div class='av-flex-placeholder'><\/div>\n<style type=\"text\/css\" data-created_by=\"avia_inline_auto\" id=\"style-css-av-4wkpz68-bae17aa3493466f603eb3c89d116f757\">\n#top .flex_column_table.av-equal-height-column-flextable.av-4wkpz68-bae17aa3493466f603eb3c89d116f757{\nmargin-top:0px;\nmargin-bottom:0px;\n}\n.flex_column.av-4wkpz68-bae17aa3493466f603eb3c89d116f757{\nborder-radius:0px 0px 0px 0px;\npadding:0px 0px 0px 0px;\n}\n\n@media only screen and (min-width: 480px) and (max-width: 767px){ \n#top .flex_column_table.av-equal-height-column-flextable.av-4wkpz68-bae17aa3493466f603eb3c89d116f757{\nmargin-bottom:25px;\n}\n}\n\n@media only screen and (max-width: 479px){ \n#top .flex_column_table.av-equal-height-column-flextable.av-4wkpz68-bae17aa3493466f603eb3c89d116f757{\nmargin-bottom:25px;\n}\n}\n<\/style>\n<div  class='flex_column av-4wkpz68-bae17aa3493466f603eb3c89d116f757 av_one_half  avia-builder-el-10  el_after_av_one_half  el_before_av_one_half  av-break-at-tablet flex_column_table_cell av-equal-height-column av-align-top av-zero-column-padding  '     ><p>\n<style type=\"text\/css\" data-created_by=\"avia_inline_auto\" id=\"style-css-av-4l4d5lc-9b54c1a0fdfa9d994f94ff0328ea7598\">\n#top .av-special-heading.av-4l4d5lc-9b54c1a0fdfa9d994f94ff0328ea7598{\npadding-bottom:10px;\n}\nbody .av-special-heading.av-4l4d5lc-9b54c1a0fdfa9d994f94ff0328ea7598 .av-special-heading-tag .heading-char{\nfont-size:25px;\n}\n.av-special-heading.av-4l4d5lc-9b54c1a0fdfa9d994f94ff0328ea7598 .av-subheading{\nfont-size:15px;\n}\n<\/style>\n<div  class='av-special-heading av-4l4d5lc-9b54c1a0fdfa9d994f94ff0328ea7598 av-special-heading-h2 blockquote modern-quote modern-centered  avia-builder-el-11  el_before_av_hr  avia-builder-el-first  lmh2 av-linked-heading'><h2 class='av-special-heading-tag '  itemprop=\"headline\"  >Telefonos \u00fcgyf\u00e9lszolg\u00e1lat<\/h2><div class=\"special-heading-border\"><div class=\"special-heading-inner-border\"><\/div><\/div><\/div><br \/>\n\n<style type=\"text\/css\" data-created_by=\"avia_inline_auto\" id=\"style-css-av-42aev1s-4b0fa01f3c70850b2c3fdd400b329adb\">\n#top .hr.hr-invisible.av-42aev1s-4b0fa01f3c70850b2c3fdd400b329adb{\nheight:35px;\n}\n<\/style>\n<div  class='hr av-42aev1s-4b0fa01f3c70850b2c3fdd400b329adb hr-invisible  avia-builder-el-12  el_after_av_heading  el_before_av_icon_box '><span class='hr-inner '><span class=\"hr-inner-style\"><\/span><\/span><\/div><br \/>\n\n<style type=\"text\/css\" data-created_by=\"avia_inline_auto\" id=\"style-css-av-3cf2hg0-c904f06911f24e7fd30ba332737f13a2\">\n.iconbox.av-3cf2hg0-c904f06911f24e7fd30ba332737f13a2 .iconbox_icon{\nbackground-color:#ffffff;\nborder:1px solid #0099d0;\ncolor:#0099d0;\n}\n.iconbox.av-3cf2hg0-c904f06911f24e7fd30ba332737f13a2 .iconbox_icon.avia-svg-icon svg:first-child{\nfill:#0099d0;\nstroke:#0099d0;\n}\n<\/style>\n<article  class='iconbox iconbox_top av-3cf2hg0-c904f06911f24e7fd30ba332737f13a2  avia-builder-el-13  el_after_av_hr  avia-builder-el-last  main_color'  itemscope=\"itemscope\" itemtype=\"https:\/\/schema.org\/CreativeWork\" ><div class=\"iconbox_content\"><header class=\"entry-content-header\" aria-label=\"Icon: \u00dcgyf\u00e9lszolg\u00e1lat\"><div class='iconbox_icon heading-color avia-iconfont avia-font-entypo-fontello' data-av_icon='\ue83c' data-av_iconfont='entypo-fontello'  ><\/div><h3 class='iconbox_content_title '  itemprop=\"headline\" >\u00dcgyf\u00e9lszolg\u00e1lat<\/h3><\/header><div class='iconbox_content_container '  itemprop=\"text\" ><p>Telefonon szeretne seg\u00edts\u00e9get k\u00e9rni?<br \/>\n<strong><a href=\"tel:+36205662453\">+36 20 566-2453<\/a><\/strong><\/p>\n<p>H\u00e9tf\u0151t\u0151l p\u00e9ntekig<\/p>\n<p>8:00 \u00e9s 12:00 \u00f3ra k\u00f6z\u00f6tt<br \/>\n13:00 \u00e9s 17:00 \u00f3ra k\u00f6z\u00f6tt<\/p>\n\n<style type=\"text\/css\" data-created_by=\"avia_inline_auto\" id=\"style-css-av-32lppww-bdc21926cf08d5e445be2c2e14e0de12\">\n#top .hr.hr-invisible.av-32lppww-bdc21926cf08d5e445be2c2e14e0de12{\nheight:10px;\n}\n<\/style>\n<div  class='hr av-32lppww-bdc21926cf08d5e445be2c2e14e0de12 hr-invisible  avia-builder-el-14  avia-builder-el-no-sibling '><span class='hr-inner '><span class=\"hr-inner-style\"><\/span><\/span><\/div>\n<\/div><\/div><footer class=\"entry-footer\"><\/footer><\/article><\/p><\/div><\/div><!--close column table wrapper. Autoclose: 1 --><div  class='flex_column av-2pg3e6o-ae3f00a176601b3ec18eb77015112bfd av_one_half  avia-builder-el-15  el_after_av_one_half  el_before_av_one_half  first av-break-at-tablet flex_column_div  column-top-margin'     ><\/div><div  class='flex_column av-7s3ej4-73a79eb5297a5890a89f1ae418e0082c av_one_half  avia-builder-el-16  el_after_av_one_half  el_before_av_hr  av-break-at-tablet flex_column_div  column-top-margin'     ><style type=\"text\/css\" data-created_by=\"avia_inline_auto\" id=\"style-css-av-1pfyq8g-3f780fb36bd9a5bf41bc3105bdfd2242\">\n.av_promobox.av-1pfyq8g-3f780fb36bd9a5bf41bc3105bdfd2242{\ncolor:#565656;\nbackground-color:#fffffff;\n}\n<\/style>\n<div  class='av_promobox av-1pfyq8g-3f780fb36bd9a5bf41bc3105bdfd2242 avia-button-yes  avia-builder-el-17  avia-builder-el-no-sibling  lmibpb'><div class='avia-promocontent'><p>\n\n<style type=\"text\/css\" data-created_by=\"avia_inline_auto\" id=\"style-css-av-1ch4qsw-31b19e353fe6931fe1b2c7bbc49e9ff0\">\n.av_font_icon.av-1ch4qsw-31b19e353fe6931fe1b2c7bbc49e9ff0{\ncolor:#009acd;\nborder-color:#009acd;\n}\n.avia-svg-icon.av-1ch4qsw-31b19e353fe6931fe1b2c7bbc49e9ff0 svg:first-child{\nstroke:#009acd;\nfill:#009acd;\n}\n.av_font_icon.av-1ch4qsw-31b19e353fe6931fe1b2c7bbc49e9ff0 .av-icon-char{\nfont-size:20px;\nline-height:20px;\nwidth:20px;\n}\n<\/style>\n<span  class='av_font_icon av-1ch4qsw-31b19e353fe6931fe1b2c7bbc49e9ff0 avia_animate_when_visible av-icon-style-border avia-icon-pos-left avia-iconfont avia-font-entypo-fontello avia-icon-animate'><span class='av-icon-char' data-av_icon='\ue81c' data-av_iconfont='entypo-fontello' aria-hidden=\"true\" ><\/span><\/span> Ha az \u00e1rszab\u00e1ssal vagy a term\u00e9kekkel kapcsolatos \u00e1ltal\u00e1nos k\u00e9rd\u00e9se van, itt megtal\u00e1lja a megfelel\u0151 \u0171rlapot hozz\u00e1.<\/p>\n<\/div><div  class='avia-button-wrap av-1pfyq8g-5b7829fdb539810803ca4f06521c65cb-wrap avia-button-right  lmibpb'><a href='https:\/\/l-mobile.com\/hu\/interaktiv-hu\/kapcsolat\/'  class='avia-button av-1pfyq8g-5b7829fdb539810803ca4f06521c65cb av-link-btn avia-icon_select-no avia-size-large avia-position-right avia-color-theme-color'   aria-label=\"Kapcsolat\"><span class='avia_iconbox_title' >Kapcsolat<\/span><\/a><\/div><\/div><\/div>\n<style type=\"text\/css\" data-created_by=\"avia_inline_auto\" id=\"style-css-av-j9ky5s-b416c2c95267eefee622a94def72cb58\">\n#top .hr.hr-invisible.av-j9ky5s-b416c2c95267eefee622a94def72cb58{\nheight:50px;\n}\n<\/style>\n<div  class='hr av-j9ky5s-b416c2c95267eefee622a94def72cb58 hr-invisible  avia-builder-el-19  el_after_av_one_half  avia-builder-el-last '><span class='hr-inner '><span class=\"hr-inner-style\"><\/span><\/span><\/div>\n\n","protected":false},"excerpt":{"rendered":"<p>Technikai k\u00e9rd\u00e9sei vannak a term\u00e9keinkr\u0151l, vagy t\u00e1mogat\u00e1sra van sz\u00fcks\u00e9ge szoftvereink haszn\u00e1lat\u00e1hoz \u00e9s kezel\u00e9s\u00e9hez?<\/p>\n","protected":false},"author":2,"featured_media":0,"parent":0,"menu_order":0,"comment_status":"closed","ping_status":"closed","template":"","meta":{"_acf_changed":false,"content-type":"","footnotes":""},"funktion_hauptseite":[],"funktion_paket":[],"hr_abteilung":[],"software_spezifikation":[],"class_list":["post-67000","page","type-page","status-publish","hentry"],"acf":[],"yoast_head":"<!-- This site is optimized with the Yoast SEO Premium plugin v26.6 (Yoast SEO v26.6) - https:\/\/yoast.com\/wordpress\/plugins\/seo\/ -->\n<title>\u00dcgyf\u00e9lszolg\u00e1lat - L-mobile<\/title>\n<meta name=\"description\" content=\"Technikai k\u00e9rd\u00e9sei vannak a term\u00e9keinkr\u0151l, vagy t\u00e1mogat\u00e1sra van sz\u00fcks\u00e9ge szoftvereink haszn\u00e1lat\u00e1hoz \u00e9s kezel\u00e9s\u00e9hez?\" \/>\n<meta name=\"robots\" content=\"index, follow, max-snippet:-1, max-image-preview:large, max-video-preview:-1\" \/>\n<link rel=\"canonical\" href=\"https:\/\/l-mobile.com\/hu\/ugyfelszolgalat\/\" \/>\n<meta property=\"og:locale\" content=\"hu_HU\" \/>\n<meta property=\"og:type\" content=\"article\" \/>\n<meta property=\"og:title\" content=\"\u00dcgyf\u00e9lszolg\u00e1lat\" \/>\n<meta property=\"og:description\" content=\"Technikai k\u00e9rd\u00e9sei vannak a term\u00e9keinkr\u0151l, vagy t\u00e1mogat\u00e1sra van sz\u00fcks\u00e9ge szoftvereink haszn\u00e1lat\u00e1hoz \u00e9s kezel\u00e9s\u00e9hez?\" \/>\n<meta property=\"og:url\" content=\"https:\/\/l-mobile.com\/hu\/ugyfelszolgalat\/\" \/>\n<meta property=\"og:site_name\" content=\"L-mobile\" \/>\n<meta property=\"article:publisher\" content=\"https:\/\/www.facebook.com\/lmobilegroup\" \/>\n<meta property=\"article:modified_time\" content=\"2025-08-08T15:18:22+00:00\" \/>\n<meta name=\"twitter:card\" content=\"summary_large_image\" \/>\n<meta name=\"twitter:label1\" content=\"Becs\u00fclt olvas\u00e1si id\u0151\" \/>\n\t<meta name=\"twitter:data1\" content=\"1 perc\" \/>\n<script type=\"application\/ld+json\" class=\"yoast-schema-graph\">{\"@context\":\"https:\/\/schema.org\",\"@graph\":[{\"@type\":\"WebPage\",\"@id\":\"https:\/\/l-mobile.com\/hu\/ugyfelszolgalat\/\",\"url\":\"https:\/\/l-mobile.com\/hu\/ugyfelszolgalat\/\",\"name\":\"\u00dcgyf\u00e9lszolg\u00e1lat - L-mobile\",\"isPartOf\":{\"@id\":\"https:\/\/l-mobile.com\/hu\/#website\"},\"datePublished\":\"2021-06-02T11:44:18+00:00\",\"dateModified\":\"2025-08-08T15:18:22+00:00\",\"description\":\"Technikai k\u00e9rd\u00e9sei vannak a term\u00e9keinkr\u0151l, vagy t\u00e1mogat\u00e1sra van sz\u00fcks\u00e9ge szoftvereink haszn\u00e1lat\u00e1hoz \u00e9s kezel\u00e9s\u00e9hez?\",\"breadcrumb\":{\"@id\":\"https:\/\/l-mobile.com\/hu\/ugyfelszolgalat\/#breadcrumb\"},\"inLanguage\":\"hu\",\"potentialAction\":[{\"@type\":\"ReadAction\",\"target\":[\"https:\/\/l-mobile.com\/hu\/ugyfelszolgalat\/\"]}]},{\"@type\":\"BreadcrumbList\",\"@id\":\"https:\/\/l-mobile.com\/hu\/ugyfelszolgalat\/#breadcrumb\",\"itemListElement\":[{\"@type\":\"ListItem\",\"position\":1,\"name\":\"Startseite\",\"item\":\"https:\/\/l-mobile.com\/hu\/az-l-mobile-mobilla-teszi-az-uzleti-folyamatokat\/\"},{\"@type\":\"ListItem\",\"position\":2,\"name\":\"\u00dcgyf\u00e9lszolg\u00e1lat\"}]},{\"@type\":\"WebSite\",\"@id\":\"https:\/\/l-mobile.com\/hu\/#website\",\"url\":\"https:\/\/l-mobile.com\/hu\/\",\"name\":\"L-mobile\",\"description\":\"Mobile Softwarel\u00f6sungen\",\"publisher\":{\"@id\":\"https:\/\/l-mobile.com\/hu\/#organization\"},\"potentialAction\":[{\"@type\":\"SearchAction\",\"target\":{\"@type\":\"EntryPoint\",\"urlTemplate\":\"https:\/\/l-mobile.com\/hu\/?s={search_term_string}\"},\"query-input\":{\"@type\":\"PropertyValueSpecification\",\"valueRequired\":true,\"valueName\":\"search_term_string\"}}],\"inLanguage\":\"hu\"},{\"@type\":\"Organization\",\"@id\":\"https:\/\/l-mobile.com\/hu\/#organization\",\"name\":\"L-mobile solutions\",\"url\":\"https:\/\/l-mobile.com\/hu\/\",\"logo\":{\"@type\":\"ImageObject\",\"inLanguage\":\"hu\",\"@id\":\"https:\/\/l-mobile.com\/hu\/#\/schema\/logo\/image\/\",\"url\":\"https:\/\/l-mobile.com\/wp-content\/uploads\/2018\/09\/l-mobile-logo-tab.jpg\",\"contentUrl\":\"https:\/\/l-mobile.com\/wp-content\/uploads\/2018\/09\/l-mobile-logo-tab.jpg\",\"width\":240,\"height\":240,\"caption\":\"L-mobile solutions\"},\"image\":{\"@id\":\"https:\/\/l-mobile.com\/hu\/#\/schema\/logo\/image\/\"},\"sameAs\":[\"https:\/\/www.facebook.com\/lmobilegroup\",\"https:\/\/www.instagram.com\/lmobile_group\/\",\"https:\/\/www.linkedin.com\/company\/1073859\/\",\"https:\/\/www.youtube.com\/user\/LmobileGroup\"]}]}<\/script>\n<!-- \/ Yoast SEO Premium plugin. -->","yoast_head_json":{"title":"\u00dcgyf\u00e9lszolg\u00e1lat - L-mobile","description":"Technikai k\u00e9rd\u00e9sei vannak a term\u00e9keinkr\u0151l, vagy t\u00e1mogat\u00e1sra van sz\u00fcks\u00e9ge szoftvereink haszn\u00e1lat\u00e1hoz \u00e9s kezel\u00e9s\u00e9hez?","robots":{"index":"index","follow":"follow","max-snippet":"max-snippet:-1","max-image-preview":"max-image-preview:large","max-video-preview":"max-video-preview:-1"},"canonical":"https:\/\/l-mobile.com\/hu\/ugyfelszolgalat\/","og_locale":"hu_HU","og_type":"article","og_title":"\u00dcgyf\u00e9lszolg\u00e1lat","og_description":"Technikai k\u00e9rd\u00e9sei vannak a term\u00e9keinkr\u0151l, vagy t\u00e1mogat\u00e1sra van sz\u00fcks\u00e9ge szoftvereink haszn\u00e1lat\u00e1hoz \u00e9s kezel\u00e9s\u00e9hez?","og_url":"https:\/\/l-mobile.com\/hu\/ugyfelszolgalat\/","og_site_name":"L-mobile","article_publisher":"https:\/\/www.facebook.com\/lmobilegroup","article_modified_time":"2025-08-08T15:18:22+00:00","twitter_card":"summary_large_image","twitter_misc":{"Becs\u00fclt olvas\u00e1si id\u0151":"1 perc"},"schema":{"@context":"https:\/\/schema.org","@graph":[{"@type":"WebPage","@id":"https:\/\/l-mobile.com\/hu\/ugyfelszolgalat\/","url":"https:\/\/l-mobile.com\/hu\/ugyfelszolgalat\/","name":"\u00dcgyf\u00e9lszolg\u00e1lat - L-mobile","isPartOf":{"@id":"https:\/\/l-mobile.com\/hu\/#website"},"datePublished":"2021-06-02T11:44:18+00:00","dateModified":"2025-08-08T15:18:22+00:00","description":"Technikai k\u00e9rd\u00e9sei vannak a term\u00e9keinkr\u0151l, vagy t\u00e1mogat\u00e1sra van sz\u00fcks\u00e9ge szoftvereink haszn\u00e1lat\u00e1hoz \u00e9s kezel\u00e9s\u00e9hez?","breadcrumb":{"@id":"https:\/\/l-mobile.com\/hu\/ugyfelszolgalat\/#breadcrumb"},"inLanguage":"hu","potentialAction":[{"@type":"ReadAction","target":["https:\/\/l-mobile.com\/hu\/ugyfelszolgalat\/"]}]},{"@type":"BreadcrumbList","@id":"https:\/\/l-mobile.com\/hu\/ugyfelszolgalat\/#breadcrumb","itemListElement":[{"@type":"ListItem","position":1,"name":"Startseite","item":"https:\/\/l-mobile.com\/hu\/az-l-mobile-mobilla-teszi-az-uzleti-folyamatokat\/"},{"@type":"ListItem","position":2,"name":"\u00dcgyf\u00e9lszolg\u00e1lat"}]},{"@type":"WebSite","@id":"https:\/\/l-mobile.com\/hu\/#website","url":"https:\/\/l-mobile.com\/hu\/","name":"L-mobile","description":"Mobile Softwarel\u00f6sungen","publisher":{"@id":"https:\/\/l-mobile.com\/hu\/#organization"},"potentialAction":[{"@type":"SearchAction","target":{"@type":"EntryPoint","urlTemplate":"https:\/\/l-mobile.com\/hu\/?s={search_term_string}"},"query-input":{"@type":"PropertyValueSpecification","valueRequired":true,"valueName":"search_term_string"}}],"inLanguage":"hu"},{"@type":"Organization","@id":"https:\/\/l-mobile.com\/hu\/#organization","name":"L-mobile solutions","url":"https:\/\/l-mobile.com\/hu\/","logo":{"@type":"ImageObject","inLanguage":"hu","@id":"https:\/\/l-mobile.com\/hu\/#\/schema\/logo\/image\/","url":"https:\/\/l-mobile.com\/wp-content\/uploads\/2018\/09\/l-mobile-logo-tab.jpg","contentUrl":"https:\/\/l-mobile.com\/wp-content\/uploads\/2018\/09\/l-mobile-logo-tab.jpg","width":240,"height":240,"caption":"L-mobile solutions"},"image":{"@id":"https:\/\/l-mobile.com\/hu\/#\/schema\/logo\/image\/"},"sameAs":["https:\/\/www.facebook.com\/lmobilegroup","https:\/\/www.instagram.com\/lmobile_group\/","https:\/\/www.linkedin.com\/company\/1073859\/","https:\/\/www.youtube.com\/user\/LmobileGroup"]}]}},"publishpress_future_workflow_manual_trigger":{"enabledWorkflows":[]},"_links":{"self":[{"href":"https:\/\/l-mobile.com\/hu\/wp-json\/wp\/v2\/pages\/67000","targetHints":{"allow":["GET"]}}],"collection":[{"href":"https:\/\/l-mobile.com\/hu\/wp-json\/wp\/v2\/pages"}],"about":[{"href":"https:\/\/l-mobile.com\/hu\/wp-json\/wp\/v2\/types\/page"}],"author":[{"embeddable":true,"href":"https:\/\/l-mobile.com\/hu\/wp-json\/wp\/v2\/users\/2"}],"replies":[{"embeddable":true,"href":"https:\/\/l-mobile.com\/hu\/wp-json\/wp\/v2\/comments?post=67000"}],"version-history":[{"count":10,"href":"https:\/\/l-mobile.com\/hu\/wp-json\/wp\/v2\/pages\/67000\/revisions"}],"predecessor-version":[{"id":142681,"href":"https:\/\/l-mobile.com\/hu\/wp-json\/wp\/v2\/pages\/67000\/revisions\/142681"}],"wp:attachment":[{"href":"https:\/\/l-mobile.com\/hu\/wp-json\/wp\/v2\/media?parent=67000"}],"wp:term":[{"taxonomy":"funktion_hauptseite","embeddable":true,"href":"https:\/\/l-mobile.com\/hu\/wp-json\/wp\/v2\/funktion_hauptseite?post=67000"},{"taxonomy":"funktion_paket","embeddable":true,"href":"https:\/\/l-mobile.com\/hu\/wp-json\/wp\/v2\/funktion_paket?post=67000"},{"taxonomy":"hr_abteilung","embeddable":true,"href":"https:\/\/l-mobile.com\/hu\/wp-json\/wp\/v2\/hr_abteilung?post=67000"},{"taxonomy":"software_spezifikation","embeddable":true,"href":"https:\/\/l-mobile.com\/hu\/wp-json\/wp\/v2\/software_spezifikation?post=67000"}],"curies":[{"name":"wp","href":"https:\/\/api.w.org\/{rel}","templated":true}]}}