{"id":95472,"date":"2022-01-14T08:43:21","date_gmt":"2022-05-30T09:07:24","guid":{"rendered":"https:\/\/l-mobile.com\/?post_type=product&#038;p=95472"},"modified":"2023-03-01T16:40:52","modified_gmt":"2023-03-01T15:40:52","slug":"communique-reference-l-mobile-service-deutsche-windtechnik","status":"publish","type":"product","link":"https:\/\/l-mobile.com\/fr\/document\/communique-reference-l-mobile-service-deutsche-windtechnik\/","title":{"rendered":"R\u00e9f\u00e9rence L-mobile \u2014 L-mobile service \u2014 Deutsche Windtechnik"},"content":{"rendered":"<div id='av_section_1'  class='avia-section av-2e1ay76-c80855f26f224ed57887eb40a8cedb58 main_color avia-section-default avia-no-border-styling  avia-builder-el-0  avia-builder-el-no-sibling  avia-bg-style-scroll container_wrap fullsize'  ><div class='container av-section-cont-open' ><main  role=\"main\" itemprop=\"mainContentOfPage\"  class='template-page content  av-content-full alpha units'><div class='post-entry post-entry-type-page post-entry-95472'><div class='entry-content-wrapper clearfix'>\n<div class='flex_column_table av-22knete-e435146051a9383d23250016772e2b85 sc-av_one_fourth av-equal-height-column-flextable'>\n<style type=\"text\/css\" data-created_by=\"avia_inline_auto\" id=\"style-css-av-22knete-e435146051a9383d23250016772e2b85\">\n.flex_column.av-22knete-e435146051a9383d23250016772e2b85{\nborder-radius:0px 0px 0px 0px;\npadding:0px 0px 0px 0px;\n}\n<\/style>\n<div  class='flex_column av-22knete-e435146051a9383d23250016772e2b85 av_one_fourth  avia-builder-el-1  el_before_av_three_fourth  avia-builder-el-first  lmwooimg first flex_column_table_cell av-equal-height-column av-align-top av-zero-column-padding  '     ><section  class='av_textblock_section av-kxhalowr-34866ccbe4c58c7dbecddaaaf51233c8 '   itemscope=\"itemscope\" itemtype=\"https:\/\/schema.org\/CreativeWork\" ><div class='avia_textblock'  itemprop=\"text\" >\n<\/div><\/section><\/div><div class='av-flex-placeholder'><\/div>\n<style type=\"text\/css\" data-created_by=\"avia_inline_auto\" id=\"style-css-av-1row6rm-3bcd14320daa195fa9532a17a7629026\">\n.flex_column.av-1row6rm-3bcd14320daa195fa9532a17a7629026{\nborder-radius:0px 0px 0px 0px;\npadding:0px 0px 0px 0px;\n}\n<\/style>\n<div  class='flex_column av-1row6rm-3bcd14320daa195fa9532a17a7629026 av_three_fourth  avia-builder-el-3  el_after_av_one_fourth  avia-builder-el-last  lmwoodesc lmwoocart lmh1 flex_column_table_cell av-equal-height-column av-align-top av-zero-column-padding  '     ><section  class='av_textblock_section av-kxhalowr-34866ccbe4c58c7dbecddaaaf51233c8 '   itemscope=\"itemscope\" itemtype=\"https:\/\/schema.org\/CreativeWork\" ><div class='avia_textblock'  itemprop=\"text\" ><h1>R\u00e9f\u00e9rence L-mobile \u2014 L-mobile service \u2014 Deutsche Windtechnik<\/h1>\n<\/div><\/section><br \/>\n<section  class='av_textblock_section av-kxg4vsig-247a031789ff4d00b0bb74c5b7103f18 '   itemscope=\"itemscope\" itemtype=\"https:\/\/schema.org\/CreativeWork\" ><div class='avia_textblock'  itemprop=\"text\" ><p>Depuis plus de dix ans, la soci\u00e9t\u00e9 Deutsche Windtechnik Offshore und Consulting GmbH est active dans le secteur offshore \u00e0 l&#8217;international. Forte de son exp\u00e9rience dans le domaine des parcs \u00e9oliens, l&#8217;entreprise est parfaitement \u00e0 m\u00eame de fournir une gamme compl\u00e8te de services pour intervenir des pales jusqu&#8217;\u00e0 la tour, en passant par le raccord de transition, sans oublier la fondation, l&#8217;inspection sous-marine, le poste de transformation et autres constructions.<\/p>\n<p>L-mobile service a permis \u00e0 Deutsche Windtechnik d&#8217;assurer un processus de service en continu gr\u00e2ce \u00e0 l&#8217;informatisation des donn\u00e9es, sans discontinuit\u00e9 de support.<\/p>\n<\/div><\/section><br \/>\n<div  class='avia-button-wrap av-kxgchy2q-2580a361b8b10b251319d6282becbd28-wrap avia-button-right  avia-builder-el-6  el_after_av_textblock  avia-builder-el-last  force-download'><a href='https:\/\/l-mobile.com\/wp-content\/uploads\/2023\/03\/L-mobile_Rapport_de_reference_Deutsche-Windtechnik.pdf'  class='avia-button av-kxgchy2q-2580a361b8b10b251319d6282becbd28 av-link-btn avia-icon_select-yes-left-icon avia-size-large avia-position-right avia-color-theme-color'   aria-label=\"T\u00e9l\u00e9charger\"><span class='avia_button_icon avia_button_icon_left avia-iconfont avia-font-entypo-fontello' data-av_icon='\ue82d' data-av_iconfont='entypo-fontello' ><\/span><span class='avia_iconbox_title' >T\u00e9l\u00e9charger<\/span><\/a><\/div><\/p><\/div><\/div><!--close column table wrapper. Autoclose: 1 -->\n","protected":false},"excerpt":{"rendered":"","protected":false},"featured_media":90930,"template":"","meta":{"_acf_changed":false,"content-type":""},"dokumente_formate":[4000],"dokumente_produkt":[3971],"product_brand":[],"product_cat":[2527],"product_tag":[],"class_list":{"0":"post-95472","1":"product","2":"type-product","3":"status-publish","4":"has-post-thumbnail","6":"dokumente_formate-rapport-de-reference","7":"dokumente_produkt-gestion-numerique-des-services","8":"product_cat-document","10":"first","11":"instock","12":"downloadable","13":"virtual","14":"purchasable","15":"product-type-simple"},"acf":[],"yoast_head":"<!-- This site is optimized with the Yoast SEO Premium plugin v26.6 (Yoast SEO v26.6) - https:\/\/yoast.com\/wordpress\/plugins\/seo\/ -->\n<title>R\u00e9f\u00e9rence L-mobile \u2014 L-mobile service \u2014 Deutsche Windtechnik - L-mobile<\/title>\n<meta name=\"description\" content=\"L-mobile service a permis \u00e0 Deutsche Windtechnik d&#039;assurer un processus de service en continu gr\u00e2ce \u00e0 l&#039;informatisation des donn\u00e9es, sans discontinuit\u00e9 de support.\" \/>\n<meta name=\"robots\" content=\"index, follow, max-snippet:-1, max-image-preview:large, max-video-preview:-1\" \/>\n<link rel=\"canonical\" href=\"https:\/\/l-mobile.com\/fr\/document\/communique-reference-l-mobile-service-deutsche-windtechnik\/\" \/>\n<meta property=\"og:locale\" content=\"fr_FR\" \/>\n<meta property=\"og:type\" content=\"article\" \/>\n<meta property=\"og:title\" content=\"R\u00e9f\u00e9rence L-mobile \u2014 L-mobile service \u2014 Deutsche Windtechnik\" \/>\n<meta property=\"og:url\" content=\"https:\/\/l-mobile.com\/fr\/document\/communique-reference-l-mobile-service-deutsche-windtechnik\/\" \/>\n<meta property=\"og:site_name\" content=\"L-mobile\" \/>\n<meta property=\"article:publisher\" content=\"https:\/\/www.facebook.com\/lmobilegroup\" \/>\n<meta property=\"article:modified_time\" content=\"2023-03-01T15:40:52+00:00\" \/>\n<meta property=\"og:image\" content=\"https:\/\/l-mobile.com\/wp-content\/uploads\/2023\/03\/L-mobile_Rapport_de_reference_Deutsche-Windtechnik.jpg\" \/>\n\t<meta property=\"og:image:width\" content=\"400\" \/>\n\t<meta property=\"og:image:height\" content=\"600\" \/>\n\t<meta property=\"og:image:type\" content=\"image\/jpeg\" \/>\n<meta name=\"twitter:card\" content=\"summary_large_image\" \/>\n<meta name=\"twitter:label1\" content=\"Dur\u00e9e de lecture estim\u00e9e\" \/>\n\t<meta name=\"twitter:data1\" content=\"4 minutes\" \/>\n<script type=\"application\/ld+json\" class=\"yoast-schema-graph\">{\"@context\":\"https:\/\/schema.org\",\"@graph\":[{\"@type\":\"WebPage\",\"@id\":\"https:\/\/l-mobile.com\/fr\/document\/communique-reference-l-mobile-service-deutsche-windtechnik\/\",\"url\":\"https:\/\/l-mobile.com\/fr\/document\/communique-reference-l-mobile-service-deutsche-windtechnik\/\",\"name\":\"R\u00e9f\u00e9rence L-mobile \u2014 L-mobile service \u2014 Deutsche Windtechnik - L-mobile\",\"isPartOf\":{\"@id\":\"https:\/\/l-mobile.com\/fr\/#website\"},\"primaryImageOfPage\":{\"@id\":\"https:\/\/l-mobile.com\/fr\/document\/communique-reference-l-mobile-service-deutsche-windtechnik\/#primaryimage\"},\"image\":{\"@id\":\"https:\/\/l-mobile.com\/fr\/document\/communique-reference-l-mobile-service-deutsche-windtechnik\/#primaryimage\"},\"thumbnailUrl\":\"https:\/\/l-mobile.com\/wp-content\/uploads\/2023\/03\/L-mobile_Rapport_de_reference_Deutsche-Windtechnik.jpg\",\"datePublished\":\"2022-05-30T09:07:24+00:00\",\"dateModified\":\"2023-03-01T15:40:52+00:00\",\"description\":\"L-mobile service a permis \u00e0 Deutsche Windtechnik d'assurer un processus de service en continu gr\u00e2ce \u00e0 l'informatisation des donn\u00e9es, sans discontinuit\u00e9 de support.\",\"breadcrumb\":{\"@id\":\"https:\/\/l-mobile.com\/fr\/document\/communique-reference-l-mobile-service-deutsche-windtechnik\/#breadcrumb\"},\"inLanguage\":\"fr-FR\",\"potentialAction\":[{\"@type\":\"ReadAction\",\"target\":[\"https:\/\/l-mobile.com\/fr\/document\/communique-reference-l-mobile-service-deutsche-windtechnik\/\"]}]},{\"@type\":\"ImageObject\",\"inLanguage\":\"fr-FR\",\"@id\":\"https:\/\/l-mobile.com\/fr\/document\/communique-reference-l-mobile-service-deutsche-windtechnik\/#primaryimage\",\"url\":\"https:\/\/l-mobile.com\/wp-content\/uploads\/2023\/03\/L-mobile_Rapport_de_reference_Deutsche-Windtechnik.jpg\",\"contentUrl\":\"https:\/\/l-mobile.com\/wp-content\/uploads\/2023\/03\/L-mobile_Rapport_de_reference_Deutsche-Windtechnik.jpg\",\"width\":400,\"height\":600,\"caption\":\"R\u00e9f\u00e9rence L-mobile \u2014 L-mobile service \u2014 Deutsche Windtechnik\"},{\"@type\":\"BreadcrumbList\",\"@id\":\"https:\/\/l-mobile.com\/fr\/document\/communique-reference-l-mobile-service-deutsche-windtechnik\/#breadcrumb\",\"itemListElement\":[{\"@type\":\"ListItem\",\"position\":1,\"name\":\"Startseite\",\"item\":\"https:\/\/l-mobile.com\/fr\/l-mobile-rend-processus-metier-mobiles\/\"},{\"@type\":\"ListItem\",\"position\":2,\"name\":\"Hardware-Shop\",\"item\":\"https:\/\/l-mobile.com\/geschaeftsfelder\/technik\/\"},{\"@type\":\"ListItem\",\"position\":3,\"name\":\"R\u00e9f\u00e9rence L-mobile \u2014 L-mobile service \u2014 Deutsche Windtechnik\"}]},{\"@type\":\"WebSite\",\"@id\":\"https:\/\/l-mobile.com\/fr\/#website\",\"url\":\"https:\/\/l-mobile.com\/fr\/\",\"name\":\"L-mobile\",\"description\":\"Mobile Softwarel\u00f6sungen\",\"publisher\":{\"@id\":\"https:\/\/l-mobile.com\/fr\/#organization\"},\"potentialAction\":[{\"@type\":\"SearchAction\",\"target\":{\"@type\":\"EntryPoint\",\"urlTemplate\":\"https:\/\/l-mobile.com\/fr\/?s={search_term_string}\"},\"query-input\":{\"@type\":\"PropertyValueSpecification\",\"valueRequired\":true,\"valueName\":\"search_term_string\"}}],\"inLanguage\":\"fr-FR\"},{\"@type\":\"Organization\",\"@id\":\"https:\/\/l-mobile.com\/fr\/#organization\",\"name\":\"L-mobile solutions\",\"url\":\"https:\/\/l-mobile.com\/fr\/\",\"logo\":{\"@type\":\"ImageObject\",\"inLanguage\":\"fr-FR\",\"@id\":\"https:\/\/l-mobile.com\/fr\/#\/schema\/logo\/image\/\",\"url\":\"https:\/\/l-mobile.com\/wp-content\/uploads\/2018\/09\/l-mobile-logo-tab.jpg\",\"contentUrl\":\"https:\/\/l-mobile.com\/wp-content\/uploads\/2018\/09\/l-mobile-logo-tab.jpg\",\"width\":240,\"height\":240,\"caption\":\"L-mobile solutions\"},\"image\":{\"@id\":\"https:\/\/l-mobile.com\/fr\/#\/schema\/logo\/image\/\"},\"sameAs\":[\"https:\/\/www.facebook.com\/lmobilegroup\",\"https:\/\/www.instagram.com\/lmobile_group\/\",\"https:\/\/www.linkedin.com\/company\/1073859\/\",\"https:\/\/www.youtube.com\/user\/LmobileGroup\"]}]}<\/script>\n<!-- \/ Yoast SEO Premium plugin. -->","yoast_head_json":{"title":"R\u00e9f\u00e9rence L-mobile \u2014 L-mobile service \u2014 Deutsche Windtechnik - L-mobile","description":"L-mobile service a permis \u00e0 Deutsche Windtechnik d'assurer un processus de service en continu gr\u00e2ce \u00e0 l'informatisation des donn\u00e9es, sans discontinuit\u00e9 de support.","robots":{"index":"index","follow":"follow","max-snippet":"max-snippet:-1","max-image-preview":"max-image-preview:large","max-video-preview":"max-video-preview:-1"},"canonical":"https:\/\/l-mobile.com\/fr\/document\/communique-reference-l-mobile-service-deutsche-windtechnik\/","og_locale":"fr_FR","og_type":"article","og_title":"R\u00e9f\u00e9rence L-mobile \u2014 L-mobile service \u2014 Deutsche Windtechnik","og_url":"https:\/\/l-mobile.com\/fr\/document\/communique-reference-l-mobile-service-deutsche-windtechnik\/","og_site_name":"L-mobile","article_publisher":"https:\/\/www.facebook.com\/lmobilegroup","article_modified_time":"2023-03-01T15:40:52+00:00","og_image":[{"width":400,"height":600,"url":"https:\/\/l-mobile.com\/wp-content\/uploads\/2023\/03\/L-mobile_Rapport_de_reference_Deutsche-Windtechnik.jpg","type":"image\/jpeg"}],"twitter_card":"summary_large_image","twitter_misc":{"Dur\u00e9e de lecture estim\u00e9e":"4 minutes"},"schema":{"@context":"https:\/\/schema.org","@graph":[{"@type":"WebPage","@id":"https:\/\/l-mobile.com\/fr\/document\/communique-reference-l-mobile-service-deutsche-windtechnik\/","url":"https:\/\/l-mobile.com\/fr\/document\/communique-reference-l-mobile-service-deutsche-windtechnik\/","name":"R\u00e9f\u00e9rence L-mobile \u2014 L-mobile service \u2014 Deutsche Windtechnik - L-mobile","isPartOf":{"@id":"https:\/\/l-mobile.com\/fr\/#website"},"primaryImageOfPage":{"@id":"https:\/\/l-mobile.com\/fr\/document\/communique-reference-l-mobile-service-deutsche-windtechnik\/#primaryimage"},"image":{"@id":"https:\/\/l-mobile.com\/fr\/document\/communique-reference-l-mobile-service-deutsche-windtechnik\/#primaryimage"},"thumbnailUrl":"https:\/\/l-mobile.com\/wp-content\/uploads\/2023\/03\/L-mobile_Rapport_de_reference_Deutsche-Windtechnik.jpg","datePublished":"2022-05-30T09:07:24+00:00","dateModified":"2023-03-01T15:40:52+00:00","description":"L-mobile service a permis \u00e0 Deutsche Windtechnik d'assurer un processus de service en continu gr\u00e2ce \u00e0 l'informatisation des donn\u00e9es, sans discontinuit\u00e9 de support.","breadcrumb":{"@id":"https:\/\/l-mobile.com\/fr\/document\/communique-reference-l-mobile-service-deutsche-windtechnik\/#breadcrumb"},"inLanguage":"fr-FR","potentialAction":[{"@type":"ReadAction","target":["https:\/\/l-mobile.com\/fr\/document\/communique-reference-l-mobile-service-deutsche-windtechnik\/"]}]},{"@type":"ImageObject","inLanguage":"fr-FR","@id":"https:\/\/l-mobile.com\/fr\/document\/communique-reference-l-mobile-service-deutsche-windtechnik\/#primaryimage","url":"https:\/\/l-mobile.com\/wp-content\/uploads\/2023\/03\/L-mobile_Rapport_de_reference_Deutsche-Windtechnik.jpg","contentUrl":"https:\/\/l-mobile.com\/wp-content\/uploads\/2023\/03\/L-mobile_Rapport_de_reference_Deutsche-Windtechnik.jpg","width":400,"height":600,"caption":"R\u00e9f\u00e9rence L-mobile \u2014 L-mobile service \u2014 Deutsche Windtechnik"},{"@type":"BreadcrumbList","@id":"https:\/\/l-mobile.com\/fr\/document\/communique-reference-l-mobile-service-deutsche-windtechnik\/#breadcrumb","itemListElement":[{"@type":"ListItem","position":1,"name":"Startseite","item":"https:\/\/l-mobile.com\/fr\/l-mobile-rend-processus-metier-mobiles\/"},{"@type":"ListItem","position":2,"name":"Hardware-Shop","item":"https:\/\/l-mobile.com\/geschaeftsfelder\/technik\/"},{"@type":"ListItem","position":3,"name":"R\u00e9f\u00e9rence L-mobile \u2014 L-mobile service \u2014 Deutsche Windtechnik"}]},{"@type":"WebSite","@id":"https:\/\/l-mobile.com\/fr\/#website","url":"https:\/\/l-mobile.com\/fr\/","name":"L-mobile","description":"Mobile Softwarel\u00f6sungen","publisher":{"@id":"https:\/\/l-mobile.com\/fr\/#organization"},"potentialAction":[{"@type":"SearchAction","target":{"@type":"EntryPoint","urlTemplate":"https:\/\/l-mobile.com\/fr\/?s={search_term_string}"},"query-input":{"@type":"PropertyValueSpecification","valueRequired":true,"valueName":"search_term_string"}}],"inLanguage":"fr-FR"},{"@type":"Organization","@id":"https:\/\/l-mobile.com\/fr\/#organization","name":"L-mobile solutions","url":"https:\/\/l-mobile.com\/fr\/","logo":{"@type":"ImageObject","inLanguage":"fr-FR","@id":"https:\/\/l-mobile.com\/fr\/#\/schema\/logo\/image\/","url":"https:\/\/l-mobile.com\/wp-content\/uploads\/2018\/09\/l-mobile-logo-tab.jpg","contentUrl":"https:\/\/l-mobile.com\/wp-content\/uploads\/2018\/09\/l-mobile-logo-tab.jpg","width":240,"height":240,"caption":"L-mobile solutions"},"image":{"@id":"https:\/\/l-mobile.com\/fr\/#\/schema\/logo\/image\/"},"sameAs":["https:\/\/www.facebook.com\/lmobilegroup","https:\/\/www.instagram.com\/lmobile_group\/","https:\/\/www.linkedin.com\/company\/1073859\/","https:\/\/www.youtube.com\/user\/LmobileGroup"]}]}},"publishpress_future_workflow_manual_trigger":{"enabledWorkflows":[]},"_links":{"self":[{"href":"https:\/\/l-mobile.com\/fr\/wp-json\/wp\/v2\/product\/95472","targetHints":{"allow":["GET"]}}],"collection":[{"href":"https:\/\/l-mobile.com\/fr\/wp-json\/wp\/v2\/product"}],"about":[{"href":"https:\/\/l-mobile.com\/fr\/wp-json\/wp\/v2\/types\/product"}],"wp:featuredmedia":[{"embeddable":true,"href":"https:\/\/l-mobile.com\/fr\/wp-json\/wp\/v2\/media\/90930"}],"wp:attachment":[{"href":"https:\/\/l-mobile.com\/fr\/wp-json\/wp\/v2\/media?parent=95472"}],"wp:term":[{"taxonomy":"dokumente_formate","embeddable":true,"href":"https:\/\/l-mobile.com\/fr\/wp-json\/wp\/v2\/dokumente_formate?post=95472"},{"taxonomy":"dokumente_produkt","embeddable":true,"href":"https:\/\/l-mobile.com\/fr\/wp-json\/wp\/v2\/dokumente_produkt?post=95472"},{"taxonomy":"product_brand","embeddable":true,"href":"https:\/\/l-mobile.com\/fr\/wp-json\/wp\/v2\/product_brand?post=95472"},{"taxonomy":"product_cat","embeddable":true,"href":"https:\/\/l-mobile.com\/fr\/wp-json\/wp\/v2\/product_cat?post=95472"},{"taxonomy":"product_tag","embeddable":true,"href":"https:\/\/l-mobile.com\/fr\/wp-json\/wp\/v2\/product_tag?post=95472"}],"curies":[{"name":"wp","href":"https:\/\/api.w.org\/{rel}","templated":true}]}}