{"id":160854,"date":"2026-02-11T15:52:31","date_gmt":"2026-02-11T14:52:31","guid":{"rendered":"https:\/\/l-mobile.com\/?post_type=product&#038;p=160854"},"modified":"2026-04-29T11:15:53","modified_gmt":"2026-04-29T09:15:53","slug":"livre-blanc-garants-du-retour-sur-investissement-dans-la-fabrication-3-cas-d-utilisation-phares-des-etiquettes-electroniques","status":"publish","type":"product","link":"https:\/\/l-mobile.com\/fr\/document\/livre-blanc-garants-du-retour-sur-investissement-dans-la-fabrication-3-cas-d-utilisation-phares-des-etiquettes-electroniques\/","title":{"rendered":"Livre blanc &#8211; Les garants du retour sur investissement dans le secteur de la fabrication\u00a0: 3\u00a0cas d\u2019utilisation phares des \u00e9tiquettes \u00e9lectroniques"},"content":{"rendered":"<div id='av_section_1'  class='avia-section av-136n4nuw-d55d08d37924d90e9fcfc631ac4f6df5 main_color avia-section-default avia-no-border-styling  avia-builder-el-0  avia-builder-el-no-sibling  avia-bg-style-scroll container_wrap fullsize'  ><div class='container av-section-cont-open' ><main  role=\"main\" itemprop=\"mainContentOfPage\"  class='template-page content  av-content-full alpha units'><div class='post-entry post-entry-type-page post-entry-160854'><div class='entry-content-wrapper clearfix'>\n<div class='flex_column_table av-x4y7w20-9de8591867a7762df0edd4e380f5c18b sc-av_one_fourth av-equal-height-column-flextable'>\n<style type=\"text\/css\" data-created_by=\"avia_inline_auto\" id=\"style-css-av-x4y7w20-9de8591867a7762df0edd4e380f5c18b\">\n.flex_column.av-x4y7w20-9de8591867a7762df0edd4e380f5c18b{\nborder-radius:0px 0px 0px 0px;\npadding:0px 0px 0px 0px;\n}\n<\/style>\n<div  class='flex_column av-x4y7w20-9de8591867a7762df0edd4e380f5c18b av_one_fourth  avia-builder-el-1  el_before_av_three_fourth  avia-builder-el-first  lmwooimg first flex_column_table_cell av-equal-height-column av-align-top av-zero-column-padding  '     ><section  class='av_textblock_section av-se10z0o-5cfd34ce348cfdc46bd62f07e3e00216 '   itemscope=\"itemscope\" itemtype=\"https:\/\/schema.org\/CreativeWork\" ><div class='avia_textblock'  itemprop=\"text\" >\n<\/div><\/section><\/div><div class='av-flex-placeholder'><\/div>\n<style type=\"text\/css\" data-created_by=\"avia_inline_auto\" id=\"style-css-av-ppsjlvs-8a6d814c5f8163552208d7260a521761\">\n.flex_column.av-ppsjlvs-8a6d814c5f8163552208d7260a521761{\nborder-radius:0px 0px 0px 0px;\npadding:0px 0px 0px 0px;\n}\n<\/style>\n<div  class='flex_column av-ppsjlvs-8a6d814c5f8163552208d7260a521761 av_three_fourth  avia-builder-el-3  el_after_av_one_fourth  avia-builder-el-last  lmwoodesc lmwoocart lmh1 flex_column_table_cell av-equal-height-column av-align-top av-zero-column-padding  '     ><section  class='av_textblock_section av-lrsntvs-451f08906069519915ca10ab6436b24f '   itemscope=\"itemscope\" itemtype=\"https:\/\/schema.org\/CreativeWork\" ><div class='avia_textblock'  itemprop=\"text\" ><h1>Livre blanc &#8211; Les garants du retour sur investissement dans le secteur de la fabrication\u00a0: 3\u00a0cas d\u2019utilisation phares des \u00e9tiquettes \u00e9lectroniques<\/h1>\n<\/div><\/section><br \/>\n<section  class='av_textblock_section av-ml6pg3n4-0a328da5db6d1cf137c075c5f6701430 '   itemscope=\"itemscope\" itemtype=\"https:\/\/schema.org\/CreativeWork\" ><div class='avia_textblock'  itemprop=\"text\" ><p>Mettez fin au chaos papier dans la fabrication\u00a0! Les recherches chronophages, les informations obsol\u00e8tes et les processus manuels ralentissent vos op\u00e9rations et engendrent des co\u00fbts inutiles. Les \u00e9tiquettes \u00e9lectroniques intelligentes constituent la cl\u00e9 de l\u2019optimisation, mais par o\u00f9 commencer pour obtenir un retour sur investissement rapide et mesurable\u00a0?<\/p>\n<p>Ce livre blanc vous pr\u00e9sente trois cas d\u2019application concrets dont la mise en \u0153uvre s\u2019av\u00e8re particuli\u00e8rement rentable. D\u00e9couvrez comment la gestion num\u00e9rique de vos processus de fabrication et de vos flux de mat\u00e9riaux vous permet d\u2019assurer une visibilit\u00e9 maximale, d\u2019accro\u00eetre la r\u00e9activit\u00e9 de votre production et d\u2019am\u00e9liorer durablement la s\u00e9curit\u00e9 de vos processus.<\/p>\n<\/div><\/section><br \/>\n\n<style type=\"text\/css\" data-created_by=\"avia_inline_auto\" id=\"style-css-av-hydp4g8-2563567031edabec73b306aad2a1bcbc\">\n.avia_message_box.av-hydp4g8-2563567031edabec73b306aad2a1bcbc{\ncolor:#ffffff;\nbackground-color:#0099d0;\nbackground:linear-gradient( to right, #0099d0, #005f7f );\nborder-style:none;\nborder-color:#ffffff;\n}\n.avia_message_box.av-hydp4g8-2563567031edabec73b306aad2a1bcbc .avia_message_box_icon.avia-svg-icon svg:first-child{\nfill:#ffffff;\nstroke:#ffffff;\n}\n<\/style>\n<div id='avia-messagebox-' class='avia_message_box av_notification av-hydp4g8-2563567031edabec73b306aad2a1bcbc avia-color-gradient avia-size-large avia-icon_select-yes avia-border-  avia-builder-el-6  el_after_av_textblock  el_before_av_textblock ' ><div class=\"avia_message_box_content\"><span class='avia_message_box_icon avia-iconfont avia-font-entypo-fontello' data-av_icon='\ue82d' data-av_iconfont='entypo-fontello' ><\/span><p>Profitez des 25 ann\u00e9es d\u2019exp\u00e9rience de L-mobile et demandez notre livre blanc d\u00e8s maintenant\u00a0!<\/p>\n<\/div><\/div><br \/>\n<section  class='av_textblock_section av-aohconc-7e09da2d833f6a928595268ebc71f836 '   itemscope=\"itemscope\" itemtype=\"https:\/\/schema.org\/CreativeWork\" ><div class='avia_textblock'  itemprop=\"text\" >\n\t\t\t\t\t\t<script>\n\t\t\t\t\t\t\twindow.hsFormsOnReady = window.hsFormsOnReady || [];\n\t\t\t\t\t\t\twindow.hsFormsOnReady.push(()=>{\n\t\t\t\t\t\t\t\thbspt.forms.create({\n\t\t\t\t\t\t\t\t\tportalId: 26475206,\n\t\t\t\t\t\t\t\t\tformId: \"2b311f77-8be2-4852-ae5b-2fa619d4c583\",\n\t\t\t\t\t\t\t\t\ttarget: \"#hbspt-form-1778335753000-2207042084\",\n\t\t\t\t\t\t\t\t\tregion: \"eu1\",\n\t\t\t\t\t\t\t\t\t\n\t\t\t\t\t\t\t})});\n\t\t\t\t\t\t<\/script>\n\t\t\t\t\t\t<div class=\"hbspt-form\" id=\"hbspt-form-1778335753000-2207042084\"><\/div>\n<\/div><\/section><br \/>\n<section  class='av_textblock_section av-782y4aw-fc82984866fcc4bcd30bf372a1758ca7 '   itemscope=\"itemscope\" itemtype=\"https:\/\/schema.org\/CreativeWork\" ><div class='avia_textblock'  itemprop=\"text\" ><p><a href=\"https:\/\/l-mobile.com\/fr\/ressources-et-contact\/centre-de-telechargement\/livre-blancs\/\">Retour vers l\u2019aper\u00e7u du livre blanc<\/a><\/p>\n<\/div><\/section><\/p><\/div><\/div><!--close column table wrapper. Autoclose: 1 -->\n","protected":false},"excerpt":{"rendered":"","protected":false},"featured_media":156895,"template":"","meta":{"_acf_changed":false,"content-type":""},"dokumente_formate":[4774],"dokumente_produkt":[4067],"product_brand":[],"product_cat":[2527],"product_tag":[],"class_list":{"0":"post-160854","1":"product","2":"type-product","3":"status-publish","4":"has-post-thumbnail","6":"dokumente_formate-livre-blanc","7":"dokumente_produkt-production-digitale","8":"product_cat-document","10":"first","11":"instock","12":"downloadable","13":"virtual","14":"product-type-simple"},"acf":[],"yoast_head":"<!-- This site is optimized with the Yoast SEO Premium plugin v26.6 (Yoast SEO v26.6) - https:\/\/yoast.com\/wordpress\/plugins\/seo\/ -->\n<title>Livre blanc - Les garants du retour sur investissement dans le secteur de la fabrication\u00a0: 3\u00a0cas d\u2019utilisation phares des \u00e9tiquettes \u00e9lectroniques - L-mobile<\/title>\n<meta name=\"description\" content=\"Fini la paperasse dans la fabrication\u00a0! D\u00e9couvrez comment les \u00e9tiquettes \u00e9lectroniques intelligentes am\u00e9liorent l\u2019efficacit\u00e9 des processus et g\u00e9n\u00e8rent un retour sur investissement mesurable.\" \/>\n<meta name=\"robots\" content=\"index, follow, max-snippet:-1, max-image-preview:large, max-video-preview:-1\" \/>\n<link rel=\"canonical\" href=\"https:\/\/l-mobile.com\/fr\/document\/livre-blanc-garants-du-retour-sur-investissement-dans-la-fabrication-3-cas-d-utilisation-phares-des-etiquettes-electroniques\/\" \/>\n<meta property=\"og:locale\" content=\"fr_FR\" \/>\n<meta property=\"og:type\" content=\"article\" \/>\n<meta property=\"og:title\" content=\"Livre blanc - Les garants du retour sur investissement dans le secteur de la fabrication\u00a0: 3\u00a0cas d\u2019utilisation phares des \u00e9tiquettes \u00e9lectroniques\" \/>\n<meta property=\"og:url\" content=\"https:\/\/l-mobile.com\/fr\/document\/livre-blanc-garants-du-retour-sur-investissement-dans-la-fabrication-3-cas-d-utilisation-phares-des-etiquettes-electroniques\/\" \/>\n<meta property=\"og:site_name\" content=\"L-mobile\" \/>\n<meta property=\"article:publisher\" content=\"https:\/\/www.facebook.com\/lmobilegroup\" \/>\n<meta property=\"article:modified_time\" content=\"2026-04-29T09:15:53+00:00\" \/>\n<meta property=\"og:image\" content=\"https:\/\/l-mobile.com\/wp-content\/uploads\/2026\/04\/ROI-Garanten-der-Fertigung_E-Label_Thumbnail_FR.jpg\" \/>\n\t<meta property=\"og:image:width\" content=\"400\" \/>\n\t<meta property=\"og:image:height\" content=\"600\" \/>\n\t<meta property=\"og:image:type\" content=\"image\/jpeg\" \/>\n<meta name=\"twitter:card\" content=\"summary_large_image\" \/>\n<meta name=\"twitter:label1\" content=\"Dur\u00e9e de lecture estim\u00e9e\" \/>\n\t<meta name=\"twitter:data1\" content=\"1 minute\" \/>\n<script type=\"application\/ld+json\" class=\"yoast-schema-graph\">{\"@context\":\"https:\/\/schema.org\",\"@graph\":[{\"@type\":\"WebPage\",\"@id\":\"https:\/\/l-mobile.com\/fr\/document\/livre-blanc-garants-du-retour-sur-investissement-dans-la-fabrication-3-cas-d-utilisation-phares-des-etiquettes-electroniques\/\",\"url\":\"https:\/\/l-mobile.com\/fr\/document\/livre-blanc-garants-du-retour-sur-investissement-dans-la-fabrication-3-cas-d-utilisation-phares-des-etiquettes-electroniques\/\",\"name\":\"Livre blanc - Les garants du retour sur investissement dans le secteur de la fabrication\u00a0: 3\u00a0cas d\u2019utilisation phares des \u00e9tiquettes \u00e9lectroniques - L-mobile\",\"isPartOf\":{\"@id\":\"https:\/\/l-mobile.com\/fr\/#website\"},\"primaryImageOfPage\":{\"@id\":\"https:\/\/l-mobile.com\/fr\/document\/livre-blanc-garants-du-retour-sur-investissement-dans-la-fabrication-3-cas-d-utilisation-phares-des-etiquettes-electroniques\/#primaryimage\"},\"image\":{\"@id\":\"https:\/\/l-mobile.com\/fr\/document\/livre-blanc-garants-du-retour-sur-investissement-dans-la-fabrication-3-cas-d-utilisation-phares-des-etiquettes-electroniques\/#primaryimage\"},\"thumbnailUrl\":\"https:\/\/l-mobile.com\/wp-content\/uploads\/2026\/04\/ROI-Garanten-der-Fertigung_E-Label_Thumbnail_FR.jpg\",\"datePublished\":\"2026-02-11T14:52:31+00:00\",\"dateModified\":\"2026-04-29T09:15:53+00:00\",\"description\":\"Fini la paperasse dans la fabrication\u00a0! D\u00e9couvrez comment les \u00e9tiquettes \u00e9lectroniques intelligentes am\u00e9liorent l\u2019efficacit\u00e9 des processus et g\u00e9n\u00e8rent un retour sur investissement mesurable.\",\"breadcrumb\":{\"@id\":\"https:\/\/l-mobile.com\/fr\/document\/livre-blanc-garants-du-retour-sur-investissement-dans-la-fabrication-3-cas-d-utilisation-phares-des-etiquettes-electroniques\/#breadcrumb\"},\"inLanguage\":\"fr-FR\",\"potentialAction\":[{\"@type\":\"ReadAction\",\"target\":[\"https:\/\/l-mobile.com\/fr\/document\/livre-blanc-garants-du-retour-sur-investissement-dans-la-fabrication-3-cas-d-utilisation-phares-des-etiquettes-electroniques\/\"]}]},{\"@type\":\"ImageObject\",\"inLanguage\":\"fr-FR\",\"@id\":\"https:\/\/l-mobile.com\/fr\/document\/livre-blanc-garants-du-retour-sur-investissement-dans-la-fabrication-3-cas-d-utilisation-phares-des-etiquettes-electroniques\/#primaryimage\",\"url\":\"https:\/\/l-mobile.com\/wp-content\/uploads\/2026\/04\/ROI-Garanten-der-Fertigung_E-Label_Thumbnail_FR.jpg\",\"contentUrl\":\"https:\/\/l-mobile.com\/wp-content\/uploads\/2026\/04\/ROI-Garanten-der-Fertigung_E-Label_Thumbnail_FR.jpg\",\"width\":400,\"height\":600,\"caption\":\"Livre blanc: Les garants du retour sur investissement dans la fabrication - Les 3 principaux cas d'utilisation des \u00e9tiquettes \u00e9lectroniques\"},{\"@type\":\"BreadcrumbList\",\"@id\":\"https:\/\/l-mobile.com\/fr\/document\/livre-blanc-garants-du-retour-sur-investissement-dans-la-fabrication-3-cas-d-utilisation-phares-des-etiquettes-electroniques\/#breadcrumb\",\"itemListElement\":[{\"@type\":\"ListItem\",\"position\":1,\"name\":\"Startseite\",\"item\":\"https:\/\/l-mobile.com\/fr\/l-mobile-rend-processus-metier-mobiles\/\"},{\"@type\":\"ListItem\",\"position\":2,\"name\":\"Hardware-Shop\",\"item\":\"https:\/\/l-mobile.com\/geschaeftsfelder\/technik\/\"},{\"@type\":\"ListItem\",\"position\":3,\"name\":\"Livre blanc - Les garants du retour sur investissement dans le secteur de la fabrication\u00a0: 3\u00a0cas d\u2019utilisation phares des \u00e9tiquettes \u00e9lectroniques\"}]},{\"@type\":\"WebSite\",\"@id\":\"https:\/\/l-mobile.com\/fr\/#website\",\"url\":\"https:\/\/l-mobile.com\/fr\/\",\"name\":\"L-mobile\",\"description\":\"Mobile Softwarel\u00f6sungen\",\"publisher\":{\"@id\":\"https:\/\/l-mobile.com\/fr\/#organization\"},\"potentialAction\":[{\"@type\":\"SearchAction\",\"target\":{\"@type\":\"EntryPoint\",\"urlTemplate\":\"https:\/\/l-mobile.com\/fr\/?s={search_term_string}\"},\"query-input\":{\"@type\":\"PropertyValueSpecification\",\"valueRequired\":true,\"valueName\":\"search_term_string\"}}],\"inLanguage\":\"fr-FR\"},{\"@type\":\"Organization\",\"@id\":\"https:\/\/l-mobile.com\/fr\/#organization\",\"name\":\"L-mobile solutions\",\"url\":\"https:\/\/l-mobile.com\/fr\/\",\"logo\":{\"@type\":\"ImageObject\",\"inLanguage\":\"fr-FR\",\"@id\":\"https:\/\/l-mobile.com\/fr\/#\/schema\/logo\/image\/\",\"url\":\"https:\/\/l-mobile.com\/wp-content\/uploads\/2018\/09\/l-mobile-logo-tab.jpg\",\"contentUrl\":\"https:\/\/l-mobile.com\/wp-content\/uploads\/2018\/09\/l-mobile-logo-tab.jpg\",\"width\":240,\"height\":240,\"caption\":\"L-mobile solutions\"},\"image\":{\"@id\":\"https:\/\/l-mobile.com\/fr\/#\/schema\/logo\/image\/\"},\"sameAs\":[\"https:\/\/www.facebook.com\/lmobilegroup\",\"https:\/\/www.instagram.com\/lmobile_group\/\",\"https:\/\/www.linkedin.com\/company\/1073859\/\",\"https:\/\/www.youtube.com\/user\/LmobileGroup\"]}]}<\/script>\n<!-- \/ Yoast SEO Premium plugin. -->","yoast_head_json":{"title":"Livre blanc - Les garants du retour sur investissement dans le secteur de la fabrication\u00a0: 3\u00a0cas d\u2019utilisation phares des \u00e9tiquettes \u00e9lectroniques - L-mobile","description":"Fini la paperasse dans la fabrication\u00a0! D\u00e9couvrez comment les \u00e9tiquettes \u00e9lectroniques intelligentes am\u00e9liorent l\u2019efficacit\u00e9 des processus et g\u00e9n\u00e8rent un retour sur investissement mesurable.","robots":{"index":"index","follow":"follow","max-snippet":"max-snippet:-1","max-image-preview":"max-image-preview:large","max-video-preview":"max-video-preview:-1"},"canonical":"https:\/\/l-mobile.com\/fr\/document\/livre-blanc-garants-du-retour-sur-investissement-dans-la-fabrication-3-cas-d-utilisation-phares-des-etiquettes-electroniques\/","og_locale":"fr_FR","og_type":"article","og_title":"Livre blanc - Les garants du retour sur investissement dans le secteur de la fabrication\u00a0: 3\u00a0cas d\u2019utilisation phares des \u00e9tiquettes \u00e9lectroniques","og_url":"https:\/\/l-mobile.com\/fr\/document\/livre-blanc-garants-du-retour-sur-investissement-dans-la-fabrication-3-cas-d-utilisation-phares-des-etiquettes-electroniques\/","og_site_name":"L-mobile","article_publisher":"https:\/\/www.facebook.com\/lmobilegroup","article_modified_time":"2026-04-29T09:15:53+00:00","og_image":[{"width":400,"height":600,"url":"https:\/\/l-mobile.com\/wp-content\/uploads\/2026\/04\/ROI-Garanten-der-Fertigung_E-Label_Thumbnail_FR.jpg","type":"image\/jpeg"}],"twitter_card":"summary_large_image","twitter_misc":{"Dur\u00e9e de lecture estim\u00e9e":"1 minute"},"schema":{"@context":"https:\/\/schema.org","@graph":[{"@type":"WebPage","@id":"https:\/\/l-mobile.com\/fr\/document\/livre-blanc-garants-du-retour-sur-investissement-dans-la-fabrication-3-cas-d-utilisation-phares-des-etiquettes-electroniques\/","url":"https:\/\/l-mobile.com\/fr\/document\/livre-blanc-garants-du-retour-sur-investissement-dans-la-fabrication-3-cas-d-utilisation-phares-des-etiquettes-electroniques\/","name":"Livre blanc - Les garants du retour sur investissement dans le secteur de la fabrication\u00a0: 3\u00a0cas d\u2019utilisation phares des \u00e9tiquettes \u00e9lectroniques - L-mobile","isPartOf":{"@id":"https:\/\/l-mobile.com\/fr\/#website"},"primaryImageOfPage":{"@id":"https:\/\/l-mobile.com\/fr\/document\/livre-blanc-garants-du-retour-sur-investissement-dans-la-fabrication-3-cas-d-utilisation-phares-des-etiquettes-electroniques\/#primaryimage"},"image":{"@id":"https:\/\/l-mobile.com\/fr\/document\/livre-blanc-garants-du-retour-sur-investissement-dans-la-fabrication-3-cas-d-utilisation-phares-des-etiquettes-electroniques\/#primaryimage"},"thumbnailUrl":"https:\/\/l-mobile.com\/wp-content\/uploads\/2026\/04\/ROI-Garanten-der-Fertigung_E-Label_Thumbnail_FR.jpg","datePublished":"2026-02-11T14:52:31+00:00","dateModified":"2026-04-29T09:15:53+00:00","description":"Fini la paperasse dans la fabrication\u00a0! D\u00e9couvrez comment les \u00e9tiquettes \u00e9lectroniques intelligentes am\u00e9liorent l\u2019efficacit\u00e9 des processus et g\u00e9n\u00e8rent un retour sur investissement mesurable.","breadcrumb":{"@id":"https:\/\/l-mobile.com\/fr\/document\/livre-blanc-garants-du-retour-sur-investissement-dans-la-fabrication-3-cas-d-utilisation-phares-des-etiquettes-electroniques\/#breadcrumb"},"inLanguage":"fr-FR","potentialAction":[{"@type":"ReadAction","target":["https:\/\/l-mobile.com\/fr\/document\/livre-blanc-garants-du-retour-sur-investissement-dans-la-fabrication-3-cas-d-utilisation-phares-des-etiquettes-electroniques\/"]}]},{"@type":"ImageObject","inLanguage":"fr-FR","@id":"https:\/\/l-mobile.com\/fr\/document\/livre-blanc-garants-du-retour-sur-investissement-dans-la-fabrication-3-cas-d-utilisation-phares-des-etiquettes-electroniques\/#primaryimage","url":"https:\/\/l-mobile.com\/wp-content\/uploads\/2026\/04\/ROI-Garanten-der-Fertigung_E-Label_Thumbnail_FR.jpg","contentUrl":"https:\/\/l-mobile.com\/wp-content\/uploads\/2026\/04\/ROI-Garanten-der-Fertigung_E-Label_Thumbnail_FR.jpg","width":400,"height":600,"caption":"Livre blanc: Les garants du retour sur investissement dans la fabrication - Les 3 principaux cas d'utilisation des \u00e9tiquettes \u00e9lectroniques"},{"@type":"BreadcrumbList","@id":"https:\/\/l-mobile.com\/fr\/document\/livre-blanc-garants-du-retour-sur-investissement-dans-la-fabrication-3-cas-d-utilisation-phares-des-etiquettes-electroniques\/#breadcrumb","itemListElement":[{"@type":"ListItem","position":1,"name":"Startseite","item":"https:\/\/l-mobile.com\/fr\/l-mobile-rend-processus-metier-mobiles\/"},{"@type":"ListItem","position":2,"name":"Hardware-Shop","item":"https:\/\/l-mobile.com\/geschaeftsfelder\/technik\/"},{"@type":"ListItem","position":3,"name":"Livre blanc - Les garants du retour sur investissement dans le secteur de la fabrication\u00a0: 3\u00a0cas d\u2019utilisation phares des \u00e9tiquettes \u00e9lectroniques"}]},{"@type":"WebSite","@id":"https:\/\/l-mobile.com\/fr\/#website","url":"https:\/\/l-mobile.com\/fr\/","name":"L-mobile","description":"Mobile Softwarel\u00f6sungen","publisher":{"@id":"https:\/\/l-mobile.com\/fr\/#organization"},"potentialAction":[{"@type":"SearchAction","target":{"@type":"EntryPoint","urlTemplate":"https:\/\/l-mobile.com\/fr\/?s={search_term_string}"},"query-input":{"@type":"PropertyValueSpecification","valueRequired":true,"valueName":"search_term_string"}}],"inLanguage":"fr-FR"},{"@type":"Organization","@id":"https:\/\/l-mobile.com\/fr\/#organization","name":"L-mobile solutions","url":"https:\/\/l-mobile.com\/fr\/","logo":{"@type":"ImageObject","inLanguage":"fr-FR","@id":"https:\/\/l-mobile.com\/fr\/#\/schema\/logo\/image\/","url":"https:\/\/l-mobile.com\/wp-content\/uploads\/2018\/09\/l-mobile-logo-tab.jpg","contentUrl":"https:\/\/l-mobile.com\/wp-content\/uploads\/2018\/09\/l-mobile-logo-tab.jpg","width":240,"height":240,"caption":"L-mobile solutions"},"image":{"@id":"https:\/\/l-mobile.com\/fr\/#\/schema\/logo\/image\/"},"sameAs":["https:\/\/www.facebook.com\/lmobilegroup","https:\/\/www.instagram.com\/lmobile_group\/","https:\/\/www.linkedin.com\/company\/1073859\/","https:\/\/www.youtube.com\/user\/LmobileGroup"]}]}},"publishpress_future_workflow_manual_trigger":{"enabledWorkflows":[]},"_links":{"self":[{"href":"https:\/\/l-mobile.com\/fr\/wp-json\/wp\/v2\/product\/160854","targetHints":{"allow":["GET"]}}],"collection":[{"href":"https:\/\/l-mobile.com\/fr\/wp-json\/wp\/v2\/product"}],"about":[{"href":"https:\/\/l-mobile.com\/fr\/wp-json\/wp\/v2\/types\/product"}],"wp:featuredmedia":[{"embeddable":true,"href":"https:\/\/l-mobile.com\/fr\/wp-json\/wp\/v2\/media\/156895"}],"wp:attachment":[{"href":"https:\/\/l-mobile.com\/fr\/wp-json\/wp\/v2\/media?parent=160854"}],"wp:term":[{"taxonomy":"dokumente_formate","embeddable":true,"href":"https:\/\/l-mobile.com\/fr\/wp-json\/wp\/v2\/dokumente_formate?post=160854"},{"taxonomy":"dokumente_produkt","embeddable":true,"href":"https:\/\/l-mobile.com\/fr\/wp-json\/wp\/v2\/dokumente_produkt?post=160854"},{"taxonomy":"product_brand","embeddable":true,"href":"https:\/\/l-mobile.com\/fr\/wp-json\/wp\/v2\/product_brand?post=160854"},{"taxonomy":"product_cat","embeddable":true,"href":"https:\/\/l-mobile.com\/fr\/wp-json\/wp\/v2\/product_cat?post=160854"},{"taxonomy":"product_tag","embeddable":true,"href":"https:\/\/l-mobile.com\/fr\/wp-json\/wp\/v2\/product_tag?post=160854"}],"curies":[{"name":"wp","href":"https:\/\/api.w.org\/{rel}","templated":true}]}}