{"id":153864,"date":"2025-11-25T14:55:40","date_gmt":"2025-11-25T13:55:40","guid":{"rendered":"https:\/\/l-mobile.com\/?post_type=product&#038;p=153864"},"modified":"2025-12-16T10:28:40","modified_gmt":"2025-12-16T09:28:40","slug":"livre-blanc-5-etapes-pour-automatiser-la-planification-de-la-production-le-guide-pour-la-numerisation-de-vos-processus-de-production","status":"publish","type":"product","link":"https:\/\/l-mobile.com\/fr\/document\/livre-blanc-5-etapes-pour-automatiser-la-planification-de-la-production-le-guide-pour-la-numerisation-de-vos-processus-de-production\/","title":{"rendered":"Livre blanc \u2013 5\u00a0\u00e9tapes pour automatiser la planification de la production\u00a0: le guide pour la num\u00e9risation de vos processus de production"},"content":{"rendered":"<div id='av_section_1'  class='avia-section av-156uj0o5-f65e192210e2edb831f5bb9990ccf4ac main_color avia-section-default avia-no-border-styling  avia-builder-el-0  avia-builder-el-no-sibling  avia-bg-style-scroll container_wrap fullsize'  ><div class='container av-section-cont-open' ><main  role=\"main\" itemprop=\"mainContentOfPage\"  class='template-page content  av-content-full alpha units'><div class='post-entry post-entry-type-page post-entry-153864'><div class='entry-content-wrapper clearfix'>\n<div class='flex_column_table av-3m9umsl-de6d1006d95a6d1f6339b5f1ab047d0a sc-av_one_fourth av-equal-height-column-flextable'>\n<style type=\"text\/css\" data-created_by=\"avia_inline_auto\" id=\"style-css-av-3m9umsl-de6d1006d95a6d1f6339b5f1ab047d0a\">\n.flex_column.av-3m9umsl-de6d1006d95a6d1f6339b5f1ab047d0a{\nborder-radius:0px 0px 0px 0px;\npadding:0px 0px 0px 0px;\n}\n<\/style>\n<div  class='flex_column av-3m9umsl-de6d1006d95a6d1f6339b5f1ab047d0a av_one_fourth  avia-builder-el-1  el_before_av_three_fourth  avia-builder-el-first  lmwooimg first flex_column_table_cell av-equal-height-column av-align-top av-zero-column-padding  '     ><section  class='av_textblock_section av-szpk2qt-d3213c358765b8542a06572c432cf797 '   itemscope=\"itemscope\" itemtype=\"https:\/\/schema.org\/CreativeWork\" ><div class='avia_textblock'  itemprop=\"text\" >\n<\/div><\/section><\/div><div class='av-flex-placeholder'><\/div>\n<style type=\"text\/css\" data-created_by=\"avia_inline_auto\" id=\"style-css-av-p2vy2p1-f99aab39d521c0770a96e0d4d79f0662\">\n.flex_column.av-p2vy2p1-f99aab39d521c0770a96e0d4d79f0662{\nborder-radius:0px 0px 0px 0px;\npadding:0px 0px 0px 0px;\n}\n<\/style>\n<div  class='flex_column av-p2vy2p1-f99aab39d521c0770a96e0d4d79f0662 av_three_fourth  avia-builder-el-3  el_after_av_one_fourth  avia-builder-el-last  lmwoodesc lmwoocart lmh1 flex_column_table_cell av-equal-height-column av-align-top av-zero-column-padding  '     ><section  class='av_textblock_section av-j50kfmt-ed9a8c926f2c6b26cdeb7f85cbe5c763 '   itemscope=\"itemscope\" itemtype=\"https:\/\/schema.org\/CreativeWork\" ><div class='avia_textblock'  itemprop=\"text\" ><h1>Livre blanc \u2013 5\u00a0\u00e9tapes pour automatiser la planification de la production\u00a0: le guide pour la num\u00e9risation de vos processus de production<\/h1>\n<\/div><\/section><br \/>\n<section  class='av_textblock_section av-mel12j5x-5a72f8509562201ed5c09260e3fc0f76 '   itemscope=\"itemscope\" itemtype=\"https:\/\/schema.org\/CreativeWork\" ><div class='avia_textblock'  itemprop=\"text\" ><p>C\u2019est un fait\u00a0: avec une planification de la production manuelle, chronophage et sujette aux erreurs, les limites sont vite atteintes. S\u2019y ajoutent souvent la grande complexit\u00e9 des commandes et des capacit\u00e9s restreintes.<\/p>\n<p>Une planification de la production num\u00e9ris\u00e9e apporte structure, dynamisme et visibilit\u00e9 \u00e0 votre fabrication\u00a0: un syst\u00e8me APS \u00e9labore en quelques secondes un plan de production ex\u00e9cutable et r\u00e9aliste, de mani\u00e8re enti\u00e8rement automatis\u00e9e et en un seul clic. Le r\u00e9sultat\u00a0: des processus fluides, des ressources planifi\u00e9es de fa\u00e7on optimale et un plus grand respect des d\u00e9lais.<\/p>\n<p>Notre livre blanc vous propose des lignes directrices pour vous aider \u00e0 choisir un logiciel APS. D\u00e9couvrez les points essentiels pour concevoir votre projet de num\u00e9risation et b\u00e9n\u00e9ficiez de conseils pr\u00e9cieux pour r\u00e9ussir la transformation digitale de votre planification de la production.<\/p>\n<\/div><\/section><br \/>\n\n<style type=\"text\/css\" data-created_by=\"avia_inline_auto\" id=\"style-css-av-f13jh2d-dbf1e0eb4ec2aa69dce66c81878da044\">\n.avia_message_box.av-f13jh2d-dbf1e0eb4ec2aa69dce66c81878da044{\ncolor:#ffffff;\nbackground-color:#0099d0;\nbackground:linear-gradient( to right, #0099d0, #005f7f );\nborder-style:none;\nborder-color:#ffffff;\n}\n.avia_message_box.av-f13jh2d-dbf1e0eb4ec2aa69dce66c81878da044 .avia_message_box_icon.avia-svg-icon svg:first-child{\nfill:#ffffff;\nstroke:#ffffff;\n}\n<\/style>\n<div id='avia-messagebox-' class='avia_message_box av_notification av-f13jh2d-dbf1e0eb4ec2aa69dce66c81878da044 avia-color-gradient avia-size-large avia-icon_select-yes avia-border-  avia-builder-el-6  el_after_av_textblock  el_before_av_textblock ' ><div class=\"avia_message_box_content\"><span class='avia_message_box_icon avia-iconfont avia-font-entypo-fontello' data-av_icon='\ue82d' data-av_iconfont='entypo-fontello' ><\/span><p>Profitez des 25 ann\u00e9es d\u2019exp\u00e9rience de L-mobile et demandez notre livre blanc d\u00e8s maintenant\u00a0!<\/p>\n<\/div><\/div><br \/>\n<section  class='av_textblock_section av-cg93yxx-e092647cd33a18743017c4a659d67a40 '   itemscope=\"itemscope\" itemtype=\"https:\/\/schema.org\/CreativeWork\" ><div class='avia_textblock'  itemprop=\"text\" >\n\t\t\t\t\t\t<script>\n\t\t\t\t\t\t\twindow.hsFormsOnReady = window.hsFormsOnReady || [];\n\t\t\t\t\t\t\twindow.hsFormsOnReady.push(()=>{\n\t\t\t\t\t\t\t\thbspt.forms.create({\n\t\t\t\t\t\t\t\t\tportalId: 26475206,\n\t\t\t\t\t\t\t\t\tformId: \"2b311f77-8be2-4852-ae5b-2fa619d4c583\",\n\t\t\t\t\t\t\t\t\ttarget: \"#hbspt-form-1777053025000-7868698032\",\n\t\t\t\t\t\t\t\t\tregion: \"eu1\",\n\t\t\t\t\t\t\t\t\t\n\t\t\t\t\t\t\t})});\n\t\t\t\t\t\t<\/script>\n\t\t\t\t\t\t<div class=\"hbspt-form\" id=\"hbspt-form-1777053025000-7868698032\"><\/div>\n<\/div><\/section><br \/>\n<section  class='av_textblock_section av-8cprzad-328f2500adddc74960d937c7b6752c14 '   itemscope=\"itemscope\" itemtype=\"https:\/\/schema.org\/CreativeWork\" ><div class='avia_textblock'  itemprop=\"text\" ><p><a href=\"https:\/\/l-mobile.com\/fr\/ressources-et-contact\/centre-de-telechargement\/livre-blancs\/\">Retour vers l\u2019aper\u00e7u du livre blanc<\/a><\/p>\n<\/div><\/section><\/p><\/div><\/div><!--close column table wrapper. Autoclose: 1 -->\n","protected":false},"excerpt":{"rendered":"","protected":false},"featured_media":148735,"template":"","meta":{"_acf_changed":false,"content-type":""},"dokumente_formate":[4774],"dokumente_produkt":[4067],"product_brand":[],"product_cat":[2527],"product_tag":[],"class_list":{"0":"post-153864","1":"product","2":"type-product","3":"status-publish","4":"has-post-thumbnail","6":"dokumente_formate-livre-blanc","7":"dokumente_produkt-production-digitale","8":"product_cat-document","10":"first","11":"instock","12":"downloadable","13":"virtual","14":"product-type-simple"},"acf":[],"yoast_head":"<!-- This site is optimized with the Yoast SEO Premium plugin v26.6 (Yoast SEO v26.6) - https:\/\/yoast.com\/wordpress\/plugins\/seo\/ -->\n<title>Livre blanc \u2013 5\u00a0\u00e9tapes pour automatiser la planification de la production\u00a0: le guide pour la num\u00e9risation de vos processus de production - L-mobile<\/title>\n<meta name=\"description\" content=\"Notre livre blanc vous propose des lignes directrices pour passer, en 5\u00a0\u00e9tapes, \u00e0 une planification de la production num\u00e9ris\u00e9e gr\u00e2ce \u00e0 un syst\u00e8me APS\" \/>\n<meta name=\"robots\" content=\"index, follow, max-snippet:-1, max-image-preview:large, max-video-preview:-1\" \/>\n<link rel=\"canonical\" href=\"https:\/\/l-mobile.com\/fr\/document\/livre-blanc-5-etapes-pour-automatiser-la-planification-de-la-production-le-guide-pour-la-numerisation-de-vos-processus-de-production\/\" \/>\n<meta property=\"og:locale\" content=\"fr_FR\" \/>\n<meta property=\"og:type\" content=\"article\" \/>\n<meta property=\"og:title\" content=\"Livre blanc \u2013 5\u00a0\u00e9tapes pour automatiser la planification de la production\u00a0: le guide pour la num\u00e9risation de vos processus de production\" \/>\n<meta property=\"og:url\" content=\"https:\/\/l-mobile.com\/fr\/document\/livre-blanc-5-etapes-pour-automatiser-la-planification-de-la-production-le-guide-pour-la-numerisation-de-vos-processus-de-production\/\" \/>\n<meta property=\"og:site_name\" content=\"L-mobile\" \/>\n<meta property=\"article:publisher\" content=\"https:\/\/www.facebook.com\/lmobilegroup\" \/>\n<meta property=\"article:modified_time\" content=\"2025-12-16T09:28:40+00:00\" \/>\n<meta property=\"og:image\" content=\"https:\/\/l-mobile.com\/wp-content\/uploads\/2025\/11\/APS_Whitepaper_Thumbnail_fre.jpg\" \/>\n\t<meta property=\"og:image:width\" content=\"400\" \/>\n\t<meta property=\"og:image:height\" content=\"600\" \/>\n\t<meta property=\"og:image:type\" content=\"image\/jpeg\" \/>\n<meta name=\"twitter:card\" content=\"summary_large_image\" \/>\n<meta name=\"twitter:label1\" content=\"Dur\u00e9e de lecture estim\u00e9e\" \/>\n\t<meta name=\"twitter:data1\" content=\"1 minute\" \/>\n<script type=\"application\/ld+json\" class=\"yoast-schema-graph\">{\"@context\":\"https:\/\/schema.org\",\"@graph\":[{\"@type\":\"WebPage\",\"@id\":\"https:\/\/l-mobile.com\/fr\/document\/livre-blanc-5-etapes-pour-automatiser-la-planification-de-la-production-le-guide-pour-la-numerisation-de-vos-processus-de-production\/\",\"url\":\"https:\/\/l-mobile.com\/fr\/document\/livre-blanc-5-etapes-pour-automatiser-la-planification-de-la-production-le-guide-pour-la-numerisation-de-vos-processus-de-production\/\",\"name\":\"Livre blanc \u2013 5\u00a0\u00e9tapes pour automatiser la planification de la production\u00a0: le guide pour la num\u00e9risation de vos processus de production - L-mobile\",\"isPartOf\":{\"@id\":\"https:\/\/l-mobile.com\/fr\/#website\"},\"primaryImageOfPage\":{\"@id\":\"https:\/\/l-mobile.com\/fr\/document\/livre-blanc-5-etapes-pour-automatiser-la-planification-de-la-production-le-guide-pour-la-numerisation-de-vos-processus-de-production\/#primaryimage\"},\"image\":{\"@id\":\"https:\/\/l-mobile.com\/fr\/document\/livre-blanc-5-etapes-pour-automatiser-la-planification-de-la-production-le-guide-pour-la-numerisation-de-vos-processus-de-production\/#primaryimage\"},\"thumbnailUrl\":\"https:\/\/l-mobile.com\/wp-content\/uploads\/2025\/11\/APS_Whitepaper_Thumbnail_fre.jpg\",\"datePublished\":\"2025-11-25T13:55:40+00:00\",\"dateModified\":\"2025-12-16T09:28:40+00:00\",\"description\":\"Notre livre blanc vous propose des lignes directrices pour passer, en 5\u00a0\u00e9tapes, \u00e0 une planification de la production num\u00e9ris\u00e9e gr\u00e2ce \u00e0 un syst\u00e8me APS\",\"breadcrumb\":{\"@id\":\"https:\/\/l-mobile.com\/fr\/document\/livre-blanc-5-etapes-pour-automatiser-la-planification-de-la-production-le-guide-pour-la-numerisation-de-vos-processus-de-production\/#breadcrumb\"},\"inLanguage\":\"fr-FR\",\"potentialAction\":[{\"@type\":\"ReadAction\",\"target\":[\"https:\/\/l-mobile.com\/fr\/document\/livre-blanc-5-etapes-pour-automatiser-la-planification-de-la-production-le-guide-pour-la-numerisation-de-vos-processus-de-production\/\"]}]},{\"@type\":\"ImageObject\",\"inLanguage\":\"fr-FR\",\"@id\":\"https:\/\/l-mobile.com\/fr\/document\/livre-blanc-5-etapes-pour-automatiser-la-planification-de-la-production-le-guide-pour-la-numerisation-de-vos-processus-de-production\/#primaryimage\",\"url\":\"https:\/\/l-mobile.com\/wp-content\/uploads\/2025\/11\/APS_Whitepaper_Thumbnail_fre.jpg\",\"contentUrl\":\"https:\/\/l-mobile.com\/wp-content\/uploads\/2025\/11\/APS_Whitepaper_Thumbnail_fre.jpg\",\"width\":400,\"height\":600},{\"@type\":\"BreadcrumbList\",\"@id\":\"https:\/\/l-mobile.com\/fr\/document\/livre-blanc-5-etapes-pour-automatiser-la-planification-de-la-production-le-guide-pour-la-numerisation-de-vos-processus-de-production\/#breadcrumb\",\"itemListElement\":[{\"@type\":\"ListItem\",\"position\":1,\"name\":\"Startseite\",\"item\":\"https:\/\/l-mobile.com\/fr\/l-mobile-rend-processus-metier-mobiles\/\"},{\"@type\":\"ListItem\",\"position\":2,\"name\":\"Hardware-Shop\",\"item\":\"https:\/\/l-mobile.com\/geschaeftsfelder\/technik\/\"},{\"@type\":\"ListItem\",\"position\":3,\"name\":\"Livre blanc \u2013 5\u00a0\u00e9tapes pour automatiser la planification de la production\u00a0: le guide pour la num\u00e9risation de vos processus de production\"}]},{\"@type\":\"WebSite\",\"@id\":\"https:\/\/l-mobile.com\/fr\/#website\",\"url\":\"https:\/\/l-mobile.com\/fr\/\",\"name\":\"L-mobile\",\"description\":\"Mobile Softwarel\u00f6sungen\",\"publisher\":{\"@id\":\"https:\/\/l-mobile.com\/fr\/#organization\"},\"potentialAction\":[{\"@type\":\"SearchAction\",\"target\":{\"@type\":\"EntryPoint\",\"urlTemplate\":\"https:\/\/l-mobile.com\/fr\/?s={search_term_string}\"},\"query-input\":{\"@type\":\"PropertyValueSpecification\",\"valueRequired\":true,\"valueName\":\"search_term_string\"}}],\"inLanguage\":\"fr-FR\"},{\"@type\":\"Organization\",\"@id\":\"https:\/\/l-mobile.com\/fr\/#organization\",\"name\":\"L-mobile solutions\",\"url\":\"https:\/\/l-mobile.com\/fr\/\",\"logo\":{\"@type\":\"ImageObject\",\"inLanguage\":\"fr-FR\",\"@id\":\"https:\/\/l-mobile.com\/fr\/#\/schema\/logo\/image\/\",\"url\":\"https:\/\/l-mobile.com\/wp-content\/uploads\/2018\/09\/l-mobile-logo-tab.jpg\",\"contentUrl\":\"https:\/\/l-mobile.com\/wp-content\/uploads\/2018\/09\/l-mobile-logo-tab.jpg\",\"width\":240,\"height\":240,\"caption\":\"L-mobile solutions\"},\"image\":{\"@id\":\"https:\/\/l-mobile.com\/fr\/#\/schema\/logo\/image\/\"},\"sameAs\":[\"https:\/\/www.facebook.com\/lmobilegroup\",\"https:\/\/www.instagram.com\/lmobile_group\/\",\"https:\/\/www.linkedin.com\/company\/1073859\/\",\"https:\/\/www.youtube.com\/user\/LmobileGroup\"]}]}<\/script>\n<!-- \/ Yoast SEO Premium plugin. -->","yoast_head_json":{"title":"Livre blanc \u2013 5\u00a0\u00e9tapes pour automatiser la planification de la production\u00a0: le guide pour la num\u00e9risation de vos processus de production - L-mobile","description":"Notre livre blanc vous propose des lignes directrices pour passer, en 5\u00a0\u00e9tapes, \u00e0 une planification de la production num\u00e9ris\u00e9e gr\u00e2ce \u00e0 un syst\u00e8me APS","robots":{"index":"index","follow":"follow","max-snippet":"max-snippet:-1","max-image-preview":"max-image-preview:large","max-video-preview":"max-video-preview:-1"},"canonical":"https:\/\/l-mobile.com\/fr\/document\/livre-blanc-5-etapes-pour-automatiser-la-planification-de-la-production-le-guide-pour-la-numerisation-de-vos-processus-de-production\/","og_locale":"fr_FR","og_type":"article","og_title":"Livre blanc \u2013 5\u00a0\u00e9tapes pour automatiser la planification de la production\u00a0: le guide pour la num\u00e9risation de vos processus de production","og_url":"https:\/\/l-mobile.com\/fr\/document\/livre-blanc-5-etapes-pour-automatiser-la-planification-de-la-production-le-guide-pour-la-numerisation-de-vos-processus-de-production\/","og_site_name":"L-mobile","article_publisher":"https:\/\/www.facebook.com\/lmobilegroup","article_modified_time":"2025-12-16T09:28:40+00:00","og_image":[{"width":400,"height":600,"url":"https:\/\/l-mobile.com\/wp-content\/uploads\/2025\/11\/APS_Whitepaper_Thumbnail_fre.jpg","type":"image\/jpeg"}],"twitter_card":"summary_large_image","twitter_misc":{"Dur\u00e9e de lecture estim\u00e9e":"1 minute"},"schema":{"@context":"https:\/\/schema.org","@graph":[{"@type":"WebPage","@id":"https:\/\/l-mobile.com\/fr\/document\/livre-blanc-5-etapes-pour-automatiser-la-planification-de-la-production-le-guide-pour-la-numerisation-de-vos-processus-de-production\/","url":"https:\/\/l-mobile.com\/fr\/document\/livre-blanc-5-etapes-pour-automatiser-la-planification-de-la-production-le-guide-pour-la-numerisation-de-vos-processus-de-production\/","name":"Livre blanc \u2013 5\u00a0\u00e9tapes pour automatiser la planification de la production\u00a0: le guide pour la num\u00e9risation de vos processus de production - L-mobile","isPartOf":{"@id":"https:\/\/l-mobile.com\/fr\/#website"},"primaryImageOfPage":{"@id":"https:\/\/l-mobile.com\/fr\/document\/livre-blanc-5-etapes-pour-automatiser-la-planification-de-la-production-le-guide-pour-la-numerisation-de-vos-processus-de-production\/#primaryimage"},"image":{"@id":"https:\/\/l-mobile.com\/fr\/document\/livre-blanc-5-etapes-pour-automatiser-la-planification-de-la-production-le-guide-pour-la-numerisation-de-vos-processus-de-production\/#primaryimage"},"thumbnailUrl":"https:\/\/l-mobile.com\/wp-content\/uploads\/2025\/11\/APS_Whitepaper_Thumbnail_fre.jpg","datePublished":"2025-11-25T13:55:40+00:00","dateModified":"2025-12-16T09:28:40+00:00","description":"Notre livre blanc vous propose des lignes directrices pour passer, en 5\u00a0\u00e9tapes, \u00e0 une planification de la production num\u00e9ris\u00e9e gr\u00e2ce \u00e0 un syst\u00e8me APS","breadcrumb":{"@id":"https:\/\/l-mobile.com\/fr\/document\/livre-blanc-5-etapes-pour-automatiser-la-planification-de-la-production-le-guide-pour-la-numerisation-de-vos-processus-de-production\/#breadcrumb"},"inLanguage":"fr-FR","potentialAction":[{"@type":"ReadAction","target":["https:\/\/l-mobile.com\/fr\/document\/livre-blanc-5-etapes-pour-automatiser-la-planification-de-la-production-le-guide-pour-la-numerisation-de-vos-processus-de-production\/"]}]},{"@type":"ImageObject","inLanguage":"fr-FR","@id":"https:\/\/l-mobile.com\/fr\/document\/livre-blanc-5-etapes-pour-automatiser-la-planification-de-la-production-le-guide-pour-la-numerisation-de-vos-processus-de-production\/#primaryimage","url":"https:\/\/l-mobile.com\/wp-content\/uploads\/2025\/11\/APS_Whitepaper_Thumbnail_fre.jpg","contentUrl":"https:\/\/l-mobile.com\/wp-content\/uploads\/2025\/11\/APS_Whitepaper_Thumbnail_fre.jpg","width":400,"height":600},{"@type":"BreadcrumbList","@id":"https:\/\/l-mobile.com\/fr\/document\/livre-blanc-5-etapes-pour-automatiser-la-planification-de-la-production-le-guide-pour-la-numerisation-de-vos-processus-de-production\/#breadcrumb","itemListElement":[{"@type":"ListItem","position":1,"name":"Startseite","item":"https:\/\/l-mobile.com\/fr\/l-mobile-rend-processus-metier-mobiles\/"},{"@type":"ListItem","position":2,"name":"Hardware-Shop","item":"https:\/\/l-mobile.com\/geschaeftsfelder\/technik\/"},{"@type":"ListItem","position":3,"name":"Livre blanc \u2013 5\u00a0\u00e9tapes pour automatiser la planification de la production\u00a0: le guide pour la num\u00e9risation de vos processus de production"}]},{"@type":"WebSite","@id":"https:\/\/l-mobile.com\/fr\/#website","url":"https:\/\/l-mobile.com\/fr\/","name":"L-mobile","description":"Mobile Softwarel\u00f6sungen","publisher":{"@id":"https:\/\/l-mobile.com\/fr\/#organization"},"potentialAction":[{"@type":"SearchAction","target":{"@type":"EntryPoint","urlTemplate":"https:\/\/l-mobile.com\/fr\/?s={search_term_string}"},"query-input":{"@type":"PropertyValueSpecification","valueRequired":true,"valueName":"search_term_string"}}],"inLanguage":"fr-FR"},{"@type":"Organization","@id":"https:\/\/l-mobile.com\/fr\/#organization","name":"L-mobile solutions","url":"https:\/\/l-mobile.com\/fr\/","logo":{"@type":"ImageObject","inLanguage":"fr-FR","@id":"https:\/\/l-mobile.com\/fr\/#\/schema\/logo\/image\/","url":"https:\/\/l-mobile.com\/wp-content\/uploads\/2018\/09\/l-mobile-logo-tab.jpg","contentUrl":"https:\/\/l-mobile.com\/wp-content\/uploads\/2018\/09\/l-mobile-logo-tab.jpg","width":240,"height":240,"caption":"L-mobile solutions"},"image":{"@id":"https:\/\/l-mobile.com\/fr\/#\/schema\/logo\/image\/"},"sameAs":["https:\/\/www.facebook.com\/lmobilegroup","https:\/\/www.instagram.com\/lmobile_group\/","https:\/\/www.linkedin.com\/company\/1073859\/","https:\/\/www.youtube.com\/user\/LmobileGroup"]}]}},"publishpress_future_workflow_manual_trigger":{"enabledWorkflows":[]},"_links":{"self":[{"href":"https:\/\/l-mobile.com\/fr\/wp-json\/wp\/v2\/product\/153864","targetHints":{"allow":["GET"]}}],"collection":[{"href":"https:\/\/l-mobile.com\/fr\/wp-json\/wp\/v2\/product"}],"about":[{"href":"https:\/\/l-mobile.com\/fr\/wp-json\/wp\/v2\/types\/product"}],"wp:featuredmedia":[{"embeddable":true,"href":"https:\/\/l-mobile.com\/fr\/wp-json\/wp\/v2\/media\/148735"}],"wp:attachment":[{"href":"https:\/\/l-mobile.com\/fr\/wp-json\/wp\/v2\/media?parent=153864"}],"wp:term":[{"taxonomy":"dokumente_formate","embeddable":true,"href":"https:\/\/l-mobile.com\/fr\/wp-json\/wp\/v2\/dokumente_formate?post=153864"},{"taxonomy":"dokumente_produkt","embeddable":true,"href":"https:\/\/l-mobile.com\/fr\/wp-json\/wp\/v2\/dokumente_produkt?post=153864"},{"taxonomy":"product_brand","embeddable":true,"href":"https:\/\/l-mobile.com\/fr\/wp-json\/wp\/v2\/product_brand?post=153864"},{"taxonomy":"product_cat","embeddable":true,"href":"https:\/\/l-mobile.com\/fr\/wp-json\/wp\/v2\/product_cat?post=153864"},{"taxonomy":"product_tag","embeddable":true,"href":"https:\/\/l-mobile.com\/fr\/wp-json\/wp\/v2\/product_tag?post=153864"}],"curies":[{"name":"wp","href":"https:\/\/api.w.org\/{rel}","templated":true}]}}