{"id":139480,"date":"2023-12-05T08:28:53","date_gmt":"2025-05-15T13:57:41","guid":{"rendered":"https:\/\/l-mobile.com\/?post_type=product&#038;p=139480"},"modified":"2025-09-30T09:59:46","modified_gmt":"2025-09-30T07:59:46","slug":"livre-blanc-une-equipe-gagnante-logiciel-field-service-management-et-systeme-erp","status":"publish","type":"product","link":"https:\/\/l-mobile.com\/fr\/document\/livre-blanc-une-equipe-gagnante-logiciel-field-service-management-et-systeme-erp\/","title":{"rendered":"Livre blanc\u00a0: Une \u00e9quipe gagnante\u00a0: le logiciel Field Service Management et le syst\u00e8me ERP"},"content":{"rendered":"<div id='av_section_1'  class='avia-section av-14l303az-be45a7fe0466984fd10064bd1d789579 main_color avia-section-default avia-no-border-styling  avia-builder-el-0  avia-builder-el-no-sibling  avia-bg-style-scroll container_wrap fullsize'  ><div class='container av-section-cont-open' ><main  role=\"main\" itemprop=\"mainContentOfPage\"  class='template-page content  av-content-full alpha units'><div class='post-entry post-entry-type-page post-entry-139480'><div class='entry-content-wrapper clearfix'>\n<div class='flex_column_table av-zc61k3f-a1f6af912458ec27ca36ebf0c21c14d3 sc-av_one_fourth av-equal-height-column-flextable'>\n<style type=\"text\/css\" data-created_by=\"avia_inline_auto\" id=\"style-css-av-zc61k3f-a1f6af912458ec27ca36ebf0c21c14d3\">\n.flex_column.av-zc61k3f-a1f6af912458ec27ca36ebf0c21c14d3{\nborder-radius:0px 0px 0px 0px;\npadding:0px 0px 0px 0px;\n}\n<\/style>\n<div  class='flex_column av-zc61k3f-a1f6af912458ec27ca36ebf0c21c14d3 av_one_fourth  avia-builder-el-1  el_before_av_three_fourth  avia-builder-el-first  lmwooimg first flex_column_table_cell av-equal-height-column av-align-top av-zero-column-padding  '     ><section  class='av_textblock_section av-vjg322j-3e8c1addf75ca9bf85d750108e7f7a63 '   itemscope=\"itemscope\" itemtype=\"https:\/\/schema.org\/CreativeWork\" ><div class='avia_textblock'  itemprop=\"text\" >\n<\/div><\/section><\/div><div class='av-flex-placeholder'><\/div>\n<style type=\"text\/css\" data-created_by=\"avia_inline_auto\" id=\"style-css-av-2qf5aez-82c501baa2f8d93f2bb814a417092506\">\n.flex_column.av-2qf5aez-82c501baa2f8d93f2bb814a417092506{\nborder-radius:0px 0px 0px 0px;\npadding:0px 0px 0px 0px;\n}\n<\/style>\n<div  class='flex_column av-2qf5aez-82c501baa2f8d93f2bb814a417092506 av_three_fourth  avia-builder-el-3  el_after_av_one_fourth  avia-builder-el-last  lmwoodesc lmwoocart lmh1 flex_column_table_cell av-equal-height-column av-align-top av-zero-column-padding  '     ><section  class='av_textblock_section av-j3xus1n-3492056b5b25ae0f155177539ac600f1 '   itemscope=\"itemscope\" itemtype=\"https:\/\/schema.org\/CreativeWork\" ><div class='avia_textblock'  itemprop=\"text\" ><h1>Livre blanc\u00a0: Une \u00e9quipe gagnante\u00a0: le logiciel Field Service Management et le syst\u00e8me ERP<\/h1>\n<\/div><\/section><br \/>\n<section  class='av_textblock_section av-lps0bbjj-59f0ebd8dfd0e3311b37eda9f9b2c191 '   itemscope=\"itemscope\" itemtype=\"https:\/\/schema.org\/CreativeWork\" ><div class='avia_textblock'  itemprop=\"text\" ><p>G\u00e9rer les donn\u00e9es clients, saisir les ordres de service ou les commandes de mat\u00e9riaux\u00a0: dans le Field Service, certaines t\u00e2ches administratives sont g\u00e9n\u00e9ralement effectu\u00e9es dans le syst\u00e8me ERP. Les donn\u00e9es n\u00e9cessaires doivent donc \u00eatre disponibles \u00e0 tout moment dans le syst\u00e8me ERP, m\u00eame apr\u00e8s la mise en place d\u2019un logiciel Field Service Management comme L-mobile service.<\/p>\n<p>Dans ce livre blanc, vous apprendrez tout ce qu\u2019il faut savoir sur l\u2019utilisation de L-mobile service en tant que <strong>solution autonome<\/strong> ou en <strong>int\u00e9gration avec un syst\u00e8me ERP<\/strong>, ainsi que sur les donn\u00e9es qui doivent \u00eatre disponibles dans le syst\u00e8me ERP pour permettre cette connexion. Vous aurez \u00e9galement un aper\u00e7u d\u00e9taill\u00e9 de la fa\u00e7on dont L-mobile service peut \u00eatre int\u00e9gr\u00e9 aux syst\u00e8mes ERP tels que <strong>ALPHAPLAN<\/strong>, <strong>Infor COM<\/strong>, <strong>Proalpha<\/strong>, <strong>Microsoft Dynamics 365 Business Central<\/strong>, <strong>SAP<\/strong>, <strong>SAP Business One<\/strong> et <strong>Sage 100<\/strong>, ainsi qu\u2019\u00e0 de nombreuses <strong>autres solutions ERP<\/strong>.<\/p>\n<\/div><\/section><br \/>\n\n<style type=\"text\/css\" data-created_by=\"avia_inline_auto\" id=\"style-css-av-hgi2vwb-a3b5a013ff0b2d3fd59b82863dc3805e\">\n.avia_message_box.av-hgi2vwb-a3b5a013ff0b2d3fd59b82863dc3805e{\ncolor:#ffffff;\nbackground-color:#0099d0;\nbackground:linear-gradient( to right, #0099d0, #005f7f );\nborder-style:none;\nborder-color:#ffffff;\n}\n.avia_message_box.av-hgi2vwb-a3b5a013ff0b2d3fd59b82863dc3805e .avia_message_box_icon.avia-svg-icon svg:first-child{\nfill:#ffffff;\nstroke:#ffffff;\n}\n<\/style>\n<div id='avia-messagebox-' class='avia_message_box av_notification av-hgi2vwb-a3b5a013ff0b2d3fd59b82863dc3805e avia-color-gradient avia-size-large avia-icon_select-yes avia-border-  avia-builder-el-6  el_after_av_textblock  el_before_av_textblock ' ><div class=\"avia_message_box_content\"><span class='avia_message_box_icon avia-iconfont avia-font-entypo-fontello' data-av_icon='\ue82d' data-av_iconfont='entypo-fontello' ><\/span><p>Profitez des 25 ann\u00e9es d\u2019exp\u00e9rience de L-mobile et demandez notre livre blanc d\u00e8s maintenant\u00a0!<\/p>\n<\/div><\/div><br \/>\n<section  class='av_textblock_section av-9pnh517-2cf1fc003e56bcedbf546fd05a462ac3 '   itemscope=\"itemscope\" itemtype=\"https:\/\/schema.org\/CreativeWork\" ><div class='avia_textblock'  itemprop=\"text\" >\n\t\t\t\t\t\t<script>\n\t\t\t\t\t\t\twindow.hsFormsOnReady = window.hsFormsOnReady || [];\n\t\t\t\t\t\t\twindow.hsFormsOnReady.push(()=>{\n\t\t\t\t\t\t\t\thbspt.forms.create({\n\t\t\t\t\t\t\t\t\tportalId: 26475206,\n\t\t\t\t\t\t\t\t\tformId: \"2b311f77-8be2-4852-ae5b-2fa619d4c583\",\n\t\t\t\t\t\t\t\t\ttarget: \"#hbspt-form-1778335684000-0939930845\",\n\t\t\t\t\t\t\t\t\tregion: \"eu1\",\n\t\t\t\t\t\t\t\t\t\n\t\t\t\t\t\t\t})});\n\t\t\t\t\t\t<\/script>\n\t\t\t\t\t\t<div class=\"hbspt-form\" id=\"hbspt-form-1778335684000-0939930845\"><\/div>\n<\/div><\/section><br \/>\n<section  class='av_textblock_section av-7xgtu9n-1a975e14c5027c485f71594ba187569b '   itemscope=\"itemscope\" itemtype=\"https:\/\/schema.org\/CreativeWork\" ><div class='avia_textblock'  itemprop=\"text\" ><p><a href=\"https:\/\/l-mobile.com\/fr\/ressources-et-contact\/centre-de-telechargement\/livre-blancs\/\">Retour vers l\u2019aper\u00e7u du livre blanc<\/a><\/p>\n<\/div><\/section><\/p><\/div><\/div><!--close column table wrapper. Autoclose: 1 -->\n","protected":false},"excerpt":{"rendered":"","protected":false},"featured_media":126270,"template":"","meta":{"_acf_changed":false,"content-type":""},"dokumente_formate":[4774],"dokumente_produkt":[3971],"product_brand":[],"product_cat":[2527],"product_tag":[],"class_list":{"0":"post-139480","1":"product","2":"type-product","3":"status-publish","4":"has-post-thumbnail","6":"dokumente_formate-livre-blanc","7":"dokumente_produkt-gestion-numerique-des-services","8":"product_cat-document","10":"first","11":"instock","12":"downloadable","13":"virtual","14":"product-type-simple"},"acf":[],"yoast_head":"<!-- This site is optimized with the Yoast SEO Premium plugin v26.6 (Yoast SEO v26.6) - https:\/\/yoast.com\/wordpress\/plugins\/seo\/ -->\n<title>Livre blanc\u00a0: Une \u00e9quipe gagnante\u00a0: le logiciel Field Service Management et le syst\u00e8me ERP - L-mobile<\/title>\n<meta name=\"description\" content=\"L\u2019essentiel \u00e0 savoir pour connecter le logiciel Field Service Management L-mobile service dans votre syst\u00e8me ERP, comme Proalpha, MS Dynamics et bien d\u2019autres.\" \/>\n<meta name=\"robots\" content=\"index, follow, max-snippet:-1, max-image-preview:large, max-video-preview:-1\" \/>\n<link rel=\"canonical\" href=\"https:\/\/l-mobile.com\/fr\/document\/livre-blanc-une-equipe-gagnante-logiciel-field-service-management-et-systeme-erp\/\" \/>\n<meta property=\"og:locale\" content=\"fr_FR\" \/>\n<meta property=\"og:type\" content=\"article\" \/>\n<meta property=\"og:title\" content=\"Livre blanc\u00a0: Une \u00e9quipe gagnante\u00a0: le logiciel Field Service Management et le syst\u00e8me ERP\" \/>\n<meta property=\"og:url\" content=\"https:\/\/l-mobile.com\/fr\/document\/livre-blanc-une-equipe-gagnante-logiciel-field-service-management-et-systeme-erp\/\" \/>\n<meta property=\"og:site_name\" content=\"L-mobile\" \/>\n<meta property=\"article:publisher\" content=\"https:\/\/www.facebook.com\/lmobilegroup\" \/>\n<meta property=\"article:modified_time\" content=\"2025-09-30T07:59:46+00:00\" \/>\n<meta property=\"og:image\" content=\"https:\/\/l-mobile.com\/wp-content\/uploads\/2025\/05\/Thumbnail_FR.jpg\" \/>\n\t<meta property=\"og:image:width\" content=\"400\" \/>\n\t<meta property=\"og:image:height\" content=\"600\" \/>\n\t<meta property=\"og:image:type\" content=\"image\/jpeg\" \/>\n<meta name=\"twitter:card\" content=\"summary_large_image\" \/>\n<meta name=\"twitter:label1\" content=\"Dur\u00e9e de lecture estim\u00e9e\" \/>\n\t<meta name=\"twitter:data1\" content=\"1 minute\" \/>\n<script type=\"application\/ld+json\" class=\"yoast-schema-graph\">{\"@context\":\"https:\/\/schema.org\",\"@graph\":[{\"@type\":\"WebPage\",\"@id\":\"https:\/\/l-mobile.com\/fr\/document\/livre-blanc-une-equipe-gagnante-logiciel-field-service-management-et-systeme-erp\/\",\"url\":\"https:\/\/l-mobile.com\/fr\/document\/livre-blanc-une-equipe-gagnante-logiciel-field-service-management-et-systeme-erp\/\",\"name\":\"Livre blanc\u00a0: Une \u00e9quipe gagnante\u00a0: le logiciel Field Service Management et le syst\u00e8me ERP - L-mobile\",\"isPartOf\":{\"@id\":\"https:\/\/l-mobile.com\/fr\/#website\"},\"primaryImageOfPage\":{\"@id\":\"https:\/\/l-mobile.com\/fr\/document\/livre-blanc-une-equipe-gagnante-logiciel-field-service-management-et-systeme-erp\/#primaryimage\"},\"image\":{\"@id\":\"https:\/\/l-mobile.com\/fr\/document\/livre-blanc-une-equipe-gagnante-logiciel-field-service-management-et-systeme-erp\/#primaryimage\"},\"thumbnailUrl\":\"https:\/\/l-mobile.com\/wp-content\/uploads\/2025\/05\/Thumbnail_FR.jpg\",\"datePublished\":\"2025-05-15T13:57:41+00:00\",\"dateModified\":\"2025-09-30T07:59:46+00:00\",\"description\":\"L\u2019essentiel \u00e0 savoir pour connecter le logiciel Field Service Management L-mobile service dans votre syst\u00e8me ERP, comme Proalpha, MS Dynamics et bien d\u2019autres.\",\"breadcrumb\":{\"@id\":\"https:\/\/l-mobile.com\/fr\/document\/livre-blanc-une-equipe-gagnante-logiciel-field-service-management-et-systeme-erp\/#breadcrumb\"},\"inLanguage\":\"fr-FR\",\"potentialAction\":[{\"@type\":\"ReadAction\",\"target\":[\"https:\/\/l-mobile.com\/fr\/document\/livre-blanc-une-equipe-gagnante-logiciel-field-service-management-et-systeme-erp\/\"]}]},{\"@type\":\"ImageObject\",\"inLanguage\":\"fr-FR\",\"@id\":\"https:\/\/l-mobile.com\/fr\/document\/livre-blanc-une-equipe-gagnante-logiciel-field-service-management-et-systeme-erp\/#primaryimage\",\"url\":\"https:\/\/l-mobile.com\/wp-content\/uploads\/2025\/05\/Thumbnail_FR.jpg\",\"contentUrl\":\"https:\/\/l-mobile.com\/wp-content\/uploads\/2025\/05\/Thumbnail_FR.jpg\",\"width\":400,\"height\":600,\"caption\":\"Livre blanc Un duo efficace : Le logiciel Field Service Management combin\u00e9 au syst\u00e8me ERP\"},{\"@type\":\"BreadcrumbList\",\"@id\":\"https:\/\/l-mobile.com\/fr\/document\/livre-blanc-une-equipe-gagnante-logiciel-field-service-management-et-systeme-erp\/#breadcrumb\",\"itemListElement\":[{\"@type\":\"ListItem\",\"position\":1,\"name\":\"Startseite\",\"item\":\"https:\/\/l-mobile.com\/fr\/l-mobile-rend-processus-metier-mobiles\/\"},{\"@type\":\"ListItem\",\"position\":2,\"name\":\"Hardware-Shop\",\"item\":\"https:\/\/l-mobile.com\/geschaeftsfelder\/technik\/\"},{\"@type\":\"ListItem\",\"position\":3,\"name\":\"Livre blanc\u00a0: Une \u00e9quipe gagnante\u00a0: le logiciel Field Service Management et le syst\u00e8me ERP\"}]},{\"@type\":\"WebSite\",\"@id\":\"https:\/\/l-mobile.com\/fr\/#website\",\"url\":\"https:\/\/l-mobile.com\/fr\/\",\"name\":\"L-mobile\",\"description\":\"Mobile Softwarel\u00f6sungen\",\"publisher\":{\"@id\":\"https:\/\/l-mobile.com\/fr\/#organization\"},\"potentialAction\":[{\"@type\":\"SearchAction\",\"target\":{\"@type\":\"EntryPoint\",\"urlTemplate\":\"https:\/\/l-mobile.com\/fr\/?s={search_term_string}\"},\"query-input\":{\"@type\":\"PropertyValueSpecification\",\"valueRequired\":true,\"valueName\":\"search_term_string\"}}],\"inLanguage\":\"fr-FR\"},{\"@type\":\"Organization\",\"@id\":\"https:\/\/l-mobile.com\/fr\/#organization\",\"name\":\"L-mobile solutions\",\"url\":\"https:\/\/l-mobile.com\/fr\/\",\"logo\":{\"@type\":\"ImageObject\",\"inLanguage\":\"fr-FR\",\"@id\":\"https:\/\/l-mobile.com\/fr\/#\/schema\/logo\/image\/\",\"url\":\"https:\/\/l-mobile.com\/wp-content\/uploads\/2018\/09\/l-mobile-logo-tab.jpg\",\"contentUrl\":\"https:\/\/l-mobile.com\/wp-content\/uploads\/2018\/09\/l-mobile-logo-tab.jpg\",\"width\":240,\"height\":240,\"caption\":\"L-mobile solutions\"},\"image\":{\"@id\":\"https:\/\/l-mobile.com\/fr\/#\/schema\/logo\/image\/\"},\"sameAs\":[\"https:\/\/www.facebook.com\/lmobilegroup\",\"https:\/\/www.instagram.com\/lmobile_group\/\",\"https:\/\/www.linkedin.com\/company\/1073859\/\",\"https:\/\/www.youtube.com\/user\/LmobileGroup\"]}]}<\/script>\n<!-- \/ Yoast SEO Premium plugin. -->","yoast_head_json":{"title":"Livre blanc\u00a0: Une \u00e9quipe gagnante\u00a0: le logiciel Field Service Management et le syst\u00e8me ERP - L-mobile","description":"L\u2019essentiel \u00e0 savoir pour connecter le logiciel Field Service Management L-mobile service dans votre syst\u00e8me ERP, comme Proalpha, MS Dynamics et bien d\u2019autres.","robots":{"index":"index","follow":"follow","max-snippet":"max-snippet:-1","max-image-preview":"max-image-preview:large","max-video-preview":"max-video-preview:-1"},"canonical":"https:\/\/l-mobile.com\/fr\/document\/livre-blanc-une-equipe-gagnante-logiciel-field-service-management-et-systeme-erp\/","og_locale":"fr_FR","og_type":"article","og_title":"Livre blanc\u00a0: Une \u00e9quipe gagnante\u00a0: le logiciel Field Service Management et le syst\u00e8me ERP","og_url":"https:\/\/l-mobile.com\/fr\/document\/livre-blanc-une-equipe-gagnante-logiciel-field-service-management-et-systeme-erp\/","og_site_name":"L-mobile","article_publisher":"https:\/\/www.facebook.com\/lmobilegroup","article_modified_time":"2025-09-30T07:59:46+00:00","og_image":[{"width":400,"height":600,"url":"https:\/\/l-mobile.com\/wp-content\/uploads\/2025\/05\/Thumbnail_FR.jpg","type":"image\/jpeg"}],"twitter_card":"summary_large_image","twitter_misc":{"Dur\u00e9e de lecture estim\u00e9e":"1 minute"},"schema":{"@context":"https:\/\/schema.org","@graph":[{"@type":"WebPage","@id":"https:\/\/l-mobile.com\/fr\/document\/livre-blanc-une-equipe-gagnante-logiciel-field-service-management-et-systeme-erp\/","url":"https:\/\/l-mobile.com\/fr\/document\/livre-blanc-une-equipe-gagnante-logiciel-field-service-management-et-systeme-erp\/","name":"Livre blanc\u00a0: Une \u00e9quipe gagnante\u00a0: le logiciel Field Service Management et le syst\u00e8me ERP - L-mobile","isPartOf":{"@id":"https:\/\/l-mobile.com\/fr\/#website"},"primaryImageOfPage":{"@id":"https:\/\/l-mobile.com\/fr\/document\/livre-blanc-une-equipe-gagnante-logiciel-field-service-management-et-systeme-erp\/#primaryimage"},"image":{"@id":"https:\/\/l-mobile.com\/fr\/document\/livre-blanc-une-equipe-gagnante-logiciel-field-service-management-et-systeme-erp\/#primaryimage"},"thumbnailUrl":"https:\/\/l-mobile.com\/wp-content\/uploads\/2025\/05\/Thumbnail_FR.jpg","datePublished":"2025-05-15T13:57:41+00:00","dateModified":"2025-09-30T07:59:46+00:00","description":"L\u2019essentiel \u00e0 savoir pour connecter le logiciel Field Service Management L-mobile service dans votre syst\u00e8me ERP, comme Proalpha, MS Dynamics et bien d\u2019autres.","breadcrumb":{"@id":"https:\/\/l-mobile.com\/fr\/document\/livre-blanc-une-equipe-gagnante-logiciel-field-service-management-et-systeme-erp\/#breadcrumb"},"inLanguage":"fr-FR","potentialAction":[{"@type":"ReadAction","target":["https:\/\/l-mobile.com\/fr\/document\/livre-blanc-une-equipe-gagnante-logiciel-field-service-management-et-systeme-erp\/"]}]},{"@type":"ImageObject","inLanguage":"fr-FR","@id":"https:\/\/l-mobile.com\/fr\/document\/livre-blanc-une-equipe-gagnante-logiciel-field-service-management-et-systeme-erp\/#primaryimage","url":"https:\/\/l-mobile.com\/wp-content\/uploads\/2025\/05\/Thumbnail_FR.jpg","contentUrl":"https:\/\/l-mobile.com\/wp-content\/uploads\/2025\/05\/Thumbnail_FR.jpg","width":400,"height":600,"caption":"Livre blanc Un duo efficace : Le logiciel Field Service Management combin\u00e9 au syst\u00e8me ERP"},{"@type":"BreadcrumbList","@id":"https:\/\/l-mobile.com\/fr\/document\/livre-blanc-une-equipe-gagnante-logiciel-field-service-management-et-systeme-erp\/#breadcrumb","itemListElement":[{"@type":"ListItem","position":1,"name":"Startseite","item":"https:\/\/l-mobile.com\/fr\/l-mobile-rend-processus-metier-mobiles\/"},{"@type":"ListItem","position":2,"name":"Hardware-Shop","item":"https:\/\/l-mobile.com\/geschaeftsfelder\/technik\/"},{"@type":"ListItem","position":3,"name":"Livre blanc\u00a0: Une \u00e9quipe gagnante\u00a0: le logiciel Field Service Management et le syst\u00e8me ERP"}]},{"@type":"WebSite","@id":"https:\/\/l-mobile.com\/fr\/#website","url":"https:\/\/l-mobile.com\/fr\/","name":"L-mobile","description":"Mobile Softwarel\u00f6sungen","publisher":{"@id":"https:\/\/l-mobile.com\/fr\/#organization"},"potentialAction":[{"@type":"SearchAction","target":{"@type":"EntryPoint","urlTemplate":"https:\/\/l-mobile.com\/fr\/?s={search_term_string}"},"query-input":{"@type":"PropertyValueSpecification","valueRequired":true,"valueName":"search_term_string"}}],"inLanguage":"fr-FR"},{"@type":"Organization","@id":"https:\/\/l-mobile.com\/fr\/#organization","name":"L-mobile solutions","url":"https:\/\/l-mobile.com\/fr\/","logo":{"@type":"ImageObject","inLanguage":"fr-FR","@id":"https:\/\/l-mobile.com\/fr\/#\/schema\/logo\/image\/","url":"https:\/\/l-mobile.com\/wp-content\/uploads\/2018\/09\/l-mobile-logo-tab.jpg","contentUrl":"https:\/\/l-mobile.com\/wp-content\/uploads\/2018\/09\/l-mobile-logo-tab.jpg","width":240,"height":240,"caption":"L-mobile solutions"},"image":{"@id":"https:\/\/l-mobile.com\/fr\/#\/schema\/logo\/image\/"},"sameAs":["https:\/\/www.facebook.com\/lmobilegroup","https:\/\/www.instagram.com\/lmobile_group\/","https:\/\/www.linkedin.com\/company\/1073859\/","https:\/\/www.youtube.com\/user\/LmobileGroup"]}]}},"publishpress_future_workflow_manual_trigger":{"enabledWorkflows":[]},"_links":{"self":[{"href":"https:\/\/l-mobile.com\/fr\/wp-json\/wp\/v2\/product\/139480","targetHints":{"allow":["GET"]}}],"collection":[{"href":"https:\/\/l-mobile.com\/fr\/wp-json\/wp\/v2\/product"}],"about":[{"href":"https:\/\/l-mobile.com\/fr\/wp-json\/wp\/v2\/types\/product"}],"wp:featuredmedia":[{"embeddable":true,"href":"https:\/\/l-mobile.com\/fr\/wp-json\/wp\/v2\/media\/126270"}],"wp:attachment":[{"href":"https:\/\/l-mobile.com\/fr\/wp-json\/wp\/v2\/media?parent=139480"}],"wp:term":[{"taxonomy":"dokumente_formate","embeddable":true,"href":"https:\/\/l-mobile.com\/fr\/wp-json\/wp\/v2\/dokumente_formate?post=139480"},{"taxonomy":"dokumente_produkt","embeddable":true,"href":"https:\/\/l-mobile.com\/fr\/wp-json\/wp\/v2\/dokumente_produkt?post=139480"},{"taxonomy":"product_brand","embeddable":true,"href":"https:\/\/l-mobile.com\/fr\/wp-json\/wp\/v2\/product_brand?post=139480"},{"taxonomy":"product_cat","embeddable":true,"href":"https:\/\/l-mobile.com\/fr\/wp-json\/wp\/v2\/product_cat?post=139480"},{"taxonomy":"product_tag","embeddable":true,"href":"https:\/\/l-mobile.com\/fr\/wp-json\/wp\/v2\/product_tag?post=139480"}],"curies":[{"name":"wp","href":"https:\/\/api.w.org\/{rel}","templated":true}]}}