{"id":130810,"date":"2023-08-17T16:29:47","date_gmt":"2024-06-11T12:44:15","guid":{"rendered":"https:\/\/l-mobile.com\/?post_type=product&#038;p=130810"},"modified":"2024-06-11T14:44:16","modified_gmt":"2024-06-11T12:44:16","slug":"brochure-l-mobile-marquage-d-entrepot","status":"publish","type":"product","link":"https:\/\/l-mobile.com\/fr\/document\/brochure-l-mobile-marquage-d-entrepot\/","title":{"rendered":"Brochure \u2013 Le marquage d&#8217;entrep\u00f4t L-mobile"},"content":{"rendered":"<div id='av_section_1'  class='avia-section av-2e1ay76-c80855f26f224ed57887eb40a8cedb58 main_color avia-section-default avia-no-border-styling  avia-builder-el-0  avia-builder-el-no-sibling  avia-bg-style-scroll container_wrap fullsize'  ><div class='container av-section-cont-open' ><main  role=\"main\" itemprop=\"mainContentOfPage\"  class='template-page content  av-content-full alpha units'><div class='post-entry post-entry-type-page post-entry-130810'><div class='entry-content-wrapper clearfix'>\n<div class='flex_column_table av-22knete-e435146051a9383d23250016772e2b85 sc-av_one_fourth av-equal-height-column-flextable'>\n<style type=\"text\/css\" data-created_by=\"avia_inline_auto\" id=\"style-css-av-22knete-e435146051a9383d23250016772e2b85\">\n.flex_column.av-22knete-e435146051a9383d23250016772e2b85{\nborder-radius:0px 0px 0px 0px;\npadding:0px 0px 0px 0px;\n}\n<\/style>\n<div  class='flex_column av-22knete-e435146051a9383d23250016772e2b85 av_one_fourth  avia-builder-el-1  el_before_av_three_fourth  avia-builder-el-first  lmwooimg first flex_column_table_cell av-equal-height-column av-align-top av-zero-column-padding  '     ><section  class='av_textblock_section av-kxhalowr-34866ccbe4c58c7dbecddaaaf51233c8 '   itemscope=\"itemscope\" itemtype=\"https:\/\/schema.org\/CreativeWork\" ><div class='avia_textblock'  itemprop=\"text\" >\n<\/div><\/section><\/div><div class='av-flex-placeholder'><\/div>\n<style type=\"text\/css\" data-created_by=\"avia_inline_auto\" id=\"style-css-av-1row6rm-3bcd14320daa195fa9532a17a7629026\">\n.flex_column.av-1row6rm-3bcd14320daa195fa9532a17a7629026{\nborder-radius:0px 0px 0px 0px;\npadding:0px 0px 0px 0px;\n}\n<\/style>\n<div  class='flex_column av-1row6rm-3bcd14320daa195fa9532a17a7629026 av_three_fourth  avia-builder-el-3  el_after_av_one_fourth  avia-builder-el-last  lmwoodesc lmwoocart lmh1 flex_column_table_cell av-equal-height-column av-align-top av-zero-column-padding  '     ><section  class='av_textblock_section av-kxhalowr-1-de16dd41de083880fd31866f8c8f2754 '   itemscope=\"itemscope\" itemtype=\"https:\/\/schema.org\/CreativeWork\" ><div class='avia_textblock'  itemprop=\"text\" ><h1>Brochure \u2013 Le marquage d&#8217;entrep\u00f4t L-mobile<\/h1>\n<\/div><\/section><br \/>\n<section  class='av_textblock_section av-kxg4vsig-1597aa9acef63db287cb6b0f599d1ee8 '   itemscope=\"itemscope\" itemtype=\"https:\/\/schema.org\/CreativeWork\" ><div class='avia_textblock'  itemprop=\"text\" ><p>Optimisez votre entrep\u00f4t avec le <strong>marquage d&#8217;entrep\u00f4t<\/strong> adapt\u00e9 et l&#8217;<strong>\u00e9tiquetage de rayonnage<\/strong> de L-mobile. Avec le marquage d&#8217;entrep\u00f4t appropri\u00e9, vous cr\u00e9ez des <strong>enregistrements de marchandises fiables<\/strong> et une <strong>m\u00e9thode de travail structur\u00e9e et transparente<\/strong> dans l&#8217;entrep\u00f4t.<\/p>\n<p>L-mobile vous guide dans les <strong>diff\u00e9rents types de marquage d&#8217;entrep\u00f4t<\/strong> et est \u00e0 votre \u00e9coute pour r\u00e9pondre \u00e0 vos demandes. D\u00e9couvrez dans notre <strong>brochure<\/strong> succincte quelle valeur ajout\u00e9e vous offre notre \u00e9tiquetage des bacs de stockage, quels types d&#8217;\u00e9tiquettes sont disponibles et comment nous pouvons vous <strong>conseiller<\/strong> \u00e0 ce sujet.<\/p>\n<\/div><\/section><br \/>\n<div  class='avia-button-wrap av-kxgchy2q-94347161da0d1bc6c396370a4620be44-wrap avia-button-right  avia-builder-el-6  el_after_av_textblock  avia-builder-el-last  force-download'><a href='https:\/\/l-mobile.com\/wp-content\/uploads\/2024\/06\/Brochure_Marquage-de-lentrepot_2023.pdf'  class='avia-button av-kxgchy2q-94347161da0d1bc6c396370a4620be44 av-link-btn avia-icon_select-yes-left-icon avia-size-large avia-position-right avia-color-theme-color'   aria-label=\"T\u00e9l\u00e9charger\"><span class='avia_button_icon avia_button_icon_left avia-iconfont avia-font-entypo-fontello' data-av_icon='\ue82d' data-av_iconfont='entypo-fontello' ><\/span><span class='avia_iconbox_title' >T\u00e9l\u00e9charger<\/span><\/a><\/div><\/p><\/div><\/div><!--close column table wrapper. Autoclose: 1 -->\n","protected":false},"excerpt":{"rendered":"","protected":false},"featured_media":124064,"template":"","meta":{"_acf_changed":false,"content-type":""},"dokumente_formate":[4107],"dokumente_produkt":[3976],"product_brand":[],"product_cat":[2527],"product_tag":[],"class_list":{"0":"post-130810","1":"product","2":"type-product","3":"status-publish","4":"has-post-thumbnail","6":"dokumente_formate-brochure","7":"dokumente_produkt-logistique-numerique-dentrepot","8":"product_cat-document","10":"first","11":"instock","12":"downloadable","13":"virtual","14":"purchasable","15":"product-type-simple"},"acf":[],"yoast_head":"<!-- This site is optimized with the Yoast SEO Premium plugin v26.6 (Yoast SEO v26.6) - https:\/\/yoast.com\/wordpress\/plugins\/seo\/ -->\n<title>Brochure \u2013 Le marquage d&#039;entrep\u00f4t L-mobile - L-mobile<\/title>\n<meta name=\"description\" content=\"L-mobile vous propose plusieurs types de marquage d&#039;entrep\u00f4t afin d&#039;enregistrer vos marchandises de fa\u00e7on s\u00fbre et optimis\u00e9e.\" \/>\n<meta name=\"robots\" content=\"index, follow, max-snippet:-1, max-image-preview:large, max-video-preview:-1\" \/>\n<link rel=\"canonical\" href=\"https:\/\/l-mobile.com\/fr\/document\/brochure-l-mobile-marquage-d-entrepot\/\" \/>\n<meta property=\"og:locale\" content=\"fr_FR\" \/>\n<meta property=\"og:type\" content=\"article\" \/>\n<meta property=\"og:title\" content=\"Brochure \u2013 Le marquage d&#039;entrep\u00f4t L-mobile\" \/>\n<meta property=\"og:url\" content=\"https:\/\/l-mobile.com\/fr\/document\/brochure-l-mobile-marquage-d-entrepot\/\" \/>\n<meta property=\"og:site_name\" content=\"L-mobile\" \/>\n<meta property=\"article:publisher\" content=\"https:\/\/www.facebook.com\/lmobilegroup\" \/>\n<meta property=\"article:modified_time\" content=\"2024-06-11T12:44:16+00:00\" \/>\n<meta property=\"og:image\" content=\"https:\/\/l-mobile.com\/wp-content\/uploads\/2024\/06\/Brochure_Marquage-de-lentrepot_2023-400x600px.jpg\" \/>\n\t<meta property=\"og:image:width\" content=\"400\" \/>\n\t<meta property=\"og:image:height\" content=\"600\" \/>\n\t<meta property=\"og:image:type\" content=\"image\/jpeg\" \/>\n<meta name=\"twitter:card\" content=\"summary_large_image\" \/>\n<meta name=\"twitter:label1\" content=\"Dur\u00e9e de lecture estim\u00e9e\" \/>\n\t<meta name=\"twitter:data1\" content=\"1 minute\" \/>\n<script type=\"application\/ld+json\" class=\"yoast-schema-graph\">{\"@context\":\"https:\/\/schema.org\",\"@graph\":[{\"@type\":\"WebPage\",\"@id\":\"https:\/\/l-mobile.com\/fr\/document\/brochure-l-mobile-marquage-d-entrepot\/\",\"url\":\"https:\/\/l-mobile.com\/fr\/document\/brochure-l-mobile-marquage-d-entrepot\/\",\"name\":\"Brochure \u2013 Le marquage d'entrep\u00f4t L-mobile - L-mobile\",\"isPartOf\":{\"@id\":\"https:\/\/l-mobile.com\/fr\/#website\"},\"primaryImageOfPage\":{\"@id\":\"https:\/\/l-mobile.com\/fr\/document\/brochure-l-mobile-marquage-d-entrepot\/#primaryimage\"},\"image\":{\"@id\":\"https:\/\/l-mobile.com\/fr\/document\/brochure-l-mobile-marquage-d-entrepot\/#primaryimage\"},\"thumbnailUrl\":\"https:\/\/l-mobile.com\/wp-content\/uploads\/2024\/06\/Brochure_Marquage-de-lentrepot_2023-400x600px.jpg\",\"datePublished\":\"2024-06-11T12:44:15+00:00\",\"dateModified\":\"2024-06-11T12:44:16+00:00\",\"description\":\"L-mobile vous propose plusieurs types de marquage d'entrep\u00f4t afin d'enregistrer vos marchandises de fa\u00e7on s\u00fbre et optimis\u00e9e.\",\"breadcrumb\":{\"@id\":\"https:\/\/l-mobile.com\/fr\/document\/brochure-l-mobile-marquage-d-entrepot\/#breadcrumb\"},\"inLanguage\":\"fr-FR\",\"potentialAction\":[{\"@type\":\"ReadAction\",\"target\":[\"https:\/\/l-mobile.com\/fr\/document\/brochure-l-mobile-marquage-d-entrepot\/\"]}]},{\"@type\":\"ImageObject\",\"inLanguage\":\"fr-FR\",\"@id\":\"https:\/\/l-mobile.com\/fr\/document\/brochure-l-mobile-marquage-d-entrepot\/#primaryimage\",\"url\":\"https:\/\/l-mobile.com\/wp-content\/uploads\/2024\/06\/Brochure_Marquage-de-lentrepot_2023-400x600px.jpg\",\"contentUrl\":\"https:\/\/l-mobile.com\/wp-content\/uploads\/2024\/06\/Brochure_Marquage-de-lentrepot_2023-400x600px.jpg\",\"width\":400,\"height\":600,\"caption\":\"Flyer - L-mobile Lagerkennzeichnung\"},{\"@type\":\"BreadcrumbList\",\"@id\":\"https:\/\/l-mobile.com\/fr\/document\/brochure-l-mobile-marquage-d-entrepot\/#breadcrumb\",\"itemListElement\":[{\"@type\":\"ListItem\",\"position\":1,\"name\":\"Startseite\",\"item\":\"https:\/\/l-mobile.com\/fr\/l-mobile-rend-processus-metier-mobiles\/\"},{\"@type\":\"ListItem\",\"position\":2,\"name\":\"Hardware-Shop\",\"item\":\"https:\/\/l-mobile.com\/geschaeftsfelder\/technik\/\"},{\"@type\":\"ListItem\",\"position\":3,\"name\":\"Brochure \u2013 Le marquage d&#8217;entrep\u00f4t L-mobile\"}]},{\"@type\":\"WebSite\",\"@id\":\"https:\/\/l-mobile.com\/fr\/#website\",\"url\":\"https:\/\/l-mobile.com\/fr\/\",\"name\":\"L-mobile\",\"description\":\"Mobile Softwarel\u00f6sungen\",\"publisher\":{\"@id\":\"https:\/\/l-mobile.com\/fr\/#organization\"},\"potentialAction\":[{\"@type\":\"SearchAction\",\"target\":{\"@type\":\"EntryPoint\",\"urlTemplate\":\"https:\/\/l-mobile.com\/fr\/?s={search_term_string}\"},\"query-input\":{\"@type\":\"PropertyValueSpecification\",\"valueRequired\":true,\"valueName\":\"search_term_string\"}}],\"inLanguage\":\"fr-FR\"},{\"@type\":\"Organization\",\"@id\":\"https:\/\/l-mobile.com\/fr\/#organization\",\"name\":\"L-mobile solutions\",\"url\":\"https:\/\/l-mobile.com\/fr\/\",\"logo\":{\"@type\":\"ImageObject\",\"inLanguage\":\"fr-FR\",\"@id\":\"https:\/\/l-mobile.com\/fr\/#\/schema\/logo\/image\/\",\"url\":\"https:\/\/l-mobile.com\/wp-content\/uploads\/2018\/09\/l-mobile-logo-tab.jpg\",\"contentUrl\":\"https:\/\/l-mobile.com\/wp-content\/uploads\/2018\/09\/l-mobile-logo-tab.jpg\",\"width\":240,\"height\":240,\"caption\":\"L-mobile solutions\"},\"image\":{\"@id\":\"https:\/\/l-mobile.com\/fr\/#\/schema\/logo\/image\/\"},\"sameAs\":[\"https:\/\/www.facebook.com\/lmobilegroup\",\"https:\/\/www.instagram.com\/lmobile_group\/\",\"https:\/\/www.linkedin.com\/company\/1073859\/\",\"https:\/\/www.youtube.com\/user\/LmobileGroup\"]}]}<\/script>\n<!-- \/ Yoast SEO Premium plugin. -->","yoast_head_json":{"title":"Brochure \u2013 Le marquage d'entrep\u00f4t L-mobile - L-mobile","description":"L-mobile vous propose plusieurs types de marquage d'entrep\u00f4t afin d'enregistrer vos marchandises de fa\u00e7on s\u00fbre et optimis\u00e9e.","robots":{"index":"index","follow":"follow","max-snippet":"max-snippet:-1","max-image-preview":"max-image-preview:large","max-video-preview":"max-video-preview:-1"},"canonical":"https:\/\/l-mobile.com\/fr\/document\/brochure-l-mobile-marquage-d-entrepot\/","og_locale":"fr_FR","og_type":"article","og_title":"Brochure \u2013 Le marquage d'entrep\u00f4t L-mobile","og_url":"https:\/\/l-mobile.com\/fr\/document\/brochure-l-mobile-marquage-d-entrepot\/","og_site_name":"L-mobile","article_publisher":"https:\/\/www.facebook.com\/lmobilegroup","article_modified_time":"2024-06-11T12:44:16+00:00","og_image":[{"width":400,"height":600,"url":"https:\/\/l-mobile.com\/wp-content\/uploads\/2024\/06\/Brochure_Marquage-de-lentrepot_2023-400x600px.jpg","type":"image\/jpeg"}],"twitter_card":"summary_large_image","twitter_misc":{"Dur\u00e9e de lecture estim\u00e9e":"1 minute"},"schema":{"@context":"https:\/\/schema.org","@graph":[{"@type":"WebPage","@id":"https:\/\/l-mobile.com\/fr\/document\/brochure-l-mobile-marquage-d-entrepot\/","url":"https:\/\/l-mobile.com\/fr\/document\/brochure-l-mobile-marquage-d-entrepot\/","name":"Brochure \u2013 Le marquage d'entrep\u00f4t L-mobile - L-mobile","isPartOf":{"@id":"https:\/\/l-mobile.com\/fr\/#website"},"primaryImageOfPage":{"@id":"https:\/\/l-mobile.com\/fr\/document\/brochure-l-mobile-marquage-d-entrepot\/#primaryimage"},"image":{"@id":"https:\/\/l-mobile.com\/fr\/document\/brochure-l-mobile-marquage-d-entrepot\/#primaryimage"},"thumbnailUrl":"https:\/\/l-mobile.com\/wp-content\/uploads\/2024\/06\/Brochure_Marquage-de-lentrepot_2023-400x600px.jpg","datePublished":"2024-06-11T12:44:15+00:00","dateModified":"2024-06-11T12:44:16+00:00","description":"L-mobile vous propose plusieurs types de marquage d'entrep\u00f4t afin d'enregistrer vos marchandises de fa\u00e7on s\u00fbre et optimis\u00e9e.","breadcrumb":{"@id":"https:\/\/l-mobile.com\/fr\/document\/brochure-l-mobile-marquage-d-entrepot\/#breadcrumb"},"inLanguage":"fr-FR","potentialAction":[{"@type":"ReadAction","target":["https:\/\/l-mobile.com\/fr\/document\/brochure-l-mobile-marquage-d-entrepot\/"]}]},{"@type":"ImageObject","inLanguage":"fr-FR","@id":"https:\/\/l-mobile.com\/fr\/document\/brochure-l-mobile-marquage-d-entrepot\/#primaryimage","url":"https:\/\/l-mobile.com\/wp-content\/uploads\/2024\/06\/Brochure_Marquage-de-lentrepot_2023-400x600px.jpg","contentUrl":"https:\/\/l-mobile.com\/wp-content\/uploads\/2024\/06\/Brochure_Marquage-de-lentrepot_2023-400x600px.jpg","width":400,"height":600,"caption":"Flyer - L-mobile Lagerkennzeichnung"},{"@type":"BreadcrumbList","@id":"https:\/\/l-mobile.com\/fr\/document\/brochure-l-mobile-marquage-d-entrepot\/#breadcrumb","itemListElement":[{"@type":"ListItem","position":1,"name":"Startseite","item":"https:\/\/l-mobile.com\/fr\/l-mobile-rend-processus-metier-mobiles\/"},{"@type":"ListItem","position":2,"name":"Hardware-Shop","item":"https:\/\/l-mobile.com\/geschaeftsfelder\/technik\/"},{"@type":"ListItem","position":3,"name":"Brochure \u2013 Le marquage d&#8217;entrep\u00f4t L-mobile"}]},{"@type":"WebSite","@id":"https:\/\/l-mobile.com\/fr\/#website","url":"https:\/\/l-mobile.com\/fr\/","name":"L-mobile","description":"Mobile Softwarel\u00f6sungen","publisher":{"@id":"https:\/\/l-mobile.com\/fr\/#organization"},"potentialAction":[{"@type":"SearchAction","target":{"@type":"EntryPoint","urlTemplate":"https:\/\/l-mobile.com\/fr\/?s={search_term_string}"},"query-input":{"@type":"PropertyValueSpecification","valueRequired":true,"valueName":"search_term_string"}}],"inLanguage":"fr-FR"},{"@type":"Organization","@id":"https:\/\/l-mobile.com\/fr\/#organization","name":"L-mobile solutions","url":"https:\/\/l-mobile.com\/fr\/","logo":{"@type":"ImageObject","inLanguage":"fr-FR","@id":"https:\/\/l-mobile.com\/fr\/#\/schema\/logo\/image\/","url":"https:\/\/l-mobile.com\/wp-content\/uploads\/2018\/09\/l-mobile-logo-tab.jpg","contentUrl":"https:\/\/l-mobile.com\/wp-content\/uploads\/2018\/09\/l-mobile-logo-tab.jpg","width":240,"height":240,"caption":"L-mobile solutions"},"image":{"@id":"https:\/\/l-mobile.com\/fr\/#\/schema\/logo\/image\/"},"sameAs":["https:\/\/www.facebook.com\/lmobilegroup","https:\/\/www.instagram.com\/lmobile_group\/","https:\/\/www.linkedin.com\/company\/1073859\/","https:\/\/www.youtube.com\/user\/LmobileGroup"]}]}},"publishpress_future_workflow_manual_trigger":{"enabledWorkflows":[]},"_links":{"self":[{"href":"https:\/\/l-mobile.com\/fr\/wp-json\/wp\/v2\/product\/130810","targetHints":{"allow":["GET"]}}],"collection":[{"href":"https:\/\/l-mobile.com\/fr\/wp-json\/wp\/v2\/product"}],"about":[{"href":"https:\/\/l-mobile.com\/fr\/wp-json\/wp\/v2\/types\/product"}],"wp:featuredmedia":[{"embeddable":true,"href":"https:\/\/l-mobile.com\/fr\/wp-json\/wp\/v2\/media\/124064"}],"wp:attachment":[{"href":"https:\/\/l-mobile.com\/fr\/wp-json\/wp\/v2\/media?parent=130810"}],"wp:term":[{"taxonomy":"dokumente_formate","embeddable":true,"href":"https:\/\/l-mobile.com\/fr\/wp-json\/wp\/v2\/dokumente_formate?post=130810"},{"taxonomy":"dokumente_produkt","embeddable":true,"href":"https:\/\/l-mobile.com\/fr\/wp-json\/wp\/v2\/dokumente_produkt?post=130810"},{"taxonomy":"product_brand","embeddable":true,"href":"https:\/\/l-mobile.com\/fr\/wp-json\/wp\/v2\/product_brand?post=130810"},{"taxonomy":"product_cat","embeddable":true,"href":"https:\/\/l-mobile.com\/fr\/wp-json\/wp\/v2\/product_cat?post=130810"},{"taxonomy":"product_tag","embeddable":true,"href":"https:\/\/l-mobile.com\/fr\/wp-json\/wp\/v2\/product_tag?post=130810"}],"curies":[{"name":"wp","href":"https:\/\/api.w.org\/{rel}","templated":true}]}}