{"id":129542,"date":"2022-12-07T12:41:35","date_gmt":"2022-12-07T11:41:35","guid":{"rendered":"https:\/\/l-mobile.com\/?post_type=product&#038;p=129542"},"modified":"2025-08-19T13:50:53","modified_gmt":"2025-08-19T11:50:53","slug":"gestion-numerique-des-interventions-avec-l-mobile-field-service","status":"publish","type":"product","link":"https:\/\/l-mobile.com\/fr\/on-demand-webcast-fr\/gestion-numerique-des-interventions-avec-l-mobile-field-service\/","title":{"rendered":"Gestion num\u00e9rique des interventions avec L-mobile Field Service"},"content":{"rendered":"\n<style type=\"text\/css\" data-created_by=\"avia_inline_auto\" id=\"style-css-av-av_section-3170482739f182f0a14b0a1ab760d239\">\n.avia-section.av-av_section-3170482739f182f0a14b0a1ab760d239{\nbackground-repeat:no-repeat;\nbackground-image:url(https:\/\/l-mobile.com\/wp-content\/uploads\/2019\/11\/service-days-kalender.jpg);\nbackground-position:50% 50%;\nbackground-attachment:scroll;\n}\n<\/style>\n<div id='av_section_1'  class='avia-section av-av_section-3170482739f182f0a14b0a1ab760d239 main_color avia-section-default avia-shadow  avia-builder-el-0  avia-builder-el-no-sibling  lmhf avia-full-stretch avia-bg-style-scroll av-minimum-height av-minimum-height-100 av-height-100  container_wrap fullsize'  data-section-bg-repeat='stretch' data-av_minimum_height_pc='100' data-av_min_height_opt='100'><div class='container av-section-cont-open' ><main  role=\"main\" itemprop=\"mainContentOfPage\"  class='template-page content  av-content-full alpha units'><div class='post-entry post-entry-type-page post-entry-129542'><div class='entry-content-wrapper clearfix'>\n<div class='flex_column_table av-av_one_half-c1380ae95f6ac09454f30ad66f983b7f sc-av_one_half av-break-at-tablet-flextable av-equal-height-column-flextable'>\n<style type=\"text\/css\" data-created_by=\"avia_inline_auto\" id=\"style-css-av-av_one_half-c1380ae95f6ac09454f30ad66f983b7f\">\n.flex_column.av-av_one_half-c1380ae95f6ac09454f30ad66f983b7f{\nborder-radius:0px 0px 0px 0px;\npadding:30px 50px 30px 50px;\nbackground-color:rgba(0,154,205,0.95);\n}\n<\/style>\n<div  class='flex_column av-av_one_half-c1380ae95f6ac09454f30ad66f983b7f av_one_half  avia-builder-el-1  el_before_av_one_half  avia-builder-el-first  lmh1w first no_margin av-break-at-tablet flex_column_table_cell av-equal-height-column av-align-middle  '     ><p>\n<style type=\"text\/css\" data-created_by=\"avia_inline_auto\" id=\"style-css-av-lv6r8dgr-0c69e7aeb965c6aaad0b03e40889eea8\">\n#top .av-special-heading.av-lv6r8dgr-0c69e7aeb965c6aaad0b03e40889eea8{\npadding-bottom:10px;\ncolor:#ffffff;\n}\nbody .av-special-heading.av-lv6r8dgr-0c69e7aeb965c6aaad0b03e40889eea8 .av-special-heading-tag .heading-char{\nfont-size:25px;\n}\n.av-special-heading.av-lv6r8dgr-0c69e7aeb965c6aaad0b03e40889eea8 .special-heading-inner-border{\nborder-color:#ffffff;\n}\n.av-special-heading.av-lv6r8dgr-0c69e7aeb965c6aaad0b03e40889eea8 .av-subheading{\nfont-size:15px;\n}\n<\/style>\n<div  class='av-special-heading av-lv6r8dgr-0c69e7aeb965c6aaad0b03e40889eea8 av-special-heading-h1 custom-color-heading blockquote modern-quote modern-centered  avia-builder-el-2  el_before_av_hr  avia-builder-el-first '><h1 class='av-special-heading-tag '  itemprop=\"headline\"  >Gestion num\u00e9rique des interventions avec L-mobile Field Service<\/h1><div class=\"special-heading-border\"><div class=\"special-heading-inner-border\"><\/div><\/div><\/div><br \/>\n\n<style type=\"text\/css\" data-created_by=\"avia_inline_auto\" id=\"style-css-av-av_hr-e91f8fbe81134c228cc94df0c2ea3da0\">\n#top .hr.hr-invisible.av-av_hr-e91f8fbe81134c228cc94df0c2ea3da0{\nheight:30px;\n}\n<\/style>\n<div  class='hr av-av_hr-e91f8fbe81134c228cc94df0c2ea3da0 hr-invisible  avia-builder-el-3  el_after_av_heading  el_before_av_textblock '><span class='hr-inner '><span class=\"hr-inner-style\"><\/span><\/span><\/div><br \/>\n<section  class='av_textblock_section av-lv6r8rsl-730e914bf76a4bfa4e11e061287297f1 '   itemscope=\"itemscope\" itemtype=\"https:\/\/schema.org\/CreativeWork\" ><div class='avia_textblock'  itemprop=\"text\" ><div class=\"videohintergrund-js-22\">\n<div class=\"youtube-player-22\">\n<div class='avia-iframe-wrap'><iframe loading=\"lazy\" title=\"Gestion num\u00e9rique des interventions avec L-mobile service | D\u00e9mo\" width=\"1500\" height=\"844\" src=\"https:\/\/www.youtube-nocookie.com\/embed\/zBPw8GGoIO0?feature=oembed\" frameborder=\"0\" allow=\"accelerometer; autoplay; clipboard-write; encrypted-media; gyroscope; picture-in-picture; web-share\" referrerpolicy=\"strict-origin-when-cross-origin\" allowfullscreen><\/iframe><\/div>\n<\/div>\n<\/div>\n<\/div><\/section><br \/>\n\n<style type=\"text\/css\" data-created_by=\"avia_inline_auto\" id=\"style-css-av-av_hr-e91f8fbe81134c228cc94df0c2ea3da0\">\n#top .hr.hr-invisible.av-av_hr-e91f8fbe81134c228cc94df0c2ea3da0{\nheight:30px;\n}\n<\/style>\n<div  class='hr av-av_hr-e91f8fbe81134c228cc94df0c2ea3da0 hr-invisible  avia-builder-el-5  el_after_av_textblock  avia-builder-el-last '><span class='hr-inner '><span class=\"hr-inner-style\"><\/span><\/span><\/div><\/p><\/div>\n<style type=\"text\/css\" data-created_by=\"avia_inline_auto\" id=\"style-css-av-av_one_half-ce9887f82d055712c06e16497311d5b5\">\n.flex_column.av-av_one_half-ce9887f82d055712c06e16497311d5b5{\nborder-radius:0px 0px 0px 0px;\npadding:0px 30px 0px 30px;\nbackground-color:rgba(0,154,205,0.95);\n}\n<\/style>\n<div  class='flex_column av-av_one_half-ce9887f82d055712c06e16497311d5b5 av_one_half  avia-builder-el-6  el_after_av_one_half  avia-builder-el-last  lmprw no_margin av-break-at-tablet flex_column_table_cell av-equal-height-column av-align-middle  '     ><div class='av-woo-product-tabs av-av_product_tabs-f73a11ccd29996a2a11249d534554c23 av-woo-product-review product  avia-builder-el-7  avia-builder-el-no-sibling '>\n\t<div class=\"woocommerce-tabs wc-tabs-wrapper\">\n\t\t<ul class=\"tabs wc-tabs\" role=\"tablist\">\n\t\t\t\t\t\t\t<li role=\"presentation\" class=\"demander-maintenant_tab\" id=\"tab-title-demander-maintenant\">\n\t\t\t\t\t<a href=\"#tab-demander-maintenant\" role=\"tab\" aria-controls=\"tab-demander-maintenant\">\n\t\t\t\t\t\tDemander maintenant\t\t\t\t\t<\/a>\n\t\t\t\t<\/li>\n\t\t\t\t\t\t\t<li role=\"presentation\" class=\"plus-dinformations_tab\" id=\"tab-title-plus-dinformations\">\n\t\t\t\t\t<a href=\"#tab-plus-dinformations\" role=\"tab\" aria-controls=\"tab-plus-dinformations\">\n\t\t\t\t\t\tPlus d'informations\t\t\t\t\t<\/a>\n\t\t\t\t<\/li>\n\t\t\t\t\t<\/ul>\n\t\t\t\t\t<div class=\"woocommerce-Tabs-panel woocommerce-Tabs-panel--demander-maintenant panel entry-content wc-tab\" id=\"tab-demander-maintenant\" role=\"tabpanel\" aria-labelledby=\"tab-title-demander-maintenant\">\n\t\t\t\t<h2 class=\"yikes-custom-woo-tab-title yikes-custom-woo-tab-title-demander-maintenant\">Demander maintenant<\/h2>\n\t\t\t\t\t\t<script>\n\t\t\t\t\t\t\twindow.hsFormsOnReady = window.hsFormsOnReady || [];\n\t\t\t\t\t\t\twindow.hsFormsOnReady.push(()=>{\n\t\t\t\t\t\t\t\thbspt.forms.create({\n\t\t\t\t\t\t\t\t\tportalId: 26475206,\n\t\t\t\t\t\t\t\t\tformId: \"2b311f77-8be2-4852-ae5b-2fa619d4c583\",\n\t\t\t\t\t\t\t\t\ttarget: \"#hbspt-form-1778055333000-9288579913\",\n\t\t\t\t\t\t\t\t\tregion: \"eu1\",\n\t\t\t\t\t\t\t\t\t\n\t\t\t\t\t\t\t})});\n\t\t\t\t\t\t<\/script>\n\t\t\t\t\t\t<div class=\"hbspt-form\" id=\"hbspt-form-1778055333000-9288579913\"><\/div>\n\t\t\t<\/div>\n\t\t\t\t\t<div class=\"woocommerce-Tabs-panel woocommerce-Tabs-panel--plus-dinformations panel entry-content wc-tab\" id=\"tab-plus-dinformations\" role=\"tabpanel\" aria-labelledby=\"tab-title-plus-dinformations\">\n\t\t\t\t<h2 class=\"yikes-custom-woo-tab-title yikes-custom-woo-tab-title-plus-dinformations\">Plus d'informations<\/h2><h2><span style=\"color: #009acd;\">Gestion num\u00e9rique des interventions avec L-mobile Field Service<\/span><\/h2>\n\n<style type=\"text\/css\" data-created_by=\"avia_inline_auto\" id=\"style-css-av-av_hr-82f5be0ae0af6a64fe3091010b237709\">\n#top .hr.hr-invisible.av-av_hr-82f5be0ae0af6a64fe3091010b237709{\nheight:20px;\n}\n<\/style>\n<div  class='hr av-av_hr-82f5be0ae0af6a64fe3091010b237709 hr-invisible'><span class='hr-inner '><span class=\"hr-inner-style\"><\/span><\/span><\/div>\n<div  class='flex_column av-av_one_full-2a9015ff38129c418a3f2eafba3e9512 av_one_full first flex_column_div  '     ><style type=\"text\/css\" data-created_by=\"avia_inline_auto\" id=\"style-css-av-av_icon_box-bdefaed0814555787ab38dd7faecab23\">\n.iconbox.av-av_icon_box-bdefaed0814555787ab38dd7faecab23 .iconbox_icon{\nborder:1px solid #ffffff;\ncolor:#009acd;\n}\n.iconbox.av-av_icon_box-bdefaed0814555787ab38dd7faecab23 .iconbox_icon.avia-svg-icon svg:first-child{\nfill:#009acd;\nstroke:#009acd;\n}\n<\/style>\n<article  class='iconbox iconbox_left av-av_icon_box-bdefaed0814555787ab38dd7faecab23'  itemscope=\"itemscope\" itemtype=\"https:\/\/schema.org\/CreativeWork\" ><div class=\"iconbox_content\"><header class=\"entry-content-header\" aria-label=\"Ic\u00f4ne : 20 min\"><div class='iconbox_icon heading-color avia-iconfont avia-font-entypo-fontello' data-av_icon='\ue862' data-av_iconfont='entypo-fontello'  ><\/div><h3 class='iconbox_content_title '  itemprop=\"headline\" >20 min<\/h3><\/header><div class='iconbox_content_container '  itemprop=\"text\" ><\/div><\/div><footer class=\"entry-footer\"><\/footer><\/article><\/div>\n<div  class='flex_column av-av_one_full-2a9015ff38129c418a3f2eafba3e9512 av_one_full first flex_column_div  '     ><style type=\"text\/css\" data-created_by=\"avia_inline_auto\" id=\"style-css-av-av_icon_box-4c51278564990e54eeaa774285c15461\">\n.iconbox.av-av_icon_box-4c51278564990e54eeaa774285c15461 .iconbox_icon{\nbackground-color:#ffffff;\nborder:1px solid #ffffff;\ncolor:#009acd;\n}\n.iconbox.av-av_icon_box-4c51278564990e54eeaa774285c15461 .iconbox_icon.avia-svg-icon svg:first-child{\nfill:#009acd;\nstroke:#009acd;\n}\n<\/style>\n<article  class='iconbox iconbox_left av-av_icon_box-4c51278564990e54eeaa774285c15461'  itemscope=\"itemscope\" itemtype=\"https:\/\/schema.org\/CreativeWork\" ><div class=\"iconbox_content\"><header class=\"entry-content-header\" aria-label=\"Ic\u00f4ne : Ind\u00e9pendant du syst\u00e8me ERP\"><div class='iconbox_icon heading-color avia-iconfont avia-font-entypo-fontello' data-av_icon='\ue86d' data-av_iconfont='entypo-fontello'  ><\/div><h3 class='iconbox_content_title '  itemprop=\"headline\" >Ind\u00e9pendant du syst\u00e8me ERP<\/h3><\/header><div class='iconbox_content_container '  itemprop=\"text\" ><\/div><\/div><footer class=\"entry-footer\"><\/footer><\/article><\/div>\n<div  class='flex_column av-av_one_full-2a9015ff38129c418a3f2eafba3e9512 av_one_full first flex_column_div  '     ><style type=\"text\/css\" data-created_by=\"avia_inline_auto\" id=\"style-css-av-av_icon_box-8b4710ddb919ef1e8d7a22a62d12cca5\">\n.iconbox.av-av_icon_box-8b4710ddb919ef1e8d7a22a62d12cca5 .iconbox_icon{\nbackground-color:#ffffff;\nborder:1px solid #ffffff;\ncolor:#009acd;\n}\n.iconbox.av-av_icon_box-8b4710ddb919ef1e8d7a22a62d12cca5 .iconbox_icon.avia-svg-icon svg:first-child{\nfill:#009acd;\nstroke:#009acd;\n}\n<\/style>\n<article  class='iconbox iconbox_left av-av_icon_box-8b4710ddb919ef1e8d7a22a62d12cca5'  itemscope=\"itemscope\" itemtype=\"https:\/\/schema.org\/CreativeWork\" ><div class=\"iconbox_content\"><header class=\"entry-content-header\" aria-label=\"Ic\u00f4ne : Hend Kharez, Team Lead Manager\"><div class='iconbox_icon heading-color avia-iconfont avia-font-entypo-fontello' data-av_icon='\ue80a' data-av_iconfont='entypo-fontello'  ><\/div><h3 class='iconbox_content_title '  itemprop=\"headline\" >Hend Kharez, Team Lead Manager<\/h3><\/header><div class='iconbox_content_container '  itemprop=\"text\" ><\/div><\/div><footer class=\"entry-footer\"><\/footer><\/article><\/div>\n<p>Dans notre d\u00e9mo sur la gestion num\u00e9rique des services sur le terrain avec L-mobile service, plongez dans l\u2019univers de la gestion moderne des interventions gr\u00e2ce \u00e0 notre solution innovante.<\/p>\n<p><span style=\"color: #0d0d0d;\">D\u00e9couvrez comment optimiser vos processus, am\u00e9liorer l&#8217;efficacit\u00e9 de votre service et maximiser vos performances gr\u00e2ce \u00e0 des solutions num\u00e9riques avanc\u00e9es. <\/span><\/p>\n\t\t\t<\/div>\n\t\t\n\t\t\t<\/div>\n\n<\/div><\/div>\n","protected":false},"excerpt":{"rendered":"","protected":false},"featured_media":112954,"template":"","meta":{"_acf_changed":false,"content-type":""},"dokumente_formate":[],"dokumente_produkt":[],"product_brand":[],"product_cat":[4981],"product_tag":[6752],"class_list":{"0":"post-129542","1":"product","2":"type-product","3":"status-publish","4":"has-post-thumbnail","6":"product_cat-on-demand-webcast-fr","7":"product_tag-logiciel-field-service-management","9":"first","10":"instock","11":"shipping-taxable","12":"product-type-simple"},"acf":[],"yoast_head":"<!-- This site is optimized with the Yoast SEO Premium plugin v26.6 (Yoast SEO v26.6) - https:\/\/yoast.com\/wordpress\/plugins\/seo\/ -->\n<title>Gestion num\u00e9rique des interventions avec L-mobile Field Service - L-mobile<\/title>\n<meta name=\"description\" content=\"Dans notre d\u00e9mo sur la gestion num\u00e9rique des services sur le terrain avec L-mobile service, plongez dans l\u2019univers de la gestion moderne des interventions gr\u00e2ce \u00e0 notre solution innovante.\" \/>\n<meta name=\"robots\" content=\"index, follow, max-snippet:-1, max-image-preview:large, max-video-preview:-1\" \/>\n<link rel=\"canonical\" href=\"https:\/\/l-mobile.com\/fr\/on-demand-webcast-fr\/gestion-numerique-des-interventions-avec-l-mobile-field-service\/\" \/>\n<meta property=\"og:locale\" content=\"fr_FR\" \/>\n<meta property=\"og:type\" content=\"article\" \/>\n<meta property=\"og:title\" content=\"Gestion num\u00e9rique des interventions avec L-mobile Field Service\" \/>\n<meta property=\"og:url\" content=\"https:\/\/l-mobile.com\/fr\/on-demand-webcast-fr\/gestion-numerique-des-interventions-avec-l-mobile-field-service\/\" \/>\n<meta property=\"og:site_name\" content=\"L-mobile\" \/>\n<meta property=\"article:publisher\" content=\"https:\/\/www.facebook.com\/lmobilegroup\" \/>\n<meta property=\"article:modified_time\" content=\"2025-08-19T11:50:53+00:00\" \/>\n<meta property=\"og:image\" content=\"https:\/\/l-mobile.com\/wp-content\/uploads\/2025\/07\/demo_gestion_numerique_des_interventions_avec_l-mobile_field_service-700px.jpg\" \/>\n\t<meta property=\"og:image:width\" content=\"700\" \/>\n\t<meta property=\"og:image:height\" content=\"394\" \/>\n\t<meta property=\"og:image:type\" content=\"image\/jpeg\" \/>\n<meta name=\"twitter:card\" content=\"summary_large_image\" \/>\n<meta name=\"twitter:label1\" content=\"Dur\u00e9e de lecture estim\u00e9e\" \/>\n\t<meta name=\"twitter:data1\" content=\"1 minute\" \/>\n<script type=\"application\/ld+json\" class=\"yoast-schema-graph\">{\"@context\":\"https:\/\/schema.org\",\"@graph\":[{\"@type\":\"WebPage\",\"@id\":\"https:\/\/l-mobile.com\/fr\/on-demand-webcast-fr\/gestion-numerique-des-interventions-avec-l-mobile-field-service\/\",\"url\":\"https:\/\/l-mobile.com\/fr\/on-demand-webcast-fr\/gestion-numerique-des-interventions-avec-l-mobile-field-service\/\",\"name\":\"Gestion num\u00e9rique des interventions avec L-mobile Field Service - L-mobile\",\"isPartOf\":{\"@id\":\"https:\/\/l-mobile.com\/fr\/#website\"},\"primaryImageOfPage\":{\"@id\":\"https:\/\/l-mobile.com\/fr\/on-demand-webcast-fr\/gestion-numerique-des-interventions-avec-l-mobile-field-service\/#primaryimage\"},\"image\":{\"@id\":\"https:\/\/l-mobile.com\/fr\/on-demand-webcast-fr\/gestion-numerique-des-interventions-avec-l-mobile-field-service\/#primaryimage\"},\"thumbnailUrl\":\"https:\/\/l-mobile.com\/wp-content\/uploads\/2025\/07\/demo_gestion_numerique_des_interventions_avec_l-mobile_field_service-700px.jpg\",\"datePublished\":\"2022-12-07T11:41:35+00:00\",\"dateModified\":\"2025-08-19T11:50:53+00:00\",\"description\":\"Dans notre d\u00e9mo sur la gestion num\u00e9rique des services sur le terrain avec L-mobile service, plongez dans l\u2019univers de la gestion moderne des interventions gr\u00e2ce \u00e0 notre solution innovante.\",\"breadcrumb\":{\"@id\":\"https:\/\/l-mobile.com\/fr\/on-demand-webcast-fr\/gestion-numerique-des-interventions-avec-l-mobile-field-service\/#breadcrumb\"},\"inLanguage\":\"fr-FR\",\"potentialAction\":[{\"@type\":\"ReadAction\",\"target\":[\"https:\/\/l-mobile.com\/fr\/on-demand-webcast-fr\/gestion-numerique-des-interventions-avec-l-mobile-field-service\/\"]}]},{\"@type\":\"ImageObject\",\"inLanguage\":\"fr-FR\",\"@id\":\"https:\/\/l-mobile.com\/fr\/on-demand-webcast-fr\/gestion-numerique-des-interventions-avec-l-mobile-field-service\/#primaryimage\",\"url\":\"https:\/\/l-mobile.com\/wp-content\/uploads\/2025\/07\/demo_gestion_numerique_des_interventions_avec_l-mobile_field_service-700px.jpg\",\"contentUrl\":\"https:\/\/l-mobile.com\/wp-content\/uploads\/2025\/07\/demo_gestion_numerique_des_interventions_avec_l-mobile_field_service-700px.jpg\",\"width\":700,\"height\":394,\"caption\":\"L-mobile On Demand Webcast Digitalisiertes Field Service Management\"},{\"@type\":\"BreadcrumbList\",\"@id\":\"https:\/\/l-mobile.com\/fr\/on-demand-webcast-fr\/gestion-numerique-des-interventions-avec-l-mobile-field-service\/#breadcrumb\",\"itemListElement\":[{\"@type\":\"ListItem\",\"position\":1,\"name\":\"Startseite\",\"item\":\"https:\/\/l-mobile.com\/fr\/l-mobile-rend-processus-metier-mobiles\/\"},{\"@type\":\"ListItem\",\"position\":2,\"name\":\"Hardware-Shop\",\"item\":\"https:\/\/l-mobile.com\/geschaeftsfelder\/technik\/\"},{\"@type\":\"ListItem\",\"position\":3,\"name\":\"Gestion num\u00e9rique des interventions avec L-mobile Field Service\"}]},{\"@type\":\"WebSite\",\"@id\":\"https:\/\/l-mobile.com\/fr\/#website\",\"url\":\"https:\/\/l-mobile.com\/fr\/\",\"name\":\"L-mobile\",\"description\":\"Mobile Softwarel\u00f6sungen\",\"publisher\":{\"@id\":\"https:\/\/l-mobile.com\/fr\/#organization\"},\"potentialAction\":[{\"@type\":\"SearchAction\",\"target\":{\"@type\":\"EntryPoint\",\"urlTemplate\":\"https:\/\/l-mobile.com\/fr\/?s={search_term_string}\"},\"query-input\":{\"@type\":\"PropertyValueSpecification\",\"valueRequired\":true,\"valueName\":\"search_term_string\"}}],\"inLanguage\":\"fr-FR\"},{\"@type\":\"Organization\",\"@id\":\"https:\/\/l-mobile.com\/fr\/#organization\",\"name\":\"L-mobile solutions\",\"url\":\"https:\/\/l-mobile.com\/fr\/\",\"logo\":{\"@type\":\"ImageObject\",\"inLanguage\":\"fr-FR\",\"@id\":\"https:\/\/l-mobile.com\/fr\/#\/schema\/logo\/image\/\",\"url\":\"https:\/\/l-mobile.com\/wp-content\/uploads\/2018\/09\/l-mobile-logo-tab.jpg\",\"contentUrl\":\"https:\/\/l-mobile.com\/wp-content\/uploads\/2018\/09\/l-mobile-logo-tab.jpg\",\"width\":240,\"height\":240,\"caption\":\"L-mobile solutions\"},\"image\":{\"@id\":\"https:\/\/l-mobile.com\/fr\/#\/schema\/logo\/image\/\"},\"sameAs\":[\"https:\/\/www.facebook.com\/lmobilegroup\",\"https:\/\/www.instagram.com\/lmobile_group\/\",\"https:\/\/www.linkedin.com\/company\/1073859\/\",\"https:\/\/www.youtube.com\/user\/LmobileGroup\"]}]}<\/script>\n<meta property=\"og:video\" content=\"https:\/\/www.youtube.com\/embed\/zBPw8GGoIO0\" \/>\n<meta property=\"og:video:type\" content=\"text\/html\" \/>\n<meta property=\"og:video:duration\" content=\"85\" \/>\n<meta property=\"og:video:width\" content=\"480\" \/>\n<meta property=\"og:video:height\" content=\"270\" \/>\n<meta property=\"ya:ovs:adult\" content=\"false\" \/>\n<meta property=\"ya:ovs:upload_date\" content=\"2022-12-07T11:41:35+00:00\" \/>\n<meta property=\"ya:ovs:allow_embed\" content=\"true\" \/>\n<!-- \/ Yoast SEO Premium plugin. -->","yoast_head_json":{"title":"Gestion num\u00e9rique des interventions avec L-mobile Field Service - L-mobile","description":"Dans notre d\u00e9mo sur la gestion num\u00e9rique des services sur le terrain avec L-mobile service, plongez dans l\u2019univers de la gestion moderne des interventions gr\u00e2ce \u00e0 notre solution innovante.","robots":{"index":"index","follow":"follow","max-snippet":"max-snippet:-1","max-image-preview":"max-image-preview:large","max-video-preview":"max-video-preview:-1"},"canonical":"https:\/\/l-mobile.com\/fr\/on-demand-webcast-fr\/gestion-numerique-des-interventions-avec-l-mobile-field-service\/","og_locale":"fr_FR","og_type":"article","og_title":"Gestion num\u00e9rique des interventions avec L-mobile Field Service","og_url":"https:\/\/l-mobile.com\/fr\/on-demand-webcast-fr\/gestion-numerique-des-interventions-avec-l-mobile-field-service\/","og_site_name":"L-mobile","article_publisher":"https:\/\/www.facebook.com\/lmobilegroup","article_modified_time":"2025-08-19T11:50:53+00:00","og_image":[{"width":700,"height":394,"url":"https:\/\/l-mobile.com\/wp-content\/uploads\/2025\/07\/demo_gestion_numerique_des_interventions_avec_l-mobile_field_service-700px.jpg","type":"image\/jpeg"}],"twitter_card":"summary_large_image","twitter_misc":{"Dur\u00e9e de lecture estim\u00e9e":"1 minute"},"schema":{"@context":"https:\/\/schema.org","@graph":[{"@type":"WebPage","@id":"https:\/\/l-mobile.com\/fr\/on-demand-webcast-fr\/gestion-numerique-des-interventions-avec-l-mobile-field-service\/","url":"https:\/\/l-mobile.com\/fr\/on-demand-webcast-fr\/gestion-numerique-des-interventions-avec-l-mobile-field-service\/","name":"Gestion num\u00e9rique des interventions avec L-mobile Field Service - L-mobile","isPartOf":{"@id":"https:\/\/l-mobile.com\/fr\/#website"},"primaryImageOfPage":{"@id":"https:\/\/l-mobile.com\/fr\/on-demand-webcast-fr\/gestion-numerique-des-interventions-avec-l-mobile-field-service\/#primaryimage"},"image":{"@id":"https:\/\/l-mobile.com\/fr\/on-demand-webcast-fr\/gestion-numerique-des-interventions-avec-l-mobile-field-service\/#primaryimage"},"thumbnailUrl":"https:\/\/l-mobile.com\/wp-content\/uploads\/2025\/07\/demo_gestion_numerique_des_interventions_avec_l-mobile_field_service-700px.jpg","datePublished":"2022-12-07T11:41:35+00:00","dateModified":"2025-08-19T11:50:53+00:00","description":"Dans notre d\u00e9mo sur la gestion num\u00e9rique des services sur le terrain avec L-mobile service, plongez dans l\u2019univers de la gestion moderne des interventions gr\u00e2ce \u00e0 notre solution innovante.","breadcrumb":{"@id":"https:\/\/l-mobile.com\/fr\/on-demand-webcast-fr\/gestion-numerique-des-interventions-avec-l-mobile-field-service\/#breadcrumb"},"inLanguage":"fr-FR","potentialAction":[{"@type":"ReadAction","target":["https:\/\/l-mobile.com\/fr\/on-demand-webcast-fr\/gestion-numerique-des-interventions-avec-l-mobile-field-service\/"]}]},{"@type":"ImageObject","inLanguage":"fr-FR","@id":"https:\/\/l-mobile.com\/fr\/on-demand-webcast-fr\/gestion-numerique-des-interventions-avec-l-mobile-field-service\/#primaryimage","url":"https:\/\/l-mobile.com\/wp-content\/uploads\/2025\/07\/demo_gestion_numerique_des_interventions_avec_l-mobile_field_service-700px.jpg","contentUrl":"https:\/\/l-mobile.com\/wp-content\/uploads\/2025\/07\/demo_gestion_numerique_des_interventions_avec_l-mobile_field_service-700px.jpg","width":700,"height":394,"caption":"L-mobile On Demand Webcast Digitalisiertes Field Service Management"},{"@type":"BreadcrumbList","@id":"https:\/\/l-mobile.com\/fr\/on-demand-webcast-fr\/gestion-numerique-des-interventions-avec-l-mobile-field-service\/#breadcrumb","itemListElement":[{"@type":"ListItem","position":1,"name":"Startseite","item":"https:\/\/l-mobile.com\/fr\/l-mobile-rend-processus-metier-mobiles\/"},{"@type":"ListItem","position":2,"name":"Hardware-Shop","item":"https:\/\/l-mobile.com\/geschaeftsfelder\/technik\/"},{"@type":"ListItem","position":3,"name":"Gestion num\u00e9rique des interventions avec L-mobile Field Service"}]},{"@type":"WebSite","@id":"https:\/\/l-mobile.com\/fr\/#website","url":"https:\/\/l-mobile.com\/fr\/","name":"L-mobile","description":"Mobile Softwarel\u00f6sungen","publisher":{"@id":"https:\/\/l-mobile.com\/fr\/#organization"},"potentialAction":[{"@type":"SearchAction","target":{"@type":"EntryPoint","urlTemplate":"https:\/\/l-mobile.com\/fr\/?s={search_term_string}"},"query-input":{"@type":"PropertyValueSpecification","valueRequired":true,"valueName":"search_term_string"}}],"inLanguage":"fr-FR"},{"@type":"Organization","@id":"https:\/\/l-mobile.com\/fr\/#organization","name":"L-mobile solutions","url":"https:\/\/l-mobile.com\/fr\/","logo":{"@type":"ImageObject","inLanguage":"fr-FR","@id":"https:\/\/l-mobile.com\/fr\/#\/schema\/logo\/image\/","url":"https:\/\/l-mobile.com\/wp-content\/uploads\/2018\/09\/l-mobile-logo-tab.jpg","contentUrl":"https:\/\/l-mobile.com\/wp-content\/uploads\/2018\/09\/l-mobile-logo-tab.jpg","width":240,"height":240,"caption":"L-mobile solutions"},"image":{"@id":"https:\/\/l-mobile.com\/fr\/#\/schema\/logo\/image\/"},"sameAs":["https:\/\/www.facebook.com\/lmobilegroup","https:\/\/www.instagram.com\/lmobile_group\/","https:\/\/www.linkedin.com\/company\/1073859\/","https:\/\/www.youtube.com\/user\/LmobileGroup"]}]},"og_video":"https:\/\/www.youtube.com\/embed\/zBPw8GGoIO0","og_video_type":"text\/html","og_video_duration":"85","og_video_width":"480","og_video_height":"270","ya_ovs_adult":"false","ya_ovs_upload_date":"2022-12-07T11:41:35+00:00","ya_ovs_allow_embed":"true"},"publishpress_future_workflow_manual_trigger":{"enabledWorkflows":[]},"_links":{"self":[{"href":"https:\/\/l-mobile.com\/fr\/wp-json\/wp\/v2\/product\/129542","targetHints":{"allow":["GET"]}}],"collection":[{"href":"https:\/\/l-mobile.com\/fr\/wp-json\/wp\/v2\/product"}],"about":[{"href":"https:\/\/l-mobile.com\/fr\/wp-json\/wp\/v2\/types\/product"}],"wp:featuredmedia":[{"embeddable":true,"href":"https:\/\/l-mobile.com\/fr\/wp-json\/wp\/v2\/media\/112954"}],"wp:attachment":[{"href":"https:\/\/l-mobile.com\/fr\/wp-json\/wp\/v2\/media?parent=129542"}],"wp:term":[{"taxonomy":"dokumente_formate","embeddable":true,"href":"https:\/\/l-mobile.com\/fr\/wp-json\/wp\/v2\/dokumente_formate?post=129542"},{"taxonomy":"dokumente_produkt","embeddable":true,"href":"https:\/\/l-mobile.com\/fr\/wp-json\/wp\/v2\/dokumente_produkt?post=129542"},{"taxonomy":"product_brand","embeddable":true,"href":"https:\/\/l-mobile.com\/fr\/wp-json\/wp\/v2\/product_brand?post=129542"},{"taxonomy":"product_cat","embeddable":true,"href":"https:\/\/l-mobile.com\/fr\/wp-json\/wp\/v2\/product_cat?post=129542"},{"taxonomy":"product_tag","embeddable":true,"href":"https:\/\/l-mobile.com\/fr\/wp-json\/wp\/v2\/product_tag?post=129542"}],"curies":[{"name":"wp","href":"https:\/\/api.w.org\/{rel}","templated":true}]}}