{"id":125192,"date":"2023-03-08T15:02:49","date_gmt":"2023-10-16T07:20:51","guid":{"rendered":"https:\/\/l-mobile.com\/?post_type=product&#038;p=125192"},"modified":"2024-08-23T13:58:43","modified_gmt":"2024-08-23T11:58:43","slug":"livre-blanc-4-avantages-saisie-donnees-machines","status":"publish","type":"product","link":"https:\/\/l-mobile.com\/fr\/document\/livre-blanc-4-avantages-saisie-donnees-machines\/","title":{"rendered":"Livre blanc 4 avantages de la saisie des donn\u00e9es de machines"},"content":{"rendered":"<div id='av_section_1'  class='avia-section av-worbnyq-600c16e1ac65357c257368707259d520 main_color avia-section-default avia-no-border-styling  avia-builder-el-0  avia-builder-el-no-sibling  avia-bg-style-scroll container_wrap fullsize'  ><div class='container av-section-cont-open' ><main  role=\"main\" itemprop=\"mainContentOfPage\"  class='template-page content  av-content-full alpha units'><div class='post-entry post-entry-type-page post-entry-125192'><div class='entry-content-wrapper clearfix'>\n<div class='flex_column_table av-322vonm-dcd5e54e648fca0d6f93a67e5cf86fd3 sc-av_one_fourth av-equal-height-column-flextable'>\n<style type=\"text\/css\" data-created_by=\"avia_inline_auto\" id=\"style-css-av-322vonm-dcd5e54e648fca0d6f93a67e5cf86fd3\">\n.flex_column.av-322vonm-dcd5e54e648fca0d6f93a67e5cf86fd3{\nborder-radius:0px 0px 0px 0px;\npadding:0px 0px 0px 0px;\n}\n<\/style>\n<div  class='flex_column av-322vonm-dcd5e54e648fca0d6f93a67e5cf86fd3 av_one_fourth  avia-builder-el-1  el_before_av_three_fourth  avia-builder-el-first  lmwooimg first flex_column_table_cell av-equal-height-column av-align-top av-zero-column-padding  '     ><section  class='av_textblock_section av-pd5nkuq-666618fe8e06f13c7605ddc89785e0bc '   itemscope=\"itemscope\" itemtype=\"https:\/\/schema.org\/CreativeWork\" ><div class='avia_textblock'  itemprop=\"text\" >\n<\/div><\/section><\/div><div class='av-flex-placeholder'><\/div>\n<style type=\"text\/css\" data-created_by=\"avia_inline_auto\" id=\"style-css-av-izcc2mq-1737f5955ba4eda59722f3dc1d1f17a7\">\n.flex_column.av-izcc2mq-1737f5955ba4eda59722f3dc1d1f17a7{\nborder-radius:0px 0px 0px 0px;\npadding:0px 0px 0px 0px;\n}\n<\/style>\n<div  class='flex_column av-izcc2mq-1737f5955ba4eda59722f3dc1d1f17a7 av_three_fourth  avia-builder-el-3  el_after_av_one_fourth  avia-builder-el-last  lmwoodesc lmwoocart lmh1 flex_column_table_cell av-equal-height-column av-align-top av-zero-column-padding  '     ><section  class='av_textblock_section av-i9shd02-f71290546789f1e567b896d4ef8db3f5 '   itemscope=\"itemscope\" itemtype=\"https:\/\/schema.org\/CreativeWork\" ><div class='avia_textblock'  itemprop=\"text\" ><h1>Livre blanc 4 avantages de la saisie des donn\u00e9es de machines<\/h1>\n<\/div><\/section><br \/>\n<section  class='av_textblock_section av-lezpxnzh-cf7586a5592a5b5ff5cee3ce75e07b89 '   itemscope=\"itemscope\" itemtype=\"https:\/\/schema.org\/CreativeWork\" ><div class='avia_textblock'  itemprop=\"text\" ><p>Pour de nombreuses entreprises de production, la transformation num\u00e9rique repr\u00e9sente un gros d\u00e9fi. Par quoi commencer\u00a0? Par l&#8217;introduction d&#8217;un logiciel pour la saisie des donn\u00e9es de machines. Notre livre blanc \u00ab\u00a04\u00a0avantages de la saisie des donn\u00e9es de machines\u00a0\u00bb vous explique comment fonctionne la saisie des donn\u00e9es de machines et comment cette solution vous accompagne id\u00e9alement sur la voie d&#8217;une production num\u00e9rique, connect\u00e9e et pr\u00eate \u00e0 relever les d\u00e9fis de demain.<\/p>\n<\/div><\/section><br \/>\n\n<style type=\"text\/css\" data-created_by=\"avia_inline_auto\" id=\"style-css-av-dn3petu-d1f075e77295638272d7a9a8a8160829\">\n.avia_message_box.av-dn3petu-d1f075e77295638272d7a9a8a8160829{\ncolor:#ffffff;\nbackground-color:#0099d0;\nbackground:linear-gradient( to right, #0099d0, #005f7f );\nborder-style:none;\nborder-color:#ffffff;\n}\n.avia_message_box.av-dn3petu-d1f075e77295638272d7a9a8a8160829 .avia_message_box_icon.avia-svg-icon svg:first-child{\nfill:#ffffff;\nstroke:#ffffff;\n}\n<\/style>\n<div id='avia-messagebox-' class='avia_message_box av_notification av-dn3petu-d1f075e77295638272d7a9a8a8160829 avia-color-gradient avia-size-large avia-icon_select-yes avia-border-  avia-builder-el-6  el_after_av_textblock  el_before_av_textblock ' ><div class=\"avia_message_box_content\"><span class='avia_message_box_icon avia-iconfont avia-font-entypo-fontello' data-av_icon='\ue82d' data-av_iconfont='entypo-fontello' ><\/span><p>Profitez des 25 ann\u00e9es d&#8217;exp\u00e9rience de L-mobile et demandez notre livre blanc d\u00e8s maintenant\u00a0!<\/p>\n<\/div><\/div><br \/>\n<section  class='av_textblock_section av-lezpy124-515f4240a6b7023499a69e64e78e79a0 '   itemscope=\"itemscope\" itemtype=\"https:\/\/schema.org\/CreativeWork\" ><div class='avia_textblock'  itemprop=\"text\" >\n\t\t\t\t\t\t<script>\n\t\t\t\t\t\t\twindow.hsFormsOnReady = window.hsFormsOnReady || [];\n\t\t\t\t\t\t\twindow.hsFormsOnReady.push(()=>{\n\t\t\t\t\t\t\t\thbspt.forms.create({\n\t\t\t\t\t\t\t\t\tportalId: 26475206,\n\t\t\t\t\t\t\t\t\tformId: \"2b311f77-8be2-4852-ae5b-2fa619d4c583\",\n\t\t\t\t\t\t\t\t\ttarget: \"#hbspt-form-1778137107000-8834239233\",\n\t\t\t\t\t\t\t\t\tregion: \"eu1\",\n\t\t\t\t\t\t\t\t\t\n\t\t\t\t\t\t\t})});\n\t\t\t\t\t\t<\/script>\n\t\t\t\t\t\t<div class=\"hbspt-form\" id=\"hbspt-form-1778137107000-8834239233\"><\/div>\n<\/div><\/section><br \/>\n<section  class='av_textblock_section av-5tb4iaa-6c6f25d7c321275e1d4547a3f49e89c6 '   itemscope=\"itemscope\" itemtype=\"https:\/\/schema.org\/CreativeWork\" ><div class='avia_textblock'  itemprop=\"text\" ><p><a href=\"https:\/\/l-mobile.com\/fr\/ressources-et-contact\/centre-de-telechargement\/livre-blancs\/\">Retour vers l&#8217;aper\u00e7u du livre blanc<\/a><\/p>\n<\/div><\/section><\/p><\/div><\/div><!--close column table wrapper. Autoclose: 1 -->\n","protected":false},"excerpt":{"rendered":"","protected":false},"featured_media":116885,"template":"","meta":{"_acf_changed":false,"content-type":""},"dokumente_formate":[4774],"dokumente_produkt":[4067],"product_brand":[],"product_cat":[2527],"product_tag":[],"class_list":{"0":"post-125192","1":"product","2":"type-product","3":"status-publish","4":"has-post-thumbnail","6":"dokumente_formate-livre-blanc","7":"dokumente_produkt-production-digitale","8":"product_cat-document","10":"first","11":"instock","12":"downloadable","13":"virtual","14":"purchasable","15":"product-type-simple"},"acf":[],"yoast_head":"<!-- This site is optimized with the Yoast SEO Premium plugin v26.6 (Yoast SEO v26.6) - https:\/\/yoast.com\/wordpress\/plugins\/seo\/ -->\n<title>Livre blanc 4 avantages de la saisie des donn\u00e9es de machines - L-mobile<\/title>\n<meta name=\"description\" content=\"Un logiciel pour la saisie des donn\u00e9es de machines permet de jeter les bases d&#039;une production num\u00e9rique, connect\u00e9e et pr\u00eate \u00e0 relever les d\u00e9fis de demain.\" \/>\n<meta name=\"robots\" content=\"index, follow, max-snippet:-1, max-image-preview:large, max-video-preview:-1\" \/>\n<link rel=\"canonical\" href=\"https:\/\/l-mobile.com\/fr\/document\/livre-blanc-4-avantages-saisie-donnees-machines\/\" \/>\n<meta property=\"og:locale\" content=\"fr_FR\" \/>\n<meta property=\"og:type\" content=\"article\" \/>\n<meta property=\"og:title\" content=\"Livre blanc 4 avantages de la saisie des donn\u00e9es de machines\" \/>\n<meta property=\"og:url\" content=\"https:\/\/l-mobile.com\/fr\/document\/livre-blanc-4-avantages-saisie-donnees-machines\/\" \/>\n<meta property=\"og:site_name\" content=\"L-mobile\" \/>\n<meta property=\"article:publisher\" content=\"https:\/\/www.facebook.com\/lmobilegroup\" \/>\n<meta property=\"article:modified_time\" content=\"2024-08-23T11:58:43+00:00\" \/>\n<meta property=\"og:image\" content=\"https:\/\/l-mobile.com\/wp-content\/uploads\/2023\/10\/Thumbnail_Whitepaper_MDE_FR.jpg\" \/>\n\t<meta property=\"og:image:width\" content=\"400\" \/>\n\t<meta property=\"og:image:height\" content=\"600\" \/>\n\t<meta property=\"og:image:type\" content=\"image\/jpeg\" \/>\n<meta name=\"twitter:card\" content=\"summary_large_image\" \/>\n<meta name=\"twitter:label1\" content=\"Dur\u00e9e de lecture estim\u00e9e\" \/>\n\t<meta name=\"twitter:data1\" content=\"1 minute\" \/>\n<script type=\"application\/ld+json\" class=\"yoast-schema-graph\">{\"@context\":\"https:\/\/schema.org\",\"@graph\":[{\"@type\":\"WebPage\",\"@id\":\"https:\/\/l-mobile.com\/fr\/document\/livre-blanc-4-avantages-saisie-donnees-machines\/\",\"url\":\"https:\/\/l-mobile.com\/fr\/document\/livre-blanc-4-avantages-saisie-donnees-machines\/\",\"name\":\"Livre blanc 4 avantages de la saisie des donn\u00e9es de machines - L-mobile\",\"isPartOf\":{\"@id\":\"https:\/\/l-mobile.com\/fr\/#website\"},\"primaryImageOfPage\":{\"@id\":\"https:\/\/l-mobile.com\/fr\/document\/livre-blanc-4-avantages-saisie-donnees-machines\/#primaryimage\"},\"image\":{\"@id\":\"https:\/\/l-mobile.com\/fr\/document\/livre-blanc-4-avantages-saisie-donnees-machines\/#primaryimage\"},\"thumbnailUrl\":\"https:\/\/l-mobile.com\/wp-content\/uploads\/2023\/10\/Thumbnail_Whitepaper_MDE_FR.jpg\",\"datePublished\":\"2023-10-16T07:20:51+00:00\",\"dateModified\":\"2024-08-23T11:58:43+00:00\",\"description\":\"Un logiciel pour la saisie des donn\u00e9es de machines permet de jeter les bases d'une production num\u00e9rique, connect\u00e9e et pr\u00eate \u00e0 relever les d\u00e9fis de demain.\",\"breadcrumb\":{\"@id\":\"https:\/\/l-mobile.com\/fr\/document\/livre-blanc-4-avantages-saisie-donnees-machines\/#breadcrumb\"},\"inLanguage\":\"fr-FR\",\"potentialAction\":[{\"@type\":\"ReadAction\",\"target\":[\"https:\/\/l-mobile.com\/fr\/document\/livre-blanc-4-avantages-saisie-donnees-machines\/\"]}]},{\"@type\":\"ImageObject\",\"inLanguage\":\"fr-FR\",\"@id\":\"https:\/\/l-mobile.com\/fr\/document\/livre-blanc-4-avantages-saisie-donnees-machines\/#primaryimage\",\"url\":\"https:\/\/l-mobile.com\/wp-content\/uploads\/2023\/10\/Thumbnail_Whitepaper_MDE_FR.jpg\",\"contentUrl\":\"https:\/\/l-mobile.com\/wp-content\/uploads\/2023\/10\/Thumbnail_Whitepaper_MDE_FR.jpg\",\"width\":400,\"height\":600,\"caption\":\"Whitepaper - 4 Vorteile der Maschinendatenerfassung\"},{\"@type\":\"BreadcrumbList\",\"@id\":\"https:\/\/l-mobile.com\/fr\/document\/livre-blanc-4-avantages-saisie-donnees-machines\/#breadcrumb\",\"itemListElement\":[{\"@type\":\"ListItem\",\"position\":1,\"name\":\"Startseite\",\"item\":\"https:\/\/l-mobile.com\/fr\/l-mobile-rend-processus-metier-mobiles\/\"},{\"@type\":\"ListItem\",\"position\":2,\"name\":\"Hardware-Shop\",\"item\":\"https:\/\/l-mobile.com\/geschaeftsfelder\/technik\/\"},{\"@type\":\"ListItem\",\"position\":3,\"name\":\"Livre blanc 4 avantages de la saisie des donn\u00e9es de machines\"}]},{\"@type\":\"WebSite\",\"@id\":\"https:\/\/l-mobile.com\/fr\/#website\",\"url\":\"https:\/\/l-mobile.com\/fr\/\",\"name\":\"L-mobile\",\"description\":\"Mobile Softwarel\u00f6sungen\",\"publisher\":{\"@id\":\"https:\/\/l-mobile.com\/fr\/#organization\"},\"potentialAction\":[{\"@type\":\"SearchAction\",\"target\":{\"@type\":\"EntryPoint\",\"urlTemplate\":\"https:\/\/l-mobile.com\/fr\/?s={search_term_string}\"},\"query-input\":{\"@type\":\"PropertyValueSpecification\",\"valueRequired\":true,\"valueName\":\"search_term_string\"}}],\"inLanguage\":\"fr-FR\"},{\"@type\":\"Organization\",\"@id\":\"https:\/\/l-mobile.com\/fr\/#organization\",\"name\":\"L-mobile solutions\",\"url\":\"https:\/\/l-mobile.com\/fr\/\",\"logo\":{\"@type\":\"ImageObject\",\"inLanguage\":\"fr-FR\",\"@id\":\"https:\/\/l-mobile.com\/fr\/#\/schema\/logo\/image\/\",\"url\":\"https:\/\/l-mobile.com\/wp-content\/uploads\/2018\/09\/l-mobile-logo-tab.jpg\",\"contentUrl\":\"https:\/\/l-mobile.com\/wp-content\/uploads\/2018\/09\/l-mobile-logo-tab.jpg\",\"width\":240,\"height\":240,\"caption\":\"L-mobile solutions\"},\"image\":{\"@id\":\"https:\/\/l-mobile.com\/fr\/#\/schema\/logo\/image\/\"},\"sameAs\":[\"https:\/\/www.facebook.com\/lmobilegroup\",\"https:\/\/www.instagram.com\/lmobile_group\/\",\"https:\/\/www.linkedin.com\/company\/1073859\/\",\"https:\/\/www.youtube.com\/user\/LmobileGroup\"]}]}<\/script>\n<!-- \/ Yoast SEO Premium plugin. -->","yoast_head_json":{"title":"Livre blanc 4 avantages de la saisie des donn\u00e9es de machines - L-mobile","description":"Un logiciel pour la saisie des donn\u00e9es de machines permet de jeter les bases d'une production num\u00e9rique, connect\u00e9e et pr\u00eate \u00e0 relever les d\u00e9fis de demain.","robots":{"index":"index","follow":"follow","max-snippet":"max-snippet:-1","max-image-preview":"max-image-preview:large","max-video-preview":"max-video-preview:-1"},"canonical":"https:\/\/l-mobile.com\/fr\/document\/livre-blanc-4-avantages-saisie-donnees-machines\/","og_locale":"fr_FR","og_type":"article","og_title":"Livre blanc 4 avantages de la saisie des donn\u00e9es de machines","og_url":"https:\/\/l-mobile.com\/fr\/document\/livre-blanc-4-avantages-saisie-donnees-machines\/","og_site_name":"L-mobile","article_publisher":"https:\/\/www.facebook.com\/lmobilegroup","article_modified_time":"2024-08-23T11:58:43+00:00","og_image":[{"width":400,"height":600,"url":"https:\/\/l-mobile.com\/wp-content\/uploads\/2023\/10\/Thumbnail_Whitepaper_MDE_FR.jpg","type":"image\/jpeg"}],"twitter_card":"summary_large_image","twitter_misc":{"Dur\u00e9e de lecture estim\u00e9e":"1 minute"},"schema":{"@context":"https:\/\/schema.org","@graph":[{"@type":"WebPage","@id":"https:\/\/l-mobile.com\/fr\/document\/livre-blanc-4-avantages-saisie-donnees-machines\/","url":"https:\/\/l-mobile.com\/fr\/document\/livre-blanc-4-avantages-saisie-donnees-machines\/","name":"Livre blanc 4 avantages de la saisie des donn\u00e9es de machines - L-mobile","isPartOf":{"@id":"https:\/\/l-mobile.com\/fr\/#website"},"primaryImageOfPage":{"@id":"https:\/\/l-mobile.com\/fr\/document\/livre-blanc-4-avantages-saisie-donnees-machines\/#primaryimage"},"image":{"@id":"https:\/\/l-mobile.com\/fr\/document\/livre-blanc-4-avantages-saisie-donnees-machines\/#primaryimage"},"thumbnailUrl":"https:\/\/l-mobile.com\/wp-content\/uploads\/2023\/10\/Thumbnail_Whitepaper_MDE_FR.jpg","datePublished":"2023-10-16T07:20:51+00:00","dateModified":"2024-08-23T11:58:43+00:00","description":"Un logiciel pour la saisie des donn\u00e9es de machines permet de jeter les bases d'une production num\u00e9rique, connect\u00e9e et pr\u00eate \u00e0 relever les d\u00e9fis de demain.","breadcrumb":{"@id":"https:\/\/l-mobile.com\/fr\/document\/livre-blanc-4-avantages-saisie-donnees-machines\/#breadcrumb"},"inLanguage":"fr-FR","potentialAction":[{"@type":"ReadAction","target":["https:\/\/l-mobile.com\/fr\/document\/livre-blanc-4-avantages-saisie-donnees-machines\/"]}]},{"@type":"ImageObject","inLanguage":"fr-FR","@id":"https:\/\/l-mobile.com\/fr\/document\/livre-blanc-4-avantages-saisie-donnees-machines\/#primaryimage","url":"https:\/\/l-mobile.com\/wp-content\/uploads\/2023\/10\/Thumbnail_Whitepaper_MDE_FR.jpg","contentUrl":"https:\/\/l-mobile.com\/wp-content\/uploads\/2023\/10\/Thumbnail_Whitepaper_MDE_FR.jpg","width":400,"height":600,"caption":"Whitepaper - 4 Vorteile der Maschinendatenerfassung"},{"@type":"BreadcrumbList","@id":"https:\/\/l-mobile.com\/fr\/document\/livre-blanc-4-avantages-saisie-donnees-machines\/#breadcrumb","itemListElement":[{"@type":"ListItem","position":1,"name":"Startseite","item":"https:\/\/l-mobile.com\/fr\/l-mobile-rend-processus-metier-mobiles\/"},{"@type":"ListItem","position":2,"name":"Hardware-Shop","item":"https:\/\/l-mobile.com\/geschaeftsfelder\/technik\/"},{"@type":"ListItem","position":3,"name":"Livre blanc 4 avantages de la saisie des donn\u00e9es de machines"}]},{"@type":"WebSite","@id":"https:\/\/l-mobile.com\/fr\/#website","url":"https:\/\/l-mobile.com\/fr\/","name":"L-mobile","description":"Mobile Softwarel\u00f6sungen","publisher":{"@id":"https:\/\/l-mobile.com\/fr\/#organization"},"potentialAction":[{"@type":"SearchAction","target":{"@type":"EntryPoint","urlTemplate":"https:\/\/l-mobile.com\/fr\/?s={search_term_string}"},"query-input":{"@type":"PropertyValueSpecification","valueRequired":true,"valueName":"search_term_string"}}],"inLanguage":"fr-FR"},{"@type":"Organization","@id":"https:\/\/l-mobile.com\/fr\/#organization","name":"L-mobile solutions","url":"https:\/\/l-mobile.com\/fr\/","logo":{"@type":"ImageObject","inLanguage":"fr-FR","@id":"https:\/\/l-mobile.com\/fr\/#\/schema\/logo\/image\/","url":"https:\/\/l-mobile.com\/wp-content\/uploads\/2018\/09\/l-mobile-logo-tab.jpg","contentUrl":"https:\/\/l-mobile.com\/wp-content\/uploads\/2018\/09\/l-mobile-logo-tab.jpg","width":240,"height":240,"caption":"L-mobile solutions"},"image":{"@id":"https:\/\/l-mobile.com\/fr\/#\/schema\/logo\/image\/"},"sameAs":["https:\/\/www.facebook.com\/lmobilegroup","https:\/\/www.instagram.com\/lmobile_group\/","https:\/\/www.linkedin.com\/company\/1073859\/","https:\/\/www.youtube.com\/user\/LmobileGroup"]}]}},"publishpress_future_workflow_manual_trigger":{"enabledWorkflows":[]},"_links":{"self":[{"href":"https:\/\/l-mobile.com\/fr\/wp-json\/wp\/v2\/product\/125192","targetHints":{"allow":["GET"]}}],"collection":[{"href":"https:\/\/l-mobile.com\/fr\/wp-json\/wp\/v2\/product"}],"about":[{"href":"https:\/\/l-mobile.com\/fr\/wp-json\/wp\/v2\/types\/product"}],"wp:featuredmedia":[{"embeddable":true,"href":"https:\/\/l-mobile.com\/fr\/wp-json\/wp\/v2\/media\/116885"}],"wp:attachment":[{"href":"https:\/\/l-mobile.com\/fr\/wp-json\/wp\/v2\/media?parent=125192"}],"wp:term":[{"taxonomy":"dokumente_formate","embeddable":true,"href":"https:\/\/l-mobile.com\/fr\/wp-json\/wp\/v2\/dokumente_formate?post=125192"},{"taxonomy":"dokumente_produkt","embeddable":true,"href":"https:\/\/l-mobile.com\/fr\/wp-json\/wp\/v2\/dokumente_produkt?post=125192"},{"taxonomy":"product_brand","embeddable":true,"href":"https:\/\/l-mobile.com\/fr\/wp-json\/wp\/v2\/product_brand?post=125192"},{"taxonomy":"product_cat","embeddable":true,"href":"https:\/\/l-mobile.com\/fr\/wp-json\/wp\/v2\/product_cat?post=125192"},{"taxonomy":"product_tag","embeddable":true,"href":"https:\/\/l-mobile.com\/fr\/wp-json\/wp\/v2\/product_tag?post=125192"}],"curies":[{"name":"wp","href":"https:\/\/api.w.org\/{rel}","templated":true}]}}