{"id":125189,"date":"2022-12-21T15:45:07","date_gmt":"2023-10-13T12:53:33","guid":{"rendered":"https:\/\/l-mobile.com\/?post_type=product&#038;p=125189"},"modified":"2024-08-23T14:10:16","modified_gmt":"2024-08-23T12:10:16","slug":"livre-blanc-systemes-transport-autonomes-dans-entrepot-production","status":"publish","type":"product","link":"https:\/\/l-mobile.com\/fr\/document\/livre-blanc-systemes-transport-autonomes-dans-entrepot-production\/","title":{"rendered":"Livre blanc \u2013 Les syst\u00e8mes de transport autonomes dans l&#8217;entrep\u00f4t et la production"},"content":{"rendered":"<div id='av_section_1'  class='avia-section av-yywjn81-f5895c40b7d6ce98ebefbb550d620cb5 main_color avia-section-default avia-no-border-styling  avia-builder-el-0  avia-builder-el-no-sibling  avia-bg-style-scroll container_wrap fullsize'  ><div class='container av-section-cont-open' ><main  role=\"main\" itemprop=\"mainContentOfPage\"  class='template-page content  av-content-full alpha units'><div class='post-entry post-entry-type-page post-entry-125189'><div class='entry-content-wrapper clearfix'>\n<div class='flex_column_table av-v1rmeoh-e309941746dd3d58272d077d5c825baa sc-av_one_fourth av-equal-height-column-flextable'>\n<style type=\"text\/css\" data-created_by=\"avia_inline_auto\" id=\"style-css-av-v1rmeoh-e309941746dd3d58272d077d5c825baa\">\n.flex_column.av-v1rmeoh-e309941746dd3d58272d077d5c825baa{\nborder-radius:0px 0px 0px 0px;\npadding:0px 0px 0px 0px;\n}\n<\/style>\n<div  class='flex_column av-v1rmeoh-e309941746dd3d58272d077d5c825baa av_one_fourth  avia-builder-el-1  el_before_av_three_fourth  avia-builder-el-first  lmwooimg first flex_column_table_cell av-equal-height-column av-align-top av-zero-column-padding  '     ><section  class='av_textblock_section av-2q2mx01-3be8ca73cf6e894d381d54eec19c26f9 '   itemscope=\"itemscope\" itemtype=\"https:\/\/schema.org\/CreativeWork\" ><div class='avia_textblock'  itemprop=\"text\" >\n<\/div><\/section><\/div><div class='av-flex-placeholder'><\/div>\n<style type=\"text\/css\" data-created_by=\"avia_inline_auto\" id=\"style-css-av-jamz2c1-7ce4ae35509497b903ef9115028b6389\">\n.flex_column.av-jamz2c1-7ce4ae35509497b903ef9115028b6389{\nborder-radius:0px 0px 0px 0px;\npadding:0px 0px 0px 0px;\n}\n<\/style>\n<div  class='flex_column av-jamz2c1-7ce4ae35509497b903ef9115028b6389 av_three_fourth  avia-builder-el-3  el_after_av_one_fourth  avia-builder-el-last  lmwoodesc lmwoocart lmh1 flex_column_table_cell av-equal-height-column av-align-top av-zero-column-padding  '     ><section  class='av_textblock_section av-ga73sr5-292af0c9b452cfefeffb2ccaf0bc0173 '   itemscope=\"itemscope\" itemtype=\"https:\/\/schema.org\/CreativeWork\" ><div class='avia_textblock'  itemprop=\"text\" ><h1>Livre blanc \u2013 Les syst\u00e8mes de transport autonomes dans l&#8217;entrep\u00f4t et la production<\/h1>\n<\/div><\/section><br \/>\n<section  class='av_textblock_section av-lbxp4f51-c0cc75159560945029b4fd43c23e4a0b '   itemscope=\"itemscope\" itemtype=\"https:\/\/schema.org\/CreativeWork\" ><div class='avia_textblock'  itemprop=\"text\" ><p>Les syst\u00e8mes de transport autonome permettent d&#8217;organiser avec fiabilit\u00e9 et efficacit\u00e9 le flux de mat\u00e9riaux dans les environnements de production et de stockage. Notre livre blanc vous explique ce qu&#8217;est un syst\u00e8me de transport autonome, comment il vous permet de r\u00e9pondre aux d\u00e9fis intralogistiques et ce qu&#8217;il faut prendre en compte lors de l&#8217;introduction de cette solution d&#8217;automatisation.<\/p>\n<\/div><\/section><br \/>\n\n<style type=\"text\/css\" data-created_by=\"avia_inline_auto\" id=\"style-css-av-9xfaln5-554569467daa3d09774013b7028176c5\">\n.avia_message_box.av-9xfaln5-554569467daa3d09774013b7028176c5{\ncolor:#ffffff;\nbackground-color:#0099d0;\nbackground:linear-gradient( to right, #0099d0, #005f7f );\nborder-style:none;\nborder-color:#ffffff;\n}\n.avia_message_box.av-9xfaln5-554569467daa3d09774013b7028176c5 .avia_message_box_icon.avia-svg-icon svg:first-child{\nfill:#ffffff;\nstroke:#ffffff;\n}\n<\/style>\n<div id='avia-messagebox-' class='avia_message_box av_notification av-9xfaln5-554569467daa3d09774013b7028176c5 avia-color-gradient avia-size-large avia-icon_select-yes avia-border-  avia-builder-el-6  el_after_av_textblock  el_before_av_textblock ' ><div class=\"avia_message_box_content\"><span class='avia_message_box_icon avia-iconfont avia-font-entypo-fontello' data-av_icon='\ue82d' data-av_iconfont='entypo-fontello' ><\/span><p>Profitez des 25 ann\u00e9es d&#8217;exp\u00e9rience de L-mobile et demandez notre livre blanc d\u00e8s maintenant\u00a0!<\/p>\n<\/div><\/div><br \/>\n<section  class='av_textblock_section av-7tv12oh-a048849d480cd57f601146839e560d17 '   itemscope=\"itemscope\" itemtype=\"https:\/\/schema.org\/CreativeWork\" ><div class='avia_textblock'  itemprop=\"text\" >\n\t\t\t\t\t\t<script>\n\t\t\t\t\t\t\twindow.hsFormsOnReady = window.hsFormsOnReady || [];\n\t\t\t\t\t\t\twindow.hsFormsOnReady.push(()=>{\n\t\t\t\t\t\t\t\thbspt.forms.create({\n\t\t\t\t\t\t\t\t\tportalId: 26475206,\n\t\t\t\t\t\t\t\t\tformId: \"2b311f77-8be2-4852-ae5b-2fa619d4c583\",\n\t\t\t\t\t\t\t\t\ttarget: \"#hbspt-form-1778615077000-9530187566\",\n\t\t\t\t\t\t\t\t\tregion: \"eu1\",\n\t\t\t\t\t\t\t\t\t\n\t\t\t\t\t\t\t})});\n\t\t\t\t\t\t<\/script>\n\t\t\t\t\t\t<div class=\"hbspt-form\" id=\"hbspt-form-1778615077000-9530187566\"><\/div>\n<\/div><\/section><br \/>\n<section  class='av_textblock_section av-lbxp9s5t-0a246aac882fde53f6206278cd0652cd '   itemscope=\"itemscope\" itemtype=\"https:\/\/schema.org\/CreativeWork\" ><div class='avia_textblock'  itemprop=\"text\" ><p><a href=\"https:\/\/l-mobile.com\/fr\/ressources-et-contact\/centre-de-telechargement\/livre-blancs\/\">Les autres livres blancs de L-mobile<\/a><\/p>\n<\/div><\/section><\/p><\/div><\/div><!--close column table wrapper. Autoclose: 1 -->\n","protected":false},"excerpt":{"rendered":"","protected":false},"featured_media":113688,"template":"","meta":{"_acf_changed":false,"content-type":""},"dokumente_formate":[4774],"dokumente_produkt":[3976],"product_brand":[],"product_cat":[2527],"product_tag":[],"class_list":{"0":"post-125189","1":"product","2":"type-product","3":"status-publish","4":"has-post-thumbnail","6":"dokumente_formate-livre-blanc","7":"dokumente_produkt-logistique-numerique-dentrepot","8":"product_cat-document","10":"first","11":"instock","12":"downloadable","13":"virtual","14":"purchasable","15":"product-type-simple"},"acf":[],"yoast_head":"<!-- This site is optimized with the Yoast SEO Premium plugin v26.6 (Yoast SEO v26.6) - https:\/\/yoast.com\/wordpress\/plugins\/seo\/ -->\n<title>Livre blanc \u2013 Les syst\u00e8mes de transport autonomes dans l&#039;entrep\u00f4t et la production - L-mobile<\/title>\n<meta name=\"description\" content=\"Les syst\u00e8mes de transport autonome permettent d&#039;organiser avec fiabilit\u00e9 et efficacit\u00e9 le flux de mat\u00e9riaux dans les environnements de production et de stockage.\" \/>\n<meta name=\"robots\" content=\"noindex, nofollow\" \/>\n<meta property=\"og:locale\" content=\"fr_FR\" \/>\n<meta property=\"og:type\" content=\"article\" \/>\n<meta property=\"og:title\" content=\"Livre blanc \u2013 Les syst\u00e8mes de transport autonomes dans l&#039;entrep\u00f4t et la production\" \/>\n<meta property=\"og:url\" content=\"https:\/\/l-mobile.com\/fr\/document\/livre-blanc-systemes-transport-autonomes-dans-entrepot-production\/\" \/>\n<meta property=\"og:site_name\" content=\"L-mobile\" \/>\n<meta property=\"article:publisher\" content=\"https:\/\/www.facebook.com\/lmobilegroup\" \/>\n<meta property=\"article:modified_time\" content=\"2024-08-23T12:10:16+00:00\" \/>\n<meta property=\"og:image\" content=\"https:\/\/l-mobile.com\/wp-content\/uploads\/2023\/10\/thumbnail_FTS_FR_450x560.jpg\" \/>\n\t<meta property=\"og:image:width\" content=\"400\" \/>\n\t<meta property=\"og:image:height\" content=\"600\" \/>\n\t<meta property=\"og:image:type\" content=\"image\/jpeg\" \/>\n<meta name=\"twitter:card\" content=\"summary_large_image\" \/>\n<meta name=\"twitter:label1\" content=\"Dur\u00e9e de lecture estim\u00e9e\" \/>\n\t<meta name=\"twitter:data1\" content=\"1 minute\" \/>\n<script type=\"application\/ld+json\" class=\"yoast-schema-graph\">{\"@context\":\"https:\/\/schema.org\",\"@graph\":[{\"@type\":\"WebPage\",\"@id\":\"https:\/\/l-mobile.com\/fr\/document\/livre-blanc-systemes-transport-autonomes-dans-entrepot-production\/\",\"url\":\"https:\/\/l-mobile.com\/fr\/document\/livre-blanc-systemes-transport-autonomes-dans-entrepot-production\/\",\"name\":\"Livre blanc \u2013 Les syst\u00e8mes de transport autonomes dans l'entrep\u00f4t et la production - L-mobile\",\"isPartOf\":{\"@id\":\"https:\/\/l-mobile.com\/fr\/#website\"},\"primaryImageOfPage\":{\"@id\":\"https:\/\/l-mobile.com\/fr\/document\/livre-blanc-systemes-transport-autonomes-dans-entrepot-production\/#primaryimage\"},\"image\":{\"@id\":\"https:\/\/l-mobile.com\/fr\/document\/livre-blanc-systemes-transport-autonomes-dans-entrepot-production\/#primaryimage\"},\"thumbnailUrl\":\"https:\/\/l-mobile.com\/wp-content\/uploads\/2023\/10\/thumbnail_FTS_FR_450x560.jpg\",\"datePublished\":\"2023-10-13T12:53:33+00:00\",\"dateModified\":\"2024-08-23T12:10:16+00:00\",\"description\":\"Les syst\u00e8mes de transport autonome permettent d'organiser avec fiabilit\u00e9 et efficacit\u00e9 le flux de mat\u00e9riaux dans les environnements de production et de stockage.\",\"breadcrumb\":{\"@id\":\"https:\/\/l-mobile.com\/fr\/document\/livre-blanc-systemes-transport-autonomes-dans-entrepot-production\/#breadcrumb\"},\"inLanguage\":\"fr-FR\",\"potentialAction\":[{\"@type\":\"ReadAction\",\"target\":[\"https:\/\/l-mobile.com\/fr\/document\/livre-blanc-systemes-transport-autonomes-dans-entrepot-production\/\"]}]},{\"@type\":\"ImageObject\",\"inLanguage\":\"fr-FR\",\"@id\":\"https:\/\/l-mobile.com\/fr\/document\/livre-blanc-systemes-transport-autonomes-dans-entrepot-production\/#primaryimage\",\"url\":\"https:\/\/l-mobile.com\/wp-content\/uploads\/2023\/10\/thumbnail_FTS_FR_450x560.jpg\",\"contentUrl\":\"https:\/\/l-mobile.com\/wp-content\/uploads\/2023\/10\/thumbnail_FTS_FR_450x560.jpg\",\"width\":400,\"height\":600,\"caption\":\"Whitepaper - Fahrerlose Transportsysteme in Lager und Produktion\"},{\"@type\":\"BreadcrumbList\",\"@id\":\"https:\/\/l-mobile.com\/fr\/document\/livre-blanc-systemes-transport-autonomes-dans-entrepot-production\/#breadcrumb\",\"itemListElement\":[{\"@type\":\"ListItem\",\"position\":1,\"name\":\"Startseite\",\"item\":\"https:\/\/l-mobile.com\/fr\/l-mobile-rend-processus-metier-mobiles\/\"},{\"@type\":\"ListItem\",\"position\":2,\"name\":\"Hardware-Shop\",\"item\":\"https:\/\/l-mobile.com\/geschaeftsfelder\/technik\/\"},{\"@type\":\"ListItem\",\"position\":3,\"name\":\"Livre blanc \u2013 Les syst\u00e8mes de transport autonomes dans l&#8217;entrep\u00f4t et la production\"}]},{\"@type\":\"WebSite\",\"@id\":\"https:\/\/l-mobile.com\/fr\/#website\",\"url\":\"https:\/\/l-mobile.com\/fr\/\",\"name\":\"L-mobile\",\"description\":\"Mobile Softwarel\u00f6sungen\",\"publisher\":{\"@id\":\"https:\/\/l-mobile.com\/fr\/#organization\"},\"potentialAction\":[{\"@type\":\"SearchAction\",\"target\":{\"@type\":\"EntryPoint\",\"urlTemplate\":\"https:\/\/l-mobile.com\/fr\/?s={search_term_string}\"},\"query-input\":{\"@type\":\"PropertyValueSpecification\",\"valueRequired\":true,\"valueName\":\"search_term_string\"}}],\"inLanguage\":\"fr-FR\"},{\"@type\":\"Organization\",\"@id\":\"https:\/\/l-mobile.com\/fr\/#organization\",\"name\":\"L-mobile solutions\",\"url\":\"https:\/\/l-mobile.com\/fr\/\",\"logo\":{\"@type\":\"ImageObject\",\"inLanguage\":\"fr-FR\",\"@id\":\"https:\/\/l-mobile.com\/fr\/#\/schema\/logo\/image\/\",\"url\":\"https:\/\/l-mobile.com\/wp-content\/uploads\/2018\/09\/l-mobile-logo-tab.jpg\",\"contentUrl\":\"https:\/\/l-mobile.com\/wp-content\/uploads\/2018\/09\/l-mobile-logo-tab.jpg\",\"width\":240,\"height\":240,\"caption\":\"L-mobile solutions\"},\"image\":{\"@id\":\"https:\/\/l-mobile.com\/fr\/#\/schema\/logo\/image\/\"},\"sameAs\":[\"https:\/\/www.facebook.com\/lmobilegroup\",\"https:\/\/www.instagram.com\/lmobile_group\/\",\"https:\/\/www.linkedin.com\/company\/1073859\/\",\"https:\/\/www.youtube.com\/user\/LmobileGroup\"]}]}<\/script>\n<!-- \/ Yoast SEO Premium plugin. -->","yoast_head_json":{"title":"Livre blanc \u2013 Les syst\u00e8mes de transport autonomes dans l'entrep\u00f4t et la production - L-mobile","description":"Les syst\u00e8mes de transport autonome permettent d'organiser avec fiabilit\u00e9 et efficacit\u00e9 le flux de mat\u00e9riaux dans les environnements de production et de stockage.","robots":{"index":"noindex","follow":"nofollow"},"og_locale":"fr_FR","og_type":"article","og_title":"Livre blanc \u2013 Les syst\u00e8mes de transport autonomes dans l'entrep\u00f4t et la production","og_url":"https:\/\/l-mobile.com\/fr\/document\/livre-blanc-systemes-transport-autonomes-dans-entrepot-production\/","og_site_name":"L-mobile","article_publisher":"https:\/\/www.facebook.com\/lmobilegroup","article_modified_time":"2024-08-23T12:10:16+00:00","og_image":[{"width":400,"height":600,"url":"https:\/\/l-mobile.com\/wp-content\/uploads\/2023\/10\/thumbnail_FTS_FR_450x560.jpg","type":"image\/jpeg"}],"twitter_card":"summary_large_image","twitter_misc":{"Dur\u00e9e de lecture estim\u00e9e":"1 minute"},"schema":{"@context":"https:\/\/schema.org","@graph":[{"@type":"WebPage","@id":"https:\/\/l-mobile.com\/fr\/document\/livre-blanc-systemes-transport-autonomes-dans-entrepot-production\/","url":"https:\/\/l-mobile.com\/fr\/document\/livre-blanc-systemes-transport-autonomes-dans-entrepot-production\/","name":"Livre blanc \u2013 Les syst\u00e8mes de transport autonomes dans l'entrep\u00f4t et la production - L-mobile","isPartOf":{"@id":"https:\/\/l-mobile.com\/fr\/#website"},"primaryImageOfPage":{"@id":"https:\/\/l-mobile.com\/fr\/document\/livre-blanc-systemes-transport-autonomes-dans-entrepot-production\/#primaryimage"},"image":{"@id":"https:\/\/l-mobile.com\/fr\/document\/livre-blanc-systemes-transport-autonomes-dans-entrepot-production\/#primaryimage"},"thumbnailUrl":"https:\/\/l-mobile.com\/wp-content\/uploads\/2023\/10\/thumbnail_FTS_FR_450x560.jpg","datePublished":"2023-10-13T12:53:33+00:00","dateModified":"2024-08-23T12:10:16+00:00","description":"Les syst\u00e8mes de transport autonome permettent d'organiser avec fiabilit\u00e9 et efficacit\u00e9 le flux de mat\u00e9riaux dans les environnements de production et de stockage.","breadcrumb":{"@id":"https:\/\/l-mobile.com\/fr\/document\/livre-blanc-systemes-transport-autonomes-dans-entrepot-production\/#breadcrumb"},"inLanguage":"fr-FR","potentialAction":[{"@type":"ReadAction","target":["https:\/\/l-mobile.com\/fr\/document\/livre-blanc-systemes-transport-autonomes-dans-entrepot-production\/"]}]},{"@type":"ImageObject","inLanguage":"fr-FR","@id":"https:\/\/l-mobile.com\/fr\/document\/livre-blanc-systemes-transport-autonomes-dans-entrepot-production\/#primaryimage","url":"https:\/\/l-mobile.com\/wp-content\/uploads\/2023\/10\/thumbnail_FTS_FR_450x560.jpg","contentUrl":"https:\/\/l-mobile.com\/wp-content\/uploads\/2023\/10\/thumbnail_FTS_FR_450x560.jpg","width":400,"height":600,"caption":"Whitepaper - Fahrerlose Transportsysteme in Lager und Produktion"},{"@type":"BreadcrumbList","@id":"https:\/\/l-mobile.com\/fr\/document\/livre-blanc-systemes-transport-autonomes-dans-entrepot-production\/#breadcrumb","itemListElement":[{"@type":"ListItem","position":1,"name":"Startseite","item":"https:\/\/l-mobile.com\/fr\/l-mobile-rend-processus-metier-mobiles\/"},{"@type":"ListItem","position":2,"name":"Hardware-Shop","item":"https:\/\/l-mobile.com\/geschaeftsfelder\/technik\/"},{"@type":"ListItem","position":3,"name":"Livre blanc \u2013 Les syst\u00e8mes de transport autonomes dans l&#8217;entrep\u00f4t et la production"}]},{"@type":"WebSite","@id":"https:\/\/l-mobile.com\/fr\/#website","url":"https:\/\/l-mobile.com\/fr\/","name":"L-mobile","description":"Mobile Softwarel\u00f6sungen","publisher":{"@id":"https:\/\/l-mobile.com\/fr\/#organization"},"potentialAction":[{"@type":"SearchAction","target":{"@type":"EntryPoint","urlTemplate":"https:\/\/l-mobile.com\/fr\/?s={search_term_string}"},"query-input":{"@type":"PropertyValueSpecification","valueRequired":true,"valueName":"search_term_string"}}],"inLanguage":"fr-FR"},{"@type":"Organization","@id":"https:\/\/l-mobile.com\/fr\/#organization","name":"L-mobile solutions","url":"https:\/\/l-mobile.com\/fr\/","logo":{"@type":"ImageObject","inLanguage":"fr-FR","@id":"https:\/\/l-mobile.com\/fr\/#\/schema\/logo\/image\/","url":"https:\/\/l-mobile.com\/wp-content\/uploads\/2018\/09\/l-mobile-logo-tab.jpg","contentUrl":"https:\/\/l-mobile.com\/wp-content\/uploads\/2018\/09\/l-mobile-logo-tab.jpg","width":240,"height":240,"caption":"L-mobile solutions"},"image":{"@id":"https:\/\/l-mobile.com\/fr\/#\/schema\/logo\/image\/"},"sameAs":["https:\/\/www.facebook.com\/lmobilegroup","https:\/\/www.instagram.com\/lmobile_group\/","https:\/\/www.linkedin.com\/company\/1073859\/","https:\/\/www.youtube.com\/user\/LmobileGroup"]}]}},"publishpress_future_workflow_manual_trigger":{"enabledWorkflows":[]},"_links":{"self":[{"href":"https:\/\/l-mobile.com\/fr\/wp-json\/wp\/v2\/product\/125189","targetHints":{"allow":["GET"]}}],"collection":[{"href":"https:\/\/l-mobile.com\/fr\/wp-json\/wp\/v2\/product"}],"about":[{"href":"https:\/\/l-mobile.com\/fr\/wp-json\/wp\/v2\/types\/product"}],"wp:featuredmedia":[{"embeddable":true,"href":"https:\/\/l-mobile.com\/fr\/wp-json\/wp\/v2\/media\/113688"}],"wp:attachment":[{"href":"https:\/\/l-mobile.com\/fr\/wp-json\/wp\/v2\/media?parent=125189"}],"wp:term":[{"taxonomy":"dokumente_formate","embeddable":true,"href":"https:\/\/l-mobile.com\/fr\/wp-json\/wp\/v2\/dokumente_formate?post=125189"},{"taxonomy":"dokumente_produkt","embeddable":true,"href":"https:\/\/l-mobile.com\/fr\/wp-json\/wp\/v2\/dokumente_produkt?post=125189"},{"taxonomy":"product_brand","embeddable":true,"href":"https:\/\/l-mobile.com\/fr\/wp-json\/wp\/v2\/product_brand?post=125189"},{"taxonomy":"product_cat","embeddable":true,"href":"https:\/\/l-mobile.com\/fr\/wp-json\/wp\/v2\/product_cat?post=125189"},{"taxonomy":"product_tag","embeddable":true,"href":"https:\/\/l-mobile.com\/fr\/wp-json\/wp\/v2\/product_tag?post=125189"}],"curies":[{"name":"wp","href":"https:\/\/api.w.org\/{rel}","templated":true}]}}