{"id":124651,"date":"2022-08-25T15:57:02","date_gmt":"2022-08-25T13:57:02","guid":{"rendered":"https:\/\/l-mobile.com\/?post_type=product&#038;p=124651"},"modified":"2025-08-19T11:12:50","modified_gmt":"2025-08-19T09:12:50","slug":"preparation-de-commandes-et-expedition-numeriques-des-marchandises","status":"publish","type":"product","link":"https:\/\/l-mobile.com\/fr\/on-demand-webcast-fr\/preparation-de-commandes-et-expedition-numeriques-des-marchandises\/","title":{"rendered":"Pr\u00e9paration de commandes et exp\u00e9dition num\u00e9riques des marchandises"},"content":{"rendered":"\n<style type=\"text\/css\" data-created_by=\"avia_inline_auto\" id=\"style-css-av-av_section-3170482739f182f0a14b0a1ab760d239\">\n.avia-section.av-av_section-3170482739f182f0a14b0a1ab760d239{\nbackground-repeat:no-repeat;\nbackground-image:url(https:\/\/l-mobile.com\/wp-content\/uploads\/2019\/11\/service-days-kalender.jpg);\nbackground-position:50% 50%;\nbackground-attachment:scroll;\n}\n<\/style>\n<div id='av_section_1'  class='avia-section av-av_section-3170482739f182f0a14b0a1ab760d239 main_color avia-section-default avia-shadow  avia-builder-el-0  avia-builder-el-no-sibling  lmhf avia-full-stretch avia-bg-style-scroll av-minimum-height av-minimum-height-100 av-height-100  container_wrap fullsize'  data-section-bg-repeat='stretch' data-av_minimum_height_pc='100' data-av_min_height_opt='100'><div class='container av-section-cont-open' ><main  role=\"main\" itemprop=\"mainContentOfPage\"  class='template-page content  av-content-full alpha units'><div class='post-entry post-entry-type-page post-entry-124651'><div class='entry-content-wrapper clearfix'>\n<div class='flex_column_table av-av_one_half-c1380ae95f6ac09454f30ad66f983b7f sc-av_one_half av-break-at-tablet-flextable av-equal-height-column-flextable'>\n<style type=\"text\/css\" data-created_by=\"avia_inline_auto\" id=\"style-css-av-av_one_half-c1380ae95f6ac09454f30ad66f983b7f\">\n.flex_column.av-av_one_half-c1380ae95f6ac09454f30ad66f983b7f{\nborder-radius:0px 0px 0px 0px;\npadding:30px 50px 30px 50px;\nbackground-color:rgba(0,154,205,0.95);\n}\n<\/style>\n<div  class='flex_column av-av_one_half-c1380ae95f6ac09454f30ad66f983b7f av_one_half  avia-builder-el-1  el_before_av_one_half  avia-builder-el-first  lmh1w first no_margin av-break-at-tablet flex_column_table_cell av-equal-height-column av-align-middle  '     ><p>\n<style type=\"text\/css\" data-created_by=\"avia_inline_auto\" id=\"style-css-av-lmhp90vy-66d2a7e9ca6f6611d5a832cf3824889a\">\n#top .av-special-heading.av-lmhp90vy-66d2a7e9ca6f6611d5a832cf3824889a{\npadding-bottom:10px;\ncolor:#ffffff;\n}\nbody .av-special-heading.av-lmhp90vy-66d2a7e9ca6f6611d5a832cf3824889a .av-special-heading-tag .heading-char{\nfont-size:25px;\n}\n.av-special-heading.av-lmhp90vy-66d2a7e9ca6f6611d5a832cf3824889a .special-heading-inner-border{\nborder-color:#ffffff;\n}\n.av-special-heading.av-lmhp90vy-66d2a7e9ca6f6611d5a832cf3824889a .av-subheading{\nfont-size:15px;\n}\n<\/style>\n<div  class='av-special-heading av-lmhp90vy-66d2a7e9ca6f6611d5a832cf3824889a av-special-heading-h1 custom-color-heading blockquote modern-quote modern-centered  avia-builder-el-2  el_before_av_hr  avia-builder-el-first '><h1 class='av-special-heading-tag '  itemprop=\"headline\"  >Pr\u00e9paration de commandes et exp\u00e9dition num\u00e9riques des marchandises<\/h1><div class=\"special-heading-border\"><div class=\"special-heading-inner-border\"><\/div><\/div><\/div><br \/>\n\n<style type=\"text\/css\" data-created_by=\"avia_inline_auto\" id=\"style-css-av-av_hr-e91f8fbe81134c228cc94df0c2ea3da0\">\n#top .hr.hr-invisible.av-av_hr-e91f8fbe81134c228cc94df0c2ea3da0{\nheight:30px;\n}\n<\/style>\n<div  class='hr av-av_hr-e91f8fbe81134c228cc94df0c2ea3da0 hr-invisible  avia-builder-el-3  el_after_av_heading  el_before_av_textblock '><span class='hr-inner '><span class=\"hr-inner-style\"><\/span><\/span><\/div><br \/>\n<section  class='av_textblock_section av-lmhp98mb-02d102029ae09231c0a064b6a90006c8 '   itemscope=\"itemscope\" itemtype=\"https:\/\/schema.org\/CreativeWork\" ><div class='avia_textblock'  itemprop=\"text\" ><div class=\"videohintergrund-js-22\">\n<div class=\"youtube-player-22\">\n<div class='avia-iframe-wrap'><iframe loading=\"lazy\" title=\"Pr\u00e9paration de commandes et exp\u00e9dition num\u00e9riques des marchandises | D\u00e9mo\" width=\"1500\" height=\"844\" src=\"https:\/\/www.youtube-nocookie.com\/embed\/c1_OsAIIc_c?feature=oembed\" frameborder=\"0\" allow=\"accelerometer; autoplay; clipboard-write; encrypted-media; gyroscope; picture-in-picture; web-share\" referrerpolicy=\"strict-origin-when-cross-origin\" allowfullscreen><\/iframe><\/div>\n<\/div>\n<\/div>\n<\/div><\/section><br \/>\n\n<style type=\"text\/css\" data-created_by=\"avia_inline_auto\" id=\"style-css-av-av_hr-e91f8fbe81134c228cc94df0c2ea3da0\">\n#top .hr.hr-invisible.av-av_hr-e91f8fbe81134c228cc94df0c2ea3da0{\nheight:30px;\n}\n<\/style>\n<div  class='hr av-av_hr-e91f8fbe81134c228cc94df0c2ea3da0 hr-invisible  avia-builder-el-5  el_after_av_textblock  avia-builder-el-last '><span class='hr-inner '><span class=\"hr-inner-style\"><\/span><\/span><\/div><\/p><\/div>\n<style type=\"text\/css\" data-created_by=\"avia_inline_auto\" id=\"style-css-av-av_one_half-ce9887f82d055712c06e16497311d5b5\">\n.flex_column.av-av_one_half-ce9887f82d055712c06e16497311d5b5{\nborder-radius:0px 0px 0px 0px;\npadding:0px 30px 0px 30px;\nbackground-color:rgba(0,154,205,0.95);\n}\n<\/style>\n<div  class='flex_column av-av_one_half-ce9887f82d055712c06e16497311d5b5 av_one_half  avia-builder-el-6  el_after_av_one_half  avia-builder-el-last  lmprw no_margin av-break-at-tablet flex_column_table_cell av-equal-height-column av-align-middle  '     ><div class='av-woo-product-tabs av-av_product_tabs-f73a11ccd29996a2a11249d534554c23 av-woo-product-review product  avia-builder-el-7  avia-builder-el-no-sibling '>\n\t<div class=\"woocommerce-tabs wc-tabs-wrapper\">\n\t\t<ul class=\"tabs wc-tabs\" role=\"tablist\">\n\t\t\t\t\t\t\t<li role=\"presentation\" class=\"demander-maintenant_tab\" id=\"tab-title-demander-maintenant\">\n\t\t\t\t\t<a href=\"#tab-demander-maintenant\" role=\"tab\" aria-controls=\"tab-demander-maintenant\">\n\t\t\t\t\t\tDemander maintenant\t\t\t\t\t<\/a>\n\t\t\t\t<\/li>\n\t\t\t\t\t\t\t<li role=\"presentation\" class=\"plus-dinformations_tab\" id=\"tab-title-plus-dinformations\">\n\t\t\t\t\t<a href=\"#tab-plus-dinformations\" role=\"tab\" aria-controls=\"tab-plus-dinformations\">\n\t\t\t\t\t\tPlus d'informations\t\t\t\t\t<\/a>\n\t\t\t\t<\/li>\n\t\t\t\t\t<\/ul>\n\t\t\t\t\t<div class=\"woocommerce-Tabs-panel woocommerce-Tabs-panel--demander-maintenant panel entry-content wc-tab\" id=\"tab-demander-maintenant\" role=\"tabpanel\" aria-labelledby=\"tab-title-demander-maintenant\">\n\t\t\t\t<h2 class=\"yikes-custom-woo-tab-title yikes-custom-woo-tab-title-demander-maintenant\">Demander maintenant<\/h2>\n\t\t\t\t\t\t<script>\n\t\t\t\t\t\t\twindow.hsFormsOnReady = window.hsFormsOnReady || [];\n\t\t\t\t\t\t\twindow.hsFormsOnReady.push(()=>{\n\t\t\t\t\t\t\t\thbspt.forms.create({\n\t\t\t\t\t\t\t\t\tportalId: 26475206,\n\t\t\t\t\t\t\t\t\tformId: \"2b311f77-8be2-4852-ae5b-2fa619d4c583\",\n\t\t\t\t\t\t\t\t\ttarget: \"#hbspt-form-1776521822000-8077461885\",\n\t\t\t\t\t\t\t\t\tregion: \"eu1\",\n\t\t\t\t\t\t\t\t\t\n\t\t\t\t\t\t\t})});\n\t\t\t\t\t\t<\/script>\n\t\t\t\t\t\t<div class=\"hbspt-form\" id=\"hbspt-form-1776521822000-8077461885\"><\/div>\n\t\t\t<\/div>\n\t\t\t\t\t<div class=\"woocommerce-Tabs-panel woocommerce-Tabs-panel--plus-dinformations panel entry-content wc-tab\" id=\"tab-plus-dinformations\" role=\"tabpanel\" aria-labelledby=\"tab-title-plus-dinformations\">\n\t\t\t\t<h2 class=\"yikes-custom-woo-tab-title yikes-custom-woo-tab-title-plus-dinformations\">Plus d'informations<\/h2><h2><span style=\"color: #009acd;\">Pr\u00e9paration de commandes et exp\u00e9dition num\u00e9riques des marchandises<\/span><\/h2>\n\n<style type=\"text\/css\" data-created_by=\"avia_inline_auto\" id=\"style-css-av-av_hr-82f5be0ae0af6a64fe3091010b237709\">\n#top .hr.hr-invisible.av-av_hr-82f5be0ae0af6a64fe3091010b237709{\nheight:20px;\n}\n<\/style>\n<div  class='hr av-av_hr-82f5be0ae0af6a64fe3091010b237709 hr-invisible'><span class='hr-inner '><span class=\"hr-inner-style\"><\/span><\/span><\/div>\n<div  class='flex_column av-av_one_full-2a9015ff38129c418a3f2eafba3e9512 av_one_full first flex_column_div  '     ><style type=\"text\/css\" data-created_by=\"avia_inline_auto\" id=\"style-css-av-av_icon_box-f2c65ff5d7d93ba26fa08a2f36df0548\">\n.iconbox.av-av_icon_box-f2c65ff5d7d93ba26fa08a2f36df0548 .iconbox_icon{\nborder:1px solid #ffffff;\ncolor:#009acd;\n}\n.iconbox.av-av_icon_box-f2c65ff5d7d93ba26fa08a2f36df0548 .iconbox_icon.avia-svg-icon svg:first-child{\nfill:#009acd;\nstroke:#009acd;\n}\n<\/style>\n<article  class='iconbox iconbox_left av-av_icon_box-f2c65ff5d7d93ba26fa08a2f36df0548'  itemscope=\"itemscope\" itemtype=\"https:\/\/schema.org\/CreativeWork\" ><div class=\"iconbox_content\"><header class=\"entry-content-header\" aria-label=\"Ic\u00f4ne : 13 min\"><div class='iconbox_icon heading-color avia-iconfont avia-font-entypo-fontello' data-av_icon='\ue862' data-av_iconfont='entypo-fontello'  ><\/div><h3 class='iconbox_content_title '  itemprop=\"headline\" >13 min<\/h3><\/header><div class='iconbox_content_container '  itemprop=\"text\" ><\/div><\/div><footer class=\"entry-footer\"><\/footer><\/article><\/div>\n<div  class='flex_column av-av_one_full-2a9015ff38129c418a3f2eafba3e9512 av_one_full first flex_column_div  '     ><style type=\"text\/css\" data-created_by=\"avia_inline_auto\" id=\"style-css-av-av_icon_box-d6b9a18545b214c6b662c4cadf2fa3da\">\n.iconbox.av-av_icon_box-d6b9a18545b214c6b662c4cadf2fa3da .iconbox_icon{\nbackground-color:#ffffff;\nborder:1px solid #ffffff;\ncolor:#009acd;\n}\n.iconbox.av-av_icon_box-d6b9a18545b214c6b662c4cadf2fa3da .iconbox_icon.avia-svg-icon svg:first-child{\nfill:#009acd;\nstroke:#009acd;\n}\n<\/style>\n<article  class='iconbox iconbox_left av-av_icon_box-d6b9a18545b214c6b662c4cadf2fa3da'  itemscope=\"itemscope\" itemtype=\"https:\/\/schema.org\/CreativeWork\" ><div class=\"iconbox_content\"><header class=\"entry-content-header\" aria-label=\"Ic\u00f4ne : Microsoft Dynamics NAV et Business Central\"><div class='iconbox_icon heading-color avia-iconfont avia-font-entypo-fontello' data-av_icon='\ue86d' data-av_iconfont='entypo-fontello'  ><\/div><h3 class='iconbox_content_title '  itemprop=\"headline\" >Microsoft Dynamics NAV et Business Central<\/h3><\/header><div class='iconbox_content_container '  itemprop=\"text\" ><\/div><\/div><footer class=\"entry-footer\"><\/footer><\/article><\/div>\n<div  class='flex_column av-av_one_full-2a9015ff38129c418a3f2eafba3e9512 av_one_full first flex_column_div  '     ><style type=\"text\/css\" data-created_by=\"avia_inline_auto\" id=\"style-css-av-av_icon_box-a5ba187aa7f11c7c13ea1dd0a1c2aaca\">\n.iconbox.av-av_icon_box-a5ba187aa7f11c7c13ea1dd0a1c2aaca .iconbox_icon{\nbackground-color:#ffffff;\nborder:1px solid #ffffff;\ncolor:#009acd;\n}\n.iconbox.av-av_icon_box-a5ba187aa7f11c7c13ea1dd0a1c2aaca .iconbox_icon.avia-svg-icon svg:first-child{\nfill:#009acd;\nstroke:#009acd;\n}\n<\/style>\n<article  class='iconbox iconbox_left av-av_icon_box-a5ba187aa7f11c7c13ea1dd0a1c2aaca'  itemscope=\"itemscope\" itemtype=\"https:\/\/schema.org\/CreativeWork\" ><div class=\"iconbox_content\"><header class=\"entry-content-header\" aria-label=\"Ic\u00f4ne : Mazen Tabbara, Sales Manager\"><div class='iconbox_icon heading-color avia-iconfont avia-font-entypo-fontello' data-av_icon='\ue80a' data-av_iconfont='entypo-fontello'  ><\/div><h3 class='iconbox_content_title '  itemprop=\"headline\" >Mazen Tabbara, Sales Manager<\/h3><\/header><div class='iconbox_content_container '  itemprop=\"text\" ><\/div><\/div><footer class=\"entry-footer\"><\/footer><\/article><\/div>\n<p><span style=\"color: #0d0d0d;\">Entr\u00e9e de commande, saisie de la commande, pr\u00e9paration de la commande, emballage et exp\u00e9dition &#8211; le chemin entre la commande de votre client et la livraison est long et complexe. Les ruptures de m\u00e9dias, les temps de recherche ou le d\u00e9calage temporel entre le flux de marchandises et les enregistrements de stocks ne sont que quelques-uns des d\u00e9fis \u00e0 relever lors du traitement dans la logistique. Le num\u00e9rique simplifie les choses !<\/span><\/p>\n<p><span style=\"color: #0d0d0d;\">Pour savoir comment organiser la pr\u00e9paration des commandes et le traitement des exp\u00e9ditions de bout en bout, de mani\u00e8re num\u00e9rique, transparente et en optimisant les trajets, consultez notre d\u00e9mo gratuite. Dans notre d\u00e9monstration en direct, vous aurez un aper\u00e7u d\u00e9taill\u00e9 de notre solution logicielle L-mobile warehouse pour MS Dynamics NAV et Business Central. De plus, vous d\u00e9couvrirez la saisie mobile des donn\u00e9es pour NAV et Business Central en action. \u00c0 l&#8217;aide d&#8217;exemples pratiques, vous apprendrez comment nos clients ont \u00e9galement optimis\u00e9 leurs processus dans le domaine de la pr\u00e9paration des commandes et de l&#8217;exp\u00e9dition et ont ainsi pu r\u00e9duire drastiquement les erreurs de pr\u00e9l\u00e8vement, les temps de trajet et surtout les charges d&#8217;enregistrement manuel.<\/span><\/p>\n\t\t\t<\/div>\n\t\t\n\t\t\t<\/div>\n\n<\/div><\/div>\n","protected":false},"excerpt":{"rendered":"","protected":false},"featured_media":105219,"template":"","meta":{"_acf_changed":false,"content-type":""},"dokumente_formate":[],"dokumente_produkt":[],"product_brand":[],"product_cat":[4981],"product_tag":[6750],"class_list":{"0":"post-124651","1":"product","2":"type-product","3":"status-publish","4":"has-post-thumbnail","6":"product_cat-on-demand-webcast-fr","7":"product_tag-gestion-de-stock-en-ligne","9":"first","10":"instock","11":"shipping-taxable","12":"product-type-simple"},"acf":[],"yoast_head":"<!-- This site is optimized with the Yoast SEO Premium plugin v26.6 (Yoast SEO v26.6) - https:\/\/yoast.com\/wordpress\/plugins\/seo\/ -->\n<title>Pr\u00e9paration de commandes et exp\u00e9dition num\u00e9riques des marchandises - L-mobile<\/title>\n<meta name=\"description\" content=\"D\u00e9couvrez notre d\u00e9mo sur la pr\u00e9paration des commandes et l&#039;exp\u00e9dition des marchandises par voie num\u00e9rique avec la solution L-mobile warehouse pour MS Dynamics.\" \/>\n<meta name=\"robots\" content=\"index, follow, max-snippet:-1, max-image-preview:large, max-video-preview:-1\" \/>\n<link rel=\"canonical\" href=\"https:\/\/l-mobile.com\/fr\/on-demand-webcast-fr\/preparation-de-commandes-et-expedition-numeriques-des-marchandises\/\" \/>\n<meta property=\"og:locale\" content=\"fr_FR\" \/>\n<meta property=\"og:type\" content=\"article\" \/>\n<meta property=\"og:title\" content=\"Pr\u00e9paration de commandes et exp\u00e9dition num\u00e9riques des marchandises\" \/>\n<meta property=\"og:url\" content=\"https:\/\/l-mobile.com\/fr\/on-demand-webcast-fr\/preparation-de-commandes-et-expedition-numeriques-des-marchandises\/\" \/>\n<meta property=\"og:site_name\" content=\"L-mobile\" \/>\n<meta property=\"article:publisher\" content=\"https:\/\/www.facebook.com\/lmobilegroup\" \/>\n<meta property=\"article:modified_time\" content=\"2025-08-19T09:12:50+00:00\" \/>\n<meta property=\"og:image\" content=\"https:\/\/l-mobile.com\/wp-content\/uploads\/2024\/10\/webcast_preparation_de_commandes_msdynamics.jpg\" \/>\n\t<meta property=\"og:image:width\" content=\"700\" \/>\n\t<meta property=\"og:image:height\" content=\"394\" \/>\n\t<meta property=\"og:image:type\" content=\"image\/jpeg\" \/>\n<meta name=\"twitter:card\" content=\"summary_large_image\" \/>\n<meta name=\"twitter:label1\" content=\"Dur\u00e9e de lecture estim\u00e9e\" \/>\n\t<meta name=\"twitter:data1\" content=\"1 minute\" \/>\n<script type=\"application\/ld+json\" class=\"yoast-schema-graph\">{\"@context\":\"https:\/\/schema.org\",\"@graph\":[{\"@type\":\"WebPage\",\"@id\":\"https:\/\/l-mobile.com\/fr\/on-demand-webcast-fr\/preparation-de-commandes-et-expedition-numeriques-des-marchandises\/\",\"url\":\"https:\/\/l-mobile.com\/fr\/on-demand-webcast-fr\/preparation-de-commandes-et-expedition-numeriques-des-marchandises\/\",\"name\":\"Pr\u00e9paration de commandes et exp\u00e9dition num\u00e9riques des marchandises - L-mobile\",\"isPartOf\":{\"@id\":\"https:\/\/l-mobile.com\/fr\/#website\"},\"primaryImageOfPage\":{\"@id\":\"https:\/\/l-mobile.com\/fr\/on-demand-webcast-fr\/preparation-de-commandes-et-expedition-numeriques-des-marchandises\/#primaryimage\"},\"image\":{\"@id\":\"https:\/\/l-mobile.com\/fr\/on-demand-webcast-fr\/preparation-de-commandes-et-expedition-numeriques-des-marchandises\/#primaryimage\"},\"thumbnailUrl\":\"https:\/\/l-mobile.com\/wp-content\/uploads\/2024\/10\/webcast_preparation_de_commandes_msdynamics.jpg\",\"datePublished\":\"2022-08-25T13:57:02+00:00\",\"dateModified\":\"2025-08-19T09:12:50+00:00\",\"description\":\"D\u00e9couvrez notre d\u00e9mo sur la pr\u00e9paration des commandes et l'exp\u00e9dition des marchandises par voie num\u00e9rique avec la solution L-mobile warehouse pour MS Dynamics.\",\"breadcrumb\":{\"@id\":\"https:\/\/l-mobile.com\/fr\/on-demand-webcast-fr\/preparation-de-commandes-et-expedition-numeriques-des-marchandises\/#breadcrumb\"},\"inLanguage\":\"fr-FR\",\"potentialAction\":[{\"@type\":\"ReadAction\",\"target\":[\"https:\/\/l-mobile.com\/fr\/on-demand-webcast-fr\/preparation-de-commandes-et-expedition-numeriques-des-marchandises\/\"]}]},{\"@type\":\"ImageObject\",\"inLanguage\":\"fr-FR\",\"@id\":\"https:\/\/l-mobile.com\/fr\/on-demand-webcast-fr\/preparation-de-commandes-et-expedition-numeriques-des-marchandises\/#primaryimage\",\"url\":\"https:\/\/l-mobile.com\/wp-content\/uploads\/2024\/10\/webcast_preparation_de_commandes_msdynamics.jpg\",\"contentUrl\":\"https:\/\/l-mobile.com\/wp-content\/uploads\/2024\/10\/webcast_preparation_de_commandes_msdynamics.jpg\",\"width\":700,\"height\":394,\"caption\":\"L-mobile On Demand Webcast Papierlose Kommissionierung und Warenversand mit L-mobile warehouse ready for MS Dynamics\"},{\"@type\":\"BreadcrumbList\",\"@id\":\"https:\/\/l-mobile.com\/fr\/on-demand-webcast-fr\/preparation-de-commandes-et-expedition-numeriques-des-marchandises\/#breadcrumb\",\"itemListElement\":[{\"@type\":\"ListItem\",\"position\":1,\"name\":\"Startseite\",\"item\":\"https:\/\/l-mobile.com\/fr\/l-mobile-rend-processus-metier-mobiles\/\"},{\"@type\":\"ListItem\",\"position\":2,\"name\":\"Hardware-Shop\",\"item\":\"https:\/\/l-mobile.com\/geschaeftsfelder\/technik\/\"},{\"@type\":\"ListItem\",\"position\":3,\"name\":\"Pr\u00e9paration de commandes et exp\u00e9dition num\u00e9riques des marchandises\"}]},{\"@type\":\"WebSite\",\"@id\":\"https:\/\/l-mobile.com\/fr\/#website\",\"url\":\"https:\/\/l-mobile.com\/fr\/\",\"name\":\"L-mobile\",\"description\":\"Mobile Softwarel\u00f6sungen\",\"publisher\":{\"@id\":\"https:\/\/l-mobile.com\/fr\/#organization\"},\"potentialAction\":[{\"@type\":\"SearchAction\",\"target\":{\"@type\":\"EntryPoint\",\"urlTemplate\":\"https:\/\/l-mobile.com\/fr\/?s={search_term_string}\"},\"query-input\":{\"@type\":\"PropertyValueSpecification\",\"valueRequired\":true,\"valueName\":\"search_term_string\"}}],\"inLanguage\":\"fr-FR\"},{\"@type\":\"Organization\",\"@id\":\"https:\/\/l-mobile.com\/fr\/#organization\",\"name\":\"L-mobile solutions\",\"url\":\"https:\/\/l-mobile.com\/fr\/\",\"logo\":{\"@type\":\"ImageObject\",\"inLanguage\":\"fr-FR\",\"@id\":\"https:\/\/l-mobile.com\/fr\/#\/schema\/logo\/image\/\",\"url\":\"https:\/\/l-mobile.com\/wp-content\/uploads\/2018\/09\/l-mobile-logo-tab.jpg\",\"contentUrl\":\"https:\/\/l-mobile.com\/wp-content\/uploads\/2018\/09\/l-mobile-logo-tab.jpg\",\"width\":240,\"height\":240,\"caption\":\"L-mobile solutions\"},\"image\":{\"@id\":\"https:\/\/l-mobile.com\/fr\/#\/schema\/logo\/image\/\"},\"sameAs\":[\"https:\/\/www.facebook.com\/lmobilegroup\",\"https:\/\/www.instagram.com\/lmobile_group\/\",\"https:\/\/www.linkedin.com\/company\/1073859\/\",\"https:\/\/www.youtube.com\/user\/LmobileGroup\"]}]}<\/script>\n<meta property=\"og:video\" content=\"https:\/\/www.youtube.com\/embed\/c1_OsAIIc_c\" \/>\n<meta property=\"og:video:type\" content=\"text\/html\" \/>\n<meta property=\"og:video:duration\" content=\"78\" \/>\n<meta property=\"og:video:width\" content=\"480\" \/>\n<meta property=\"og:video:height\" content=\"270\" \/>\n<meta property=\"ya:ovs:adult\" content=\"false\" \/>\n<meta property=\"ya:ovs:upload_date\" content=\"2022-08-25T13:57:02+00:00\" \/>\n<meta property=\"ya:ovs:allow_embed\" content=\"true\" \/>\n<!-- \/ Yoast SEO Premium plugin. -->","yoast_head_json":{"title":"Pr\u00e9paration de commandes et exp\u00e9dition num\u00e9riques des marchandises - L-mobile","description":"D\u00e9couvrez notre d\u00e9mo sur la pr\u00e9paration des commandes et l'exp\u00e9dition des marchandises par voie num\u00e9rique avec la solution L-mobile warehouse pour MS Dynamics.","robots":{"index":"index","follow":"follow","max-snippet":"max-snippet:-1","max-image-preview":"max-image-preview:large","max-video-preview":"max-video-preview:-1"},"canonical":"https:\/\/l-mobile.com\/fr\/on-demand-webcast-fr\/preparation-de-commandes-et-expedition-numeriques-des-marchandises\/","og_locale":"fr_FR","og_type":"article","og_title":"Pr\u00e9paration de commandes et exp\u00e9dition num\u00e9riques des marchandises","og_url":"https:\/\/l-mobile.com\/fr\/on-demand-webcast-fr\/preparation-de-commandes-et-expedition-numeriques-des-marchandises\/","og_site_name":"L-mobile","article_publisher":"https:\/\/www.facebook.com\/lmobilegroup","article_modified_time":"2025-08-19T09:12:50+00:00","og_image":[{"width":700,"height":394,"url":"https:\/\/l-mobile.com\/wp-content\/uploads\/2024\/10\/webcast_preparation_de_commandes_msdynamics.jpg","type":"image\/jpeg"}],"twitter_card":"summary_large_image","twitter_misc":{"Dur\u00e9e de lecture estim\u00e9e":"1 minute"},"schema":{"@context":"https:\/\/schema.org","@graph":[{"@type":"WebPage","@id":"https:\/\/l-mobile.com\/fr\/on-demand-webcast-fr\/preparation-de-commandes-et-expedition-numeriques-des-marchandises\/","url":"https:\/\/l-mobile.com\/fr\/on-demand-webcast-fr\/preparation-de-commandes-et-expedition-numeriques-des-marchandises\/","name":"Pr\u00e9paration de commandes et exp\u00e9dition num\u00e9riques des marchandises - L-mobile","isPartOf":{"@id":"https:\/\/l-mobile.com\/fr\/#website"},"primaryImageOfPage":{"@id":"https:\/\/l-mobile.com\/fr\/on-demand-webcast-fr\/preparation-de-commandes-et-expedition-numeriques-des-marchandises\/#primaryimage"},"image":{"@id":"https:\/\/l-mobile.com\/fr\/on-demand-webcast-fr\/preparation-de-commandes-et-expedition-numeriques-des-marchandises\/#primaryimage"},"thumbnailUrl":"https:\/\/l-mobile.com\/wp-content\/uploads\/2024\/10\/webcast_preparation_de_commandes_msdynamics.jpg","datePublished":"2022-08-25T13:57:02+00:00","dateModified":"2025-08-19T09:12:50+00:00","description":"D\u00e9couvrez notre d\u00e9mo sur la pr\u00e9paration des commandes et l'exp\u00e9dition des marchandises par voie num\u00e9rique avec la solution L-mobile warehouse pour MS Dynamics.","breadcrumb":{"@id":"https:\/\/l-mobile.com\/fr\/on-demand-webcast-fr\/preparation-de-commandes-et-expedition-numeriques-des-marchandises\/#breadcrumb"},"inLanguage":"fr-FR","potentialAction":[{"@type":"ReadAction","target":["https:\/\/l-mobile.com\/fr\/on-demand-webcast-fr\/preparation-de-commandes-et-expedition-numeriques-des-marchandises\/"]}]},{"@type":"ImageObject","inLanguage":"fr-FR","@id":"https:\/\/l-mobile.com\/fr\/on-demand-webcast-fr\/preparation-de-commandes-et-expedition-numeriques-des-marchandises\/#primaryimage","url":"https:\/\/l-mobile.com\/wp-content\/uploads\/2024\/10\/webcast_preparation_de_commandes_msdynamics.jpg","contentUrl":"https:\/\/l-mobile.com\/wp-content\/uploads\/2024\/10\/webcast_preparation_de_commandes_msdynamics.jpg","width":700,"height":394,"caption":"L-mobile On Demand Webcast Papierlose Kommissionierung und Warenversand mit L-mobile warehouse ready for MS Dynamics"},{"@type":"BreadcrumbList","@id":"https:\/\/l-mobile.com\/fr\/on-demand-webcast-fr\/preparation-de-commandes-et-expedition-numeriques-des-marchandises\/#breadcrumb","itemListElement":[{"@type":"ListItem","position":1,"name":"Startseite","item":"https:\/\/l-mobile.com\/fr\/l-mobile-rend-processus-metier-mobiles\/"},{"@type":"ListItem","position":2,"name":"Hardware-Shop","item":"https:\/\/l-mobile.com\/geschaeftsfelder\/technik\/"},{"@type":"ListItem","position":3,"name":"Pr\u00e9paration de commandes et exp\u00e9dition num\u00e9riques des marchandises"}]},{"@type":"WebSite","@id":"https:\/\/l-mobile.com\/fr\/#website","url":"https:\/\/l-mobile.com\/fr\/","name":"L-mobile","description":"Mobile Softwarel\u00f6sungen","publisher":{"@id":"https:\/\/l-mobile.com\/fr\/#organization"},"potentialAction":[{"@type":"SearchAction","target":{"@type":"EntryPoint","urlTemplate":"https:\/\/l-mobile.com\/fr\/?s={search_term_string}"},"query-input":{"@type":"PropertyValueSpecification","valueRequired":true,"valueName":"search_term_string"}}],"inLanguage":"fr-FR"},{"@type":"Organization","@id":"https:\/\/l-mobile.com\/fr\/#organization","name":"L-mobile solutions","url":"https:\/\/l-mobile.com\/fr\/","logo":{"@type":"ImageObject","inLanguage":"fr-FR","@id":"https:\/\/l-mobile.com\/fr\/#\/schema\/logo\/image\/","url":"https:\/\/l-mobile.com\/wp-content\/uploads\/2018\/09\/l-mobile-logo-tab.jpg","contentUrl":"https:\/\/l-mobile.com\/wp-content\/uploads\/2018\/09\/l-mobile-logo-tab.jpg","width":240,"height":240,"caption":"L-mobile solutions"},"image":{"@id":"https:\/\/l-mobile.com\/fr\/#\/schema\/logo\/image\/"},"sameAs":["https:\/\/www.facebook.com\/lmobilegroup","https:\/\/www.instagram.com\/lmobile_group\/","https:\/\/www.linkedin.com\/company\/1073859\/","https:\/\/www.youtube.com\/user\/LmobileGroup"]}]},"og_video":"https:\/\/www.youtube.com\/embed\/c1_OsAIIc_c","og_video_type":"text\/html","og_video_duration":"78","og_video_width":"480","og_video_height":"270","ya_ovs_adult":"false","ya_ovs_upload_date":"2022-08-25T13:57:02+00:00","ya_ovs_allow_embed":"true"},"publishpress_future_workflow_manual_trigger":{"enabledWorkflows":[]},"_links":{"self":[{"href":"https:\/\/l-mobile.com\/fr\/wp-json\/wp\/v2\/product\/124651","targetHints":{"allow":["GET"]}}],"collection":[{"href":"https:\/\/l-mobile.com\/fr\/wp-json\/wp\/v2\/product"}],"about":[{"href":"https:\/\/l-mobile.com\/fr\/wp-json\/wp\/v2\/types\/product"}],"wp:featuredmedia":[{"embeddable":true,"href":"https:\/\/l-mobile.com\/fr\/wp-json\/wp\/v2\/media\/105219"}],"wp:attachment":[{"href":"https:\/\/l-mobile.com\/fr\/wp-json\/wp\/v2\/media?parent=124651"}],"wp:term":[{"taxonomy":"dokumente_formate","embeddable":true,"href":"https:\/\/l-mobile.com\/fr\/wp-json\/wp\/v2\/dokumente_formate?post=124651"},{"taxonomy":"dokumente_produkt","embeddable":true,"href":"https:\/\/l-mobile.com\/fr\/wp-json\/wp\/v2\/dokumente_produkt?post=124651"},{"taxonomy":"product_brand","embeddable":true,"href":"https:\/\/l-mobile.com\/fr\/wp-json\/wp\/v2\/product_brand?post=124651"},{"taxonomy":"product_cat","embeddable":true,"href":"https:\/\/l-mobile.com\/fr\/wp-json\/wp\/v2\/product_cat?post=124651"},{"taxonomy":"product_tag","embeddable":true,"href":"https:\/\/l-mobile.com\/fr\/wp-json\/wp\/v2\/product_tag?post=124651"}],"curies":[{"name":"wp","href":"https:\/\/api.w.org\/{rel}","templated":true}]}}