{"id":105740,"date":"2022-04-29T16:08:31","date_gmt":"2022-09-20T13:14:14","guid":{"rendered":"https:\/\/l-mobile.com\/?post_type=product&#038;p=105740"},"modified":"2024-08-23T14:35:38","modified_gmt":"2024-08-23T12:35:38","slug":"livre-blanc-5-etapes-pour-digitaliser-votre-gestion-stocks","status":"publish","type":"product","link":"https:\/\/l-mobile.com\/fr\/document\/livre-blanc-5-etapes-pour-digitaliser-votre-gestion-stocks\/","title":{"rendered":"Livre blanc\u00a0: 5\u00a0\u00e9tapes pour digitaliser votre gestion d&#8217;entrep\u00f4t"},"content":{"rendered":"<div id='av_section_1'  class='avia-section av-2e1ay76-c80855f26f224ed57887eb40a8cedb58 main_color avia-section-default avia-no-border-styling  avia-builder-el-0  avia-builder-el-no-sibling  avia-bg-style-scroll container_wrap fullsize'  ><div class='container av-section-cont-open' ><main  role=\"main\" itemprop=\"mainContentOfPage\"  class='template-page content  av-content-full alpha units'><div class='post-entry post-entry-type-page post-entry-105740'><div class='entry-content-wrapper clearfix'>\n<div class='flex_column_table av-22knete-e435146051a9383d23250016772e2b85 sc-av_one_fourth av-equal-height-column-flextable'>\n<style type=\"text\/css\" data-created_by=\"avia_inline_auto\" id=\"style-css-av-22knete-e435146051a9383d23250016772e2b85\">\n.flex_column.av-22knete-e435146051a9383d23250016772e2b85{\nborder-radius:0px 0px 0px 0px;\npadding:0px 0px 0px 0px;\n}\n<\/style>\n<div  class='flex_column av-22knete-e435146051a9383d23250016772e2b85 av_one_fourth  avia-builder-el-1  el_before_av_three_fourth  avia-builder-el-first  lmwooimg first flex_column_table_cell av-equal-height-column av-align-top av-zero-column-padding  '     ><section  class='av_textblock_section av-kxhalowr-34866ccbe4c58c7dbecddaaaf51233c8 '   itemscope=\"itemscope\" itemtype=\"https:\/\/schema.org\/CreativeWork\" ><div class='avia_textblock'  itemprop=\"text\" >\n<\/div><\/section><\/div><div class='av-flex-placeholder'><\/div>\n<style type=\"text\/css\" data-created_by=\"avia_inline_auto\" id=\"style-css-av-1row6rm-3bcd14320daa195fa9532a17a7629026\">\n.flex_column.av-1row6rm-3bcd14320daa195fa9532a17a7629026{\nborder-radius:0px 0px 0px 0px;\npadding:0px 0px 0px 0px;\n}\n<\/style>\n<div  class='flex_column av-1row6rm-3bcd14320daa195fa9532a17a7629026 av_three_fourth  avia-builder-el-3  el_after_av_one_fourth  avia-builder-el-last  lmwoodesc lmwoocart lmh1 flex_column_table_cell av-equal-height-column av-align-top av-zero-column-padding  '     ><section  class='av_textblock_section av-kxhalowr-1-de16dd41de083880fd31866f8c8f2754 '   itemscope=\"itemscope\" itemtype=\"https:\/\/schema.org\/CreativeWork\" ><div class='avia_textblock'  itemprop=\"text\" ><h1>Livre blanc\u00a0: 5\u00a0\u00e9tapes pour digitaliser votre gestion d&#8217;entrep\u00f4t<\/h1>\n<\/div><\/section><br \/>\n<section  class='av_textblock_section av-kxg4vsig-1597aa9acef63db287cb6b0f599d1ee8 '   itemscope=\"itemscope\" itemtype=\"https:\/\/schema.org\/CreativeWork\" ><div class='avia_textblock'  itemprop=\"text\" ><p>\u00c0 quels d\u00e9fis \u00eates-vous actuellement confront\u00e9(e) avec votre <strong>gestion d&#8217;entrep\u00f4t <\/strong>? De longs temps de recherche, lorsque la marchandise requise est introuvable\u00a0? Le fait de remplir de fastidieuses listes papier, qui devront ensuite \u00eatre enregistr\u00e9es dans votre syst\u00e8me ERP\u00a0? Quelle que soit votre motivation, une logistique de stockage inefficace co\u00fbte beaucoup de temps et d&#8217;argent. Dans le <strong>livre blanc<\/strong>, vous apprendrez comment initier efficacement la <strong>digitalisation de votre entrep\u00f4t<\/strong> et quelles \u00e9tapes vous devez prendre en compte.<\/p>\n<\/div><\/section><br \/>\n\n<style type=\"text\/css\" data-created_by=\"avia_inline_auto\" id=\"style-css-av-3jchzj-8a81e121253c53f45c5bb6e0fa7949b4\">\n.avia_message_box.av-3jchzj-8a81e121253c53f45c5bb6e0fa7949b4{\ncolor:#ffffff;\nbackground-color:#0099d0;\nbackground:linear-gradient( to right, #0099d0, #005f7f );\nborder-style:none;\nborder-color:#ffffff;\n}\n.avia_message_box.av-3jchzj-8a81e121253c53f45c5bb6e0fa7949b4 .avia_message_box_icon.avia-svg-icon svg:first-child{\nfill:#ffffff;\nstroke:#ffffff;\n}\n<\/style>\n<div id='avia-messagebox-' class='avia_message_box av_notification av-3jchzj-8a81e121253c53f45c5bb6e0fa7949b4 avia-color-gradient avia-size-large avia-icon_select-yes avia-border-  avia-builder-el-6  el_after_av_textblock  el_before_av_textblock ' ><div class=\"avia_message_box_content\"><span class='avia_message_box_icon avia-iconfont avia-font-entypo-fontello' data-av_icon='\ue82d' data-av_iconfont='entypo-fontello' ><\/span><p>Tirez profit des 25 ann\u00e9es d&#8217;exp\u00e9rience de L-mobile et demandez notre livre blanc d\u00e8s maintenant\u00a0!<\/p>\n<\/div><\/div><br \/>\n<section  class='av_textblock_section av-m00tqn-e4224a072716252ca080d901f3768c1b '   itemscope=\"itemscope\" itemtype=\"https:\/\/schema.org\/CreativeWork\" ><div class='avia_textblock'  itemprop=\"text\" >\n\t\t\t\t\t\t<script>\n\t\t\t\t\t\t\twindow.hsFormsOnReady = window.hsFormsOnReady || [];\n\t\t\t\t\t\t\twindow.hsFormsOnReady.push(()=>{\n\t\t\t\t\t\t\t\thbspt.forms.create({\n\t\t\t\t\t\t\t\t\tportalId: 26475206,\n\t\t\t\t\t\t\t\t\tformId: \"2b311f77-8be2-4852-ae5b-2fa619d4c583\",\n\t\t\t\t\t\t\t\t\ttarget: \"#hbspt-form-1777616709000-4160964159\",\n\t\t\t\t\t\t\t\t\tregion: \"eu1\",\n\t\t\t\t\t\t\t\t\t\n\t\t\t\t\t\t\t})});\n\t\t\t\t\t\t<\/script>\n\t\t\t\t\t\t<div class=\"hbspt-form\" id=\"hbspt-form-1777616709000-4160964159\"><\/div>\n<\/div><\/section><br \/>\n<section  class='av_textblock_section av-l95tq1y1-77a2f75a76548d2a6600431d577b170d '   itemscope=\"itemscope\" itemtype=\"https:\/\/schema.org\/CreativeWork\" ><div class='avia_textblock'  itemprop=\"text\" ><p><a href=\"https:\/\/l-mobile.com\/fr\/ressources-et-contact\/centre-de-telechargement\/livre-blancs\/\">Les autres livres blancs de L-mobile<\/a><\/p>\n<\/div><\/section><\/p><\/div><\/div><!--close column table wrapper. Autoclose: 1 -->\n","protected":false},"excerpt":{"rendered":"","protected":false},"featured_media":94418,"template":"","meta":{"_acf_changed":false,"content-type":""},"dokumente_formate":[4774],"dokumente_produkt":[3976],"product_brand":[],"product_cat":[2527],"product_tag":[],"class_list":{"0":"post-105740","1":"product","2":"type-product","3":"status-publish","4":"has-post-thumbnail","6":"dokumente_formate-livre-blanc","7":"dokumente_produkt-logistique-numerique-dentrepot","8":"product_cat-document","10":"first","11":"instock","12":"downloadable","13":"virtual","14":"purchasable","15":"product-type-simple"},"acf":[],"yoast_head":"<!-- This site is optimized with the Yoast SEO Premium plugin v26.6 (Yoast SEO v26.6) - https:\/\/yoast.com\/wordpress\/plugins\/seo\/ -->\n<title>Livre blanc\u00a0: 5\u00a0\u00e9tapes pour digitaliser votre gestion d&#039;entrep\u00f4t - L-mobile<\/title>\n<meta name=\"description\" content=\"5\u00a0\u00e9tapes pour digitaliser votre gestion d&#039;entrep\u00f4t. Comment rendre votre logistique de stockage efficace et p\u00e9renne avec la saisie mobile des donn\u00e9es.\" \/>\n<meta name=\"robots\" content=\"noindex, nofollow\" \/>\n<meta property=\"og:locale\" content=\"fr_FR\" \/>\n<meta property=\"og:type\" content=\"article\" \/>\n<meta property=\"og:title\" content=\"Livre blanc\u00a0: 5\u00a0\u00e9tapes pour digitaliser votre gestion d&#039;entrep\u00f4t\" \/>\n<meta property=\"og:url\" content=\"https:\/\/l-mobile.com\/fr\/document\/livre-blanc-5-etapes-pour-digitaliser-votre-gestion-stocks\/\" \/>\n<meta property=\"og:site_name\" content=\"L-mobile\" \/>\n<meta property=\"article:publisher\" content=\"https:\/\/www.facebook.com\/lmobilegroup\" \/>\n<meta property=\"article:modified_time\" content=\"2024-08-23T12:35:38+00:00\" \/>\n<meta property=\"og:image\" content=\"https:\/\/l-mobile.com\/wp-content\/uploads\/2024\/06\/Thumbnail_Lagerverwaltung-whitepaper_FR.jpg\" \/>\n\t<meta property=\"og:image:width\" content=\"400\" \/>\n\t<meta property=\"og:image:height\" content=\"600\" \/>\n\t<meta property=\"og:image:type\" content=\"image\/jpeg\" \/>\n<meta name=\"twitter:card\" content=\"summary_large_image\" \/>\n<meta name=\"twitter:label1\" content=\"Dur\u00e9e de lecture estim\u00e9e\" \/>\n\t<meta name=\"twitter:data1\" content=\"1 minute\" \/>\n<script type=\"application\/ld+json\" class=\"yoast-schema-graph\">{\"@context\":\"https:\/\/schema.org\",\"@graph\":[{\"@type\":\"WebPage\",\"@id\":\"https:\/\/l-mobile.com\/fr\/document\/livre-blanc-5-etapes-pour-digitaliser-votre-gestion-stocks\/\",\"url\":\"https:\/\/l-mobile.com\/fr\/document\/livre-blanc-5-etapes-pour-digitaliser-votre-gestion-stocks\/\",\"name\":\"Livre blanc\u00a0: 5\u00a0\u00e9tapes pour digitaliser votre gestion d'entrep\u00f4t - L-mobile\",\"isPartOf\":{\"@id\":\"https:\/\/l-mobile.com\/fr\/#website\"},\"primaryImageOfPage\":{\"@id\":\"https:\/\/l-mobile.com\/fr\/document\/livre-blanc-5-etapes-pour-digitaliser-votre-gestion-stocks\/#primaryimage\"},\"image\":{\"@id\":\"https:\/\/l-mobile.com\/fr\/document\/livre-blanc-5-etapes-pour-digitaliser-votre-gestion-stocks\/#primaryimage\"},\"thumbnailUrl\":\"https:\/\/l-mobile.com\/wp-content\/uploads\/2024\/06\/Thumbnail_Lagerverwaltung-whitepaper_FR.jpg\",\"datePublished\":\"2022-09-20T13:14:14+00:00\",\"dateModified\":\"2024-08-23T12:35:38+00:00\",\"description\":\"5\u00a0\u00e9tapes pour digitaliser votre gestion d'entrep\u00f4t. Comment rendre votre logistique de stockage efficace et p\u00e9renne avec la saisie mobile des donn\u00e9es.\",\"breadcrumb\":{\"@id\":\"https:\/\/l-mobile.com\/fr\/document\/livre-blanc-5-etapes-pour-digitaliser-votre-gestion-stocks\/#breadcrumb\"},\"inLanguage\":\"fr-FR\",\"potentialAction\":[{\"@type\":\"ReadAction\",\"target\":[\"https:\/\/l-mobile.com\/fr\/document\/livre-blanc-5-etapes-pour-digitaliser-votre-gestion-stocks\/\"]}]},{\"@type\":\"ImageObject\",\"inLanguage\":\"fr-FR\",\"@id\":\"https:\/\/l-mobile.com\/fr\/document\/livre-blanc-5-etapes-pour-digitaliser-votre-gestion-stocks\/#primaryimage\",\"url\":\"https:\/\/l-mobile.com\/wp-content\/uploads\/2024\/06\/Thumbnail_Lagerverwaltung-whitepaper_FR.jpg\",\"contentUrl\":\"https:\/\/l-mobile.com\/wp-content\/uploads\/2024\/06\/Thumbnail_Lagerverwaltung-whitepaper_FR.jpg\",\"width\":400,\"height\":600,\"caption\":\"Livre blanc\u00a0: 5\u00a0\u00e9tapes pour digitaliser votre gestion des stocks\"},{\"@type\":\"BreadcrumbList\",\"@id\":\"https:\/\/l-mobile.com\/fr\/document\/livre-blanc-5-etapes-pour-digitaliser-votre-gestion-stocks\/#breadcrumb\",\"itemListElement\":[{\"@type\":\"ListItem\",\"position\":1,\"name\":\"Startseite\",\"item\":\"https:\/\/l-mobile.com\/fr\/l-mobile-rend-processus-metier-mobiles\/\"},{\"@type\":\"ListItem\",\"position\":2,\"name\":\"Hardware-Shop\",\"item\":\"https:\/\/l-mobile.com\/geschaeftsfelder\/technik\/\"},{\"@type\":\"ListItem\",\"position\":3,\"name\":\"Livre blanc\u00a0: 5\u00a0\u00e9tapes pour digitaliser votre gestion d&#8217;entrep\u00f4t\"}]},{\"@type\":\"WebSite\",\"@id\":\"https:\/\/l-mobile.com\/fr\/#website\",\"url\":\"https:\/\/l-mobile.com\/fr\/\",\"name\":\"L-mobile\",\"description\":\"Mobile Softwarel\u00f6sungen\",\"publisher\":{\"@id\":\"https:\/\/l-mobile.com\/fr\/#organization\"},\"potentialAction\":[{\"@type\":\"SearchAction\",\"target\":{\"@type\":\"EntryPoint\",\"urlTemplate\":\"https:\/\/l-mobile.com\/fr\/?s={search_term_string}\"},\"query-input\":{\"@type\":\"PropertyValueSpecification\",\"valueRequired\":true,\"valueName\":\"search_term_string\"}}],\"inLanguage\":\"fr-FR\"},{\"@type\":\"Organization\",\"@id\":\"https:\/\/l-mobile.com\/fr\/#organization\",\"name\":\"L-mobile solutions\",\"url\":\"https:\/\/l-mobile.com\/fr\/\",\"logo\":{\"@type\":\"ImageObject\",\"inLanguage\":\"fr-FR\",\"@id\":\"https:\/\/l-mobile.com\/fr\/#\/schema\/logo\/image\/\",\"url\":\"https:\/\/l-mobile.com\/wp-content\/uploads\/2018\/09\/l-mobile-logo-tab.jpg\",\"contentUrl\":\"https:\/\/l-mobile.com\/wp-content\/uploads\/2018\/09\/l-mobile-logo-tab.jpg\",\"width\":240,\"height\":240,\"caption\":\"L-mobile solutions\"},\"image\":{\"@id\":\"https:\/\/l-mobile.com\/fr\/#\/schema\/logo\/image\/\"},\"sameAs\":[\"https:\/\/www.facebook.com\/lmobilegroup\",\"https:\/\/www.instagram.com\/lmobile_group\/\",\"https:\/\/www.linkedin.com\/company\/1073859\/\",\"https:\/\/www.youtube.com\/user\/LmobileGroup\"]}]}<\/script>\n<!-- \/ Yoast SEO Premium plugin. -->","yoast_head_json":{"title":"Livre blanc\u00a0: 5\u00a0\u00e9tapes pour digitaliser votre gestion d'entrep\u00f4t - L-mobile","description":"5\u00a0\u00e9tapes pour digitaliser votre gestion d'entrep\u00f4t. Comment rendre votre logistique de stockage efficace et p\u00e9renne avec la saisie mobile des donn\u00e9es.","robots":{"index":"noindex","follow":"nofollow"},"og_locale":"fr_FR","og_type":"article","og_title":"Livre blanc\u00a0: 5\u00a0\u00e9tapes pour digitaliser votre gestion d'entrep\u00f4t","og_url":"https:\/\/l-mobile.com\/fr\/document\/livre-blanc-5-etapes-pour-digitaliser-votre-gestion-stocks\/","og_site_name":"L-mobile","article_publisher":"https:\/\/www.facebook.com\/lmobilegroup","article_modified_time":"2024-08-23T12:35:38+00:00","og_image":[{"width":400,"height":600,"url":"https:\/\/l-mobile.com\/wp-content\/uploads\/2024\/06\/Thumbnail_Lagerverwaltung-whitepaper_FR.jpg","type":"image\/jpeg"}],"twitter_card":"summary_large_image","twitter_misc":{"Dur\u00e9e de lecture estim\u00e9e":"1 minute"},"schema":{"@context":"https:\/\/schema.org","@graph":[{"@type":"WebPage","@id":"https:\/\/l-mobile.com\/fr\/document\/livre-blanc-5-etapes-pour-digitaliser-votre-gestion-stocks\/","url":"https:\/\/l-mobile.com\/fr\/document\/livre-blanc-5-etapes-pour-digitaliser-votre-gestion-stocks\/","name":"Livre blanc\u00a0: 5\u00a0\u00e9tapes pour digitaliser votre gestion d'entrep\u00f4t - L-mobile","isPartOf":{"@id":"https:\/\/l-mobile.com\/fr\/#website"},"primaryImageOfPage":{"@id":"https:\/\/l-mobile.com\/fr\/document\/livre-blanc-5-etapes-pour-digitaliser-votre-gestion-stocks\/#primaryimage"},"image":{"@id":"https:\/\/l-mobile.com\/fr\/document\/livre-blanc-5-etapes-pour-digitaliser-votre-gestion-stocks\/#primaryimage"},"thumbnailUrl":"https:\/\/l-mobile.com\/wp-content\/uploads\/2024\/06\/Thumbnail_Lagerverwaltung-whitepaper_FR.jpg","datePublished":"2022-09-20T13:14:14+00:00","dateModified":"2024-08-23T12:35:38+00:00","description":"5\u00a0\u00e9tapes pour digitaliser votre gestion d'entrep\u00f4t. Comment rendre votre logistique de stockage efficace et p\u00e9renne avec la saisie mobile des donn\u00e9es.","breadcrumb":{"@id":"https:\/\/l-mobile.com\/fr\/document\/livre-blanc-5-etapes-pour-digitaliser-votre-gestion-stocks\/#breadcrumb"},"inLanguage":"fr-FR","potentialAction":[{"@type":"ReadAction","target":["https:\/\/l-mobile.com\/fr\/document\/livre-blanc-5-etapes-pour-digitaliser-votre-gestion-stocks\/"]}]},{"@type":"ImageObject","inLanguage":"fr-FR","@id":"https:\/\/l-mobile.com\/fr\/document\/livre-blanc-5-etapes-pour-digitaliser-votre-gestion-stocks\/#primaryimage","url":"https:\/\/l-mobile.com\/wp-content\/uploads\/2024\/06\/Thumbnail_Lagerverwaltung-whitepaper_FR.jpg","contentUrl":"https:\/\/l-mobile.com\/wp-content\/uploads\/2024\/06\/Thumbnail_Lagerverwaltung-whitepaper_FR.jpg","width":400,"height":600,"caption":"Livre blanc\u00a0: 5\u00a0\u00e9tapes pour digitaliser votre gestion des stocks"},{"@type":"BreadcrumbList","@id":"https:\/\/l-mobile.com\/fr\/document\/livre-blanc-5-etapes-pour-digitaliser-votre-gestion-stocks\/#breadcrumb","itemListElement":[{"@type":"ListItem","position":1,"name":"Startseite","item":"https:\/\/l-mobile.com\/fr\/l-mobile-rend-processus-metier-mobiles\/"},{"@type":"ListItem","position":2,"name":"Hardware-Shop","item":"https:\/\/l-mobile.com\/geschaeftsfelder\/technik\/"},{"@type":"ListItem","position":3,"name":"Livre blanc\u00a0: 5\u00a0\u00e9tapes pour digitaliser votre gestion d&#8217;entrep\u00f4t"}]},{"@type":"WebSite","@id":"https:\/\/l-mobile.com\/fr\/#website","url":"https:\/\/l-mobile.com\/fr\/","name":"L-mobile","description":"Mobile Softwarel\u00f6sungen","publisher":{"@id":"https:\/\/l-mobile.com\/fr\/#organization"},"potentialAction":[{"@type":"SearchAction","target":{"@type":"EntryPoint","urlTemplate":"https:\/\/l-mobile.com\/fr\/?s={search_term_string}"},"query-input":{"@type":"PropertyValueSpecification","valueRequired":true,"valueName":"search_term_string"}}],"inLanguage":"fr-FR"},{"@type":"Organization","@id":"https:\/\/l-mobile.com\/fr\/#organization","name":"L-mobile solutions","url":"https:\/\/l-mobile.com\/fr\/","logo":{"@type":"ImageObject","inLanguage":"fr-FR","@id":"https:\/\/l-mobile.com\/fr\/#\/schema\/logo\/image\/","url":"https:\/\/l-mobile.com\/wp-content\/uploads\/2018\/09\/l-mobile-logo-tab.jpg","contentUrl":"https:\/\/l-mobile.com\/wp-content\/uploads\/2018\/09\/l-mobile-logo-tab.jpg","width":240,"height":240,"caption":"L-mobile solutions"},"image":{"@id":"https:\/\/l-mobile.com\/fr\/#\/schema\/logo\/image\/"},"sameAs":["https:\/\/www.facebook.com\/lmobilegroup","https:\/\/www.instagram.com\/lmobile_group\/","https:\/\/www.linkedin.com\/company\/1073859\/","https:\/\/www.youtube.com\/user\/LmobileGroup"]}]}},"publishpress_future_workflow_manual_trigger":{"enabledWorkflows":[]},"_links":{"self":[{"href":"https:\/\/l-mobile.com\/fr\/wp-json\/wp\/v2\/product\/105740","targetHints":{"allow":["GET"]}}],"collection":[{"href":"https:\/\/l-mobile.com\/fr\/wp-json\/wp\/v2\/product"}],"about":[{"href":"https:\/\/l-mobile.com\/fr\/wp-json\/wp\/v2\/types\/product"}],"wp:featuredmedia":[{"embeddable":true,"href":"https:\/\/l-mobile.com\/fr\/wp-json\/wp\/v2\/media\/94418"}],"wp:attachment":[{"href":"https:\/\/l-mobile.com\/fr\/wp-json\/wp\/v2\/media?parent=105740"}],"wp:term":[{"taxonomy":"dokumente_formate","embeddable":true,"href":"https:\/\/l-mobile.com\/fr\/wp-json\/wp\/v2\/dokumente_formate?post=105740"},{"taxonomy":"dokumente_produkt","embeddable":true,"href":"https:\/\/l-mobile.com\/fr\/wp-json\/wp\/v2\/dokumente_produkt?post=105740"},{"taxonomy":"product_brand","embeddable":true,"href":"https:\/\/l-mobile.com\/fr\/wp-json\/wp\/v2\/product_brand?post=105740"},{"taxonomy":"product_cat","embeddable":true,"href":"https:\/\/l-mobile.com\/fr\/wp-json\/wp\/v2\/product_cat?post=105740"},{"taxonomy":"product_tag","embeddable":true,"href":"https:\/\/l-mobile.com\/fr\/wp-json\/wp\/v2\/product_tag?post=105740"}],"curies":[{"name":"wp","href":"https:\/\/api.w.org\/{rel}","templated":true}]}}