{"id":105697,"date":"2022-03-08T11:13:40","date_gmt":"2022-09-21T08:19:29","guid":{"rendered":"https:\/\/l-mobile.com\/?post_type=product&#038;p=105697"},"modified":"2024-08-23T14:57:01","modified_gmt":"2024-08-23T12:57:01","slug":"livre-blanc-4-raisons-d-adopter-aps-pour-la-planification-automatisee-de-la-production","status":"publish","type":"product","link":"https:\/\/l-mobile.com\/fr\/document\/livre-blanc-4-raisons-d-adopter-aps-pour-la-planification-automatisee-de-la-production\/","title":{"rendered":"Livre blanc\u00a0: 4 raisons d&#8217;adopter un syst\u00e8me APS pour la planification automatis\u00e9e de la production"},"content":{"rendered":"<div id='av_section_1'  class='avia-section av-2e1ay76-c80855f26f224ed57887eb40a8cedb58 main_color avia-section-default avia-no-border-styling  avia-builder-el-0  avia-builder-el-no-sibling  avia-bg-style-scroll container_wrap fullsize'  ><div class='container av-section-cont-open' ><main  role=\"main\" itemprop=\"mainContentOfPage\"  class='template-page content  av-content-full alpha units'><div class='post-entry post-entry-type-page post-entry-105697'><div class='entry-content-wrapper clearfix'>\n<div class='flex_column_table av-22knete-e435146051a9383d23250016772e2b85 sc-av_one_fourth av-equal-height-column-flextable'>\n<style type=\"text\/css\" data-created_by=\"avia_inline_auto\" id=\"style-css-av-22knete-e435146051a9383d23250016772e2b85\">\n.flex_column.av-22knete-e435146051a9383d23250016772e2b85{\nborder-radius:0px 0px 0px 0px;\npadding:0px 0px 0px 0px;\n}\n<\/style>\n<div  class='flex_column av-22knete-e435146051a9383d23250016772e2b85 av_one_fourth  avia-builder-el-1  el_before_av_three_fourth  avia-builder-el-first  lmwooimg first flex_column_table_cell av-equal-height-column av-align-top av-zero-column-padding  '     ><section  class='av_textblock_section av-kxhalowr-34866ccbe4c58c7dbecddaaaf51233c8 '   itemscope=\"itemscope\" itemtype=\"https:\/\/schema.org\/CreativeWork\" ><div class='avia_textblock'  itemprop=\"text\" >\n<\/div><\/section><\/div><div class='av-flex-placeholder'><\/div>\n<style type=\"text\/css\" data-created_by=\"avia_inline_auto\" id=\"style-css-av-1row6rm-3bcd14320daa195fa9532a17a7629026\">\n.flex_column.av-1row6rm-3bcd14320daa195fa9532a17a7629026{\nborder-radius:0px 0px 0px 0px;\npadding:0px 0px 0px 0px;\n}\n<\/style>\n<div  class='flex_column av-1row6rm-3bcd14320daa195fa9532a17a7629026 av_three_fourth  avia-builder-el-3  el_after_av_one_fourth  avia-builder-el-last  lmwoodesc lmwoocart lmh1 flex_column_table_cell av-equal-height-column av-align-top av-zero-column-padding  '     ><section  class='av_textblock_section av-kxhalowr-3-ba7a988aa536cae953edee1ab44c3cf7 '   itemscope=\"itemscope\" itemtype=\"https:\/\/schema.org\/CreativeWork\" ><div class='avia_textblock'  itemprop=\"text\" ><h1>Livre blanc\u00a0: 4 raisons d&#8217;adopter un syst\u00e8me APS pour la planification automatis\u00e9e de la production<\/h1>\n<\/div><\/section><br \/>\n<section  class='av_textblock_section av-kxg4vsig-247a031789ff4d00b0bb74c5b7103f18 '   itemscope=\"itemscope\" itemtype=\"https:\/\/schema.org\/CreativeWork\" ><div class='avia_textblock'  itemprop=\"text\" ><p>Num\u00e9rique, automatis\u00e9e et enti\u00e8rement connect\u00e9e\u00a0:\u00a0la <strong>planification automatis\u00e9e de la production<\/strong> offre de nombreuses possibilit\u00e9s pour concevoir des processus de production comp\u00e9titifs aujourd&#8217;hui comme demain. Gr\u00e2ce \u00e0 un <strong>syst\u00e8me APS (Advanced Planning and Scheduling) intelligent<\/strong>, c&#8217;est r\u00e9alisable d\u00e8s aujourd&#8217;hui. Le livre blanc vous donne un aper\u00e7u utile de la fa\u00e7on dont fonctionne un syst\u00e8me APS. Vous y apprendrez en particulier quelle valeur ajout\u00e9e la planification automatis\u00e9e de la production peut apporter \u00e0 votre entreprise.<\/p>\n<\/div><\/section><br \/>\n\n<style type=\"text\/css\" data-created_by=\"avia_inline_auto\" id=\"style-css-av-14ba0mk-4a4f08dc0b98421f8bb9611dba0179e0\">\n.avia_message_box.av-14ba0mk-4a4f08dc0b98421f8bb9611dba0179e0{\ncolor:#ffffff;\nbackground-color:#0099d0;\nbackground:linear-gradient( to right, #0099d0, #005f7f );\nborder-style:none;\nborder-color:#ffffff;\n}\n.avia_message_box.av-14ba0mk-4a4f08dc0b98421f8bb9611dba0179e0 .avia_message_box_icon.avia-svg-icon svg:first-child{\nfill:#ffffff;\nstroke:#ffffff;\n}\n<\/style>\n<div id='avia-messagebox-' class='avia_message_box av_notification av-14ba0mk-4a4f08dc0b98421f8bb9611dba0179e0 avia-color-gradient avia-size-large avia-icon_select-yes avia-border-  avia-builder-el-6  el_after_av_textblock  el_before_av_textblock ' ><div class=\"avia_message_box_content\"><span class='avia_message_box_icon avia-iconfont avia-font-entypo-fontello' data-av_icon='\ue82d' data-av_iconfont='entypo-fontello' ><\/span><p>Profitez des 25 ann\u00e9es d&#8217;exp\u00e9rience de L-mobile et demandez maintenant notre livre blanc\u00a0!<\/p>\n<\/div><\/div><br \/>\n<section  class='av_textblock_section av-lbjtik-3f189eae7f17c3cded29212abc1085aa '   itemscope=\"itemscope\" itemtype=\"https:\/\/schema.org\/CreativeWork\" ><div class='avia_textblock'  itemprop=\"text\" >\n\t\t\t\t\t\t<script>\n\t\t\t\t\t\t\twindow.hsFormsOnReady = window.hsFormsOnReady || [];\n\t\t\t\t\t\t\twindow.hsFormsOnReady.push(()=>{\n\t\t\t\t\t\t\t\thbspt.forms.create({\n\t\t\t\t\t\t\t\t\tportalId: 26475206,\n\t\t\t\t\t\t\t\t\tformId: \"2b311f77-8be2-4852-ae5b-2fa619d4c583\",\n\t\t\t\t\t\t\t\t\ttarget: \"#hbspt-form-1777053262000-3183175381\",\n\t\t\t\t\t\t\t\t\tregion: \"eu1\",\n\t\t\t\t\t\t\t\t\t\n\t\t\t\t\t\t\t})});\n\t\t\t\t\t\t<\/script>\n\t\t\t\t\t\t<div class=\"hbspt-form\" id=\"hbspt-form-1777053262000-3183175381\"><\/div>\n<\/div><\/section><br \/>\n<section  class='av_textblock_section av-l95tup40-1a4825be48b0fc1464e587f817d7f435 '   itemscope=\"itemscope\" itemtype=\"https:\/\/schema.org\/CreativeWork\" ><div class='avia_textblock'  itemprop=\"text\" ><p><a href=\"https:\/\/l-mobile.com\/fr\/ressources-et-contact\/centre-de-telechargement\/livre-blancs\/\">Les autres livres blancs de L-mobile<\/a><\/p>\n<\/div><\/section><\/p><\/div><\/div><!--close column table wrapper. Autoclose: 1 -->\n","protected":false},"excerpt":{"rendered":"","protected":false},"featured_media":90200,"template":"","meta":{"_acf_changed":false,"content-type":""},"dokumente_formate":[4774],"dokumente_produkt":[4067],"product_brand":[],"product_cat":[2527],"product_tag":[],"class_list":{"0":"post-105697","1":"product","2":"type-product","3":"status-publish","4":"has-post-thumbnail","6":"dokumente_formate-livre-blanc","7":"dokumente_produkt-production-digitale","8":"product_cat-document","10":"first","11":"instock","12":"downloadable","13":"virtual","14":"purchasable","15":"product-type-simple"},"acf":[],"yoast_head":"<!-- This site is optimized with the Yoast SEO Premium plugin v26.6 (Yoast SEO v26.6) - https:\/\/yoast.com\/wordpress\/plugins\/seo\/ -->\n<title>Livre blanc\u00a0: 4 raisons d&#039;adopter un syst\u00e8me APS<\/title>\n<meta name=\"description\" content=\"Vers une s\u00e9curit\u00e9 de planification et une productivit\u00e9 plus \u00e9lev\u00e9es en production\u00a0: Une planification automatis\u00e9e de la production est la cl\u00e9 du succ\u00e8s\" \/>\n<meta name=\"robots\" content=\"noindex, nofollow\" \/>\n<meta property=\"og:locale\" content=\"fr_FR\" \/>\n<meta property=\"og:type\" content=\"article\" \/>\n<meta property=\"og:title\" content=\"Livre blanc\u00a0: 4 raisons d&#039;adopter un syst\u00e8me APS pour la planification automatis\u00e9e de la production\" \/>\n<meta property=\"og:url\" content=\"https:\/\/l-mobile.com\/fr\/document\/livre-blanc-4-raisons-d-adopter-aps-pour-la-planification-automatisee-de-la-production\/\" \/>\n<meta property=\"og:site_name\" content=\"L-mobile\" \/>\n<meta property=\"article:publisher\" content=\"https:\/\/www.facebook.com\/lmobilegroup\" \/>\n<meta property=\"article:modified_time\" content=\"2024-08-23T12:57:01+00:00\" \/>\n<meta property=\"og:image\" content=\"https:\/\/l-mobile.com\/wp-content\/uploads\/2022\/09\/whitepaper_aps_fr.jpg\" \/>\n\t<meta property=\"og:image:width\" content=\"400\" \/>\n\t<meta property=\"og:image:height\" content=\"600\" \/>\n\t<meta property=\"og:image:type\" content=\"image\/jpeg\" \/>\n<meta name=\"twitter:card\" content=\"summary_large_image\" \/>\n<meta name=\"twitter:label1\" content=\"Dur\u00e9e de lecture estim\u00e9e\" \/>\n\t<meta name=\"twitter:data1\" content=\"1 minute\" \/>\n<script type=\"application\/ld+json\" class=\"yoast-schema-graph\">{\"@context\":\"https:\/\/schema.org\",\"@graph\":[{\"@type\":\"WebPage\",\"@id\":\"https:\/\/l-mobile.com\/fr\/document\/livre-blanc-4-raisons-d-adopter-aps-pour-la-planification-automatisee-de-la-production\/\",\"url\":\"https:\/\/l-mobile.com\/fr\/document\/livre-blanc-4-raisons-d-adopter-aps-pour-la-planification-automatisee-de-la-production\/\",\"name\":\"Livre blanc\u00a0: 4 raisons d'adopter un syst\u00e8me APS\",\"isPartOf\":{\"@id\":\"https:\/\/l-mobile.com\/fr\/#website\"},\"primaryImageOfPage\":{\"@id\":\"https:\/\/l-mobile.com\/fr\/document\/livre-blanc-4-raisons-d-adopter-aps-pour-la-planification-automatisee-de-la-production\/#primaryimage\"},\"image\":{\"@id\":\"https:\/\/l-mobile.com\/fr\/document\/livre-blanc-4-raisons-d-adopter-aps-pour-la-planification-automatisee-de-la-production\/#primaryimage\"},\"thumbnailUrl\":\"https:\/\/l-mobile.com\/wp-content\/uploads\/2022\/09\/whitepaper_aps_fr.jpg\",\"datePublished\":\"2022-09-21T08:19:29+00:00\",\"dateModified\":\"2024-08-23T12:57:01+00:00\",\"description\":\"Vers une s\u00e9curit\u00e9 de planification et une productivit\u00e9 plus \u00e9lev\u00e9es en production\u00a0: Une planification automatis\u00e9e de la production est la cl\u00e9 du succ\u00e8s\",\"breadcrumb\":{\"@id\":\"https:\/\/l-mobile.com\/fr\/document\/livre-blanc-4-raisons-d-adopter-aps-pour-la-planification-automatisee-de-la-production\/#breadcrumb\"},\"inLanguage\":\"fr-FR\",\"potentialAction\":[{\"@type\":\"ReadAction\",\"target\":[\"https:\/\/l-mobile.com\/fr\/document\/livre-blanc-4-raisons-d-adopter-aps-pour-la-planification-automatisee-de-la-production\/\"]}]},{\"@type\":\"ImageObject\",\"inLanguage\":\"fr-FR\",\"@id\":\"https:\/\/l-mobile.com\/fr\/document\/livre-blanc-4-raisons-d-adopter-aps-pour-la-planification-automatisee-de-la-production\/#primaryimage\",\"url\":\"https:\/\/l-mobile.com\/wp-content\/uploads\/2022\/09\/whitepaper_aps_fr.jpg\",\"contentUrl\":\"https:\/\/l-mobile.com\/wp-content\/uploads\/2022\/09\/whitepaper_aps_fr.jpg\",\"width\":400,\"height\":600,\"caption\":\"L-mobile APS, production digitale, planification automatis\u00e9e de la production, syst\u00e8me APS, smart factory\"},{\"@type\":\"BreadcrumbList\",\"@id\":\"https:\/\/l-mobile.com\/fr\/document\/livre-blanc-4-raisons-d-adopter-aps-pour-la-planification-automatisee-de-la-production\/#breadcrumb\",\"itemListElement\":[{\"@type\":\"ListItem\",\"position\":1,\"name\":\"Startseite\",\"item\":\"https:\/\/l-mobile.com\/fr\/l-mobile-rend-processus-metier-mobiles\/\"},{\"@type\":\"ListItem\",\"position\":2,\"name\":\"Hardware-Shop\",\"item\":\"https:\/\/l-mobile.com\/geschaeftsfelder\/technik\/\"},{\"@type\":\"ListItem\",\"position\":3,\"name\":\"Livre blanc\u00a0: 4 raisons d&#8217;adopter un syst\u00e8me APS pour la planification automatis\u00e9e de la production\"}]},{\"@type\":\"WebSite\",\"@id\":\"https:\/\/l-mobile.com\/fr\/#website\",\"url\":\"https:\/\/l-mobile.com\/fr\/\",\"name\":\"L-mobile\",\"description\":\"Mobile Softwarel\u00f6sungen\",\"publisher\":{\"@id\":\"https:\/\/l-mobile.com\/fr\/#organization\"},\"potentialAction\":[{\"@type\":\"SearchAction\",\"target\":{\"@type\":\"EntryPoint\",\"urlTemplate\":\"https:\/\/l-mobile.com\/fr\/?s={search_term_string}\"},\"query-input\":{\"@type\":\"PropertyValueSpecification\",\"valueRequired\":true,\"valueName\":\"search_term_string\"}}],\"inLanguage\":\"fr-FR\"},{\"@type\":\"Organization\",\"@id\":\"https:\/\/l-mobile.com\/fr\/#organization\",\"name\":\"L-mobile solutions\",\"url\":\"https:\/\/l-mobile.com\/fr\/\",\"logo\":{\"@type\":\"ImageObject\",\"inLanguage\":\"fr-FR\",\"@id\":\"https:\/\/l-mobile.com\/fr\/#\/schema\/logo\/image\/\",\"url\":\"https:\/\/l-mobile.com\/wp-content\/uploads\/2018\/09\/l-mobile-logo-tab.jpg\",\"contentUrl\":\"https:\/\/l-mobile.com\/wp-content\/uploads\/2018\/09\/l-mobile-logo-tab.jpg\",\"width\":240,\"height\":240,\"caption\":\"L-mobile solutions\"},\"image\":{\"@id\":\"https:\/\/l-mobile.com\/fr\/#\/schema\/logo\/image\/\"},\"sameAs\":[\"https:\/\/www.facebook.com\/lmobilegroup\",\"https:\/\/www.instagram.com\/lmobile_group\/\",\"https:\/\/www.linkedin.com\/company\/1073859\/\",\"https:\/\/www.youtube.com\/user\/LmobileGroup\"]}]}<\/script>\n<!-- \/ Yoast SEO Premium plugin. -->","yoast_head_json":{"title":"Livre blanc\u00a0: 4 raisons d'adopter un syst\u00e8me APS","description":"Vers une s\u00e9curit\u00e9 de planification et une productivit\u00e9 plus \u00e9lev\u00e9es en production\u00a0: Une planification automatis\u00e9e de la production est la cl\u00e9 du succ\u00e8s","robots":{"index":"noindex","follow":"nofollow"},"og_locale":"fr_FR","og_type":"article","og_title":"Livre blanc\u00a0: 4 raisons d'adopter un syst\u00e8me APS pour la planification automatis\u00e9e de la production","og_url":"https:\/\/l-mobile.com\/fr\/document\/livre-blanc-4-raisons-d-adopter-aps-pour-la-planification-automatisee-de-la-production\/","og_site_name":"L-mobile","article_publisher":"https:\/\/www.facebook.com\/lmobilegroup","article_modified_time":"2024-08-23T12:57:01+00:00","og_image":[{"width":400,"height":600,"url":"https:\/\/l-mobile.com\/wp-content\/uploads\/2022\/09\/whitepaper_aps_fr.jpg","type":"image\/jpeg"}],"twitter_card":"summary_large_image","twitter_misc":{"Dur\u00e9e de lecture estim\u00e9e":"1 minute"},"schema":{"@context":"https:\/\/schema.org","@graph":[{"@type":"WebPage","@id":"https:\/\/l-mobile.com\/fr\/document\/livre-blanc-4-raisons-d-adopter-aps-pour-la-planification-automatisee-de-la-production\/","url":"https:\/\/l-mobile.com\/fr\/document\/livre-blanc-4-raisons-d-adopter-aps-pour-la-planification-automatisee-de-la-production\/","name":"Livre blanc\u00a0: 4 raisons d'adopter un syst\u00e8me APS","isPartOf":{"@id":"https:\/\/l-mobile.com\/fr\/#website"},"primaryImageOfPage":{"@id":"https:\/\/l-mobile.com\/fr\/document\/livre-blanc-4-raisons-d-adopter-aps-pour-la-planification-automatisee-de-la-production\/#primaryimage"},"image":{"@id":"https:\/\/l-mobile.com\/fr\/document\/livre-blanc-4-raisons-d-adopter-aps-pour-la-planification-automatisee-de-la-production\/#primaryimage"},"thumbnailUrl":"https:\/\/l-mobile.com\/wp-content\/uploads\/2022\/09\/whitepaper_aps_fr.jpg","datePublished":"2022-09-21T08:19:29+00:00","dateModified":"2024-08-23T12:57:01+00:00","description":"Vers une s\u00e9curit\u00e9 de planification et une productivit\u00e9 plus \u00e9lev\u00e9es en production\u00a0: Une planification automatis\u00e9e de la production est la cl\u00e9 du succ\u00e8s","breadcrumb":{"@id":"https:\/\/l-mobile.com\/fr\/document\/livre-blanc-4-raisons-d-adopter-aps-pour-la-planification-automatisee-de-la-production\/#breadcrumb"},"inLanguage":"fr-FR","potentialAction":[{"@type":"ReadAction","target":["https:\/\/l-mobile.com\/fr\/document\/livre-blanc-4-raisons-d-adopter-aps-pour-la-planification-automatisee-de-la-production\/"]}]},{"@type":"ImageObject","inLanguage":"fr-FR","@id":"https:\/\/l-mobile.com\/fr\/document\/livre-blanc-4-raisons-d-adopter-aps-pour-la-planification-automatisee-de-la-production\/#primaryimage","url":"https:\/\/l-mobile.com\/wp-content\/uploads\/2022\/09\/whitepaper_aps_fr.jpg","contentUrl":"https:\/\/l-mobile.com\/wp-content\/uploads\/2022\/09\/whitepaper_aps_fr.jpg","width":400,"height":600,"caption":"L-mobile APS, production digitale, planification automatis\u00e9e de la production, syst\u00e8me APS, smart factory"},{"@type":"BreadcrumbList","@id":"https:\/\/l-mobile.com\/fr\/document\/livre-blanc-4-raisons-d-adopter-aps-pour-la-planification-automatisee-de-la-production\/#breadcrumb","itemListElement":[{"@type":"ListItem","position":1,"name":"Startseite","item":"https:\/\/l-mobile.com\/fr\/l-mobile-rend-processus-metier-mobiles\/"},{"@type":"ListItem","position":2,"name":"Hardware-Shop","item":"https:\/\/l-mobile.com\/geschaeftsfelder\/technik\/"},{"@type":"ListItem","position":3,"name":"Livre blanc\u00a0: 4 raisons d&#8217;adopter un syst\u00e8me APS pour la planification automatis\u00e9e de la production"}]},{"@type":"WebSite","@id":"https:\/\/l-mobile.com\/fr\/#website","url":"https:\/\/l-mobile.com\/fr\/","name":"L-mobile","description":"Mobile Softwarel\u00f6sungen","publisher":{"@id":"https:\/\/l-mobile.com\/fr\/#organization"},"potentialAction":[{"@type":"SearchAction","target":{"@type":"EntryPoint","urlTemplate":"https:\/\/l-mobile.com\/fr\/?s={search_term_string}"},"query-input":{"@type":"PropertyValueSpecification","valueRequired":true,"valueName":"search_term_string"}}],"inLanguage":"fr-FR"},{"@type":"Organization","@id":"https:\/\/l-mobile.com\/fr\/#organization","name":"L-mobile solutions","url":"https:\/\/l-mobile.com\/fr\/","logo":{"@type":"ImageObject","inLanguage":"fr-FR","@id":"https:\/\/l-mobile.com\/fr\/#\/schema\/logo\/image\/","url":"https:\/\/l-mobile.com\/wp-content\/uploads\/2018\/09\/l-mobile-logo-tab.jpg","contentUrl":"https:\/\/l-mobile.com\/wp-content\/uploads\/2018\/09\/l-mobile-logo-tab.jpg","width":240,"height":240,"caption":"L-mobile solutions"},"image":{"@id":"https:\/\/l-mobile.com\/fr\/#\/schema\/logo\/image\/"},"sameAs":["https:\/\/www.facebook.com\/lmobilegroup","https:\/\/www.instagram.com\/lmobile_group\/","https:\/\/www.linkedin.com\/company\/1073859\/","https:\/\/www.youtube.com\/user\/LmobileGroup"]}]}},"publishpress_future_workflow_manual_trigger":{"enabledWorkflows":[]},"_links":{"self":[{"href":"https:\/\/l-mobile.com\/fr\/wp-json\/wp\/v2\/product\/105697","targetHints":{"allow":["GET"]}}],"collection":[{"href":"https:\/\/l-mobile.com\/fr\/wp-json\/wp\/v2\/product"}],"about":[{"href":"https:\/\/l-mobile.com\/fr\/wp-json\/wp\/v2\/types\/product"}],"wp:featuredmedia":[{"embeddable":true,"href":"https:\/\/l-mobile.com\/fr\/wp-json\/wp\/v2\/media\/90200"}],"wp:attachment":[{"href":"https:\/\/l-mobile.com\/fr\/wp-json\/wp\/v2\/media?parent=105697"}],"wp:term":[{"taxonomy":"dokumente_formate","embeddable":true,"href":"https:\/\/l-mobile.com\/fr\/wp-json\/wp\/v2\/dokumente_formate?post=105697"},{"taxonomy":"dokumente_produkt","embeddable":true,"href":"https:\/\/l-mobile.com\/fr\/wp-json\/wp\/v2\/dokumente_produkt?post=105697"},{"taxonomy":"product_brand","embeddable":true,"href":"https:\/\/l-mobile.com\/fr\/wp-json\/wp\/v2\/product_brand?post=105697"},{"taxonomy":"product_cat","embeddable":true,"href":"https:\/\/l-mobile.com\/fr\/wp-json\/wp\/v2\/product_cat?post=105697"},{"taxonomy":"product_tag","embeddable":true,"href":"https:\/\/l-mobile.com\/fr\/wp-json\/wp\/v2\/product_tag?post=105697"}],"curies":[{"name":"wp","href":"https:\/\/api.w.org\/{rel}","templated":true}]}}