{"id":103267,"date":"2022-01-13T09:15:50","date_gmt":"2022-08-01T13:49:30","guid":{"rendered":"https:\/\/l-mobile.com\/?post_type=product&#038;p=103267"},"modified":"2023-04-27T15:51:08","modified_gmt":"2023-04-27T13:51:08","slug":"communique-de-reference-l-mobile-warehouse-ready-for-ms-dynamics-birkenmeier-steindesign-gmbh","status":"publish","type":"product","link":"https:\/\/l-mobile.com\/fr\/document\/communique-de-reference-l-mobile-warehouse-ready-for-ms-dynamics-birkenmeier-steindesign-gmbh\/","title":{"rendered":"Rapport de r\u00e9f\u00e9rence \u2014 L-mobile warehouse ready for MS Dynamics \u2014 Birkenmeier Stein+Design GmbH"},"content":{"rendered":"<div id='av_section_1'  class='avia-section av-2e1ay76-c80855f26f224ed57887eb40a8cedb58 main_color avia-section-default avia-no-border-styling  avia-builder-el-0  avia-builder-el-no-sibling  avia-bg-style-scroll container_wrap fullsize'  ><div class='container av-section-cont-open' ><main  role=\"main\" itemprop=\"mainContentOfPage\"  class='template-page content  av-content-full alpha units'><div class='post-entry post-entry-type-page post-entry-103267'><div class='entry-content-wrapper clearfix'>\n<div class='flex_column_table av-22knete-e435146051a9383d23250016772e2b85 sc-av_one_fourth av-equal-height-column-flextable'>\n<style type=\"text\/css\" data-created_by=\"avia_inline_auto\" id=\"style-css-av-22knete-e435146051a9383d23250016772e2b85\">\n.flex_column.av-22knete-e435146051a9383d23250016772e2b85{\nborder-radius:0px 0px 0px 0px;\npadding:0px 0px 0px 0px;\n}\n<\/style>\n<div  class='flex_column av-22knete-e435146051a9383d23250016772e2b85 av_one_fourth  avia-builder-el-1  el_before_av_three_fourth  avia-builder-el-first  lmwooimg first flex_column_table_cell av-equal-height-column av-align-top av-zero-column-padding  '     ><section  class='av_textblock_section av-kxhalowr-34866ccbe4c58c7dbecddaaaf51233c8 '   itemscope=\"itemscope\" itemtype=\"https:\/\/schema.org\/CreativeWork\" ><div class='avia_textblock'  itemprop=\"text\" >\n<\/div><\/section><\/div><div class='av-flex-placeholder'><\/div>\n<style type=\"text\/css\" data-created_by=\"avia_inline_auto\" id=\"style-css-av-1row6rm-3bcd14320daa195fa9532a17a7629026\">\n.flex_column.av-1row6rm-3bcd14320daa195fa9532a17a7629026{\nborder-radius:0px 0px 0px 0px;\npadding:0px 0px 0px 0px;\n}\n<\/style>\n<div  class='flex_column av-1row6rm-3bcd14320daa195fa9532a17a7629026 av_three_fourth  avia-builder-el-3  el_after_av_one_fourth  avia-builder-el-last  lmwoodesc lmwoocart lmh1 flex_column_table_cell av-equal-height-column av-align-top av-zero-column-padding  '     ><section  class='av_textblock_section av-kxhalowr-34866ccbe4c58c7dbecddaaaf51233c8 '   itemscope=\"itemscope\" itemtype=\"https:\/\/schema.org\/CreativeWork\" ><div class='avia_textblock'  itemprop=\"text\" ><h1>Rapport de r\u00e9f\u00e9rence \u2014 L-mobile warehouse ready for MS Dynamics \u2014 Birkenmeier Stein+Design GmbH<\/h1>\n<\/div><\/section><br \/>\n<section  class='av_textblock_section av-kxg4vsig-247a031789ff4d00b0bb74c5b7103f18 '   itemscope=\"itemscope\" itemtype=\"https:\/\/schema.org\/CreativeWork\" ><div class='avia_textblock'  itemprop=\"text\" ><p>Gr\u00e2ce au syst\u00e8me de guidage de chariot \u00e9l\u00e9vateur avec localisation GPS, la pr\u00e9paration des commandes clients se fait encore plus rapidement et sans erreurs. Lorsque les produits sont rassembl\u00e9s pour une commande client, la marchandise est d&#8217;abord transf\u00e9r\u00e9e vers un lieu de pr\u00e9paration des commandes. Ensuite, une fois la marchandise scann\u00e9e, le syst\u00e8me g\u00e9n\u00e8re une nouvelle commande et attribue \u00e0 la nouvelle palette li\u00e9e \u00e0 la commande un identifiant de palette unique correspondant.<\/p>\n<\/div><\/section><br \/>\n<div  class='avia-button-wrap av-kxgchy2q-bbe4837d1cbdeebfe6847ea225dd56b7-wrap avia-button-right  avia-builder-el-6  el_after_av_textblock  avia-builder-el-last  force-download'><a href='https:\/\/l-mobile.com\/wp-content\/uploads\/2023\/04\/L-mobile_Rapport_de_reference_Birkenmeier.pdf'  class='avia-button av-kxgchy2q-bbe4837d1cbdeebfe6847ea225dd56b7 av-link-btn avia-icon_select-yes-left-icon avia-size-large avia-position-right avia-color-theme-color'   aria-label=\"T\u00e9l\u00e9charger\"><span class='avia_button_icon avia_button_icon_left avia-iconfont avia-font-entypo-fontello' data-av_icon='\ue82d' data-av_iconfont='entypo-fontello' ><\/span><span class='avia_iconbox_title' >T\u00e9l\u00e9charger<\/span><\/a><\/div><\/p><\/div><\/div><!--close column table wrapper. Autoclose: 1 -->\n","protected":false},"excerpt":{"rendered":"","protected":false},"featured_media":90106,"template":"","meta":{"_acf_changed":false,"content-type":""},"dokumente_formate":[4000],"dokumente_produkt":[3992,3976],"product_brand":[],"product_cat":[4771,2527],"product_tag":[],"class_list":{"0":"post-103267","1":"product","2":"type-product","3":"status-publish","4":"has-post-thumbnail","6":"dokumente_formate-rapport-de-reference","7":"dokumente_produkt-l-mobile-warehouse-ready-for-ms-dynamics-fr","8":"dokumente_produkt-logistique-numerique-dentrepot","9":"product_cat-evenement-du-systeme-de-guidage-de-chariot-elevateur","10":"product_cat-document","12":"first","13":"instock","14":"downloadable","15":"virtual","16":"purchasable","17":"product-type-simple"},"acf":[],"yoast_head":"<!-- This site is optimized with the Yoast SEO Premium plugin v26.6 (Yoast SEO v26.6) - https:\/\/yoast.com\/wordpress\/plugins\/seo\/ -->\n<title>Rapport de r\u00e9f\u00e9rence \u2014 L-mobile warehouse ready for MS Dynamics \u2014 Birkenmeier Stein+Design GmbH - L-mobile<\/title>\n<meta name=\"robots\" content=\"index, follow, max-snippet:-1, max-image-preview:large, max-video-preview:-1\" \/>\n<link rel=\"canonical\" href=\"https:\/\/l-mobile.com\/fr\/document\/communique-de-reference-l-mobile-warehouse-ready-for-ms-dynamics-birkenmeier-steindesign-gmbh\/\" \/>\n<meta property=\"og:locale\" content=\"fr_FR\" \/>\n<meta property=\"og:type\" content=\"article\" \/>\n<meta property=\"og:title\" content=\"Rapport de r\u00e9f\u00e9rence \u2014 L-mobile warehouse ready for MS Dynamics \u2014 Birkenmeier Stein+Design GmbH\" \/>\n<meta property=\"og:url\" content=\"https:\/\/l-mobile.com\/fr\/document\/communique-de-reference-l-mobile-warehouse-ready-for-ms-dynamics-birkenmeier-steindesign-gmbh\/\" \/>\n<meta property=\"og:site_name\" content=\"L-mobile\" \/>\n<meta property=\"article:publisher\" content=\"https:\/\/www.facebook.com\/lmobilegroup\" \/>\n<meta property=\"article:modified_time\" content=\"2023-04-27T13:51:08+00:00\" \/>\n<meta property=\"og:image\" content=\"https:\/\/l-mobile.com\/wp-content\/uploads\/2022\/08\/L-mobile_Communique_de_reference_Birkenmeier.jpg\" \/>\n\t<meta property=\"og:image:width\" content=\"400\" \/>\n\t<meta property=\"og:image:height\" content=\"600\" \/>\n\t<meta property=\"og:image:type\" content=\"image\/jpeg\" \/>\n<meta name=\"twitter:card\" content=\"summary_large_image\" \/>\n<meta name=\"twitter:label1\" content=\"Dur\u00e9e de lecture estim\u00e9e\" \/>\n\t<meta name=\"twitter:data1\" content=\"4 minutes\" \/>\n<script type=\"application\/ld+json\" class=\"yoast-schema-graph\">{\"@context\":\"https:\/\/schema.org\",\"@graph\":[{\"@type\":\"WebPage\",\"@id\":\"https:\/\/l-mobile.com\/fr\/document\/communique-de-reference-l-mobile-warehouse-ready-for-ms-dynamics-birkenmeier-steindesign-gmbh\/\",\"url\":\"https:\/\/l-mobile.com\/fr\/document\/communique-de-reference-l-mobile-warehouse-ready-for-ms-dynamics-birkenmeier-steindesign-gmbh\/\",\"name\":\"Rapport de r\u00e9f\u00e9rence \u2014 L-mobile warehouse ready for MS Dynamics \u2014 Birkenmeier Stein+Design GmbH - L-mobile\",\"isPartOf\":{\"@id\":\"https:\/\/l-mobile.com\/fr\/#website\"},\"primaryImageOfPage\":{\"@id\":\"https:\/\/l-mobile.com\/fr\/document\/communique-de-reference-l-mobile-warehouse-ready-for-ms-dynamics-birkenmeier-steindesign-gmbh\/#primaryimage\"},\"image\":{\"@id\":\"https:\/\/l-mobile.com\/fr\/document\/communique-de-reference-l-mobile-warehouse-ready-for-ms-dynamics-birkenmeier-steindesign-gmbh\/#primaryimage\"},\"thumbnailUrl\":\"https:\/\/l-mobile.com\/wp-content\/uploads\/2022\/08\/L-mobile_Communique_de_reference_Birkenmeier.jpg\",\"datePublished\":\"2022-08-01T13:49:30+00:00\",\"dateModified\":\"2023-04-27T13:51:08+00:00\",\"breadcrumb\":{\"@id\":\"https:\/\/l-mobile.com\/fr\/document\/communique-de-reference-l-mobile-warehouse-ready-for-ms-dynamics-birkenmeier-steindesign-gmbh\/#breadcrumb\"},\"inLanguage\":\"fr-FR\",\"potentialAction\":[{\"@type\":\"ReadAction\",\"target\":[\"https:\/\/l-mobile.com\/fr\/document\/communique-de-reference-l-mobile-warehouse-ready-for-ms-dynamics-birkenmeier-steindesign-gmbh\/\"]}]},{\"@type\":\"ImageObject\",\"inLanguage\":\"fr-FR\",\"@id\":\"https:\/\/l-mobile.com\/fr\/document\/communique-de-reference-l-mobile-warehouse-ready-for-ms-dynamics-birkenmeier-steindesign-gmbh\/#primaryimage\",\"url\":\"https:\/\/l-mobile.com\/wp-content\/uploads\/2022\/08\/L-mobile_Communique_de_reference_Birkenmeier.jpg\",\"contentUrl\":\"https:\/\/l-mobile.com\/wp-content\/uploads\/2022\/08\/L-mobile_Communique_de_reference_Birkenmeier.jpg\",\"width\":400,\"height\":600,\"caption\":\"Communiqu\u00e9 de r\u00e9f\u00e9rence \u2014 L-mobile warehouse ready for MS Dynamics \u2014 Birkenmeier Stein+Design GmbH\"},{\"@type\":\"BreadcrumbList\",\"@id\":\"https:\/\/l-mobile.com\/fr\/document\/communique-de-reference-l-mobile-warehouse-ready-for-ms-dynamics-birkenmeier-steindesign-gmbh\/#breadcrumb\",\"itemListElement\":[{\"@type\":\"ListItem\",\"position\":1,\"name\":\"Startseite\",\"item\":\"https:\/\/l-mobile.com\/fr\/l-mobile-rend-processus-metier-mobiles\/\"},{\"@type\":\"ListItem\",\"position\":2,\"name\":\"Hardware-Shop\",\"item\":\"https:\/\/l-mobile.com\/geschaeftsfelder\/technik\/\"},{\"@type\":\"ListItem\",\"position\":3,\"name\":\"Rapport de r\u00e9f\u00e9rence \u2014 L-mobile warehouse ready for MS Dynamics \u2014 Birkenmeier Stein+Design GmbH\"}]},{\"@type\":\"WebSite\",\"@id\":\"https:\/\/l-mobile.com\/fr\/#website\",\"url\":\"https:\/\/l-mobile.com\/fr\/\",\"name\":\"L-mobile\",\"description\":\"Mobile Softwarel\u00f6sungen\",\"publisher\":{\"@id\":\"https:\/\/l-mobile.com\/fr\/#organization\"},\"potentialAction\":[{\"@type\":\"SearchAction\",\"target\":{\"@type\":\"EntryPoint\",\"urlTemplate\":\"https:\/\/l-mobile.com\/fr\/?s={search_term_string}\"},\"query-input\":{\"@type\":\"PropertyValueSpecification\",\"valueRequired\":true,\"valueName\":\"search_term_string\"}}],\"inLanguage\":\"fr-FR\"},{\"@type\":\"Organization\",\"@id\":\"https:\/\/l-mobile.com\/fr\/#organization\",\"name\":\"L-mobile solutions\",\"url\":\"https:\/\/l-mobile.com\/fr\/\",\"logo\":{\"@type\":\"ImageObject\",\"inLanguage\":\"fr-FR\",\"@id\":\"https:\/\/l-mobile.com\/fr\/#\/schema\/logo\/image\/\",\"url\":\"https:\/\/l-mobile.com\/wp-content\/uploads\/2018\/09\/l-mobile-logo-tab.jpg\",\"contentUrl\":\"https:\/\/l-mobile.com\/wp-content\/uploads\/2018\/09\/l-mobile-logo-tab.jpg\",\"width\":240,\"height\":240,\"caption\":\"L-mobile solutions\"},\"image\":{\"@id\":\"https:\/\/l-mobile.com\/fr\/#\/schema\/logo\/image\/\"},\"sameAs\":[\"https:\/\/www.facebook.com\/lmobilegroup\",\"https:\/\/www.instagram.com\/lmobile_group\/\",\"https:\/\/www.linkedin.com\/company\/1073859\/\",\"https:\/\/www.youtube.com\/user\/LmobileGroup\"]}]}<\/script>\n<!-- \/ Yoast SEO Premium plugin. -->","yoast_head_json":{"title":"Rapport de r\u00e9f\u00e9rence \u2014 L-mobile warehouse ready for MS Dynamics \u2014 Birkenmeier Stein+Design GmbH - L-mobile","robots":{"index":"index","follow":"follow","max-snippet":"max-snippet:-1","max-image-preview":"max-image-preview:large","max-video-preview":"max-video-preview:-1"},"canonical":"https:\/\/l-mobile.com\/fr\/document\/communique-de-reference-l-mobile-warehouse-ready-for-ms-dynamics-birkenmeier-steindesign-gmbh\/","og_locale":"fr_FR","og_type":"article","og_title":"Rapport de r\u00e9f\u00e9rence \u2014 L-mobile warehouse ready for MS Dynamics \u2014 Birkenmeier Stein+Design GmbH","og_url":"https:\/\/l-mobile.com\/fr\/document\/communique-de-reference-l-mobile-warehouse-ready-for-ms-dynamics-birkenmeier-steindesign-gmbh\/","og_site_name":"L-mobile","article_publisher":"https:\/\/www.facebook.com\/lmobilegroup","article_modified_time":"2023-04-27T13:51:08+00:00","og_image":[{"width":400,"height":600,"url":"https:\/\/l-mobile.com\/wp-content\/uploads\/2022\/08\/L-mobile_Communique_de_reference_Birkenmeier.jpg","type":"image\/jpeg"}],"twitter_card":"summary_large_image","twitter_misc":{"Dur\u00e9e de lecture estim\u00e9e":"4 minutes"},"schema":{"@context":"https:\/\/schema.org","@graph":[{"@type":"WebPage","@id":"https:\/\/l-mobile.com\/fr\/document\/communique-de-reference-l-mobile-warehouse-ready-for-ms-dynamics-birkenmeier-steindesign-gmbh\/","url":"https:\/\/l-mobile.com\/fr\/document\/communique-de-reference-l-mobile-warehouse-ready-for-ms-dynamics-birkenmeier-steindesign-gmbh\/","name":"Rapport de r\u00e9f\u00e9rence \u2014 L-mobile warehouse ready for MS Dynamics \u2014 Birkenmeier Stein+Design GmbH - L-mobile","isPartOf":{"@id":"https:\/\/l-mobile.com\/fr\/#website"},"primaryImageOfPage":{"@id":"https:\/\/l-mobile.com\/fr\/document\/communique-de-reference-l-mobile-warehouse-ready-for-ms-dynamics-birkenmeier-steindesign-gmbh\/#primaryimage"},"image":{"@id":"https:\/\/l-mobile.com\/fr\/document\/communique-de-reference-l-mobile-warehouse-ready-for-ms-dynamics-birkenmeier-steindesign-gmbh\/#primaryimage"},"thumbnailUrl":"https:\/\/l-mobile.com\/wp-content\/uploads\/2022\/08\/L-mobile_Communique_de_reference_Birkenmeier.jpg","datePublished":"2022-08-01T13:49:30+00:00","dateModified":"2023-04-27T13:51:08+00:00","breadcrumb":{"@id":"https:\/\/l-mobile.com\/fr\/document\/communique-de-reference-l-mobile-warehouse-ready-for-ms-dynamics-birkenmeier-steindesign-gmbh\/#breadcrumb"},"inLanguage":"fr-FR","potentialAction":[{"@type":"ReadAction","target":["https:\/\/l-mobile.com\/fr\/document\/communique-de-reference-l-mobile-warehouse-ready-for-ms-dynamics-birkenmeier-steindesign-gmbh\/"]}]},{"@type":"ImageObject","inLanguage":"fr-FR","@id":"https:\/\/l-mobile.com\/fr\/document\/communique-de-reference-l-mobile-warehouse-ready-for-ms-dynamics-birkenmeier-steindesign-gmbh\/#primaryimage","url":"https:\/\/l-mobile.com\/wp-content\/uploads\/2022\/08\/L-mobile_Communique_de_reference_Birkenmeier.jpg","contentUrl":"https:\/\/l-mobile.com\/wp-content\/uploads\/2022\/08\/L-mobile_Communique_de_reference_Birkenmeier.jpg","width":400,"height":600,"caption":"Communiqu\u00e9 de r\u00e9f\u00e9rence \u2014 L-mobile warehouse ready for MS Dynamics \u2014 Birkenmeier Stein+Design GmbH"},{"@type":"BreadcrumbList","@id":"https:\/\/l-mobile.com\/fr\/document\/communique-de-reference-l-mobile-warehouse-ready-for-ms-dynamics-birkenmeier-steindesign-gmbh\/#breadcrumb","itemListElement":[{"@type":"ListItem","position":1,"name":"Startseite","item":"https:\/\/l-mobile.com\/fr\/l-mobile-rend-processus-metier-mobiles\/"},{"@type":"ListItem","position":2,"name":"Hardware-Shop","item":"https:\/\/l-mobile.com\/geschaeftsfelder\/technik\/"},{"@type":"ListItem","position":3,"name":"Rapport de r\u00e9f\u00e9rence \u2014 L-mobile warehouse ready for MS Dynamics \u2014 Birkenmeier Stein+Design GmbH"}]},{"@type":"WebSite","@id":"https:\/\/l-mobile.com\/fr\/#website","url":"https:\/\/l-mobile.com\/fr\/","name":"L-mobile","description":"Mobile Softwarel\u00f6sungen","publisher":{"@id":"https:\/\/l-mobile.com\/fr\/#organization"},"potentialAction":[{"@type":"SearchAction","target":{"@type":"EntryPoint","urlTemplate":"https:\/\/l-mobile.com\/fr\/?s={search_term_string}"},"query-input":{"@type":"PropertyValueSpecification","valueRequired":true,"valueName":"search_term_string"}}],"inLanguage":"fr-FR"},{"@type":"Organization","@id":"https:\/\/l-mobile.com\/fr\/#organization","name":"L-mobile solutions","url":"https:\/\/l-mobile.com\/fr\/","logo":{"@type":"ImageObject","inLanguage":"fr-FR","@id":"https:\/\/l-mobile.com\/fr\/#\/schema\/logo\/image\/","url":"https:\/\/l-mobile.com\/wp-content\/uploads\/2018\/09\/l-mobile-logo-tab.jpg","contentUrl":"https:\/\/l-mobile.com\/wp-content\/uploads\/2018\/09\/l-mobile-logo-tab.jpg","width":240,"height":240,"caption":"L-mobile solutions"},"image":{"@id":"https:\/\/l-mobile.com\/fr\/#\/schema\/logo\/image\/"},"sameAs":["https:\/\/www.facebook.com\/lmobilegroup","https:\/\/www.instagram.com\/lmobile_group\/","https:\/\/www.linkedin.com\/company\/1073859\/","https:\/\/www.youtube.com\/user\/LmobileGroup"]}]}},"publishpress_future_workflow_manual_trigger":{"enabledWorkflows":[]},"_links":{"self":[{"href":"https:\/\/l-mobile.com\/fr\/wp-json\/wp\/v2\/product\/103267","targetHints":{"allow":["GET"]}}],"collection":[{"href":"https:\/\/l-mobile.com\/fr\/wp-json\/wp\/v2\/product"}],"about":[{"href":"https:\/\/l-mobile.com\/fr\/wp-json\/wp\/v2\/types\/product"}],"wp:featuredmedia":[{"embeddable":true,"href":"https:\/\/l-mobile.com\/fr\/wp-json\/wp\/v2\/media\/90106"}],"wp:attachment":[{"href":"https:\/\/l-mobile.com\/fr\/wp-json\/wp\/v2\/media?parent=103267"}],"wp:term":[{"taxonomy":"dokumente_formate","embeddable":true,"href":"https:\/\/l-mobile.com\/fr\/wp-json\/wp\/v2\/dokumente_formate?post=103267"},{"taxonomy":"dokumente_produkt","embeddable":true,"href":"https:\/\/l-mobile.com\/fr\/wp-json\/wp\/v2\/dokumente_produkt?post=103267"},{"taxonomy":"product_brand","embeddable":true,"href":"https:\/\/l-mobile.com\/fr\/wp-json\/wp\/v2\/product_brand?post=103267"},{"taxonomy":"product_cat","embeddable":true,"href":"https:\/\/l-mobile.com\/fr\/wp-json\/wp\/v2\/product_cat?post=103267"},{"taxonomy":"product_tag","embeddable":true,"href":"https:\/\/l-mobile.com\/fr\/wp-json\/wp\/v2\/product_tag?post=103267"}],"curies":[{"name":"wp","href":"https:\/\/api.w.org\/{rel}","templated":true}]}}