{"id":95483,"date":"2022-01-17T15:48:19","date_gmt":"2022-05-25T16:54:27","guid":{"rendered":"https:\/\/l-mobile.com\/?post_type=product&#038;p=95483"},"modified":"2022-05-25T18:54:28","modified_gmt":"2022-05-25T16:54:28","slug":"informe-referencia-l-mobile-service-inotec-sicherheitstechnik-gmbh","status":"publish","type":"product","link":"https:\/\/l-mobile.com\/es\/documento\/informe-referencia-l-mobile-service-inotec-sicherheitstechnik-gmbh\/","title":{"rendered":"Informe de referencia \u2014 L-mobile service \u2014 INOTEC Sicherheitstechnik GmbH\u00a0"},"content":{"rendered":"<div id='av_section_1'  class='avia-section av-2e1ay76-c80855f26f224ed57887eb40a8cedb58 main_color avia-section-default avia-no-border-styling  avia-builder-el-0  avia-builder-el-no-sibling  avia-bg-style-scroll container_wrap fullsize'  ><div class='container av-section-cont-open' ><main  role=\"main\" itemprop=\"mainContentOfPage\"  class='template-page content  av-content-full alpha units'><div class='post-entry post-entry-type-page post-entry-95483'><div class='entry-content-wrapper clearfix'>\n<div class='flex_column_table av-22knete-e435146051a9383d23250016772e2b85 sc-av_one_fourth av-equal-height-column-flextable'>\n<style type=\"text\/css\" data-created_by=\"avia_inline_auto\" id=\"style-css-av-22knete-e435146051a9383d23250016772e2b85\">\n.flex_column.av-22knete-e435146051a9383d23250016772e2b85{\nborder-radius:0px 0px 0px 0px;\npadding:0px 0px 0px 0px;\n}\n<\/style>\n<div  class='flex_column av-22knete-e435146051a9383d23250016772e2b85 av_one_fourth  avia-builder-el-1  el_before_av_three_fourth  avia-builder-el-first  lmwooimg first flex_column_table_cell av-equal-height-column av-align-top av-zero-column-padding  '     ><section  class='av_textblock_section av-kxhalowr-34866ccbe4c58c7dbecddaaaf51233c8 '   itemscope=\"itemscope\" itemtype=\"https:\/\/schema.org\/CreativeWork\" ><div class='avia_textblock'  itemprop=\"text\" >\n<\/div><\/section><\/div><div class='av-flex-placeholder'><\/div>\n<style type=\"text\/css\" data-created_by=\"avia_inline_auto\" id=\"style-css-av-1row6rm-3bcd14320daa195fa9532a17a7629026\">\n.flex_column.av-1row6rm-3bcd14320daa195fa9532a17a7629026{\nborder-radius:0px 0px 0px 0px;\npadding:0px 0px 0px 0px;\n}\n<\/style>\n<div  class='flex_column av-1row6rm-3bcd14320daa195fa9532a17a7629026 av_three_fourth  avia-builder-el-3  el_after_av_one_fourth  avia-builder-el-last  lmwoodesc lmwoocart lmh1 flex_column_table_cell av-equal-height-column av-align-top av-zero-column-padding  '     ><section  class='av_textblock_section av-kxhalowr-34866ccbe4c58c7dbecddaaaf51233c8 '   itemscope=\"itemscope\" itemtype=\"https:\/\/schema.org\/CreativeWork\" ><div class='avia_textblock'  itemprop=\"text\" ><h1>Informe de referencia \u2014 L-mobile service \u2014 INOTEC Sicherheitstechnik GmbH\u00a0<\/h1>\n<\/div><\/section><br \/>\n<section  class='av_textblock_section av-kxg4vsig-247a031789ff4d00b0bb74c5b7103f18 '   itemscope=\"itemscope\" itemtype=\"https:\/\/schema.org\/CreativeWork\" ><div class='avia_textblock'  itemprop=\"text\" ><p>Como uno de los principales fabricantes y socios de servicio de la iluminaci\u00f3n moderna de emergencia y seguridad, la empresa buscaba una soluci\u00f3n de software digital. Era necesario que pudiera utilizarse tanto online como offline, ya que los sistemas de bater\u00eda central suelen instalarse en locales donde no est\u00e1 garantizada la cobertura de recepci\u00f3n digital. Adem\u00e1s, la aplicaci\u00f3n deb\u00eda simplificar considerablemente las fases de trabajo individuales en la gesti\u00f3n de proyectos y el proceso de coordinaci\u00f3n en la gesti\u00f3n de ofertas, como la asignaci\u00f3n de varios clientes u ofertas a un proyecto.<\/p>\n<p>INOTEC Sicherheitstechnik GmbH eligi\u00f3 a L-mobile como proveedor por su completa soluci\u00f3n de CRM y su procesamiento de servicios integrado con funcionamiento offline.<\/p>\n<\/div><\/section><br \/>\n<div  class='avia-button-wrap av-kxgchy2q-afdcabbc3f676c31ece4631f148e0127-wrap avia-button-right  avia-builder-el-6  el_after_av_textblock  avia-builder-el-last  force-download'><a href='https:\/\/l-mobile.com\/wp-content\/uploads\/2022\/05\/L-mobile_Informe_de_referencia_Inotec.pdf'  class='avia-button av-kxgchy2q-afdcabbc3f676c31ece4631f148e0127 av-link-btn avia-icon_select-yes-left-icon avia-size-large avia-position-right avia-color-theme-color'   aria-label=\"Descargar\"><span class='avia_button_icon avia_button_icon_left avia-iconfont avia-font-entypo-fontello' data-av_icon='\ue82d' data-av_iconfont='entypo-fontello' ><\/span><span class='avia_iconbox_title' >Descargar<\/span><\/a><\/div><\/p><\/div><\/div><!--close column table wrapper. Autoclose: 1 -->\n","protected":false},"excerpt":{"rendered":"","protected":false},"featured_media":90948,"template":"","meta":{"_acf_changed":false,"content-type":""},"dokumente_formate":[4001],"dokumente_produkt":[3972],"product_brand":[],"product_cat":[2529],"product_tag":[],"class_list":{"0":"post-95483","1":"product","2":"type-product","3":"status-publish","4":"has-post-thumbnail","6":"dokumente_formate-informe-de-referencia","7":"dokumente_produkt-gestion-digital-de-servicios","8":"product_cat-documento","10":"first","11":"instock","12":"downloadable","13":"virtual","14":"purchasable","15":"product-type-simple"},"acf":[],"yoast_head":"<!-- This site is optimized with the Yoast SEO Premium plugin v26.6 (Yoast SEO v26.6) - https:\/\/yoast.com\/wordpress\/plugins\/seo\/ -->\n<title>Informe de referencia \u2014 L-mobile service \u2014 INOTEC Sicherheitstechnik GmbH\u00a0 - L-mobile<\/title>\n<meta name=\"description\" content=\"Como empresa, INOTEC buscaba una soluci\u00f3n de software digital. Era necesario que pudiera utilizarse tanto online como offline.\" \/>\n<meta name=\"robots\" content=\"index, follow, max-snippet:-1, max-image-preview:large, max-video-preview:-1\" \/>\n<link rel=\"canonical\" href=\"https:\/\/l-mobile.com\/es\/documento\/informe-referencia-l-mobile-service-inotec-sicherheitstechnik-gmbh\/\" \/>\n<meta property=\"og:locale\" content=\"es_ES\" \/>\n<meta property=\"og:type\" content=\"article\" \/>\n<meta property=\"og:title\" content=\"Informe de referencia \u2014 L-mobile service \u2014 INOTEC Sicherheitstechnik GmbH\u00a0\" \/>\n<meta property=\"og:url\" content=\"https:\/\/l-mobile.com\/es\/documento\/informe-referencia-l-mobile-service-inotec-sicherheitstechnik-gmbh\/\" \/>\n<meta property=\"og:site_name\" content=\"L-mobile\" \/>\n<meta property=\"article:publisher\" content=\"https:\/\/www.facebook.com\/lmobilegroup\" \/>\n<meta property=\"article:modified_time\" content=\"2022-05-25T16:54:28+00:00\" \/>\n<meta property=\"og:image\" content=\"https:\/\/l-mobile.com\/wp-content\/uploads\/2022\/05\/L-mobile_Informe_de_referencia_Inotec.jpg\" \/>\n\t<meta property=\"og:image:width\" content=\"400\" \/>\n\t<meta property=\"og:image:height\" content=\"600\" \/>\n\t<meta property=\"og:image:type\" content=\"image\/jpeg\" \/>\n<meta name=\"twitter:card\" content=\"summary_large_image\" \/>\n<meta name=\"twitter:label1\" content=\"Tiempo de lectura\" \/>\n\t<meta name=\"twitter:data1\" content=\"4 minutos\" \/>\n<script type=\"application\/ld+json\" class=\"yoast-schema-graph\">{\"@context\":\"https:\/\/schema.org\",\"@graph\":[{\"@type\":\"WebPage\",\"@id\":\"https:\/\/l-mobile.com\/es\/documento\/informe-referencia-l-mobile-service-inotec-sicherheitstechnik-gmbh\/\",\"url\":\"https:\/\/l-mobile.com\/es\/documento\/informe-referencia-l-mobile-service-inotec-sicherheitstechnik-gmbh\/\",\"name\":\"Informe de referencia \u2014 L-mobile service \u2014 INOTEC Sicherheitstechnik GmbH\u00a0 - L-mobile\",\"isPartOf\":{\"@id\":\"https:\/\/l-mobile.com\/es\/#website\"},\"primaryImageOfPage\":{\"@id\":\"https:\/\/l-mobile.com\/es\/documento\/informe-referencia-l-mobile-service-inotec-sicherheitstechnik-gmbh\/#primaryimage\"},\"image\":{\"@id\":\"https:\/\/l-mobile.com\/es\/documento\/informe-referencia-l-mobile-service-inotec-sicherheitstechnik-gmbh\/#primaryimage\"},\"thumbnailUrl\":\"https:\/\/l-mobile.com\/wp-content\/uploads\/2022\/05\/L-mobile_Informe_de_referencia_Inotec.jpg\",\"datePublished\":\"2022-05-25T16:54:27+00:00\",\"dateModified\":\"2022-05-25T16:54:28+00:00\",\"description\":\"Como empresa, INOTEC buscaba una soluci\u00f3n de software digital. Era necesario que pudiera utilizarse tanto online como offline.\",\"breadcrumb\":{\"@id\":\"https:\/\/l-mobile.com\/es\/documento\/informe-referencia-l-mobile-service-inotec-sicherheitstechnik-gmbh\/#breadcrumb\"},\"inLanguage\":\"es\",\"potentialAction\":[{\"@type\":\"ReadAction\",\"target\":[\"https:\/\/l-mobile.com\/es\/documento\/informe-referencia-l-mobile-service-inotec-sicherheitstechnik-gmbh\/\"]}]},{\"@type\":\"ImageObject\",\"inLanguage\":\"es\",\"@id\":\"https:\/\/l-mobile.com\/es\/documento\/informe-referencia-l-mobile-service-inotec-sicherheitstechnik-gmbh\/#primaryimage\",\"url\":\"https:\/\/l-mobile.com\/wp-content\/uploads\/2022\/05\/L-mobile_Informe_de_referencia_Inotec.jpg\",\"contentUrl\":\"https:\/\/l-mobile.com\/wp-content\/uploads\/2022\/05\/L-mobile_Informe_de_referencia_Inotec.jpg\",\"width\":400,\"height\":600,\"caption\":\"Informe de referencia L-mobile \u2014 L-mobile service \u2014 INOTEC\"},{\"@type\":\"BreadcrumbList\",\"@id\":\"https:\/\/l-mobile.com\/es\/documento\/informe-referencia-l-mobile-service-inotec-sicherheitstechnik-gmbh\/#breadcrumb\",\"itemListElement\":[{\"@type\":\"ListItem\",\"position\":1,\"name\":\"Startseite\",\"item\":\"https:\/\/l-mobile.com\/es\/l-mobile-digitaliza-procesos-negocio\/\"},{\"@type\":\"ListItem\",\"position\":2,\"name\":\"Hardware-Shop\",\"item\":\"https:\/\/l-mobile.com\/geschaeftsfelder\/technik\/\"},{\"@type\":\"ListItem\",\"position\":3,\"name\":\"Informe de referencia \u2014 L-mobile service \u2014 INOTEC Sicherheitstechnik GmbH\u00a0\"}]},{\"@type\":\"WebSite\",\"@id\":\"https:\/\/l-mobile.com\/es\/#website\",\"url\":\"https:\/\/l-mobile.com\/es\/\",\"name\":\"L-mobile\",\"description\":\"Mobile Softwarel\u00f6sungen\",\"publisher\":{\"@id\":\"https:\/\/l-mobile.com\/es\/#organization\"},\"potentialAction\":[{\"@type\":\"SearchAction\",\"target\":{\"@type\":\"EntryPoint\",\"urlTemplate\":\"https:\/\/l-mobile.com\/es\/?s={search_term_string}\"},\"query-input\":{\"@type\":\"PropertyValueSpecification\",\"valueRequired\":true,\"valueName\":\"search_term_string\"}}],\"inLanguage\":\"es\"},{\"@type\":\"Organization\",\"@id\":\"https:\/\/l-mobile.com\/es\/#organization\",\"name\":\"L-mobile solutions\",\"url\":\"https:\/\/l-mobile.com\/es\/\",\"logo\":{\"@type\":\"ImageObject\",\"inLanguage\":\"es\",\"@id\":\"https:\/\/l-mobile.com\/es\/#\/schema\/logo\/image\/\",\"url\":\"https:\/\/l-mobile.com\/wp-content\/uploads\/2018\/09\/l-mobile-logo-tab.jpg\",\"contentUrl\":\"https:\/\/l-mobile.com\/wp-content\/uploads\/2018\/09\/l-mobile-logo-tab.jpg\",\"width\":240,\"height\":240,\"caption\":\"L-mobile solutions\"},\"image\":{\"@id\":\"https:\/\/l-mobile.com\/es\/#\/schema\/logo\/image\/\"},\"sameAs\":[\"https:\/\/www.facebook.com\/lmobilegroup\",\"https:\/\/www.instagram.com\/lmobile_group\/\",\"https:\/\/www.linkedin.com\/company\/1073859\/\",\"https:\/\/www.youtube.com\/user\/LmobileGroup\"]}]}<\/script>\n<!-- \/ Yoast SEO Premium plugin. -->","yoast_head_json":{"title":"Informe de referencia \u2014 L-mobile service \u2014 INOTEC Sicherheitstechnik GmbH\u00a0 - L-mobile","description":"Como empresa, INOTEC buscaba una soluci\u00f3n de software digital. Era necesario que pudiera utilizarse tanto online como offline.","robots":{"index":"index","follow":"follow","max-snippet":"max-snippet:-1","max-image-preview":"max-image-preview:large","max-video-preview":"max-video-preview:-1"},"canonical":"https:\/\/l-mobile.com\/es\/documento\/informe-referencia-l-mobile-service-inotec-sicherheitstechnik-gmbh\/","og_locale":"es_ES","og_type":"article","og_title":"Informe de referencia \u2014 L-mobile service \u2014 INOTEC Sicherheitstechnik GmbH\u00a0","og_url":"https:\/\/l-mobile.com\/es\/documento\/informe-referencia-l-mobile-service-inotec-sicherheitstechnik-gmbh\/","og_site_name":"L-mobile","article_publisher":"https:\/\/www.facebook.com\/lmobilegroup","article_modified_time":"2022-05-25T16:54:28+00:00","og_image":[{"width":400,"height":600,"url":"https:\/\/l-mobile.com\/wp-content\/uploads\/2022\/05\/L-mobile_Informe_de_referencia_Inotec.jpg","type":"image\/jpeg"}],"twitter_card":"summary_large_image","twitter_misc":{"Tiempo de lectura":"4 minutos"},"schema":{"@context":"https:\/\/schema.org","@graph":[{"@type":"WebPage","@id":"https:\/\/l-mobile.com\/es\/documento\/informe-referencia-l-mobile-service-inotec-sicherheitstechnik-gmbh\/","url":"https:\/\/l-mobile.com\/es\/documento\/informe-referencia-l-mobile-service-inotec-sicherheitstechnik-gmbh\/","name":"Informe de referencia \u2014 L-mobile service \u2014 INOTEC Sicherheitstechnik GmbH\u00a0 - L-mobile","isPartOf":{"@id":"https:\/\/l-mobile.com\/es\/#website"},"primaryImageOfPage":{"@id":"https:\/\/l-mobile.com\/es\/documento\/informe-referencia-l-mobile-service-inotec-sicherheitstechnik-gmbh\/#primaryimage"},"image":{"@id":"https:\/\/l-mobile.com\/es\/documento\/informe-referencia-l-mobile-service-inotec-sicherheitstechnik-gmbh\/#primaryimage"},"thumbnailUrl":"https:\/\/l-mobile.com\/wp-content\/uploads\/2022\/05\/L-mobile_Informe_de_referencia_Inotec.jpg","datePublished":"2022-05-25T16:54:27+00:00","dateModified":"2022-05-25T16:54:28+00:00","description":"Como empresa, INOTEC buscaba una soluci\u00f3n de software digital. Era necesario que pudiera utilizarse tanto online como offline.","breadcrumb":{"@id":"https:\/\/l-mobile.com\/es\/documento\/informe-referencia-l-mobile-service-inotec-sicherheitstechnik-gmbh\/#breadcrumb"},"inLanguage":"es","potentialAction":[{"@type":"ReadAction","target":["https:\/\/l-mobile.com\/es\/documento\/informe-referencia-l-mobile-service-inotec-sicherheitstechnik-gmbh\/"]}]},{"@type":"ImageObject","inLanguage":"es","@id":"https:\/\/l-mobile.com\/es\/documento\/informe-referencia-l-mobile-service-inotec-sicherheitstechnik-gmbh\/#primaryimage","url":"https:\/\/l-mobile.com\/wp-content\/uploads\/2022\/05\/L-mobile_Informe_de_referencia_Inotec.jpg","contentUrl":"https:\/\/l-mobile.com\/wp-content\/uploads\/2022\/05\/L-mobile_Informe_de_referencia_Inotec.jpg","width":400,"height":600,"caption":"Informe de referencia L-mobile \u2014 L-mobile service \u2014 INOTEC"},{"@type":"BreadcrumbList","@id":"https:\/\/l-mobile.com\/es\/documento\/informe-referencia-l-mobile-service-inotec-sicherheitstechnik-gmbh\/#breadcrumb","itemListElement":[{"@type":"ListItem","position":1,"name":"Startseite","item":"https:\/\/l-mobile.com\/es\/l-mobile-digitaliza-procesos-negocio\/"},{"@type":"ListItem","position":2,"name":"Hardware-Shop","item":"https:\/\/l-mobile.com\/geschaeftsfelder\/technik\/"},{"@type":"ListItem","position":3,"name":"Informe de referencia \u2014 L-mobile service \u2014 INOTEC Sicherheitstechnik GmbH\u00a0"}]},{"@type":"WebSite","@id":"https:\/\/l-mobile.com\/es\/#website","url":"https:\/\/l-mobile.com\/es\/","name":"L-mobile","description":"Mobile Softwarel\u00f6sungen","publisher":{"@id":"https:\/\/l-mobile.com\/es\/#organization"},"potentialAction":[{"@type":"SearchAction","target":{"@type":"EntryPoint","urlTemplate":"https:\/\/l-mobile.com\/es\/?s={search_term_string}"},"query-input":{"@type":"PropertyValueSpecification","valueRequired":true,"valueName":"search_term_string"}}],"inLanguage":"es"},{"@type":"Organization","@id":"https:\/\/l-mobile.com\/es\/#organization","name":"L-mobile solutions","url":"https:\/\/l-mobile.com\/es\/","logo":{"@type":"ImageObject","inLanguage":"es","@id":"https:\/\/l-mobile.com\/es\/#\/schema\/logo\/image\/","url":"https:\/\/l-mobile.com\/wp-content\/uploads\/2018\/09\/l-mobile-logo-tab.jpg","contentUrl":"https:\/\/l-mobile.com\/wp-content\/uploads\/2018\/09\/l-mobile-logo-tab.jpg","width":240,"height":240,"caption":"L-mobile solutions"},"image":{"@id":"https:\/\/l-mobile.com\/es\/#\/schema\/logo\/image\/"},"sameAs":["https:\/\/www.facebook.com\/lmobilegroup","https:\/\/www.instagram.com\/lmobile_group\/","https:\/\/www.linkedin.com\/company\/1073859\/","https:\/\/www.youtube.com\/user\/LmobileGroup"]}]}},"publishpress_future_workflow_manual_trigger":{"enabledWorkflows":[]},"_links":{"self":[{"href":"https:\/\/l-mobile.com\/es\/wp-json\/wp\/v2\/product\/95483","targetHints":{"allow":["GET"]}}],"collection":[{"href":"https:\/\/l-mobile.com\/es\/wp-json\/wp\/v2\/product"}],"about":[{"href":"https:\/\/l-mobile.com\/es\/wp-json\/wp\/v2\/types\/product"}],"wp:featuredmedia":[{"embeddable":true,"href":"https:\/\/l-mobile.com\/es\/wp-json\/wp\/v2\/media\/90948"}],"wp:attachment":[{"href":"https:\/\/l-mobile.com\/es\/wp-json\/wp\/v2\/media?parent=95483"}],"wp:term":[{"taxonomy":"dokumente_formate","embeddable":true,"href":"https:\/\/l-mobile.com\/es\/wp-json\/wp\/v2\/dokumente_formate?post=95483"},{"taxonomy":"dokumente_produkt","embeddable":true,"href":"https:\/\/l-mobile.com\/es\/wp-json\/wp\/v2\/dokumente_produkt?post=95483"},{"taxonomy":"product_brand","embeddable":true,"href":"https:\/\/l-mobile.com\/es\/wp-json\/wp\/v2\/product_brand?post=95483"},{"taxonomy":"product_cat","embeddable":true,"href":"https:\/\/l-mobile.com\/es\/wp-json\/wp\/v2\/product_cat?post=95483"},{"taxonomy":"product_tag","embeddable":true,"href":"https:\/\/l-mobile.com\/es\/wp-json\/wp\/v2\/product_tag?post=95483"}],"curies":[{"name":"wp","href":"https:\/\/api.w.org\/{rel}","templated":true}]}}