{"id":139482,"date":"2023-12-05T08:28:53","date_gmt":"2025-05-15T13:58:19","guid":{"rendered":"https:\/\/l-mobile.com\/?post_type=product&#038;p=139482"},"modified":"2025-09-30T10:02:51","modified_gmt":"2025-09-30T08:02:51","slug":"estudio-un-gran-equipo-software-de-servicio-de-atencion-tecnica-y-sistema-erp","status":"publish","type":"product","link":"https:\/\/l-mobile.com\/es\/documento\/estudio-un-gran-equipo-software-de-servicio-de-atencion-tecnica-y-sistema-erp\/","title":{"rendered":"Estudio: Un gran equipo: software de servicio de atenci\u00f3n t\u00e9cnica y sistema ERP"},"content":{"rendered":"<div id='av_section_1'  class='avia-section av-14l303az-be45a7fe0466984fd10064bd1d789579 main_color avia-section-default avia-no-border-styling  avia-builder-el-0  avia-builder-el-no-sibling  avia-bg-style-scroll container_wrap fullsize'  ><div class='container av-section-cont-open' ><main  role=\"main\" itemprop=\"mainContentOfPage\"  class='template-page content  av-content-full alpha units'><div class='post-entry post-entry-type-page post-entry-139482'><div class='entry-content-wrapper clearfix'>\n<div class='flex_column_table av-zc61k3f-a1f6af912458ec27ca36ebf0c21c14d3 sc-av_one_fourth av-equal-height-column-flextable'>\n<style type=\"text\/css\" data-created_by=\"avia_inline_auto\" id=\"style-css-av-zc61k3f-a1f6af912458ec27ca36ebf0c21c14d3\">\n.flex_column.av-zc61k3f-a1f6af912458ec27ca36ebf0c21c14d3{\nborder-radius:0px 0px 0px 0px;\npadding:0px 0px 0px 0px;\n}\n<\/style>\n<div  class='flex_column av-zc61k3f-a1f6af912458ec27ca36ebf0c21c14d3 av_one_fourth  avia-builder-el-1  el_before_av_three_fourth  avia-builder-el-first  lmwooimg first flex_column_table_cell av-equal-height-column av-align-top av-zero-column-padding  '     ><section  class='av_textblock_section av-vjg322j-3e8c1addf75ca9bf85d750108e7f7a63 '   itemscope=\"itemscope\" itemtype=\"https:\/\/schema.org\/CreativeWork\" ><div class='avia_textblock'  itemprop=\"text\" >\n<\/div><\/section><\/div><div class='av-flex-placeholder'><\/div>\n<style type=\"text\/css\" data-created_by=\"avia_inline_auto\" id=\"style-css-av-2qf5aez-82c501baa2f8d93f2bb814a417092506\">\n.flex_column.av-2qf5aez-82c501baa2f8d93f2bb814a417092506{\nborder-radius:0px 0px 0px 0px;\npadding:0px 0px 0px 0px;\n}\n<\/style>\n<div  class='flex_column av-2qf5aez-82c501baa2f8d93f2bb814a417092506 av_three_fourth  avia-builder-el-3  el_after_av_one_fourth  avia-builder-el-last  lmwoodesc lmwoocart lmh1 flex_column_table_cell av-equal-height-column av-align-top av-zero-column-padding  '     ><section  class='av_textblock_section av-j3xus1n-3492056b5b25ae0f155177539ac600f1 '   itemscope=\"itemscope\" itemtype=\"https:\/\/schema.org\/CreativeWork\" ><div class='avia_textblock'  itemprop=\"text\" ><h1>Estudio: Un gran equipo: software de servicio de atenci\u00f3n t\u00e9cnica y sistema ERP<\/h1>\n<\/div><\/section><br \/>\n<section  class='av_textblock_section av-lps0bbjj-59f0ebd8dfd0e3311b37eda9f9b2c191 '   itemscope=\"itemscope\" itemtype=\"https:\/\/schema.org\/CreativeWork\" ><div class='avia_textblock'  itemprop=\"text\" ><p>Gestionar datos de clientes y registrar \u00f3rdenes de servicio o pedidos de materiales: algunas tareas organizativas del servicio de atenci\u00f3n t\u00e9cnica suelen gestionarse en el sistema ERP. Los datos necesarios para ello deben estar siempre disponibles en el sistema ERP, incluso despu\u00e9s de implementar un software de servicio de atenci\u00f3n t\u00e9cnica como L-mobile service.<\/p>\n<p>En este estudio, descubrir\u00e1s todo lo que necesitas saber sobre el uso de L-mobile service como <strong>soluci\u00f3n aut\u00f3noma<\/strong> o en <strong>conexi\u00f3n con un sistema ERP<\/strong>, y qu\u00e9 datos deben estar disponibles en el sistema ERP para efectuar la conexi\u00f3n. Adem\u00e1s, te explicamos al detalle c\u00f3mo se puede conectar L-mobile service a los sistemas <strong>ALPHAPLAN<\/strong>, <strong>Infor COM<\/strong>, <strong>Proalpha<\/strong>, <strong>Microsoft Dynamics 365 Business Central<\/strong>, <strong>SAP<\/strong>, <strong>SAP Business One<\/strong> y <strong>Sage 100<\/strong>, entre <strong>otras soluciones ERP<\/strong>.<\/p>\n<\/div><\/section><br \/>\n\n<style type=\"text\/css\" data-created_by=\"avia_inline_auto\" id=\"style-css-av-hgi2vwb-a3b5a013ff0b2d3fd59b82863dc3805e\">\n.avia_message_box.av-hgi2vwb-a3b5a013ff0b2d3fd59b82863dc3805e{\ncolor:#ffffff;\nbackground-color:#0099d0;\nbackground:linear-gradient( to right, #0099d0, #005f7f );\nborder-style:none;\nborder-color:#ffffff;\n}\n.avia_message_box.av-hgi2vwb-a3b5a013ff0b2d3fd59b82863dc3805e .avia_message_box_icon.avia-svg-icon svg:first-child{\nfill:#ffffff;\nstroke:#ffffff;\n}\n<\/style>\n<div id='avia-messagebox-' class='avia_message_box av_notification av-hgi2vwb-a3b5a013ff0b2d3fd59b82863dc3805e avia-color-gradient avia-size-large avia-icon_select-yes avia-border-  avia-builder-el-6  el_after_av_textblock  el_before_av_textblock ' ><div class=\"avia_message_box_content\"><span class='avia_message_box_icon avia-iconfont avia-font-entypo-fontello' data-av_icon='\ue82d' data-av_iconfont='entypo-fontello' ><\/span><p>Benef\u00edciate de los 25 a\u00f1os de experiencia de L-mobile y solicita ahora nuestro estudio.<\/p>\n<\/div><\/div><br \/>\n<section  class='av_textblock_section av-9pnh517-2cf1fc003e56bcedbf546fd05a462ac3 '   itemscope=\"itemscope\" itemtype=\"https:\/\/schema.org\/CreativeWork\" ><div class='avia_textblock'  itemprop=\"text\" >\n\t\t\t\t\t\t<script>\n\t\t\t\t\t\t\twindow.hsFormsOnReady = window.hsFormsOnReady || [];\n\t\t\t\t\t\t\twindow.hsFormsOnReady.push(()=>{\n\t\t\t\t\t\t\t\thbspt.forms.create({\n\t\t\t\t\t\t\t\t\tportalId: 26475206,\n\t\t\t\t\t\t\t\t\tformId: \"e23391dd-d9db-4717-924a-56a758e325ab\",\n\t\t\t\t\t\t\t\t\ttarget: \"#hbspt-form-1776079008000-8999719698\",\n\t\t\t\t\t\t\t\t\tregion: \"eu1\",\n\t\t\t\t\t\t\t\t\t\n\t\t\t\t\t\t\t})});\n\t\t\t\t\t\t<\/script>\n\t\t\t\t\t\t<div class=\"hbspt-form\" id=\"hbspt-form-1776079008000-8999719698\"><\/div>\n<\/div><\/section><br \/>\n<section  class='av_textblock_section av-7xgtu9n-1a975e14c5027c485f71594ba187569b '   itemscope=\"itemscope\" itemtype=\"https:\/\/schema.org\/CreativeWork\" ><div class='avia_textblock'  itemprop=\"text\" ><p><a href=\"https:\/\/l-mobile.com\/es\/recursos-y-contacto\/portal-de-descargas\/estudios\/\">Volver a la vista general del estudio<\/a><\/p>\n<\/div><\/section><\/p><\/div><\/div><!--close column table wrapper. Autoclose: 1 -->\n","protected":false},"excerpt":{"rendered":"","protected":false},"featured_media":126272,"template":"","meta":{"_acf_changed":false,"content-type":""},"dokumente_formate":[4776],"dokumente_produkt":[3972],"product_brand":[],"product_cat":[2529],"product_tag":[],"class_list":{"0":"post-139482","1":"product","2":"type-product","3":"status-publish","4":"has-post-thumbnail","6":"dokumente_formate-estudio","7":"dokumente_produkt-gestion-digital-de-servicios","8":"product_cat-documento","10":"first","11":"instock","12":"downloadable","13":"virtual","14":"product-type-simple"},"acf":[],"yoast_head":"<!-- This site is optimized with the Yoast SEO Premium plugin v26.6 (Yoast SEO v26.6) - https:\/\/yoast.com\/wordpress\/plugins\/seo\/ -->\n<title>Estudio: Un gran equipo: software de servicio de atenci\u00f3n t\u00e9cnica y sistema ERP - L-mobile<\/title>\n<meta name=\"description\" content=\"Todo lo que necesitas para conectar el software de servicio de atenci\u00f3n t\u00e9cnica L-mobile service a tu sistema ERP, como Proalpha o MS Dynamics, entre otros.\" \/>\n<meta name=\"robots\" content=\"index, follow, max-snippet:-1, max-image-preview:large, max-video-preview:-1\" \/>\n<link rel=\"canonical\" href=\"https:\/\/l-mobile.com\/es\/documento\/estudio-un-gran-equipo-software-de-servicio-de-atencion-tecnica-y-sistema-erp\/\" \/>\n<meta property=\"og:locale\" content=\"es_ES\" \/>\n<meta property=\"og:type\" content=\"article\" \/>\n<meta property=\"og:title\" content=\"Estudio: Un gran equipo: software de servicio de atenci\u00f3n t\u00e9cnica y sistema ERP\" \/>\n<meta property=\"og:url\" content=\"https:\/\/l-mobile.com\/es\/documento\/estudio-un-gran-equipo-software-de-servicio-de-atencion-tecnica-y-sistema-erp\/\" \/>\n<meta property=\"og:site_name\" content=\"L-mobile\" \/>\n<meta property=\"article:publisher\" content=\"https:\/\/www.facebook.com\/lmobilegroup\" \/>\n<meta property=\"article:modified_time\" content=\"2025-09-30T08:02:51+00:00\" \/>\n<meta property=\"og:image\" content=\"https:\/\/l-mobile.com\/wp-content\/uploads\/2025\/05\/Thumbnail_ES.jpg\" \/>\n\t<meta property=\"og:image:width\" content=\"400\" \/>\n\t<meta property=\"og:image:height\" content=\"600\" \/>\n\t<meta property=\"og:image:type\" content=\"image\/jpeg\" \/>\n<meta name=\"twitter:card\" content=\"summary_large_image\" \/>\n<meta name=\"twitter:label1\" content=\"Tiempo de lectura\" \/>\n\t<meta name=\"twitter:data1\" content=\"1 minuto\" \/>\n<script type=\"application\/ld+json\" class=\"yoast-schema-graph\">{\"@context\":\"https:\/\/schema.org\",\"@graph\":[{\"@type\":\"WebPage\",\"@id\":\"https:\/\/l-mobile.com\/es\/documento\/estudio-un-gran-equipo-software-de-servicio-de-atencion-tecnica-y-sistema-erp\/\",\"url\":\"https:\/\/l-mobile.com\/es\/documento\/estudio-un-gran-equipo-software-de-servicio-de-atencion-tecnica-y-sistema-erp\/\",\"name\":\"Estudio: Un gran equipo: software de servicio de atenci\u00f3n t\u00e9cnica y sistema ERP - L-mobile\",\"isPartOf\":{\"@id\":\"https:\/\/l-mobile.com\/es\/#website\"},\"primaryImageOfPage\":{\"@id\":\"https:\/\/l-mobile.com\/es\/documento\/estudio-un-gran-equipo-software-de-servicio-de-atencion-tecnica-y-sistema-erp\/#primaryimage\"},\"image\":{\"@id\":\"https:\/\/l-mobile.com\/es\/documento\/estudio-un-gran-equipo-software-de-servicio-de-atencion-tecnica-y-sistema-erp\/#primaryimage\"},\"thumbnailUrl\":\"https:\/\/l-mobile.com\/wp-content\/uploads\/2025\/05\/Thumbnail_ES.jpg\",\"datePublished\":\"2025-05-15T13:58:19+00:00\",\"dateModified\":\"2025-09-30T08:02:51+00:00\",\"description\":\"Todo lo que necesitas para conectar el software de servicio de atenci\u00f3n t\u00e9cnica L-mobile service a tu sistema ERP, como Proalpha o MS Dynamics, entre otros.\",\"breadcrumb\":{\"@id\":\"https:\/\/l-mobile.com\/es\/documento\/estudio-un-gran-equipo-software-de-servicio-de-atencion-tecnica-y-sistema-erp\/#breadcrumb\"},\"inLanguage\":\"es\",\"potentialAction\":[{\"@type\":\"ReadAction\",\"target\":[\"https:\/\/l-mobile.com\/es\/documento\/estudio-un-gran-equipo-software-de-servicio-de-atencion-tecnica-y-sistema-erp\/\"]}]},{\"@type\":\"ImageObject\",\"inLanguage\":\"es\",\"@id\":\"https:\/\/l-mobile.com\/es\/documento\/estudio-un-gran-equipo-software-de-servicio-de-atencion-tecnica-y-sistema-erp\/#primaryimage\",\"url\":\"https:\/\/l-mobile.com\/wp-content\/uploads\/2025\/05\/Thumbnail_ES.jpg\",\"contentUrl\":\"https:\/\/l-mobile.com\/wp-content\/uploads\/2025\/05\/Thumbnail_ES.jpg\",\"width\":400,\"height\":600,\"caption\":\"Estudio - Un gran equipo: Software de servicio de atenci\u00f3n t\u00e9cnica y sistema ERP\"},{\"@type\":\"BreadcrumbList\",\"@id\":\"https:\/\/l-mobile.com\/es\/documento\/estudio-un-gran-equipo-software-de-servicio-de-atencion-tecnica-y-sistema-erp\/#breadcrumb\",\"itemListElement\":[{\"@type\":\"ListItem\",\"position\":1,\"name\":\"Startseite\",\"item\":\"https:\/\/l-mobile.com\/es\/l-mobile-digitaliza-procesos-negocio\/\"},{\"@type\":\"ListItem\",\"position\":2,\"name\":\"Hardware-Shop\",\"item\":\"https:\/\/l-mobile.com\/geschaeftsfelder\/technik\/\"},{\"@type\":\"ListItem\",\"position\":3,\"name\":\"Estudio: Un gran equipo: software de servicio de atenci\u00f3n t\u00e9cnica y sistema ERP\"}]},{\"@type\":\"WebSite\",\"@id\":\"https:\/\/l-mobile.com\/es\/#website\",\"url\":\"https:\/\/l-mobile.com\/es\/\",\"name\":\"L-mobile\",\"description\":\"Mobile Softwarel\u00f6sungen\",\"publisher\":{\"@id\":\"https:\/\/l-mobile.com\/es\/#organization\"},\"potentialAction\":[{\"@type\":\"SearchAction\",\"target\":{\"@type\":\"EntryPoint\",\"urlTemplate\":\"https:\/\/l-mobile.com\/es\/?s={search_term_string}\"},\"query-input\":{\"@type\":\"PropertyValueSpecification\",\"valueRequired\":true,\"valueName\":\"search_term_string\"}}],\"inLanguage\":\"es\"},{\"@type\":\"Organization\",\"@id\":\"https:\/\/l-mobile.com\/es\/#organization\",\"name\":\"L-mobile solutions\",\"url\":\"https:\/\/l-mobile.com\/es\/\",\"logo\":{\"@type\":\"ImageObject\",\"inLanguage\":\"es\",\"@id\":\"https:\/\/l-mobile.com\/es\/#\/schema\/logo\/image\/\",\"url\":\"https:\/\/l-mobile.com\/wp-content\/uploads\/2018\/09\/l-mobile-logo-tab.jpg\",\"contentUrl\":\"https:\/\/l-mobile.com\/wp-content\/uploads\/2018\/09\/l-mobile-logo-tab.jpg\",\"width\":240,\"height\":240,\"caption\":\"L-mobile solutions\"},\"image\":{\"@id\":\"https:\/\/l-mobile.com\/es\/#\/schema\/logo\/image\/\"},\"sameAs\":[\"https:\/\/www.facebook.com\/lmobilegroup\",\"https:\/\/www.instagram.com\/lmobile_group\/\",\"https:\/\/www.linkedin.com\/company\/1073859\/\",\"https:\/\/www.youtube.com\/user\/LmobileGroup\"]}]}<\/script>\n<!-- \/ Yoast SEO Premium plugin. -->","yoast_head_json":{"title":"Estudio: Un gran equipo: software de servicio de atenci\u00f3n t\u00e9cnica y sistema ERP - L-mobile","description":"Todo lo que necesitas para conectar el software de servicio de atenci\u00f3n t\u00e9cnica L-mobile service a tu sistema ERP, como Proalpha o MS Dynamics, entre otros.","robots":{"index":"index","follow":"follow","max-snippet":"max-snippet:-1","max-image-preview":"max-image-preview:large","max-video-preview":"max-video-preview:-1"},"canonical":"https:\/\/l-mobile.com\/es\/documento\/estudio-un-gran-equipo-software-de-servicio-de-atencion-tecnica-y-sistema-erp\/","og_locale":"es_ES","og_type":"article","og_title":"Estudio: Un gran equipo: software de servicio de atenci\u00f3n t\u00e9cnica y sistema ERP","og_url":"https:\/\/l-mobile.com\/es\/documento\/estudio-un-gran-equipo-software-de-servicio-de-atencion-tecnica-y-sistema-erp\/","og_site_name":"L-mobile","article_publisher":"https:\/\/www.facebook.com\/lmobilegroup","article_modified_time":"2025-09-30T08:02:51+00:00","og_image":[{"width":400,"height":600,"url":"https:\/\/l-mobile.com\/wp-content\/uploads\/2025\/05\/Thumbnail_ES.jpg","type":"image\/jpeg"}],"twitter_card":"summary_large_image","twitter_misc":{"Tiempo de lectura":"1 minuto"},"schema":{"@context":"https:\/\/schema.org","@graph":[{"@type":"WebPage","@id":"https:\/\/l-mobile.com\/es\/documento\/estudio-un-gran-equipo-software-de-servicio-de-atencion-tecnica-y-sistema-erp\/","url":"https:\/\/l-mobile.com\/es\/documento\/estudio-un-gran-equipo-software-de-servicio-de-atencion-tecnica-y-sistema-erp\/","name":"Estudio: Un gran equipo: software de servicio de atenci\u00f3n t\u00e9cnica y sistema ERP - L-mobile","isPartOf":{"@id":"https:\/\/l-mobile.com\/es\/#website"},"primaryImageOfPage":{"@id":"https:\/\/l-mobile.com\/es\/documento\/estudio-un-gran-equipo-software-de-servicio-de-atencion-tecnica-y-sistema-erp\/#primaryimage"},"image":{"@id":"https:\/\/l-mobile.com\/es\/documento\/estudio-un-gran-equipo-software-de-servicio-de-atencion-tecnica-y-sistema-erp\/#primaryimage"},"thumbnailUrl":"https:\/\/l-mobile.com\/wp-content\/uploads\/2025\/05\/Thumbnail_ES.jpg","datePublished":"2025-05-15T13:58:19+00:00","dateModified":"2025-09-30T08:02:51+00:00","description":"Todo lo que necesitas para conectar el software de servicio de atenci\u00f3n t\u00e9cnica L-mobile service a tu sistema ERP, como Proalpha o MS Dynamics, entre otros.","breadcrumb":{"@id":"https:\/\/l-mobile.com\/es\/documento\/estudio-un-gran-equipo-software-de-servicio-de-atencion-tecnica-y-sistema-erp\/#breadcrumb"},"inLanguage":"es","potentialAction":[{"@type":"ReadAction","target":["https:\/\/l-mobile.com\/es\/documento\/estudio-un-gran-equipo-software-de-servicio-de-atencion-tecnica-y-sistema-erp\/"]}]},{"@type":"ImageObject","inLanguage":"es","@id":"https:\/\/l-mobile.com\/es\/documento\/estudio-un-gran-equipo-software-de-servicio-de-atencion-tecnica-y-sistema-erp\/#primaryimage","url":"https:\/\/l-mobile.com\/wp-content\/uploads\/2025\/05\/Thumbnail_ES.jpg","contentUrl":"https:\/\/l-mobile.com\/wp-content\/uploads\/2025\/05\/Thumbnail_ES.jpg","width":400,"height":600,"caption":"Estudio - Un gran equipo: Software de servicio de atenci\u00f3n t\u00e9cnica y sistema ERP"},{"@type":"BreadcrumbList","@id":"https:\/\/l-mobile.com\/es\/documento\/estudio-un-gran-equipo-software-de-servicio-de-atencion-tecnica-y-sistema-erp\/#breadcrumb","itemListElement":[{"@type":"ListItem","position":1,"name":"Startseite","item":"https:\/\/l-mobile.com\/es\/l-mobile-digitaliza-procesos-negocio\/"},{"@type":"ListItem","position":2,"name":"Hardware-Shop","item":"https:\/\/l-mobile.com\/geschaeftsfelder\/technik\/"},{"@type":"ListItem","position":3,"name":"Estudio: Un gran equipo: software de servicio de atenci\u00f3n t\u00e9cnica y sistema ERP"}]},{"@type":"WebSite","@id":"https:\/\/l-mobile.com\/es\/#website","url":"https:\/\/l-mobile.com\/es\/","name":"L-mobile","description":"Mobile Softwarel\u00f6sungen","publisher":{"@id":"https:\/\/l-mobile.com\/es\/#organization"},"potentialAction":[{"@type":"SearchAction","target":{"@type":"EntryPoint","urlTemplate":"https:\/\/l-mobile.com\/es\/?s={search_term_string}"},"query-input":{"@type":"PropertyValueSpecification","valueRequired":true,"valueName":"search_term_string"}}],"inLanguage":"es"},{"@type":"Organization","@id":"https:\/\/l-mobile.com\/es\/#organization","name":"L-mobile solutions","url":"https:\/\/l-mobile.com\/es\/","logo":{"@type":"ImageObject","inLanguage":"es","@id":"https:\/\/l-mobile.com\/es\/#\/schema\/logo\/image\/","url":"https:\/\/l-mobile.com\/wp-content\/uploads\/2018\/09\/l-mobile-logo-tab.jpg","contentUrl":"https:\/\/l-mobile.com\/wp-content\/uploads\/2018\/09\/l-mobile-logo-tab.jpg","width":240,"height":240,"caption":"L-mobile solutions"},"image":{"@id":"https:\/\/l-mobile.com\/es\/#\/schema\/logo\/image\/"},"sameAs":["https:\/\/www.facebook.com\/lmobilegroup","https:\/\/www.instagram.com\/lmobile_group\/","https:\/\/www.linkedin.com\/company\/1073859\/","https:\/\/www.youtube.com\/user\/LmobileGroup"]}]}},"publishpress_future_workflow_manual_trigger":{"enabledWorkflows":[]},"_links":{"self":[{"href":"https:\/\/l-mobile.com\/es\/wp-json\/wp\/v2\/product\/139482","targetHints":{"allow":["GET"]}}],"collection":[{"href":"https:\/\/l-mobile.com\/es\/wp-json\/wp\/v2\/product"}],"about":[{"href":"https:\/\/l-mobile.com\/es\/wp-json\/wp\/v2\/types\/product"}],"wp:featuredmedia":[{"embeddable":true,"href":"https:\/\/l-mobile.com\/es\/wp-json\/wp\/v2\/media\/126272"}],"wp:attachment":[{"href":"https:\/\/l-mobile.com\/es\/wp-json\/wp\/v2\/media?parent=139482"}],"wp:term":[{"taxonomy":"dokumente_formate","embeddable":true,"href":"https:\/\/l-mobile.com\/es\/wp-json\/wp\/v2\/dokumente_formate?post=139482"},{"taxonomy":"dokumente_produkt","embeddable":true,"href":"https:\/\/l-mobile.com\/es\/wp-json\/wp\/v2\/dokumente_produkt?post=139482"},{"taxonomy":"product_brand","embeddable":true,"href":"https:\/\/l-mobile.com\/es\/wp-json\/wp\/v2\/product_brand?post=139482"},{"taxonomy":"product_cat","embeddable":true,"href":"https:\/\/l-mobile.com\/es\/wp-json\/wp\/v2\/product_cat?post=139482"},{"taxonomy":"product_tag","embeddable":true,"href":"https:\/\/l-mobile.com\/es\/wp-json\/wp\/v2\/product_tag?post=139482"}],"curies":[{"name":"wp","href":"https:\/\/api.w.org\/{rel}","templated":true}]}}