{"id":125190,"date":"2022-12-21T15:45:07","date_gmt":"2023-10-13T12:52:46","guid":{"rendered":"https:\/\/l-mobile.com\/?post_type=product&#038;p=125190"},"modified":"2024-08-22T13:04:13","modified_gmt":"2024-08-22T11:04:13","slug":"estudio-sistemas-transporte-autonomo-almacen-produccion","status":"publish","type":"product","link":"https:\/\/l-mobile.com\/es\/documento\/estudio-sistemas-transporte-autonomo-almacen-produccion\/","title":{"rendered":"Estudio \u2013 Sistemas de transporte aut\u00f3nomo en el almac\u00e9n y la producci\u00f3n"},"content":{"rendered":"<div id='av_section_1'  class='avia-section av-yywjn81-f5895c40b7d6ce98ebefbb550d620cb5 main_color avia-section-default avia-no-border-styling  avia-builder-el-0  avia-builder-el-no-sibling  avia-bg-style-scroll container_wrap fullsize'  ><div class='container av-section-cont-open' ><main  role=\"main\" itemprop=\"mainContentOfPage\"  class='template-page content  av-content-full alpha units'><div class='post-entry post-entry-type-page post-entry-125190'><div class='entry-content-wrapper clearfix'>\n<div class='flex_column_table av-v1rmeoh-e309941746dd3d58272d077d5c825baa sc-av_one_fourth av-equal-height-column-flextable'>\n<style type=\"text\/css\" data-created_by=\"avia_inline_auto\" id=\"style-css-av-v1rmeoh-e309941746dd3d58272d077d5c825baa\">\n.flex_column.av-v1rmeoh-e309941746dd3d58272d077d5c825baa{\nborder-radius:0px 0px 0px 0px;\npadding:0px 0px 0px 0px;\n}\n<\/style>\n<div  class='flex_column av-v1rmeoh-e309941746dd3d58272d077d5c825baa av_one_fourth  avia-builder-el-1  el_before_av_three_fourth  avia-builder-el-first  lmwooimg first flex_column_table_cell av-equal-height-column av-align-top av-zero-column-padding  '     ><section  class='av_textblock_section av-2q2mx01-3be8ca73cf6e894d381d54eec19c26f9 '   itemscope=\"itemscope\" itemtype=\"https:\/\/schema.org\/CreativeWork\" ><div class='avia_textblock'  itemprop=\"text\" >\n<\/div><\/section><\/div><div class='av-flex-placeholder'><\/div>\n<style type=\"text\/css\" data-created_by=\"avia_inline_auto\" id=\"style-css-av-jamz2c1-7ce4ae35509497b903ef9115028b6389\">\n.flex_column.av-jamz2c1-7ce4ae35509497b903ef9115028b6389{\nborder-radius:0px 0px 0px 0px;\npadding:0px 0px 0px 0px;\n}\n<\/style>\n<div  class='flex_column av-jamz2c1-7ce4ae35509497b903ef9115028b6389 av_three_fourth  avia-builder-el-3  el_after_av_one_fourth  avia-builder-el-last  lmwoodesc lmwoocart lmh1 flex_column_table_cell av-equal-height-column av-align-top av-zero-column-padding  '     ><section  class='av_textblock_section av-ga73sr5-292af0c9b452cfefeffb2ccaf0bc0173 '   itemscope=\"itemscope\" itemtype=\"https:\/\/schema.org\/CreativeWork\" ><div class='avia_textblock'  itemprop=\"text\" ><h1>Estudio \u2013 Sistemas de transporte aut\u00f3nomo en el almac\u00e9n y la producci\u00f3n<\/h1>\n<\/div><\/section><br \/>\n<section  class='av_textblock_section av-lbxp4f51-c0cc75159560945029b4fd43c23e4a0b '   itemscope=\"itemscope\" itemtype=\"https:\/\/schema.org\/CreativeWork\" ><div class='avia_textblock'  itemprop=\"text\" ><p>Con los sistemas de transporte aut\u00f3nomo, el flujo de material en las \u00e1reas de almacenamiento y producci\u00f3n se puede organizar de manera fiable y eficiente. En este estudio, sabr\u00e1s qu\u00e9 es un sistema de transporte aut\u00f3nomo, c\u00f3mo puedes emplearlo para superar los retos de la intralog\u00edstica y qu\u00e9 debes considerar al implementar esta soluci\u00f3n de automatizaci\u00f3n.<\/p>\n<\/div><\/section><br \/>\n\n<style type=\"text\/css\" data-created_by=\"avia_inline_auto\" id=\"style-css-av-9xfaln5-554569467daa3d09774013b7028176c5\">\n.avia_message_box.av-9xfaln5-554569467daa3d09774013b7028176c5{\ncolor:#ffffff;\nbackground-color:#0099d0;\nbackground:linear-gradient( to right, #0099d0, #005f7f );\nborder-style:none;\nborder-color:#ffffff;\n}\n.avia_message_box.av-9xfaln5-554569467daa3d09774013b7028176c5 .avia_message_box_icon.avia-svg-icon svg:first-child{\nfill:#ffffff;\nstroke:#ffffff;\n}\n<\/style>\n<div id='avia-messagebox-' class='avia_message_box av_notification av-9xfaln5-554569467daa3d09774013b7028176c5 avia-color-gradient avia-size-large avia-icon_select-yes avia-border-  avia-builder-el-6  el_after_av_textblock  el_before_av_textblock ' ><div class=\"avia_message_box_content\"><span class='avia_message_box_icon avia-iconfont avia-font-entypo-fontello' data-av_icon='\ue82d' data-av_iconfont='entypo-fontello' ><\/span><p>Benef\u00edciate de los 25 a\u00f1os de experiencia de L-mobile y solicita ahora nuestro estudio.<\/p>\n<\/div><\/div><br \/>\n<section  class='av_textblock_section av-7tv12oh-a048849d480cd57f601146839e560d17 '   itemscope=\"itemscope\" itemtype=\"https:\/\/schema.org\/CreativeWork\" ><div class='avia_textblock'  itemprop=\"text\" >\n\t\t\t\t\t\t<script>\n\t\t\t\t\t\t\twindow.hsFormsOnReady = window.hsFormsOnReady || [];\n\t\t\t\t\t\t\twindow.hsFormsOnReady.push(()=>{\n\t\t\t\t\t\t\t\thbspt.forms.create({\n\t\t\t\t\t\t\t\t\tportalId: 26475206,\n\t\t\t\t\t\t\t\t\tformId: \"e23391dd-d9db-4717-924a-56a758e325ab\",\n\t\t\t\t\t\t\t\t\ttarget: \"#hbspt-form-1778145250000-5152014057\",\n\t\t\t\t\t\t\t\t\tregion: \"eu1\",\n\t\t\t\t\t\t\t\t\t\n\t\t\t\t\t\t\t})});\n\t\t\t\t\t\t<\/script>\n\t\t\t\t\t\t<div class=\"hbspt-form\" id=\"hbspt-form-1778145250000-5152014057\"><\/div>\n<\/div><\/section><br \/>\n<section  class='av_textblock_section av-lbxp9s5t-0a246aac882fde53f6206278cd0652cd '   itemscope=\"itemscope\" itemtype=\"https:\/\/schema.org\/CreativeWork\" ><div class='avia_textblock'  itemprop=\"text\" ><p><a href=\"https:\/\/l-mobile.com\/es\/recursos-y-contacto\/portal-de-descargas\/estudios\/\">Otros estudios L-mobile<\/a><\/p>\n<\/div><\/section><\/p><\/div><\/div><!--close column table wrapper. Autoclose: 1 -->\n","protected":false},"excerpt":{"rendered":"","protected":false},"featured_media":113690,"template":"","meta":{"_acf_changed":false,"content-type":""},"dokumente_formate":[4776],"dokumente_produkt":[3975],"product_brand":[],"product_cat":[2529],"product_tag":[],"class_list":{"0":"post-125190","1":"product","2":"type-product","3":"status-publish","4":"has-post-thumbnail","6":"dokumente_formate-estudio","7":"dokumente_produkt-logistica-digital-de-almacenes","8":"product_cat-documento","10":"first","11":"instock","12":"downloadable","13":"virtual","14":"purchasable","15":"product-type-simple"},"acf":[],"yoast_head":"<!-- This site is optimized with the Yoast SEO Premium plugin v26.6 (Yoast SEO v26.6) - https:\/\/yoast.com\/wordpress\/plugins\/seo\/ -->\n<title>Estudio \u2013 Sistemas de transporte aut\u00f3nomo en el almac\u00e9n y la producci\u00f3n - L-mobile<\/title>\n<meta name=\"description\" content=\"Con los sistemas de transporte aut\u00f3nomo, el flujo de material en las \u00e1reas de almacenamiento y producci\u00f3n se puede organizar de manera fiable y eficiente.\" \/>\n<meta name=\"robots\" content=\"noindex, nofollow\" \/>\n<meta property=\"og:locale\" content=\"es_ES\" \/>\n<meta property=\"og:type\" content=\"article\" \/>\n<meta property=\"og:title\" content=\"Estudio \u2013 Sistemas de transporte aut\u00f3nomo en el almac\u00e9n y la producci\u00f3n\" \/>\n<meta property=\"og:url\" content=\"https:\/\/l-mobile.com\/es\/documento\/estudio-sistemas-transporte-autonomo-almacen-produccion\/\" \/>\n<meta property=\"og:site_name\" content=\"L-mobile\" \/>\n<meta property=\"article:publisher\" content=\"https:\/\/www.facebook.com\/lmobilegroup\" \/>\n<meta property=\"article:modified_time\" content=\"2024-08-22T11:04:13+00:00\" \/>\n<meta property=\"og:image\" content=\"https:\/\/l-mobile.com\/wp-content\/uploads\/2023\/10\/thumbnail_FTS_ES_450x560.jpg\" \/>\n\t<meta property=\"og:image:width\" content=\"400\" \/>\n\t<meta property=\"og:image:height\" content=\"600\" \/>\n\t<meta property=\"og:image:type\" content=\"image\/jpeg\" \/>\n<meta name=\"twitter:card\" content=\"summary_large_image\" \/>\n<meta name=\"twitter:label1\" content=\"Tiempo de lectura\" \/>\n\t<meta name=\"twitter:data1\" content=\"1 minuto\" \/>\n<script type=\"application\/ld+json\" class=\"yoast-schema-graph\">{\"@context\":\"https:\/\/schema.org\",\"@graph\":[{\"@type\":\"WebPage\",\"@id\":\"https:\/\/l-mobile.com\/es\/documento\/estudio-sistemas-transporte-autonomo-almacen-produccion\/\",\"url\":\"https:\/\/l-mobile.com\/es\/documento\/estudio-sistemas-transporte-autonomo-almacen-produccion\/\",\"name\":\"Estudio \u2013 Sistemas de transporte aut\u00f3nomo en el almac\u00e9n y la producci\u00f3n - L-mobile\",\"isPartOf\":{\"@id\":\"https:\/\/l-mobile.com\/es\/#website\"},\"primaryImageOfPage\":{\"@id\":\"https:\/\/l-mobile.com\/es\/documento\/estudio-sistemas-transporte-autonomo-almacen-produccion\/#primaryimage\"},\"image\":{\"@id\":\"https:\/\/l-mobile.com\/es\/documento\/estudio-sistemas-transporte-autonomo-almacen-produccion\/#primaryimage\"},\"thumbnailUrl\":\"https:\/\/l-mobile.com\/wp-content\/uploads\/2023\/10\/thumbnail_FTS_ES_450x560.jpg\",\"datePublished\":\"2023-10-13T12:52:46+00:00\",\"dateModified\":\"2024-08-22T11:04:13+00:00\",\"description\":\"Con los sistemas de transporte aut\u00f3nomo, el flujo de material en las \u00e1reas de almacenamiento y producci\u00f3n se puede organizar de manera fiable y eficiente.\",\"breadcrumb\":{\"@id\":\"https:\/\/l-mobile.com\/es\/documento\/estudio-sistemas-transporte-autonomo-almacen-produccion\/#breadcrumb\"},\"inLanguage\":\"es\",\"potentialAction\":[{\"@type\":\"ReadAction\",\"target\":[\"https:\/\/l-mobile.com\/es\/documento\/estudio-sistemas-transporte-autonomo-almacen-produccion\/\"]}]},{\"@type\":\"ImageObject\",\"inLanguage\":\"es\",\"@id\":\"https:\/\/l-mobile.com\/es\/documento\/estudio-sistemas-transporte-autonomo-almacen-produccion\/#primaryimage\",\"url\":\"https:\/\/l-mobile.com\/wp-content\/uploads\/2023\/10\/thumbnail_FTS_ES_450x560.jpg\",\"contentUrl\":\"https:\/\/l-mobile.com\/wp-content\/uploads\/2023\/10\/thumbnail_FTS_ES_450x560.jpg\",\"width\":400,\"height\":600,\"caption\":\"Whitepaper - Fahrerlose Transportsysteme in Lager und Produktion\"},{\"@type\":\"BreadcrumbList\",\"@id\":\"https:\/\/l-mobile.com\/es\/documento\/estudio-sistemas-transporte-autonomo-almacen-produccion\/#breadcrumb\",\"itemListElement\":[{\"@type\":\"ListItem\",\"position\":1,\"name\":\"Startseite\",\"item\":\"https:\/\/l-mobile.com\/es\/l-mobile-digitaliza-procesos-negocio\/\"},{\"@type\":\"ListItem\",\"position\":2,\"name\":\"Hardware-Shop\",\"item\":\"https:\/\/l-mobile.com\/geschaeftsfelder\/technik\/\"},{\"@type\":\"ListItem\",\"position\":3,\"name\":\"Estudio \u2013 Sistemas de transporte aut\u00f3nomo en el almac\u00e9n y la producci\u00f3n\"}]},{\"@type\":\"WebSite\",\"@id\":\"https:\/\/l-mobile.com\/es\/#website\",\"url\":\"https:\/\/l-mobile.com\/es\/\",\"name\":\"L-mobile\",\"description\":\"Mobile Softwarel\u00f6sungen\",\"publisher\":{\"@id\":\"https:\/\/l-mobile.com\/es\/#organization\"},\"potentialAction\":[{\"@type\":\"SearchAction\",\"target\":{\"@type\":\"EntryPoint\",\"urlTemplate\":\"https:\/\/l-mobile.com\/es\/?s={search_term_string}\"},\"query-input\":{\"@type\":\"PropertyValueSpecification\",\"valueRequired\":true,\"valueName\":\"search_term_string\"}}],\"inLanguage\":\"es\"},{\"@type\":\"Organization\",\"@id\":\"https:\/\/l-mobile.com\/es\/#organization\",\"name\":\"L-mobile solutions\",\"url\":\"https:\/\/l-mobile.com\/es\/\",\"logo\":{\"@type\":\"ImageObject\",\"inLanguage\":\"es\",\"@id\":\"https:\/\/l-mobile.com\/es\/#\/schema\/logo\/image\/\",\"url\":\"https:\/\/l-mobile.com\/wp-content\/uploads\/2018\/09\/l-mobile-logo-tab.jpg\",\"contentUrl\":\"https:\/\/l-mobile.com\/wp-content\/uploads\/2018\/09\/l-mobile-logo-tab.jpg\",\"width\":240,\"height\":240,\"caption\":\"L-mobile solutions\"},\"image\":{\"@id\":\"https:\/\/l-mobile.com\/es\/#\/schema\/logo\/image\/\"},\"sameAs\":[\"https:\/\/www.facebook.com\/lmobilegroup\",\"https:\/\/www.instagram.com\/lmobile_group\/\",\"https:\/\/www.linkedin.com\/company\/1073859\/\",\"https:\/\/www.youtube.com\/user\/LmobileGroup\"]}]}<\/script>\n<!-- \/ Yoast SEO Premium plugin. -->","yoast_head_json":{"title":"Estudio \u2013 Sistemas de transporte aut\u00f3nomo en el almac\u00e9n y la producci\u00f3n - L-mobile","description":"Con los sistemas de transporte aut\u00f3nomo, el flujo de material en las \u00e1reas de almacenamiento y producci\u00f3n se puede organizar de manera fiable y eficiente.","robots":{"index":"noindex","follow":"nofollow"},"og_locale":"es_ES","og_type":"article","og_title":"Estudio \u2013 Sistemas de transporte aut\u00f3nomo en el almac\u00e9n y la producci\u00f3n","og_url":"https:\/\/l-mobile.com\/es\/documento\/estudio-sistemas-transporte-autonomo-almacen-produccion\/","og_site_name":"L-mobile","article_publisher":"https:\/\/www.facebook.com\/lmobilegroup","article_modified_time":"2024-08-22T11:04:13+00:00","og_image":[{"width":400,"height":600,"url":"https:\/\/l-mobile.com\/wp-content\/uploads\/2023\/10\/thumbnail_FTS_ES_450x560.jpg","type":"image\/jpeg"}],"twitter_card":"summary_large_image","twitter_misc":{"Tiempo de lectura":"1 minuto"},"schema":{"@context":"https:\/\/schema.org","@graph":[{"@type":"WebPage","@id":"https:\/\/l-mobile.com\/es\/documento\/estudio-sistemas-transporte-autonomo-almacen-produccion\/","url":"https:\/\/l-mobile.com\/es\/documento\/estudio-sistemas-transporte-autonomo-almacen-produccion\/","name":"Estudio \u2013 Sistemas de transporte aut\u00f3nomo en el almac\u00e9n y la producci\u00f3n - L-mobile","isPartOf":{"@id":"https:\/\/l-mobile.com\/es\/#website"},"primaryImageOfPage":{"@id":"https:\/\/l-mobile.com\/es\/documento\/estudio-sistemas-transporte-autonomo-almacen-produccion\/#primaryimage"},"image":{"@id":"https:\/\/l-mobile.com\/es\/documento\/estudio-sistemas-transporte-autonomo-almacen-produccion\/#primaryimage"},"thumbnailUrl":"https:\/\/l-mobile.com\/wp-content\/uploads\/2023\/10\/thumbnail_FTS_ES_450x560.jpg","datePublished":"2023-10-13T12:52:46+00:00","dateModified":"2024-08-22T11:04:13+00:00","description":"Con los sistemas de transporte aut\u00f3nomo, el flujo de material en las \u00e1reas de almacenamiento y producci\u00f3n se puede organizar de manera fiable y eficiente.","breadcrumb":{"@id":"https:\/\/l-mobile.com\/es\/documento\/estudio-sistemas-transporte-autonomo-almacen-produccion\/#breadcrumb"},"inLanguage":"es","potentialAction":[{"@type":"ReadAction","target":["https:\/\/l-mobile.com\/es\/documento\/estudio-sistemas-transporte-autonomo-almacen-produccion\/"]}]},{"@type":"ImageObject","inLanguage":"es","@id":"https:\/\/l-mobile.com\/es\/documento\/estudio-sistemas-transporte-autonomo-almacen-produccion\/#primaryimage","url":"https:\/\/l-mobile.com\/wp-content\/uploads\/2023\/10\/thumbnail_FTS_ES_450x560.jpg","contentUrl":"https:\/\/l-mobile.com\/wp-content\/uploads\/2023\/10\/thumbnail_FTS_ES_450x560.jpg","width":400,"height":600,"caption":"Whitepaper - Fahrerlose Transportsysteme in Lager und Produktion"},{"@type":"BreadcrumbList","@id":"https:\/\/l-mobile.com\/es\/documento\/estudio-sistemas-transporte-autonomo-almacen-produccion\/#breadcrumb","itemListElement":[{"@type":"ListItem","position":1,"name":"Startseite","item":"https:\/\/l-mobile.com\/es\/l-mobile-digitaliza-procesos-negocio\/"},{"@type":"ListItem","position":2,"name":"Hardware-Shop","item":"https:\/\/l-mobile.com\/geschaeftsfelder\/technik\/"},{"@type":"ListItem","position":3,"name":"Estudio \u2013 Sistemas de transporte aut\u00f3nomo en el almac\u00e9n y la producci\u00f3n"}]},{"@type":"WebSite","@id":"https:\/\/l-mobile.com\/es\/#website","url":"https:\/\/l-mobile.com\/es\/","name":"L-mobile","description":"Mobile Softwarel\u00f6sungen","publisher":{"@id":"https:\/\/l-mobile.com\/es\/#organization"},"potentialAction":[{"@type":"SearchAction","target":{"@type":"EntryPoint","urlTemplate":"https:\/\/l-mobile.com\/es\/?s={search_term_string}"},"query-input":{"@type":"PropertyValueSpecification","valueRequired":true,"valueName":"search_term_string"}}],"inLanguage":"es"},{"@type":"Organization","@id":"https:\/\/l-mobile.com\/es\/#organization","name":"L-mobile solutions","url":"https:\/\/l-mobile.com\/es\/","logo":{"@type":"ImageObject","inLanguage":"es","@id":"https:\/\/l-mobile.com\/es\/#\/schema\/logo\/image\/","url":"https:\/\/l-mobile.com\/wp-content\/uploads\/2018\/09\/l-mobile-logo-tab.jpg","contentUrl":"https:\/\/l-mobile.com\/wp-content\/uploads\/2018\/09\/l-mobile-logo-tab.jpg","width":240,"height":240,"caption":"L-mobile solutions"},"image":{"@id":"https:\/\/l-mobile.com\/es\/#\/schema\/logo\/image\/"},"sameAs":["https:\/\/www.facebook.com\/lmobilegroup","https:\/\/www.instagram.com\/lmobile_group\/","https:\/\/www.linkedin.com\/company\/1073859\/","https:\/\/www.youtube.com\/user\/LmobileGroup"]}]}},"publishpress_future_workflow_manual_trigger":{"enabledWorkflows":[]},"_links":{"self":[{"href":"https:\/\/l-mobile.com\/es\/wp-json\/wp\/v2\/product\/125190","targetHints":{"allow":["GET"]}}],"collection":[{"href":"https:\/\/l-mobile.com\/es\/wp-json\/wp\/v2\/product"}],"about":[{"href":"https:\/\/l-mobile.com\/es\/wp-json\/wp\/v2\/types\/product"}],"wp:featuredmedia":[{"embeddable":true,"href":"https:\/\/l-mobile.com\/es\/wp-json\/wp\/v2\/media\/113690"}],"wp:attachment":[{"href":"https:\/\/l-mobile.com\/es\/wp-json\/wp\/v2\/media?parent=125190"}],"wp:term":[{"taxonomy":"dokumente_formate","embeddable":true,"href":"https:\/\/l-mobile.com\/es\/wp-json\/wp\/v2\/dokumente_formate?post=125190"},{"taxonomy":"dokumente_produkt","embeddable":true,"href":"https:\/\/l-mobile.com\/es\/wp-json\/wp\/v2\/dokumente_produkt?post=125190"},{"taxonomy":"product_brand","embeddable":true,"href":"https:\/\/l-mobile.com\/es\/wp-json\/wp\/v2\/product_brand?post=125190"},{"taxonomy":"product_cat","embeddable":true,"href":"https:\/\/l-mobile.com\/es\/wp-json\/wp\/v2\/product_cat?post=125190"},{"taxonomy":"product_tag","embeddable":true,"href":"https:\/\/l-mobile.com\/es\/wp-json\/wp\/v2\/product_tag?post=125190"}],"curies":[{"name":"wp","href":"https:\/\/api.w.org\/{rel}","templated":true}]}}