{"id":125187,"date":"2023-03-08T15:02:49","date_gmt":"2023-10-16T07:21:06","guid":{"rendered":"https:\/\/l-mobile.com\/?post_type=product&#038;p=125187"},"modified":"2024-08-22T11:25:29","modified_gmt":"2024-08-22T09:25:29","slug":"estudio-4-ventajas-adquisicion-datos-maquina","status":"publish","type":"product","link":"https:\/\/l-mobile.com\/es\/documento\/estudio-4-ventajas-adquisicion-datos-maquina\/","title":{"rendered":"Estudio \u2013 4 ventajas de la adquisici\u00f3n de datos de m\u00e1quina"},"content":{"rendered":"<div id='av_section_1'  class='avia-section av-worbnyq-600c16e1ac65357c257368707259d520 main_color avia-section-default avia-no-border-styling  avia-builder-el-0  avia-builder-el-no-sibling  avia-bg-style-scroll container_wrap fullsize'  ><div class='container av-section-cont-open' ><main  role=\"main\" itemprop=\"mainContentOfPage\"  class='template-page content  av-content-full alpha units'><div class='post-entry post-entry-type-page post-entry-125187'><div class='entry-content-wrapper clearfix'>\n<div class='flex_column_table av-322vonm-dcd5e54e648fca0d6f93a67e5cf86fd3 sc-av_one_fourth av-equal-height-column-flextable'>\n<style type=\"text\/css\" data-created_by=\"avia_inline_auto\" id=\"style-css-av-322vonm-dcd5e54e648fca0d6f93a67e5cf86fd3\">\n.flex_column.av-322vonm-dcd5e54e648fca0d6f93a67e5cf86fd3{\nborder-radius:0px 0px 0px 0px;\npadding:0px 0px 0px 0px;\n}\n<\/style>\n<div  class='flex_column av-322vonm-dcd5e54e648fca0d6f93a67e5cf86fd3 av_one_fourth  avia-builder-el-1  el_before_av_three_fourth  avia-builder-el-first  lmwooimg first flex_column_table_cell av-equal-height-column av-align-top av-zero-column-padding  '     ><section  class='av_textblock_section av-pd5nkuq-666618fe8e06f13c7605ddc89785e0bc '   itemscope=\"itemscope\" itemtype=\"https:\/\/schema.org\/CreativeWork\" ><div class='avia_textblock'  itemprop=\"text\" >\n<\/div><\/section><\/div><div class='av-flex-placeholder'><\/div>\n<style type=\"text\/css\" data-created_by=\"avia_inline_auto\" id=\"style-css-av-izcc2mq-1737f5955ba4eda59722f3dc1d1f17a7\">\n.flex_column.av-izcc2mq-1737f5955ba4eda59722f3dc1d1f17a7{\nborder-radius:0px 0px 0px 0px;\npadding:0px 0px 0px 0px;\n}\n<\/style>\n<div  class='flex_column av-izcc2mq-1737f5955ba4eda59722f3dc1d1f17a7 av_three_fourth  avia-builder-el-3  el_after_av_one_fourth  avia-builder-el-last  lmwoodesc lmwoocart lmh1 flex_column_table_cell av-equal-height-column av-align-top av-zero-column-padding  '     ><section  class='av_textblock_section av-i9shd02-f71290546789f1e567b896d4ef8db3f5 '   itemscope=\"itemscope\" itemtype=\"https:\/\/schema.org\/CreativeWork\" ><div class='avia_textblock'  itemprop=\"text\" ><h1>Estudio \u2013 4 ventajas de la adquisici\u00f3n de datos de m\u00e1quina<\/h1>\n<\/div><\/section><br \/>\n<section  class='av_textblock_section av-lezpxnzh-cf7586a5592a5b5ff5cee3ce75e07b89 '   itemscope=\"itemscope\" itemtype=\"https:\/\/schema.org\/CreativeWork\" ><div class='avia_textblock'  itemprop=\"text\" ><p>Para muchas empresas de fabricaci\u00f3n, la transformaci\u00f3n digital supone un gran reto. \u00bfPor d\u00f3nde es mejor empezar? Por implementar un software para la adquisici\u00f3n de datos de m\u00e1quina. Con nuestro estudio \u00ab4 ventajas de la adquisici\u00f3n de datos de m\u00e1quina\u00bb, sabr\u00e1s c\u00f3mo funciona esta tecnolog\u00eda y c\u00f3mo esta soluci\u00f3n optimiza el camino de tu empresa hacia la producci\u00f3n digital, interconectada y preparada para el futuro.<\/p>\n<\/div><\/section><br \/>\n\n<style type=\"text\/css\" data-created_by=\"avia_inline_auto\" id=\"style-css-av-dn3petu-d1f075e77295638272d7a9a8a8160829\">\n.avia_message_box.av-dn3petu-d1f075e77295638272d7a9a8a8160829{\ncolor:#ffffff;\nbackground-color:#0099d0;\nbackground:linear-gradient( to right, #0099d0, #005f7f );\nborder-style:none;\nborder-color:#ffffff;\n}\n.avia_message_box.av-dn3petu-d1f075e77295638272d7a9a8a8160829 .avia_message_box_icon.avia-svg-icon svg:first-child{\nfill:#ffffff;\nstroke:#ffffff;\n}\n<\/style>\n<div id='avia-messagebox-' class='avia_message_box av_notification av-dn3petu-d1f075e77295638272d7a9a8a8160829 avia-color-gradient avia-size-large avia-icon_select-yes avia-border-  avia-builder-el-6  el_after_av_textblock  el_before_av_textblock ' ><div class=\"avia_message_box_content\"><span class='avia_message_box_icon avia-iconfont avia-font-entypo-fontello' data-av_icon='\ue82d' data-av_iconfont='entypo-fontello' ><\/span><p>Benef\u00edciate de los 25 a\u00f1os de experiencia de L-mobile y solicita ahora nuestro estudio.<\/p>\n<\/div><\/div><br \/>\n<section  class='av_textblock_section av-lezpy124-515f4240a6b7023499a69e64e78e79a0 '   itemscope=\"itemscope\" itemtype=\"https:\/\/schema.org\/CreativeWork\" ><div class='avia_textblock'  itemprop=\"text\" >\n\t\t\t\t\t\t<script>\n\t\t\t\t\t\t\twindow.hsFormsOnReady = window.hsFormsOnReady || [];\n\t\t\t\t\t\t\twindow.hsFormsOnReady.push(()=>{\n\t\t\t\t\t\t\t\thbspt.forms.create({\n\t\t\t\t\t\t\t\t\tportalId: 26475206,\n\t\t\t\t\t\t\t\t\tformId: \"e23391dd-d9db-4717-924a-56a758e325ab\",\n\t\t\t\t\t\t\t\t\ttarget: \"#hbspt-form-1778696657000-2858434331\",\n\t\t\t\t\t\t\t\t\tregion: \"eu1\",\n\t\t\t\t\t\t\t\t\t\n\t\t\t\t\t\t\t})});\n\t\t\t\t\t\t<\/script>\n\t\t\t\t\t\t<div class=\"hbspt-form\" id=\"hbspt-form-1778696657000-2858434331\"><\/div>\n<\/div><\/section><br \/>\n<section  class='av_textblock_section av-5tb4iaa-6c6f25d7c321275e1d4547a3f49e89c6 '   itemscope=\"itemscope\" itemtype=\"https:\/\/schema.org\/CreativeWork\" ><div class='avia_textblock'  itemprop=\"text\" ><p><a href=\"https:\/\/l-mobile.com\/es\/recursos-y-contacto\/portal-de-descargas\/estudios\/\">Volver a la vista general del estudio<\/a><\/p>\n<\/div><\/section><\/p><\/div><\/div><!--close column table wrapper. Autoclose: 1 -->\n","protected":false},"excerpt":{"rendered":"","protected":false},"featured_media":116887,"template":"","meta":{"_acf_changed":false,"content-type":""},"dokumente_formate":[4776],"dokumente_produkt":[4066],"product_brand":[],"product_cat":[2529],"product_tag":[],"class_list":{"0":"post-125187","1":"product","2":"type-product","3":"status-publish","4":"has-post-thumbnail","6":"dokumente_formate-estudio","7":"dokumente_produkt-produccion-digitalizada","8":"product_cat-documento","10":"first","11":"instock","12":"downloadable","13":"virtual","14":"purchasable","15":"product-type-simple"},"acf":[],"yoast_head":"<!-- This site is optimized with the Yoast SEO Premium plugin v26.6 (Yoast SEO v26.6) - https:\/\/yoast.com\/wordpress\/plugins\/seo\/ -->\n<title>Estudio \u2013 4 ventajas de la adquisici\u00f3n de datos de m\u00e1quina - L-mobile<\/title>\n<meta name=\"description\" content=\"Con un software de adquisici\u00f3n de datos de m\u00e1quina, dar\u00e1s el primer paso hacia una producci\u00f3n digital, interconectada y preparada para el futuro.\" \/>\n<meta name=\"robots\" content=\"index, follow, max-snippet:-1, max-image-preview:large, max-video-preview:-1\" \/>\n<link rel=\"canonical\" href=\"https:\/\/l-mobile.com\/es\/documento\/estudio-4-ventajas-adquisicion-datos-maquina\/\" \/>\n<meta property=\"og:locale\" content=\"es_ES\" \/>\n<meta property=\"og:type\" content=\"article\" \/>\n<meta property=\"og:title\" content=\"Estudio \u2013 4 ventajas de la adquisici\u00f3n de datos de m\u00e1quina\" \/>\n<meta property=\"og:url\" content=\"https:\/\/l-mobile.com\/es\/documento\/estudio-4-ventajas-adquisicion-datos-maquina\/\" \/>\n<meta property=\"og:site_name\" content=\"L-mobile\" \/>\n<meta property=\"article:publisher\" content=\"https:\/\/www.facebook.com\/lmobilegroup\" \/>\n<meta property=\"article:modified_time\" content=\"2024-08-22T09:25:29+00:00\" \/>\n<meta property=\"og:image\" content=\"https:\/\/l-mobile.com\/wp-content\/uploads\/2023\/10\/Thumbnail_Whitepaper_MDE_ES.jpg\" \/>\n\t<meta property=\"og:image:width\" content=\"400\" \/>\n\t<meta property=\"og:image:height\" content=\"600\" \/>\n\t<meta property=\"og:image:type\" content=\"image\/jpeg\" \/>\n<meta name=\"twitter:card\" content=\"summary_large_image\" \/>\n<meta name=\"twitter:label1\" content=\"Tiempo de lectura\" \/>\n\t<meta name=\"twitter:data1\" content=\"1 minuto\" \/>\n<script type=\"application\/ld+json\" class=\"yoast-schema-graph\">{\"@context\":\"https:\/\/schema.org\",\"@graph\":[{\"@type\":\"WebPage\",\"@id\":\"https:\/\/l-mobile.com\/es\/documento\/estudio-4-ventajas-adquisicion-datos-maquina\/\",\"url\":\"https:\/\/l-mobile.com\/es\/documento\/estudio-4-ventajas-adquisicion-datos-maquina\/\",\"name\":\"Estudio \u2013 4 ventajas de la adquisici\u00f3n de datos de m\u00e1quina - L-mobile\",\"isPartOf\":{\"@id\":\"https:\/\/l-mobile.com\/es\/#website\"},\"primaryImageOfPage\":{\"@id\":\"https:\/\/l-mobile.com\/es\/documento\/estudio-4-ventajas-adquisicion-datos-maquina\/#primaryimage\"},\"image\":{\"@id\":\"https:\/\/l-mobile.com\/es\/documento\/estudio-4-ventajas-adquisicion-datos-maquina\/#primaryimage\"},\"thumbnailUrl\":\"https:\/\/l-mobile.com\/wp-content\/uploads\/2023\/10\/Thumbnail_Whitepaper_MDE_ES.jpg\",\"datePublished\":\"2023-10-16T07:21:06+00:00\",\"dateModified\":\"2024-08-22T09:25:29+00:00\",\"description\":\"Con un software de adquisici\u00f3n de datos de m\u00e1quina, dar\u00e1s el primer paso hacia una producci\u00f3n digital, interconectada y preparada para el futuro.\",\"breadcrumb\":{\"@id\":\"https:\/\/l-mobile.com\/es\/documento\/estudio-4-ventajas-adquisicion-datos-maquina\/#breadcrumb\"},\"inLanguage\":\"es\",\"potentialAction\":[{\"@type\":\"ReadAction\",\"target\":[\"https:\/\/l-mobile.com\/es\/documento\/estudio-4-ventajas-adquisicion-datos-maquina\/\"]}]},{\"@type\":\"ImageObject\",\"inLanguage\":\"es\",\"@id\":\"https:\/\/l-mobile.com\/es\/documento\/estudio-4-ventajas-adquisicion-datos-maquina\/#primaryimage\",\"url\":\"https:\/\/l-mobile.com\/wp-content\/uploads\/2023\/10\/Thumbnail_Whitepaper_MDE_ES.jpg\",\"contentUrl\":\"https:\/\/l-mobile.com\/wp-content\/uploads\/2023\/10\/Thumbnail_Whitepaper_MDE_ES.jpg\",\"width\":400,\"height\":600,\"caption\":\"Whitepaper - 4 Vorteile der Maschinendatenerfassung\"},{\"@type\":\"BreadcrumbList\",\"@id\":\"https:\/\/l-mobile.com\/es\/documento\/estudio-4-ventajas-adquisicion-datos-maquina\/#breadcrumb\",\"itemListElement\":[{\"@type\":\"ListItem\",\"position\":1,\"name\":\"Startseite\",\"item\":\"https:\/\/l-mobile.com\/es\/l-mobile-digitaliza-procesos-negocio\/\"},{\"@type\":\"ListItem\",\"position\":2,\"name\":\"Hardware-Shop\",\"item\":\"https:\/\/l-mobile.com\/geschaeftsfelder\/technik\/\"},{\"@type\":\"ListItem\",\"position\":3,\"name\":\"Estudio \u2013 4 ventajas de la adquisici\u00f3n de datos de m\u00e1quina\"}]},{\"@type\":\"WebSite\",\"@id\":\"https:\/\/l-mobile.com\/es\/#website\",\"url\":\"https:\/\/l-mobile.com\/es\/\",\"name\":\"L-mobile\",\"description\":\"Mobile Softwarel\u00f6sungen\",\"publisher\":{\"@id\":\"https:\/\/l-mobile.com\/es\/#organization\"},\"potentialAction\":[{\"@type\":\"SearchAction\",\"target\":{\"@type\":\"EntryPoint\",\"urlTemplate\":\"https:\/\/l-mobile.com\/es\/?s={search_term_string}\"},\"query-input\":{\"@type\":\"PropertyValueSpecification\",\"valueRequired\":true,\"valueName\":\"search_term_string\"}}],\"inLanguage\":\"es\"},{\"@type\":\"Organization\",\"@id\":\"https:\/\/l-mobile.com\/es\/#organization\",\"name\":\"L-mobile solutions\",\"url\":\"https:\/\/l-mobile.com\/es\/\",\"logo\":{\"@type\":\"ImageObject\",\"inLanguage\":\"es\",\"@id\":\"https:\/\/l-mobile.com\/es\/#\/schema\/logo\/image\/\",\"url\":\"https:\/\/l-mobile.com\/wp-content\/uploads\/2018\/09\/l-mobile-logo-tab.jpg\",\"contentUrl\":\"https:\/\/l-mobile.com\/wp-content\/uploads\/2018\/09\/l-mobile-logo-tab.jpg\",\"width\":240,\"height\":240,\"caption\":\"L-mobile solutions\"},\"image\":{\"@id\":\"https:\/\/l-mobile.com\/es\/#\/schema\/logo\/image\/\"},\"sameAs\":[\"https:\/\/www.facebook.com\/lmobilegroup\",\"https:\/\/www.instagram.com\/lmobile_group\/\",\"https:\/\/www.linkedin.com\/company\/1073859\/\",\"https:\/\/www.youtube.com\/user\/LmobileGroup\"]}]}<\/script>\n<!-- \/ Yoast SEO Premium plugin. -->","yoast_head_json":{"title":"Estudio \u2013 4 ventajas de la adquisici\u00f3n de datos de m\u00e1quina - L-mobile","description":"Con un software de adquisici\u00f3n de datos de m\u00e1quina, dar\u00e1s el primer paso hacia una producci\u00f3n digital, interconectada y preparada para el futuro.","robots":{"index":"index","follow":"follow","max-snippet":"max-snippet:-1","max-image-preview":"max-image-preview:large","max-video-preview":"max-video-preview:-1"},"canonical":"https:\/\/l-mobile.com\/es\/documento\/estudio-4-ventajas-adquisicion-datos-maquina\/","og_locale":"es_ES","og_type":"article","og_title":"Estudio \u2013 4 ventajas de la adquisici\u00f3n de datos de m\u00e1quina","og_url":"https:\/\/l-mobile.com\/es\/documento\/estudio-4-ventajas-adquisicion-datos-maquina\/","og_site_name":"L-mobile","article_publisher":"https:\/\/www.facebook.com\/lmobilegroup","article_modified_time":"2024-08-22T09:25:29+00:00","og_image":[{"width":400,"height":600,"url":"https:\/\/l-mobile.com\/wp-content\/uploads\/2023\/10\/Thumbnail_Whitepaper_MDE_ES.jpg","type":"image\/jpeg"}],"twitter_card":"summary_large_image","twitter_misc":{"Tiempo de lectura":"1 minuto"},"schema":{"@context":"https:\/\/schema.org","@graph":[{"@type":"WebPage","@id":"https:\/\/l-mobile.com\/es\/documento\/estudio-4-ventajas-adquisicion-datos-maquina\/","url":"https:\/\/l-mobile.com\/es\/documento\/estudio-4-ventajas-adquisicion-datos-maquina\/","name":"Estudio \u2013 4 ventajas de la adquisici\u00f3n de datos de m\u00e1quina - L-mobile","isPartOf":{"@id":"https:\/\/l-mobile.com\/es\/#website"},"primaryImageOfPage":{"@id":"https:\/\/l-mobile.com\/es\/documento\/estudio-4-ventajas-adquisicion-datos-maquina\/#primaryimage"},"image":{"@id":"https:\/\/l-mobile.com\/es\/documento\/estudio-4-ventajas-adquisicion-datos-maquina\/#primaryimage"},"thumbnailUrl":"https:\/\/l-mobile.com\/wp-content\/uploads\/2023\/10\/Thumbnail_Whitepaper_MDE_ES.jpg","datePublished":"2023-10-16T07:21:06+00:00","dateModified":"2024-08-22T09:25:29+00:00","description":"Con un software de adquisici\u00f3n de datos de m\u00e1quina, dar\u00e1s el primer paso hacia una producci\u00f3n digital, interconectada y preparada para el futuro.","breadcrumb":{"@id":"https:\/\/l-mobile.com\/es\/documento\/estudio-4-ventajas-adquisicion-datos-maquina\/#breadcrumb"},"inLanguage":"es","potentialAction":[{"@type":"ReadAction","target":["https:\/\/l-mobile.com\/es\/documento\/estudio-4-ventajas-adquisicion-datos-maquina\/"]}]},{"@type":"ImageObject","inLanguage":"es","@id":"https:\/\/l-mobile.com\/es\/documento\/estudio-4-ventajas-adquisicion-datos-maquina\/#primaryimage","url":"https:\/\/l-mobile.com\/wp-content\/uploads\/2023\/10\/Thumbnail_Whitepaper_MDE_ES.jpg","contentUrl":"https:\/\/l-mobile.com\/wp-content\/uploads\/2023\/10\/Thumbnail_Whitepaper_MDE_ES.jpg","width":400,"height":600,"caption":"Whitepaper - 4 Vorteile der Maschinendatenerfassung"},{"@type":"BreadcrumbList","@id":"https:\/\/l-mobile.com\/es\/documento\/estudio-4-ventajas-adquisicion-datos-maquina\/#breadcrumb","itemListElement":[{"@type":"ListItem","position":1,"name":"Startseite","item":"https:\/\/l-mobile.com\/es\/l-mobile-digitaliza-procesos-negocio\/"},{"@type":"ListItem","position":2,"name":"Hardware-Shop","item":"https:\/\/l-mobile.com\/geschaeftsfelder\/technik\/"},{"@type":"ListItem","position":3,"name":"Estudio \u2013 4 ventajas de la adquisici\u00f3n de datos de m\u00e1quina"}]},{"@type":"WebSite","@id":"https:\/\/l-mobile.com\/es\/#website","url":"https:\/\/l-mobile.com\/es\/","name":"L-mobile","description":"Mobile Softwarel\u00f6sungen","publisher":{"@id":"https:\/\/l-mobile.com\/es\/#organization"},"potentialAction":[{"@type":"SearchAction","target":{"@type":"EntryPoint","urlTemplate":"https:\/\/l-mobile.com\/es\/?s={search_term_string}"},"query-input":{"@type":"PropertyValueSpecification","valueRequired":true,"valueName":"search_term_string"}}],"inLanguage":"es"},{"@type":"Organization","@id":"https:\/\/l-mobile.com\/es\/#organization","name":"L-mobile solutions","url":"https:\/\/l-mobile.com\/es\/","logo":{"@type":"ImageObject","inLanguage":"es","@id":"https:\/\/l-mobile.com\/es\/#\/schema\/logo\/image\/","url":"https:\/\/l-mobile.com\/wp-content\/uploads\/2018\/09\/l-mobile-logo-tab.jpg","contentUrl":"https:\/\/l-mobile.com\/wp-content\/uploads\/2018\/09\/l-mobile-logo-tab.jpg","width":240,"height":240,"caption":"L-mobile solutions"},"image":{"@id":"https:\/\/l-mobile.com\/es\/#\/schema\/logo\/image\/"},"sameAs":["https:\/\/www.facebook.com\/lmobilegroup","https:\/\/www.instagram.com\/lmobile_group\/","https:\/\/www.linkedin.com\/company\/1073859\/","https:\/\/www.youtube.com\/user\/LmobileGroup"]}]}},"publishpress_future_workflow_manual_trigger":{"enabledWorkflows":[]},"_links":{"self":[{"href":"https:\/\/l-mobile.com\/es\/wp-json\/wp\/v2\/product\/125187","targetHints":{"allow":["GET"]}}],"collection":[{"href":"https:\/\/l-mobile.com\/es\/wp-json\/wp\/v2\/product"}],"about":[{"href":"https:\/\/l-mobile.com\/es\/wp-json\/wp\/v2\/types\/product"}],"wp:featuredmedia":[{"embeddable":true,"href":"https:\/\/l-mobile.com\/es\/wp-json\/wp\/v2\/media\/116887"}],"wp:attachment":[{"href":"https:\/\/l-mobile.com\/es\/wp-json\/wp\/v2\/media?parent=125187"}],"wp:term":[{"taxonomy":"dokumente_formate","embeddable":true,"href":"https:\/\/l-mobile.com\/es\/wp-json\/wp\/v2\/dokumente_formate?post=125187"},{"taxonomy":"dokumente_produkt","embeddable":true,"href":"https:\/\/l-mobile.com\/es\/wp-json\/wp\/v2\/dokumente_produkt?post=125187"},{"taxonomy":"product_brand","embeddable":true,"href":"https:\/\/l-mobile.com\/es\/wp-json\/wp\/v2\/product_brand?post=125187"},{"taxonomy":"product_cat","embeddable":true,"href":"https:\/\/l-mobile.com\/es\/wp-json\/wp\/v2\/product_cat?post=125187"},{"taxonomy":"product_tag","embeddable":true,"href":"https:\/\/l-mobile.com\/es\/wp-json\/wp\/v2\/product_tag?post=125187"}],"curies":[{"name":"wp","href":"https:\/\/api.w.org\/{rel}","templated":true}]}}