{"id":116281,"date":"2022-04-07T15:20:15","date_gmt":"2023-03-20T13:10:59","guid":{"rendered":"https:\/\/l-mobile.com\/?post_type=product&#038;p=116281"},"modified":"2024-08-22T13:30:34","modified_gmt":"2024-08-22T11:30:34","slug":"estudio-5-motivos-para-introduccion-solucion-software-servicio-atencion-tecnica","status":"publish","type":"product","link":"https:\/\/l-mobile.com\/es\/documento\/estudio-5-motivos-para-introduccion-solucion-software-servicio-atencion-tecnica\/","title":{"rendered":"Estudio: 5\u00a0motivos para la introducci\u00f3n de una soluci\u00f3n de software de servicio de atenci\u00f3n t\u00e9cnica"},"content":{"rendered":"<div id='av_section_1'  class='avia-section av-2e1ay76-c80855f26f224ed57887eb40a8cedb58 main_color avia-section-default avia-no-border-styling  avia-builder-el-0  avia-builder-el-no-sibling  avia-bg-style-scroll container_wrap fullsize'  ><div class='container av-section-cont-open' ><main  role=\"main\" itemprop=\"mainContentOfPage\"  class='template-page content  av-content-full alpha units'><div class='post-entry post-entry-type-page post-entry-116281'><div class='entry-content-wrapper clearfix'>\n<div class='flex_column_table av-22knete-e435146051a9383d23250016772e2b85 sc-av_one_fourth av-equal-height-column-flextable'>\n<style type=\"text\/css\" data-created_by=\"avia_inline_auto\" id=\"style-css-av-22knete-e435146051a9383d23250016772e2b85\">\n.flex_column.av-22knete-e435146051a9383d23250016772e2b85{\nborder-radius:0px 0px 0px 0px;\npadding:0px 0px 0px 0px;\n}\n<\/style>\n<div  class='flex_column av-22knete-e435146051a9383d23250016772e2b85 av_one_fourth  avia-builder-el-1  el_before_av_three_fourth  avia-builder-el-first  lmwooimg first flex_column_table_cell av-equal-height-column av-align-top av-zero-column-padding  '     ><section  class='av_textblock_section av-kxhalowr-34866ccbe4c58c7dbecddaaaf51233c8 '   itemscope=\"itemscope\" itemtype=\"https:\/\/schema.org\/CreativeWork\" ><div class='avia_textblock'  itemprop=\"text\" >\n<\/div><\/section><\/div><div class='av-flex-placeholder'><\/div>\n<style type=\"text\/css\" data-created_by=\"avia_inline_auto\" id=\"style-css-av-1row6rm-3bcd14320daa195fa9532a17a7629026\">\n.flex_column.av-1row6rm-3bcd14320daa195fa9532a17a7629026{\nborder-radius:0px 0px 0px 0px;\npadding:0px 0px 0px 0px;\n}\n<\/style>\n<div  class='flex_column av-1row6rm-3bcd14320daa195fa9532a17a7629026 av_three_fourth  avia-builder-el-3  el_after_av_one_fourth  avia-builder-el-last  lmwoodesc lmwoocart lmh1 flex_column_table_cell av-equal-height-column av-align-top av-zero-column-padding  '     ><section  class='av_textblock_section av-kxhalowr-3-ba7a988aa536cae953edee1ab44c3cf7 '   itemscope=\"itemscope\" itemtype=\"https:\/\/schema.org\/CreativeWork\" ><div class='avia_textblock'  itemprop=\"text\" ><h1>Estudio: 5\u00a0motivos para la introducci\u00f3n de una soluci\u00f3n de software de servicio de atenci\u00f3n t\u00e9cnica<\/h1>\n<\/div><\/section><br \/>\n<section  class='av_textblock_section av-kxg4vsig-247a031789ff4d00b0bb74c5b7103f18 '   itemscope=\"itemscope\" itemtype=\"https:\/\/schema.org\/CreativeWork\" ><div class='avia_textblock'  itemprop=\"text\" ><p>Un sistema de software de servicio de atenci\u00f3n t\u00e9cnica es una soluci\u00f3n de software que te permite gestionar y optimizar toda tu organizaci\u00f3n de servicios. En nuestro nuevo estudio \u00ab5\u00a0motivos para la introducci\u00f3n de una soluci\u00f3n de servicio de campo\u00bb, te explicamos c\u00f3mo y por qu\u00e9 t\u00fa tambi\u00e9n puedes digitalizar tus procesos de servicio de campo.<\/p>\n<\/div><\/section><br \/>\n\n<style type=\"text\/css\" data-created_by=\"avia_inline_auto\" id=\"style-css-av-10zfivq-cd3a3c6581f1539ed88ad1099568c931\">\n.avia_message_box.av-10zfivq-cd3a3c6581f1539ed88ad1099568c931{\ncolor:#ffffff;\nbackground-color:#0099d0;\nbackground:linear-gradient( to right, #0099d0, #005f7f );\nborder-style:none;\nborder-color:#ffffff;\n}\n.avia_message_box.av-10zfivq-cd3a3c6581f1539ed88ad1099568c931 .avia_message_box_icon.avia-svg-icon svg:first-child{\nfill:#ffffff;\nstroke:#ffffff;\n}\n<\/style>\n<div id='avia-messagebox-' class='avia_message_box av_notification av-10zfivq-cd3a3c6581f1539ed88ad1099568c931 avia-color-gradient avia-size-large avia-icon_select-yes avia-border-  avia-builder-el-6  el_after_av_textblock  el_before_av_textblock ' ><div class=\"avia_message_box_content\"><span class='avia_message_box_icon avia-iconfont avia-font-entypo-fontello' data-av_icon='\ue82d' data-av_iconfont='entypo-fontello' ><\/span><p>Benef\u00edciate de los 25 a\u00f1os de experiencia de L-mobile y solicita ahora nuestro estudio.<\/p>\n<\/div><\/div><br \/>\n<section  class='av_textblock_section av-lj4386-6ac63375c9e9f7d721fafc0ebef07464 '   itemscope=\"itemscope\" itemtype=\"https:\/\/schema.org\/CreativeWork\" ><div class='avia_textblock'  itemprop=\"text\" >\n\t\t\t\t\t\t<script>\n\t\t\t\t\t\t\twindow.hsFormsOnReady = window.hsFormsOnReady || [];\n\t\t\t\t\t\t\twindow.hsFormsOnReady.push(()=>{\n\t\t\t\t\t\t\t\thbspt.forms.create({\n\t\t\t\t\t\t\t\t\tportalId: 26475206,\n\t\t\t\t\t\t\t\t\tformId: \"e23391dd-d9db-4717-924a-56a758e325ab\",\n\t\t\t\t\t\t\t\t\ttarget: \"#hbspt-form-1777678010000-3103472518\",\n\t\t\t\t\t\t\t\t\tregion: \"eu1\",\n\t\t\t\t\t\t\t\t\t\n\t\t\t\t\t\t\t})});\n\t\t\t\t\t\t<\/script>\n\t\t\t\t\t\t<div class=\"hbspt-form\" id=\"hbspt-form-1777678010000-3103472518\"><\/div>\n<\/div><\/section><\/p><\/div><\/div><!--close column table wrapper. Autoclose: 1 -->\n","protected":false},"excerpt":{"rendered":"","protected":false},"featured_media":113530,"template":"","meta":{"_acf_changed":false,"content-type":""},"dokumente_formate":[4776],"dokumente_produkt":[3972],"product_brand":[],"product_cat":[2529],"product_tag":[],"class_list":{"0":"post-116281","1":"product","2":"type-product","3":"status-publish","4":"has-post-thumbnail","6":"dokumente_formate-estudio","7":"dokumente_produkt-gestion-digital-de-servicios","8":"product_cat-documento","10":"first","11":"instock","12":"downloadable","13":"virtual","14":"purchasable","15":"product-type-simple"},"acf":[],"yoast_head":"<!-- This site is optimized with the Yoast SEO Premium plugin v26.6 (Yoast SEO v26.6) - https:\/\/yoast.com\/wordpress\/plugins\/seo\/ -->\n<title>Estudio: 5\u00a0motivos para la introducci\u00f3n de una soluci\u00f3n de software de servicio de atenci\u00f3n t\u00e9cnica - L-mobile<\/title>\n<meta name=\"description\" content=\"El camino hacia una prestaci\u00f3n \u00f3ptima del servicio de campo: el sistema de gesti\u00f3n de servicios digitales es la clave del \u00e9xito.\" \/>\n<meta name=\"robots\" content=\"noindex, nofollow\" \/>\n<meta property=\"og:locale\" content=\"es_ES\" \/>\n<meta property=\"og:type\" content=\"article\" \/>\n<meta property=\"og:title\" content=\"Estudio: 5\u00a0motivos para la introducci\u00f3n de una soluci\u00f3n de software de servicio de atenci\u00f3n t\u00e9cnica\" \/>\n<meta property=\"og:url\" content=\"https:\/\/l-mobile.com\/es\/documento\/estudio-5-motivos-para-introduccion-solucion-software-servicio-atencion-tecnica\/\" \/>\n<meta property=\"og:site_name\" content=\"L-mobile\" \/>\n<meta property=\"article:publisher\" content=\"https:\/\/www.facebook.com\/lmobilegroup\" \/>\n<meta property=\"article:modified_time\" content=\"2024-08-22T11:30:34+00:00\" \/>\n<meta property=\"og:image\" content=\"https:\/\/l-mobile.com\/wp-content\/uploads\/2023\/03\/Whitepaper_Service-Management-Software_ES_Cinco_motivos_para_la_introduccion_de_un_SAT-2.jpg\" \/>\n\t<meta property=\"og:image:width\" content=\"400\" \/>\n\t<meta property=\"og:image:height\" content=\"600\" \/>\n\t<meta property=\"og:image:type\" content=\"image\/jpeg\" \/>\n<meta name=\"twitter:card\" content=\"summary_large_image\" \/>\n<meta name=\"twitter:label1\" content=\"Tiempo de lectura\" \/>\n\t<meta name=\"twitter:data1\" content=\"1 minuto\" \/>\n<script type=\"application\/ld+json\" class=\"yoast-schema-graph\">{\"@context\":\"https:\/\/schema.org\",\"@graph\":[{\"@type\":\"WebPage\",\"@id\":\"https:\/\/l-mobile.com\/es\/documento\/estudio-5-motivos-para-introduccion-solucion-software-servicio-atencion-tecnica\/\",\"url\":\"https:\/\/l-mobile.com\/es\/documento\/estudio-5-motivos-para-introduccion-solucion-software-servicio-atencion-tecnica\/\",\"name\":\"Estudio: 5\u00a0motivos para la introducci\u00f3n de una soluci\u00f3n de software de servicio de atenci\u00f3n t\u00e9cnica - L-mobile\",\"isPartOf\":{\"@id\":\"https:\/\/l-mobile.com\/es\/#website\"},\"primaryImageOfPage\":{\"@id\":\"https:\/\/l-mobile.com\/es\/documento\/estudio-5-motivos-para-introduccion-solucion-software-servicio-atencion-tecnica\/#primaryimage\"},\"image\":{\"@id\":\"https:\/\/l-mobile.com\/es\/documento\/estudio-5-motivos-para-introduccion-solucion-software-servicio-atencion-tecnica\/#primaryimage\"},\"thumbnailUrl\":\"https:\/\/l-mobile.com\/wp-content\/uploads\/2023\/03\/Whitepaper_Service-Management-Software_ES_Cinco_motivos_para_la_introduccion_de_un_SAT-2.jpg\",\"datePublished\":\"2023-03-20T13:10:59+00:00\",\"dateModified\":\"2024-08-22T11:30:34+00:00\",\"description\":\"El camino hacia una prestaci\u00f3n \u00f3ptima del servicio de campo: el sistema de gesti\u00f3n de servicios digitales es la clave del \u00e9xito.\",\"breadcrumb\":{\"@id\":\"https:\/\/l-mobile.com\/es\/documento\/estudio-5-motivos-para-introduccion-solucion-software-servicio-atencion-tecnica\/#breadcrumb\"},\"inLanguage\":\"es\",\"potentialAction\":[{\"@type\":\"ReadAction\",\"target\":[\"https:\/\/l-mobile.com\/es\/documento\/estudio-5-motivos-para-introduccion-solucion-software-servicio-atencion-tecnica\/\"]}]},{\"@type\":\"ImageObject\",\"inLanguage\":\"es\",\"@id\":\"https:\/\/l-mobile.com\/es\/documento\/estudio-5-motivos-para-introduccion-solucion-software-servicio-atencion-tecnica\/#primaryimage\",\"url\":\"https:\/\/l-mobile.com\/wp-content\/uploads\/2023\/03\/Whitepaper_Service-Management-Software_ES_Cinco_motivos_para_la_introduccion_de_un_SAT-2.jpg\",\"contentUrl\":\"https:\/\/l-mobile.com\/wp-content\/uploads\/2023\/03\/Whitepaper_Service-Management-Software_ES_Cinco_motivos_para_la_introduccion_de_un_SAT-2.jpg\",\"width\":400,\"height\":600,\"caption\":\"5\u00a0motivos para la introducci\u00f3n de un software de servicio de atenci\u00f3n t\u00e9cnica\"},{\"@type\":\"BreadcrumbList\",\"@id\":\"https:\/\/l-mobile.com\/es\/documento\/estudio-5-motivos-para-introduccion-solucion-software-servicio-atencion-tecnica\/#breadcrumb\",\"itemListElement\":[{\"@type\":\"ListItem\",\"position\":1,\"name\":\"Startseite\",\"item\":\"https:\/\/l-mobile.com\/es\/l-mobile-digitaliza-procesos-negocio\/\"},{\"@type\":\"ListItem\",\"position\":2,\"name\":\"Hardware-Shop\",\"item\":\"https:\/\/l-mobile.com\/geschaeftsfelder\/technik\/\"},{\"@type\":\"ListItem\",\"position\":3,\"name\":\"Estudio: 5\u00a0motivos para la introducci\u00f3n de una soluci\u00f3n de software de servicio de atenci\u00f3n t\u00e9cnica\"}]},{\"@type\":\"WebSite\",\"@id\":\"https:\/\/l-mobile.com\/es\/#website\",\"url\":\"https:\/\/l-mobile.com\/es\/\",\"name\":\"L-mobile\",\"description\":\"Mobile Softwarel\u00f6sungen\",\"publisher\":{\"@id\":\"https:\/\/l-mobile.com\/es\/#organization\"},\"potentialAction\":[{\"@type\":\"SearchAction\",\"target\":{\"@type\":\"EntryPoint\",\"urlTemplate\":\"https:\/\/l-mobile.com\/es\/?s={search_term_string}\"},\"query-input\":{\"@type\":\"PropertyValueSpecification\",\"valueRequired\":true,\"valueName\":\"search_term_string\"}}],\"inLanguage\":\"es\"},{\"@type\":\"Organization\",\"@id\":\"https:\/\/l-mobile.com\/es\/#organization\",\"name\":\"L-mobile solutions\",\"url\":\"https:\/\/l-mobile.com\/es\/\",\"logo\":{\"@type\":\"ImageObject\",\"inLanguage\":\"es\",\"@id\":\"https:\/\/l-mobile.com\/es\/#\/schema\/logo\/image\/\",\"url\":\"https:\/\/l-mobile.com\/wp-content\/uploads\/2018\/09\/l-mobile-logo-tab.jpg\",\"contentUrl\":\"https:\/\/l-mobile.com\/wp-content\/uploads\/2018\/09\/l-mobile-logo-tab.jpg\",\"width\":240,\"height\":240,\"caption\":\"L-mobile solutions\"},\"image\":{\"@id\":\"https:\/\/l-mobile.com\/es\/#\/schema\/logo\/image\/\"},\"sameAs\":[\"https:\/\/www.facebook.com\/lmobilegroup\",\"https:\/\/www.instagram.com\/lmobile_group\/\",\"https:\/\/www.linkedin.com\/company\/1073859\/\",\"https:\/\/www.youtube.com\/user\/LmobileGroup\"]}]}<\/script>\n<!-- \/ Yoast SEO Premium plugin. -->","yoast_head_json":{"title":"Estudio: 5\u00a0motivos para la introducci\u00f3n de una soluci\u00f3n de software de servicio de atenci\u00f3n t\u00e9cnica - L-mobile","description":"El camino hacia una prestaci\u00f3n \u00f3ptima del servicio de campo: el sistema de gesti\u00f3n de servicios digitales es la clave del \u00e9xito.","robots":{"index":"noindex","follow":"nofollow"},"og_locale":"es_ES","og_type":"article","og_title":"Estudio: 5\u00a0motivos para la introducci\u00f3n de una soluci\u00f3n de software de servicio de atenci\u00f3n t\u00e9cnica","og_url":"https:\/\/l-mobile.com\/es\/documento\/estudio-5-motivos-para-introduccion-solucion-software-servicio-atencion-tecnica\/","og_site_name":"L-mobile","article_publisher":"https:\/\/www.facebook.com\/lmobilegroup","article_modified_time":"2024-08-22T11:30:34+00:00","og_image":[{"width":400,"height":600,"url":"https:\/\/l-mobile.com\/wp-content\/uploads\/2023\/03\/Whitepaper_Service-Management-Software_ES_Cinco_motivos_para_la_introduccion_de_un_SAT-2.jpg","type":"image\/jpeg"}],"twitter_card":"summary_large_image","twitter_misc":{"Tiempo de lectura":"1 minuto"},"schema":{"@context":"https:\/\/schema.org","@graph":[{"@type":"WebPage","@id":"https:\/\/l-mobile.com\/es\/documento\/estudio-5-motivos-para-introduccion-solucion-software-servicio-atencion-tecnica\/","url":"https:\/\/l-mobile.com\/es\/documento\/estudio-5-motivos-para-introduccion-solucion-software-servicio-atencion-tecnica\/","name":"Estudio: 5\u00a0motivos para la introducci\u00f3n de una soluci\u00f3n de software de servicio de atenci\u00f3n t\u00e9cnica - L-mobile","isPartOf":{"@id":"https:\/\/l-mobile.com\/es\/#website"},"primaryImageOfPage":{"@id":"https:\/\/l-mobile.com\/es\/documento\/estudio-5-motivos-para-introduccion-solucion-software-servicio-atencion-tecnica\/#primaryimage"},"image":{"@id":"https:\/\/l-mobile.com\/es\/documento\/estudio-5-motivos-para-introduccion-solucion-software-servicio-atencion-tecnica\/#primaryimage"},"thumbnailUrl":"https:\/\/l-mobile.com\/wp-content\/uploads\/2023\/03\/Whitepaper_Service-Management-Software_ES_Cinco_motivos_para_la_introduccion_de_un_SAT-2.jpg","datePublished":"2023-03-20T13:10:59+00:00","dateModified":"2024-08-22T11:30:34+00:00","description":"El camino hacia una prestaci\u00f3n \u00f3ptima del servicio de campo: el sistema de gesti\u00f3n de servicios digitales es la clave del \u00e9xito.","breadcrumb":{"@id":"https:\/\/l-mobile.com\/es\/documento\/estudio-5-motivos-para-introduccion-solucion-software-servicio-atencion-tecnica\/#breadcrumb"},"inLanguage":"es","potentialAction":[{"@type":"ReadAction","target":["https:\/\/l-mobile.com\/es\/documento\/estudio-5-motivos-para-introduccion-solucion-software-servicio-atencion-tecnica\/"]}]},{"@type":"ImageObject","inLanguage":"es","@id":"https:\/\/l-mobile.com\/es\/documento\/estudio-5-motivos-para-introduccion-solucion-software-servicio-atencion-tecnica\/#primaryimage","url":"https:\/\/l-mobile.com\/wp-content\/uploads\/2023\/03\/Whitepaper_Service-Management-Software_ES_Cinco_motivos_para_la_introduccion_de_un_SAT-2.jpg","contentUrl":"https:\/\/l-mobile.com\/wp-content\/uploads\/2023\/03\/Whitepaper_Service-Management-Software_ES_Cinco_motivos_para_la_introduccion_de_un_SAT-2.jpg","width":400,"height":600,"caption":"5\u00a0motivos para la introducci\u00f3n de un software de servicio de atenci\u00f3n t\u00e9cnica"},{"@type":"BreadcrumbList","@id":"https:\/\/l-mobile.com\/es\/documento\/estudio-5-motivos-para-introduccion-solucion-software-servicio-atencion-tecnica\/#breadcrumb","itemListElement":[{"@type":"ListItem","position":1,"name":"Startseite","item":"https:\/\/l-mobile.com\/es\/l-mobile-digitaliza-procesos-negocio\/"},{"@type":"ListItem","position":2,"name":"Hardware-Shop","item":"https:\/\/l-mobile.com\/geschaeftsfelder\/technik\/"},{"@type":"ListItem","position":3,"name":"Estudio: 5\u00a0motivos para la introducci\u00f3n de una soluci\u00f3n de software de servicio de atenci\u00f3n t\u00e9cnica"}]},{"@type":"WebSite","@id":"https:\/\/l-mobile.com\/es\/#website","url":"https:\/\/l-mobile.com\/es\/","name":"L-mobile","description":"Mobile Softwarel\u00f6sungen","publisher":{"@id":"https:\/\/l-mobile.com\/es\/#organization"},"potentialAction":[{"@type":"SearchAction","target":{"@type":"EntryPoint","urlTemplate":"https:\/\/l-mobile.com\/es\/?s={search_term_string}"},"query-input":{"@type":"PropertyValueSpecification","valueRequired":true,"valueName":"search_term_string"}}],"inLanguage":"es"},{"@type":"Organization","@id":"https:\/\/l-mobile.com\/es\/#organization","name":"L-mobile solutions","url":"https:\/\/l-mobile.com\/es\/","logo":{"@type":"ImageObject","inLanguage":"es","@id":"https:\/\/l-mobile.com\/es\/#\/schema\/logo\/image\/","url":"https:\/\/l-mobile.com\/wp-content\/uploads\/2018\/09\/l-mobile-logo-tab.jpg","contentUrl":"https:\/\/l-mobile.com\/wp-content\/uploads\/2018\/09\/l-mobile-logo-tab.jpg","width":240,"height":240,"caption":"L-mobile solutions"},"image":{"@id":"https:\/\/l-mobile.com\/es\/#\/schema\/logo\/image\/"},"sameAs":["https:\/\/www.facebook.com\/lmobilegroup","https:\/\/www.instagram.com\/lmobile_group\/","https:\/\/www.linkedin.com\/company\/1073859\/","https:\/\/www.youtube.com\/user\/LmobileGroup"]}]}},"publishpress_future_workflow_manual_trigger":{"enabledWorkflows":[]},"_links":{"self":[{"href":"https:\/\/l-mobile.com\/es\/wp-json\/wp\/v2\/product\/116281","targetHints":{"allow":["GET"]}}],"collection":[{"href":"https:\/\/l-mobile.com\/es\/wp-json\/wp\/v2\/product"}],"about":[{"href":"https:\/\/l-mobile.com\/es\/wp-json\/wp\/v2\/types\/product"}],"wp:featuredmedia":[{"embeddable":true,"href":"https:\/\/l-mobile.com\/es\/wp-json\/wp\/v2\/media\/113530"}],"wp:attachment":[{"href":"https:\/\/l-mobile.com\/es\/wp-json\/wp\/v2\/media?parent=116281"}],"wp:term":[{"taxonomy":"dokumente_formate","embeddable":true,"href":"https:\/\/l-mobile.com\/es\/wp-json\/wp\/v2\/dokumente_formate?post=116281"},{"taxonomy":"dokumente_produkt","embeddable":true,"href":"https:\/\/l-mobile.com\/es\/wp-json\/wp\/v2\/dokumente_produkt?post=116281"},{"taxonomy":"product_brand","embeddable":true,"href":"https:\/\/l-mobile.com\/es\/wp-json\/wp\/v2\/product_brand?post=116281"},{"taxonomy":"product_cat","embeddable":true,"href":"https:\/\/l-mobile.com\/es\/wp-json\/wp\/v2\/product_cat?post=116281"},{"taxonomy":"product_tag","embeddable":true,"href":"https:\/\/l-mobile.com\/es\/wp-json\/wp\/v2\/product_tag?post=116281"}],"curies":[{"name":"wp","href":"https:\/\/api.w.org\/{rel}","templated":true}]}}