{"id":107596,"date":"2022-02-10T17:13:45","date_gmt":"2022-10-10T13:28:18","guid":{"rendered":"https:\/\/l-mobile.com\/?post_type=product&#038;p=107596"},"modified":"2024-08-22T10:46:34","modified_gmt":"2024-08-22T08:46:34","slug":"estudio-estrategia-digitalizacion-para-medianas-empresas","status":"publish","type":"product","link":"https:\/\/l-mobile.com\/es\/documento\/estudio-estrategia-digitalizacion-para-medianas-empresas\/","title":{"rendered":"Estudio: Estrategia de digitalizaci\u00f3n para medianas empresas"},"content":{"rendered":"<div id='av_section_1'  class='avia-section av-2e1ay76-c80855f26f224ed57887eb40a8cedb58 main_color avia-section-default avia-no-border-styling  avia-builder-el-0  avia-builder-el-no-sibling  avia-bg-style-scroll container_wrap fullsize'  ><div class='container av-section-cont-open' ><main  role=\"main\" itemprop=\"mainContentOfPage\"  class='template-page content  av-content-full alpha units'><div class='post-entry post-entry-type-page post-entry-107596'><div class='entry-content-wrapper clearfix'>\n<div class='flex_column_table av-22knete-e435146051a9383d23250016772e2b85 sc-av_one_fourth av-equal-height-column-flextable'>\n<style type=\"text\/css\" data-created_by=\"avia_inline_auto\" id=\"style-css-av-22knete-e435146051a9383d23250016772e2b85\">\n.flex_column.av-22knete-e435146051a9383d23250016772e2b85{\nborder-radius:0px 0px 0px 0px;\npadding:0px 0px 0px 0px;\n}\n<\/style>\n<div  class='flex_column av-22knete-e435146051a9383d23250016772e2b85 av_one_fourth  avia-builder-el-1  el_before_av_three_fourth  avia-builder-el-first  lmwooimg first flex_column_table_cell av-equal-height-column av-align-top av-zero-column-padding  '     ><section  class='av_textblock_section av-kxhalowr-34866ccbe4c58c7dbecddaaaf51233c8 '   itemscope=\"itemscope\" itemtype=\"https:\/\/schema.org\/CreativeWork\" ><div class='avia_textblock'  itemprop=\"text\" >\n<\/div><\/section><\/div><div class='av-flex-placeholder'><\/div>\n<style type=\"text\/css\" data-created_by=\"avia_inline_auto\" id=\"style-css-av-1row6rm-3bcd14320daa195fa9532a17a7629026\">\n.flex_column.av-1row6rm-3bcd14320daa195fa9532a17a7629026{\nborder-radius:0px 0px 0px 0px;\npadding:0px 0px 0px 0px;\n}\n<\/style>\n<div  class='flex_column av-1row6rm-3bcd14320daa195fa9532a17a7629026 av_three_fourth  avia-builder-el-3  el_after_av_one_fourth  avia-builder-el-last  lmwoodesc lmwoocart lmh1 flex_column_table_cell av-equal-height-column av-align-top av-zero-column-padding  '     ><section  class='av_textblock_section av-kxhalowr-1-de16dd41de083880fd31866f8c8f2754 '   itemscope=\"itemscope\" itemtype=\"https:\/\/schema.org\/CreativeWork\" ><div class='avia_textblock'  itemprop=\"text\" ><h1>Estudio: Estrategia de digitalizaci\u00f3n para medianas empresas<\/h1>\n<\/div><\/section><br \/>\n<section  class='av_textblock_section av-kxg4vsig-247a031789ff4d00b0bb74c5b7103f18 '   itemscope=\"itemscope\" itemtype=\"https:\/\/schema.org\/CreativeWork\" ><div class='avia_textblock'  itemprop=\"text\" ><p>Las empresas de producci\u00f3n tienen que enfrentarse a retos que requieren conceptos nuevos, con garant\u00eda de futuro y escalables, especialmente en el caso de las medianas empresas. Siguiendo el lema \u00abpiensa en grande y empieza por lo peque\u00f1o\u00bb, este estudio muestra c\u00f3mo la digitalizaci\u00f3n puede implementarse con \u00e9xito utilizando una estrategia hol\u00edstica en varias \u00e1reas empresariales, desde compras, log\u00edstica de almac\u00e9n y producci\u00f3n, hasta ventas y clientes.<\/p>\n<\/div><\/section><br \/>\n\n<style type=\"text\/css\" data-created_by=\"avia_inline_auto\" id=\"style-css-av-l6apbe6g-55c4c71e67f5375ded3d70a48a449be8\">\n.avia_message_box.av-l6apbe6g-55c4c71e67f5375ded3d70a48a449be8{\ncolor:#ffffff;\nbackground-color:#0099d0;\nbackground:linear-gradient( to right, #0099d0, #005f7f );\nborder-style:none;\nborder-color:#ffffff;\n}\n.avia_message_box.av-l6apbe6g-55c4c71e67f5375ded3d70a48a449be8 .avia_message_box_icon.avia-svg-icon svg:first-child{\nfill:#ffffff;\nstroke:#ffffff;\n}\n<\/style>\n<div id='avia-messagebox-' class='avia_message_box av_notification av-l6apbe6g-55c4c71e67f5375ded3d70a48a449be8 avia-color-gradient avia-size-large avia-icon_select-yes avia-border-  avia-builder-el-6  el_after_av_textblock  el_before_av_textblock ' ><div class=\"avia_message_box_content\"><span class='avia_message_box_icon avia-iconfont avia-font-entypo-fontello' data-av_icon='\ue82d' data-av_iconfont='entypo-fontello' ><\/span><p>Benef\u00edciate de los 25 a\u00f1os de experiencia de L-mobile y solicita ahora nuestro estudio.<\/p>\n<\/div><\/div><br \/>\n<section  class='av_textblock_section av-l6anbwuk-97875a91091b76adac03e9f9e8367883 '   itemscope=\"itemscope\" itemtype=\"https:\/\/schema.org\/CreativeWork\" ><div class='avia_textblock'  itemprop=\"text\" >\n\t\t\t\t\t\t<script>\n\t\t\t\t\t\t\twindow.hsFormsOnReady = window.hsFormsOnReady || [];\n\t\t\t\t\t\t\twindow.hsFormsOnReady.push(()=>{\n\t\t\t\t\t\t\t\thbspt.forms.create({\n\t\t\t\t\t\t\t\t\tportalId: 26475206,\n\t\t\t\t\t\t\t\t\tformId: \"e23391dd-d9db-4717-924a-56a758e325ab\",\n\t\t\t\t\t\t\t\t\ttarget: \"#hbspt-form-1778295935000-1890059614\",\n\t\t\t\t\t\t\t\t\tregion: \"eu1\",\n\t\t\t\t\t\t\t\t\t\n\t\t\t\t\t\t\t})});\n\t\t\t\t\t\t<\/script>\n\t\t\t\t\t\t<div class=\"hbspt-form\" id=\"hbspt-form-1778295935000-1890059614\"><\/div>\n<\/div><\/section><\/p><\/div><\/div><!--close column table wrapper. Autoclose: 1 -->\n","protected":false},"excerpt":{"rendered":"","protected":false},"featured_media":87092,"template":"","meta":{"_acf_changed":false,"content-type":""},"dokumente_formate":[4776],"dokumente_produkt":[4066],"product_brand":[],"product_cat":[4788,2529],"product_tag":[],"class_list":{"0":"post-107596","1":"product","2":"type-product","3":"status-publish","4":"has-post-thumbnail","6":"dokumente_formate-estudio","7":"dokumente_produkt-produccion-digitalizada","8":"product_cat-evento-produccion","9":"product_cat-documento","11":"first","12":"instock","13":"downloadable","14":"virtual","15":"purchasable","16":"product-type-simple"},"acf":[],"yoast_head":"<!-- This site is optimized with the Yoast SEO Premium plugin v26.6 (Yoast SEO v26.6) - https:\/\/yoast.com\/wordpress\/plugins\/seo\/ -->\n<title>Estudio: Estrategia de digitalizaci\u00f3n para medianas empresas - L-mobile<\/title>\n<meta name=\"description\" content=\"Las empresas de producci\u00f3n tienen que enfrentarse a retos que requieren conceptos nuevos, con garant\u00eda de futuro y escalables, especialmente en el caso de las medianas empresas.\" \/>\n<meta name=\"robots\" content=\"noindex, nofollow\" \/>\n<meta property=\"og:locale\" content=\"es_ES\" \/>\n<meta property=\"og:type\" content=\"article\" \/>\n<meta property=\"og:title\" content=\"Estudio: Estrategia de digitalizaci\u00f3n para medianas empresas\" \/>\n<meta property=\"og:url\" content=\"https:\/\/l-mobile.com\/es\/documento\/estudio-estrategia-digitalizacion-para-medianas-empresas\/\" \/>\n<meta property=\"og:site_name\" content=\"L-mobile\" \/>\n<meta property=\"article:publisher\" content=\"https:\/\/www.facebook.com\/lmobilegroup\" \/>\n<meta property=\"article:modified_time\" content=\"2024-08-22T08:46:34+00:00\" \/>\n<meta property=\"og:image\" content=\"https:\/\/l-mobile.com\/wp-content\/uploads\/2022\/10\/whitepaper_digitalisierungsstrategie_es.jpg\" \/>\n\t<meta property=\"og:image:width\" content=\"400\" \/>\n\t<meta property=\"og:image:height\" content=\"600\" \/>\n\t<meta property=\"og:image:type\" content=\"image\/jpeg\" \/>\n<meta name=\"twitter:card\" content=\"summary_large_image\" \/>\n<meta name=\"twitter:label1\" content=\"Tiempo de lectura\" \/>\n\t<meta name=\"twitter:data1\" content=\"1 minuto\" \/>\n<script type=\"application\/ld+json\" class=\"yoast-schema-graph\">{\"@context\":\"https:\/\/schema.org\",\"@graph\":[{\"@type\":\"WebPage\",\"@id\":\"https:\/\/l-mobile.com\/es\/documento\/estudio-estrategia-digitalizacion-para-medianas-empresas\/\",\"url\":\"https:\/\/l-mobile.com\/es\/documento\/estudio-estrategia-digitalizacion-para-medianas-empresas\/\",\"name\":\"Estudio: Estrategia de digitalizaci\u00f3n para medianas empresas - L-mobile\",\"isPartOf\":{\"@id\":\"https:\/\/l-mobile.com\/es\/#website\"},\"primaryImageOfPage\":{\"@id\":\"https:\/\/l-mobile.com\/es\/documento\/estudio-estrategia-digitalizacion-para-medianas-empresas\/#primaryimage\"},\"image\":{\"@id\":\"https:\/\/l-mobile.com\/es\/documento\/estudio-estrategia-digitalizacion-para-medianas-empresas\/#primaryimage\"},\"thumbnailUrl\":\"https:\/\/l-mobile.com\/wp-content\/uploads\/2022\/10\/whitepaper_digitalisierungsstrategie_es.jpg\",\"datePublished\":\"2022-10-10T13:28:18+00:00\",\"dateModified\":\"2024-08-22T08:46:34+00:00\",\"description\":\"Las empresas de producci\u00f3n tienen que enfrentarse a retos que requieren conceptos nuevos, con garant\u00eda de futuro y escalables, especialmente en el caso de las medianas empresas.\",\"breadcrumb\":{\"@id\":\"https:\/\/l-mobile.com\/es\/documento\/estudio-estrategia-digitalizacion-para-medianas-empresas\/#breadcrumb\"},\"inLanguage\":\"es\",\"potentialAction\":[{\"@type\":\"ReadAction\",\"target\":[\"https:\/\/l-mobile.com\/es\/documento\/estudio-estrategia-digitalizacion-para-medianas-empresas\/\"]}]},{\"@type\":\"ImageObject\",\"inLanguage\":\"es\",\"@id\":\"https:\/\/l-mobile.com\/es\/documento\/estudio-estrategia-digitalizacion-para-medianas-empresas\/#primaryimage\",\"url\":\"https:\/\/l-mobile.com\/wp-content\/uploads\/2022\/10\/whitepaper_digitalisierungsstrategie_es.jpg\",\"contentUrl\":\"https:\/\/l-mobile.com\/wp-content\/uploads\/2022\/10\/whitepaper_digitalisierungsstrategie_es.jpg\",\"width\":400,\"height\":600,\"caption\":\"Las empresas de producci\u00f3n tienen que enfrentarse a retos que requieren conceptos nuevos, con garant\u00eda de futuro y escalables, especialmente en el caso de las medianas empresas. Ganz nach dem Motto \u201eGro\u00df denken und klein anfangen\u201c zeigt dieses Whitepaper wie die Digitalisierung anhand einer ganzheitlichen Strategie \u00fcber mehrere Gesch\u00e4ftsbereiche wie dem Einkauf, der Lagerlogistik und Produktion bis hin zum Vertrieb und Kunden erfolgreich umgesetzt wird.\"},{\"@type\":\"BreadcrumbList\",\"@id\":\"https:\/\/l-mobile.com\/es\/documento\/estudio-estrategia-digitalizacion-para-medianas-empresas\/#breadcrumb\",\"itemListElement\":[{\"@type\":\"ListItem\",\"position\":1,\"name\":\"Startseite\",\"item\":\"https:\/\/l-mobile.com\/es\/l-mobile-digitaliza-procesos-negocio\/\"},{\"@type\":\"ListItem\",\"position\":2,\"name\":\"Hardware-Shop\",\"item\":\"https:\/\/l-mobile.com\/geschaeftsfelder\/technik\/\"},{\"@type\":\"ListItem\",\"position\":3,\"name\":\"Estudio: Estrategia de digitalizaci\u00f3n para medianas empresas\"}]},{\"@type\":\"WebSite\",\"@id\":\"https:\/\/l-mobile.com\/es\/#website\",\"url\":\"https:\/\/l-mobile.com\/es\/\",\"name\":\"L-mobile\",\"description\":\"Mobile Softwarel\u00f6sungen\",\"publisher\":{\"@id\":\"https:\/\/l-mobile.com\/es\/#organization\"},\"potentialAction\":[{\"@type\":\"SearchAction\",\"target\":{\"@type\":\"EntryPoint\",\"urlTemplate\":\"https:\/\/l-mobile.com\/es\/?s={search_term_string}\"},\"query-input\":{\"@type\":\"PropertyValueSpecification\",\"valueRequired\":true,\"valueName\":\"search_term_string\"}}],\"inLanguage\":\"es\"},{\"@type\":\"Organization\",\"@id\":\"https:\/\/l-mobile.com\/es\/#organization\",\"name\":\"L-mobile solutions\",\"url\":\"https:\/\/l-mobile.com\/es\/\",\"logo\":{\"@type\":\"ImageObject\",\"inLanguage\":\"es\",\"@id\":\"https:\/\/l-mobile.com\/es\/#\/schema\/logo\/image\/\",\"url\":\"https:\/\/l-mobile.com\/wp-content\/uploads\/2018\/09\/l-mobile-logo-tab.jpg\",\"contentUrl\":\"https:\/\/l-mobile.com\/wp-content\/uploads\/2018\/09\/l-mobile-logo-tab.jpg\",\"width\":240,\"height\":240,\"caption\":\"L-mobile solutions\"},\"image\":{\"@id\":\"https:\/\/l-mobile.com\/es\/#\/schema\/logo\/image\/\"},\"sameAs\":[\"https:\/\/www.facebook.com\/lmobilegroup\",\"https:\/\/www.instagram.com\/lmobile_group\/\",\"https:\/\/www.linkedin.com\/company\/1073859\/\",\"https:\/\/www.youtube.com\/user\/LmobileGroup\"]}]}<\/script>\n<!-- \/ Yoast SEO Premium plugin. -->","yoast_head_json":{"title":"Estudio: Estrategia de digitalizaci\u00f3n para medianas empresas - L-mobile","description":"Las empresas de producci\u00f3n tienen que enfrentarse a retos que requieren conceptos nuevos, con garant\u00eda de futuro y escalables, especialmente en el caso de las medianas empresas.","robots":{"index":"noindex","follow":"nofollow"},"og_locale":"es_ES","og_type":"article","og_title":"Estudio: Estrategia de digitalizaci\u00f3n para medianas empresas","og_url":"https:\/\/l-mobile.com\/es\/documento\/estudio-estrategia-digitalizacion-para-medianas-empresas\/","og_site_name":"L-mobile","article_publisher":"https:\/\/www.facebook.com\/lmobilegroup","article_modified_time":"2024-08-22T08:46:34+00:00","og_image":[{"width":400,"height":600,"url":"https:\/\/l-mobile.com\/wp-content\/uploads\/2022\/10\/whitepaper_digitalisierungsstrategie_es.jpg","type":"image\/jpeg"}],"twitter_card":"summary_large_image","twitter_misc":{"Tiempo de lectura":"1 minuto"},"schema":{"@context":"https:\/\/schema.org","@graph":[{"@type":"WebPage","@id":"https:\/\/l-mobile.com\/es\/documento\/estudio-estrategia-digitalizacion-para-medianas-empresas\/","url":"https:\/\/l-mobile.com\/es\/documento\/estudio-estrategia-digitalizacion-para-medianas-empresas\/","name":"Estudio: Estrategia de digitalizaci\u00f3n para medianas empresas - L-mobile","isPartOf":{"@id":"https:\/\/l-mobile.com\/es\/#website"},"primaryImageOfPage":{"@id":"https:\/\/l-mobile.com\/es\/documento\/estudio-estrategia-digitalizacion-para-medianas-empresas\/#primaryimage"},"image":{"@id":"https:\/\/l-mobile.com\/es\/documento\/estudio-estrategia-digitalizacion-para-medianas-empresas\/#primaryimage"},"thumbnailUrl":"https:\/\/l-mobile.com\/wp-content\/uploads\/2022\/10\/whitepaper_digitalisierungsstrategie_es.jpg","datePublished":"2022-10-10T13:28:18+00:00","dateModified":"2024-08-22T08:46:34+00:00","description":"Las empresas de producci\u00f3n tienen que enfrentarse a retos que requieren conceptos nuevos, con garant\u00eda de futuro y escalables, especialmente en el caso de las medianas empresas.","breadcrumb":{"@id":"https:\/\/l-mobile.com\/es\/documento\/estudio-estrategia-digitalizacion-para-medianas-empresas\/#breadcrumb"},"inLanguage":"es","potentialAction":[{"@type":"ReadAction","target":["https:\/\/l-mobile.com\/es\/documento\/estudio-estrategia-digitalizacion-para-medianas-empresas\/"]}]},{"@type":"ImageObject","inLanguage":"es","@id":"https:\/\/l-mobile.com\/es\/documento\/estudio-estrategia-digitalizacion-para-medianas-empresas\/#primaryimage","url":"https:\/\/l-mobile.com\/wp-content\/uploads\/2022\/10\/whitepaper_digitalisierungsstrategie_es.jpg","contentUrl":"https:\/\/l-mobile.com\/wp-content\/uploads\/2022\/10\/whitepaper_digitalisierungsstrategie_es.jpg","width":400,"height":600,"caption":"Las empresas de producci\u00f3n tienen que enfrentarse a retos que requieren conceptos nuevos, con garant\u00eda de futuro y escalables, especialmente en el caso de las medianas empresas. Ganz nach dem Motto \u201eGro\u00df denken und klein anfangen\u201c zeigt dieses Whitepaper wie die Digitalisierung anhand einer ganzheitlichen Strategie \u00fcber mehrere Gesch\u00e4ftsbereiche wie dem Einkauf, der Lagerlogistik und Produktion bis hin zum Vertrieb und Kunden erfolgreich umgesetzt wird."},{"@type":"BreadcrumbList","@id":"https:\/\/l-mobile.com\/es\/documento\/estudio-estrategia-digitalizacion-para-medianas-empresas\/#breadcrumb","itemListElement":[{"@type":"ListItem","position":1,"name":"Startseite","item":"https:\/\/l-mobile.com\/es\/l-mobile-digitaliza-procesos-negocio\/"},{"@type":"ListItem","position":2,"name":"Hardware-Shop","item":"https:\/\/l-mobile.com\/geschaeftsfelder\/technik\/"},{"@type":"ListItem","position":3,"name":"Estudio: Estrategia de digitalizaci\u00f3n para medianas empresas"}]},{"@type":"WebSite","@id":"https:\/\/l-mobile.com\/es\/#website","url":"https:\/\/l-mobile.com\/es\/","name":"L-mobile","description":"Mobile Softwarel\u00f6sungen","publisher":{"@id":"https:\/\/l-mobile.com\/es\/#organization"},"potentialAction":[{"@type":"SearchAction","target":{"@type":"EntryPoint","urlTemplate":"https:\/\/l-mobile.com\/es\/?s={search_term_string}"},"query-input":{"@type":"PropertyValueSpecification","valueRequired":true,"valueName":"search_term_string"}}],"inLanguage":"es"},{"@type":"Organization","@id":"https:\/\/l-mobile.com\/es\/#organization","name":"L-mobile solutions","url":"https:\/\/l-mobile.com\/es\/","logo":{"@type":"ImageObject","inLanguage":"es","@id":"https:\/\/l-mobile.com\/es\/#\/schema\/logo\/image\/","url":"https:\/\/l-mobile.com\/wp-content\/uploads\/2018\/09\/l-mobile-logo-tab.jpg","contentUrl":"https:\/\/l-mobile.com\/wp-content\/uploads\/2018\/09\/l-mobile-logo-tab.jpg","width":240,"height":240,"caption":"L-mobile solutions"},"image":{"@id":"https:\/\/l-mobile.com\/es\/#\/schema\/logo\/image\/"},"sameAs":["https:\/\/www.facebook.com\/lmobilegroup","https:\/\/www.instagram.com\/lmobile_group\/","https:\/\/www.linkedin.com\/company\/1073859\/","https:\/\/www.youtube.com\/user\/LmobileGroup"]}]}},"publishpress_future_workflow_manual_trigger":{"enabledWorkflows":[]},"_links":{"self":[{"href":"https:\/\/l-mobile.com\/es\/wp-json\/wp\/v2\/product\/107596","targetHints":{"allow":["GET"]}}],"collection":[{"href":"https:\/\/l-mobile.com\/es\/wp-json\/wp\/v2\/product"}],"about":[{"href":"https:\/\/l-mobile.com\/es\/wp-json\/wp\/v2\/types\/product"}],"wp:featuredmedia":[{"embeddable":true,"href":"https:\/\/l-mobile.com\/es\/wp-json\/wp\/v2\/media\/87092"}],"wp:attachment":[{"href":"https:\/\/l-mobile.com\/es\/wp-json\/wp\/v2\/media?parent=107596"}],"wp:term":[{"taxonomy":"dokumente_formate","embeddable":true,"href":"https:\/\/l-mobile.com\/es\/wp-json\/wp\/v2\/dokumente_formate?post=107596"},{"taxonomy":"dokumente_produkt","embeddable":true,"href":"https:\/\/l-mobile.com\/es\/wp-json\/wp\/v2\/dokumente_produkt?post=107596"},{"taxonomy":"product_brand","embeddable":true,"href":"https:\/\/l-mobile.com\/es\/wp-json\/wp\/v2\/product_brand?post=107596"},{"taxonomy":"product_cat","embeddable":true,"href":"https:\/\/l-mobile.com\/es\/wp-json\/wp\/v2\/product_cat?post=107596"},{"taxonomy":"product_tag","embeddable":true,"href":"https:\/\/l-mobile.com\/es\/wp-json\/wp\/v2\/product_tag?post=107596"}],"curies":[{"name":"wp","href":"https:\/\/api.w.org\/{rel}","templated":true}]}}