{"id":106006,"date":"2022-01-11T14:41:17","date_gmt":"2022-09-06T13:07:01","guid":{"rendered":"https:\/\/l-mobile.com\/?post_type=product&#038;p=106006"},"modified":"2024-08-22T16:00:30","modified_gmt":"2024-08-22T14:00:30","slug":"estudio-5-motivos-incorporacion-sistema-guia-carretillas","status":"publish","type":"product","link":"https:\/\/l-mobile.com\/es\/documento\/estudio-5-motivos-incorporacion-sistema-guia-carretillas\/","title":{"rendered":"Estudio: 5\u00a0motivos para la incorporaci\u00f3n de un sistema de gu\u00eda de carretillas"},"content":{"rendered":"<div id='av_section_1'  class='avia-section av-2e1ay76-c80855f26f224ed57887eb40a8cedb58 main_color avia-section-default avia-no-border-styling  avia-builder-el-0  avia-builder-el-no-sibling  avia-bg-style-scroll container_wrap fullsize'  ><div class='container av-section-cont-open' ><main  role=\"main\" itemprop=\"mainContentOfPage\"  class='template-page content  av-content-full alpha units'><div class='post-entry post-entry-type-page post-entry-106006'><div class='entry-content-wrapper clearfix'>\n<div class='flex_column_table av-22knete-e435146051a9383d23250016772e2b85 sc-av_one_fourth av-equal-height-column-flextable'>\n<style type=\"text\/css\" data-created_by=\"avia_inline_auto\" id=\"style-css-av-22knete-e435146051a9383d23250016772e2b85\">\n.flex_column.av-22knete-e435146051a9383d23250016772e2b85{\nborder-radius:0px 0px 0px 0px;\npadding:0px 0px 0px 0px;\n}\n<\/style>\n<div  class='flex_column av-22knete-e435146051a9383d23250016772e2b85 av_one_fourth  avia-builder-el-1  el_before_av_three_fourth  avia-builder-el-first  lmwooimg first flex_column_table_cell av-equal-height-column av-align-top av-zero-column-padding  '     ><section  class='av_textblock_section av-kxhalowr-34866ccbe4c58c7dbecddaaaf51233c8 '   itemscope=\"itemscope\" itemtype=\"https:\/\/schema.org\/CreativeWork\" ><div class='avia_textblock'  itemprop=\"text\" >\n<\/div><\/section><\/div><div class='av-flex-placeholder'><\/div>\n<style type=\"text\/css\" data-created_by=\"avia_inline_auto\" id=\"style-css-av-1row6rm-3bcd14320daa195fa9532a17a7629026\">\n.flex_column.av-1row6rm-3bcd14320daa195fa9532a17a7629026{\nborder-radius:0px 0px 0px 0px;\npadding:0px 0px 0px 0px;\n}\n<\/style>\n<div  class='flex_column av-1row6rm-3bcd14320daa195fa9532a17a7629026 av_three_fourth  avia-builder-el-3  el_after_av_one_fourth  avia-builder-el-last  lmwoodesc lmwoocart lmh1 flex_column_table_cell av-equal-height-column av-align-top av-zero-column-padding  '     ><section  class='av_textblock_section av-kxhalowr-3-ba7a988aa536cae953edee1ab44c3cf7 '   itemscope=\"itemscope\" itemtype=\"https:\/\/schema.org\/CreativeWork\" ><div class='avia_textblock'  itemprop=\"text\" ><h1>Estudio: 5\u00a0motivos para la incorporaci\u00f3n de un sistema de gu\u00eda de carretillas<\/h1>\n<\/div><\/section><br \/>\n<section  class='av_textblock_section av-kxg4vsig-247a031789ff4d00b0bb74c5b7103f18 '   itemscope=\"itemscope\" itemtype=\"https:\/\/schema.org\/CreativeWork\" ><div class='avia_textblock'  itemprop=\"text\" ><p>\u00a1C\u00f3mo incrementar en un 60\u00a0% la eficiencia de los procesos log\u00edsticos en el almac\u00e9n exterior con solo una medida!<\/p>\n<p>\u00bfCu\u00e1les son tus retos para el control de stock en el almac\u00e9n exterior? \u00bfQu\u00e9 es un sistema de gu\u00eda de carretillas y c\u00f3mo puede resultar \u00fatil? En este estudio, conocer\u00e1s c\u00f3mo dominar los desaf\u00edos de la log\u00edstica de almac\u00e9n gracias a un sistema de gu\u00eda de carretillas, y por qu\u00e9 merece la pena implementarlo en tu empresa.<\/p>\n<\/div><\/section><br \/>\n\n<style type=\"text\/css\" data-created_by=\"avia_inline_auto\" id=\"style-css-av-11htl1i-55879f87e9b52dd0776c2d43af159beb\">\n.avia_message_box.av-11htl1i-55879f87e9b52dd0776c2d43af159beb{\ncolor:#ffffff;\nbackground-color:#0099d0;\nbackground:linear-gradient( to right, #0099d0, #005f7f );\nborder-style:none;\nborder-color:#ffffff;\n}\n.avia_message_box.av-11htl1i-55879f87e9b52dd0776c2d43af159beb .avia_message_box_icon.avia-svg-icon svg:first-child{\nfill:#ffffff;\nstroke:#ffffff;\n}\n<\/style>\n<div id='avia-messagebox-' class='avia_message_box av_notification av-11htl1i-55879f87e9b52dd0776c2d43af159beb avia-color-gradient avia-size-large avia-icon_select-yes avia-border-  avia-builder-el-6  el_after_av_textblock  el_before_av_textblock ' ><div class=\"avia_message_box_content\"><span class='avia_message_box_icon avia-iconfont avia-font-entypo-fontello' data-av_icon='\ue82d' data-av_iconfont='entypo-fontello' ><\/span><p>Benef\u00edciate de los 25 a\u00f1os de experiencia de L-mobile y solicita ahora nuestro estudio.<\/p>\n<\/div><\/div><br \/>\n<section  class='av_textblock_section av-kazmva-c485ff03809336c3f558acb9024bbc96 '   itemscope=\"itemscope\" itemtype=\"https:\/\/schema.org\/CreativeWork\" ><div class='avia_textblock'  itemprop=\"text\" >\n\t\t\t\t\t\t<script>\n\t\t\t\t\t\t\twindow.hsFormsOnReady = window.hsFormsOnReady || [];\n\t\t\t\t\t\t\twindow.hsFormsOnReady.push(()=>{\n\t\t\t\t\t\t\t\thbspt.forms.create({\n\t\t\t\t\t\t\t\t\tportalId: 26475206,\n\t\t\t\t\t\t\t\t\tformId: \"e23391dd-d9db-4717-924a-56a758e325ab\",\n\t\t\t\t\t\t\t\t\ttarget: \"#hbspt-form-1776517666000-2594051592\",\n\t\t\t\t\t\t\t\t\tregion: \"eu1\",\n\t\t\t\t\t\t\t\t\t\n\t\t\t\t\t\t\t})});\n\t\t\t\t\t\t<\/script>\n\t\t\t\t\t\t<div class=\"hbspt-form\" id=\"hbspt-form-1776517666000-2594051592\"><\/div>\n<\/div><\/section><\/p><\/div><\/div><!--close column table wrapper. Autoclose: 1 -->\n","protected":false},"excerpt":{"rendered":"","protected":false},"featured_media":74494,"template":"","meta":{"_acf_changed":false,"content-type":""},"dokumente_formate":[4776],"dokumente_produkt":[3975,4065],"product_brand":[],"product_cat":[2529],"product_tag":[],"class_list":{"0":"post-106006","1":"product","2":"type-product","3":"status-publish","4":"has-post-thumbnail","6":"dokumente_formate-estudio","7":"dokumente_produkt-logistica-digital-de-almacenes","8":"dokumente_produkt-sistema-de-guia-de-carretillas","9":"product_cat-documento","11":"first","12":"instock","13":"downloadable","14":"virtual","15":"purchasable","16":"product-type-simple"},"acf":[],"yoast_head":"<!-- This site is optimized with the Yoast SEO Premium plugin v26.6 (Yoast SEO v26.6) - https:\/\/yoast.com\/wordpress\/plugins\/seo\/ -->\n<title>Estudio: 5\u00a0motivos para la incorporaci\u00f3n de un sistema de gu\u00eda de carretillas - L-mobile<\/title>\n<meta name=\"description\" content=\"C\u00f3mo incrementar en un 60\u00a0% la eficiencia de la log\u00edstica del almac\u00e9n exterior con solo una medida.\" \/>\n<meta name=\"robots\" content=\"noindex, nofollow\" \/>\n<meta property=\"og:locale\" content=\"es_ES\" \/>\n<meta property=\"og:type\" content=\"article\" \/>\n<meta property=\"og:title\" content=\"Estudio: 5\u00a0motivos para la incorporaci\u00f3n de un sistema de gu\u00eda de carretillas\" \/>\n<meta property=\"og:url\" content=\"https:\/\/l-mobile.com\/es\/documento\/estudio-5-motivos-incorporacion-sistema-guia-carretillas\/\" \/>\n<meta property=\"og:site_name\" content=\"L-mobile\" \/>\n<meta property=\"article:publisher\" content=\"https:\/\/www.facebook.com\/lmobilegroup\" \/>\n<meta property=\"article:modified_time\" content=\"2024-08-22T14:00:30+00:00\" \/>\n<meta property=\"og:image\" content=\"https:\/\/l-mobile.com\/wp-content\/uploads\/2022\/09\/whitepaper_sls_es.jpg\" \/>\n\t<meta property=\"og:image:width\" content=\"400\" \/>\n\t<meta property=\"og:image:height\" content=\"600\" \/>\n\t<meta property=\"og:image:type\" content=\"image\/jpeg\" \/>\n<meta name=\"twitter:card\" content=\"summary_large_image\" \/>\n<meta name=\"twitter:label1\" content=\"Tiempo de lectura\" \/>\n\t<meta name=\"twitter:data1\" content=\"1 minuto\" \/>\n<script type=\"application\/ld+json\" class=\"yoast-schema-graph\">{\"@context\":\"https:\/\/schema.org\",\"@graph\":[{\"@type\":\"WebPage\",\"@id\":\"https:\/\/l-mobile.com\/es\/documento\/estudio-5-motivos-incorporacion-sistema-guia-carretillas\/\",\"url\":\"https:\/\/l-mobile.com\/es\/documento\/estudio-5-motivos-incorporacion-sistema-guia-carretillas\/\",\"name\":\"Estudio: 5\u00a0motivos para la incorporaci\u00f3n de un sistema de gu\u00eda de carretillas - L-mobile\",\"isPartOf\":{\"@id\":\"https:\/\/l-mobile.com\/es\/#website\"},\"primaryImageOfPage\":{\"@id\":\"https:\/\/l-mobile.com\/es\/documento\/estudio-5-motivos-incorporacion-sistema-guia-carretillas\/#primaryimage\"},\"image\":{\"@id\":\"https:\/\/l-mobile.com\/es\/documento\/estudio-5-motivos-incorporacion-sistema-guia-carretillas\/#primaryimage\"},\"thumbnailUrl\":\"https:\/\/l-mobile.com\/wp-content\/uploads\/2022\/09\/whitepaper_sls_es.jpg\",\"datePublished\":\"2022-09-06T13:07:01+00:00\",\"dateModified\":\"2024-08-22T14:00:30+00:00\",\"description\":\"C\u00f3mo incrementar en un 60\u00a0% la eficiencia de la log\u00edstica del almac\u00e9n exterior con solo una medida.\",\"breadcrumb\":{\"@id\":\"https:\/\/l-mobile.com\/es\/documento\/estudio-5-motivos-incorporacion-sistema-guia-carretillas\/#breadcrumb\"},\"inLanguage\":\"es\",\"potentialAction\":[{\"@type\":\"ReadAction\",\"target\":[\"https:\/\/l-mobile.com\/es\/documento\/estudio-5-motivos-incorporacion-sistema-guia-carretillas\/\"]}]},{\"@type\":\"ImageObject\",\"inLanguage\":\"es\",\"@id\":\"https:\/\/l-mobile.com\/es\/documento\/estudio-5-motivos-incorporacion-sistema-guia-carretillas\/#primaryimage\",\"url\":\"https:\/\/l-mobile.com\/wp-content\/uploads\/2022\/09\/whitepaper_sls_es.jpg\",\"contentUrl\":\"https:\/\/l-mobile.com\/wp-content\/uploads\/2022\/09\/whitepaper_sls_es.jpg\",\"width\":400,\"height\":600,\"caption\":\"L-mobile Sistema de gesti\u00f3n de almacenes Sistema de gu\u00eda de carretillas Estudio: 5\u00a0motivos para la incorporaci\u00f3n de un sistema de gu\u00eda de carretillas\"},{\"@type\":\"BreadcrumbList\",\"@id\":\"https:\/\/l-mobile.com\/es\/documento\/estudio-5-motivos-incorporacion-sistema-guia-carretillas\/#breadcrumb\",\"itemListElement\":[{\"@type\":\"ListItem\",\"position\":1,\"name\":\"Startseite\",\"item\":\"https:\/\/l-mobile.com\/es\/l-mobile-digitaliza-procesos-negocio\/\"},{\"@type\":\"ListItem\",\"position\":2,\"name\":\"Hardware-Shop\",\"item\":\"https:\/\/l-mobile.com\/geschaeftsfelder\/technik\/\"},{\"@type\":\"ListItem\",\"position\":3,\"name\":\"Estudio: 5\u00a0motivos para la incorporaci\u00f3n de un sistema de gu\u00eda de carretillas\"}]},{\"@type\":\"WebSite\",\"@id\":\"https:\/\/l-mobile.com\/es\/#website\",\"url\":\"https:\/\/l-mobile.com\/es\/\",\"name\":\"L-mobile\",\"description\":\"Mobile Softwarel\u00f6sungen\",\"publisher\":{\"@id\":\"https:\/\/l-mobile.com\/es\/#organization\"},\"potentialAction\":[{\"@type\":\"SearchAction\",\"target\":{\"@type\":\"EntryPoint\",\"urlTemplate\":\"https:\/\/l-mobile.com\/es\/?s={search_term_string}\"},\"query-input\":{\"@type\":\"PropertyValueSpecification\",\"valueRequired\":true,\"valueName\":\"search_term_string\"}}],\"inLanguage\":\"es\"},{\"@type\":\"Organization\",\"@id\":\"https:\/\/l-mobile.com\/es\/#organization\",\"name\":\"L-mobile solutions\",\"url\":\"https:\/\/l-mobile.com\/es\/\",\"logo\":{\"@type\":\"ImageObject\",\"inLanguage\":\"es\",\"@id\":\"https:\/\/l-mobile.com\/es\/#\/schema\/logo\/image\/\",\"url\":\"https:\/\/l-mobile.com\/wp-content\/uploads\/2018\/09\/l-mobile-logo-tab.jpg\",\"contentUrl\":\"https:\/\/l-mobile.com\/wp-content\/uploads\/2018\/09\/l-mobile-logo-tab.jpg\",\"width\":240,\"height\":240,\"caption\":\"L-mobile solutions\"},\"image\":{\"@id\":\"https:\/\/l-mobile.com\/es\/#\/schema\/logo\/image\/\"},\"sameAs\":[\"https:\/\/www.facebook.com\/lmobilegroup\",\"https:\/\/www.instagram.com\/lmobile_group\/\",\"https:\/\/www.linkedin.com\/company\/1073859\/\",\"https:\/\/www.youtube.com\/user\/LmobileGroup\"]}]}<\/script>\n<!-- \/ Yoast SEO Premium plugin. -->","yoast_head_json":{"title":"Estudio: 5\u00a0motivos para la incorporaci\u00f3n de un sistema de gu\u00eda de carretillas - L-mobile","description":"C\u00f3mo incrementar en un 60\u00a0% la eficiencia de la log\u00edstica del almac\u00e9n exterior con solo una medida.","robots":{"index":"noindex","follow":"nofollow"},"og_locale":"es_ES","og_type":"article","og_title":"Estudio: 5\u00a0motivos para la incorporaci\u00f3n de un sistema de gu\u00eda de carretillas","og_url":"https:\/\/l-mobile.com\/es\/documento\/estudio-5-motivos-incorporacion-sistema-guia-carretillas\/","og_site_name":"L-mobile","article_publisher":"https:\/\/www.facebook.com\/lmobilegroup","article_modified_time":"2024-08-22T14:00:30+00:00","og_image":[{"width":400,"height":600,"url":"https:\/\/l-mobile.com\/wp-content\/uploads\/2022\/09\/whitepaper_sls_es.jpg","type":"image\/jpeg"}],"twitter_card":"summary_large_image","twitter_misc":{"Tiempo de lectura":"1 minuto"},"schema":{"@context":"https:\/\/schema.org","@graph":[{"@type":"WebPage","@id":"https:\/\/l-mobile.com\/es\/documento\/estudio-5-motivos-incorporacion-sistema-guia-carretillas\/","url":"https:\/\/l-mobile.com\/es\/documento\/estudio-5-motivos-incorporacion-sistema-guia-carretillas\/","name":"Estudio: 5\u00a0motivos para la incorporaci\u00f3n de un sistema de gu\u00eda de carretillas - L-mobile","isPartOf":{"@id":"https:\/\/l-mobile.com\/es\/#website"},"primaryImageOfPage":{"@id":"https:\/\/l-mobile.com\/es\/documento\/estudio-5-motivos-incorporacion-sistema-guia-carretillas\/#primaryimage"},"image":{"@id":"https:\/\/l-mobile.com\/es\/documento\/estudio-5-motivos-incorporacion-sistema-guia-carretillas\/#primaryimage"},"thumbnailUrl":"https:\/\/l-mobile.com\/wp-content\/uploads\/2022\/09\/whitepaper_sls_es.jpg","datePublished":"2022-09-06T13:07:01+00:00","dateModified":"2024-08-22T14:00:30+00:00","description":"C\u00f3mo incrementar en un 60\u00a0% la eficiencia de la log\u00edstica del almac\u00e9n exterior con solo una medida.","breadcrumb":{"@id":"https:\/\/l-mobile.com\/es\/documento\/estudio-5-motivos-incorporacion-sistema-guia-carretillas\/#breadcrumb"},"inLanguage":"es","potentialAction":[{"@type":"ReadAction","target":["https:\/\/l-mobile.com\/es\/documento\/estudio-5-motivos-incorporacion-sistema-guia-carretillas\/"]}]},{"@type":"ImageObject","inLanguage":"es","@id":"https:\/\/l-mobile.com\/es\/documento\/estudio-5-motivos-incorporacion-sistema-guia-carretillas\/#primaryimage","url":"https:\/\/l-mobile.com\/wp-content\/uploads\/2022\/09\/whitepaper_sls_es.jpg","contentUrl":"https:\/\/l-mobile.com\/wp-content\/uploads\/2022\/09\/whitepaper_sls_es.jpg","width":400,"height":600,"caption":"L-mobile Sistema de gesti\u00f3n de almacenes Sistema de gu\u00eda de carretillas Estudio: 5\u00a0motivos para la incorporaci\u00f3n de un sistema de gu\u00eda de carretillas"},{"@type":"BreadcrumbList","@id":"https:\/\/l-mobile.com\/es\/documento\/estudio-5-motivos-incorporacion-sistema-guia-carretillas\/#breadcrumb","itemListElement":[{"@type":"ListItem","position":1,"name":"Startseite","item":"https:\/\/l-mobile.com\/es\/l-mobile-digitaliza-procesos-negocio\/"},{"@type":"ListItem","position":2,"name":"Hardware-Shop","item":"https:\/\/l-mobile.com\/geschaeftsfelder\/technik\/"},{"@type":"ListItem","position":3,"name":"Estudio: 5\u00a0motivos para la incorporaci\u00f3n de un sistema de gu\u00eda de carretillas"}]},{"@type":"WebSite","@id":"https:\/\/l-mobile.com\/es\/#website","url":"https:\/\/l-mobile.com\/es\/","name":"L-mobile","description":"Mobile Softwarel\u00f6sungen","publisher":{"@id":"https:\/\/l-mobile.com\/es\/#organization"},"potentialAction":[{"@type":"SearchAction","target":{"@type":"EntryPoint","urlTemplate":"https:\/\/l-mobile.com\/es\/?s={search_term_string}"},"query-input":{"@type":"PropertyValueSpecification","valueRequired":true,"valueName":"search_term_string"}}],"inLanguage":"es"},{"@type":"Organization","@id":"https:\/\/l-mobile.com\/es\/#organization","name":"L-mobile solutions","url":"https:\/\/l-mobile.com\/es\/","logo":{"@type":"ImageObject","inLanguage":"es","@id":"https:\/\/l-mobile.com\/es\/#\/schema\/logo\/image\/","url":"https:\/\/l-mobile.com\/wp-content\/uploads\/2018\/09\/l-mobile-logo-tab.jpg","contentUrl":"https:\/\/l-mobile.com\/wp-content\/uploads\/2018\/09\/l-mobile-logo-tab.jpg","width":240,"height":240,"caption":"L-mobile solutions"},"image":{"@id":"https:\/\/l-mobile.com\/es\/#\/schema\/logo\/image\/"},"sameAs":["https:\/\/www.facebook.com\/lmobilegroup","https:\/\/www.instagram.com\/lmobile_group\/","https:\/\/www.linkedin.com\/company\/1073859\/","https:\/\/www.youtube.com\/user\/LmobileGroup"]}]}},"publishpress_future_workflow_manual_trigger":{"enabledWorkflows":[]},"_links":{"self":[{"href":"https:\/\/l-mobile.com\/es\/wp-json\/wp\/v2\/product\/106006","targetHints":{"allow":["GET"]}}],"collection":[{"href":"https:\/\/l-mobile.com\/es\/wp-json\/wp\/v2\/product"}],"about":[{"href":"https:\/\/l-mobile.com\/es\/wp-json\/wp\/v2\/types\/product"}],"wp:featuredmedia":[{"embeddable":true,"href":"https:\/\/l-mobile.com\/es\/wp-json\/wp\/v2\/media\/74494"}],"wp:attachment":[{"href":"https:\/\/l-mobile.com\/es\/wp-json\/wp\/v2\/media?parent=106006"}],"wp:term":[{"taxonomy":"dokumente_formate","embeddable":true,"href":"https:\/\/l-mobile.com\/es\/wp-json\/wp\/v2\/dokumente_formate?post=106006"},{"taxonomy":"dokumente_produkt","embeddable":true,"href":"https:\/\/l-mobile.com\/es\/wp-json\/wp\/v2\/dokumente_produkt?post=106006"},{"taxonomy":"product_brand","embeddable":true,"href":"https:\/\/l-mobile.com\/es\/wp-json\/wp\/v2\/product_brand?post=106006"},{"taxonomy":"product_cat","embeddable":true,"href":"https:\/\/l-mobile.com\/es\/wp-json\/wp\/v2\/product_cat?post=106006"},{"taxonomy":"product_tag","embeddable":true,"href":"https:\/\/l-mobile.com\/es\/wp-json\/wp\/v2\/product_tag?post=106006"}],"curies":[{"name":"wp","href":"https:\/\/api.w.org\/{rel}","templated":true}]}}